{"id":6823,"date":"2018-04-02T22:11:19","date_gmt":"2018-04-02T19:11:19","guid":{"rendered":"https:\/\/akasiayachting.com\/tr\/?page_id=6823"},"modified":"2021-08-03T20:03:45","modified_gmt":"2021-08-03T17:03:45","slug":"ozel-yat-kiralama","status":"publish","type":"page","link":"https:\/\/akasiayachting.com\/tr\/ozel-yat-kiralama\/","title":{"rendered":"\u00d6zel Yat Kiralama"},"content":{"rendered":"\t<div id=\"get_debug\"><\/div>\r\n\t<div id=\"get_data\"><\/div>\r\n\t\r\n\t<script\ttype=\"text\/javascript\">\r\n\t\tvar\tdefaults = {\r\n\t\t\t\/* get : motoryachts, gulets, sailingyachts, istanbulyachts, yachts *\/\r\n\t\t\tget : 'yachts',\r\n\t\t\t\/* for : sale, rent *\/\r\n\t\t\tfor : 'rent',\r\n\t\t\t\/* sort : modified, date, loa, price, guest_capacity *\/\r\n\t\t\tsort : 'update',\r\n\t\t\t\/* by : asc, desc *\/\r\n\t\t\tby : 'desc',\r\n\t\t\t\/* page number *\/\r\n\t\t\tpage : '1',\r\n\t\t\t\/* results per page *\/\r\n\t\t\tperpage : '15',\r\n\t\t\t\/* theme : active-71, active-113, active-173, active-229, active-281 *\/\r\n\t\t\ttheme : 'active-281',\r\n\t\t\t\/* ref URL : your domain, document.URL, window.location, window.location.host, localhost *\/\r\n\t\t\tref\t: 'https:\/\/akasiayachting.com\/tr\/ozel-yat-kiralama\/',\r\n\t\t\t\/* ID num *\/\r\n\t\t\tof : '',\r\n\t\t};\r\n\t\t\r\n\t\tvar settings = {\r\n\t\t\t\/* debug : true, false *\/\r\n\t\t\tdebug : false,\r\n\t\t\t\/* engine : ay.com, ey.net *\/\r\n\t\t\tengine : 'akasiayachting.com',\r\n\t\t\t\/* scroll : true, false *\/\r\n\t\t\tscrolltop : true,\r\n\t\t\t\/* scrollspeed : integer as milisecond *\/\r\n\t\t\tscrollspeed : 500,\r\n\t\t\t\/* loader : 'Loading, Please wait...', 'html code' *\/\r\n\t\t\tloader : '<style type=\"text\/css\">#loader-animation { margin: 15% auto 5px auto; width: 28px; height: 28px;  animation: rotate 0.8s infinite linear; border: 4px solid #3498db; border-right-color: transparent; border-radius: 50%; } @keyframes rotate { 0% { transform: rotate(0deg); } 100% { transform: rotate(360deg); } }<\/style><div id=\"loader-javascript-activated\"><br \/><div id=\"loader-animation\"><\/div><div style=\"text-align: center; margin: 0px 0px 15% 0px;\">Loading, Please wait...<\/div><\/div>',\r\n\t\t}\r\n\t\t\r\n\t\t\/* Do not change anything below *\/\r\n\t\tif(document.location.hostname.includes('.test')){ settings.debug = true; }\r\n\t\t\r\n\t\t\/* Add loader to the get_data *\/\r\n\t\tdocument.getElementById('get_data').innerHTML = '<style type=\"text\/css\">#loader-animation { margin: 15% auto 5px auto; width: 28px; height: 28px;  animation: rotate 0.8s infinite linear; border: 4px solid #3498db; border-right-color: transparent; border-radius: 50%; } @keyframes rotate { 0% { transform: rotate(0deg); } 100% { transform: rotate(360deg); } }<\/style><div id=\"loader-javascript-activated\"><br \/><div id=\"loader-animation\"><\/div><div style=\"text-align: center; margin: 0px 0px 15% 0px;\">Loading, Please wait...<\/div><\/div>';\r\n\t\t\r\n\t\t\/* Loading our lovely cyn library *\/\r\n\t\tvar cyn = document.createElement('script'); cyn.type = 'text\/javascript'; cyn.async = true;\r\n\t\tcyn.src = 'https:\/\/akasiayachting.com\/tr\/wp-content\/themes\/active\/views.js';\r\n\t\tcyn.src += (settings.debug == true) ? '?nocache=' + Math.random() : '';\r\n\t\tdocument.getElementsByTagName('head')[0].appendChild(cyn);\r\n\t\t\r\n\t\t\/* If index.js window.onload not starts than this event applies. *\/\r\n\t\twindow.onload = function(){\r\n\t\t\tvar get_solution = (function(){\/*\r\n\t\t\t<br \/><h1>Something went wrong,<\/h1>\r\n\t\t\t<blockquote>\r\n\t\t\t  <p><br \/>\r\n\t\t\t\tHere are some possible solutions;<br \/><br \/>\r\n\t\t\t\t* Please click <a href=\"javascript:window.location.reload(false);\"><b>here<\/b><\/a> to refresh page, <br \/><br \/>\r\n\t\t\t\t* If the problem persists you can force reload of the page with the following key combinations:<br \/>\r\n\t\t\t\tfor Windows: <b>ctrl<\/b> + <b>F5<\/b><br \/>\r\n\t\t\t\tfor Mac\/Apple: <b>Apple<\/b> + <b>R<\/b> or <b>command<\/b> + <b>R<\/b><br \/><br \/>\r\n\t\t\t\t* If problem still occurs, please inform us from <a href=\"mailto:info@akasiayachting.com\"><b>info@akasiayachting.com<\/b><\/a><br \/><br \/>\r\n\t\t\t\tWe are appreciated for your understanding.<br \/><br \/>\r\n\t\t\t  <\/p>\r\n\t\t\t<\/blockquote>  \r\n\t\t\t*\/}).toString().match(\/[^]*\\\/\\*([^]*)\\*\\\/\\}$\/)[1];\r\n\t\t\tvar get_data_content = document.getElementById('get_data').innerHTML;\r\n\t\t\t\/* Check loader if still exists something wrong. *\/\r\n\t\t\tif(get_data_content.indexOf('loader-javascript-activated') > -1){\r\n\t\t\t\tdocument.getElementById('get_data').innerHTML = get_solution;\r\n\t\t\t}\r\n\t\t}\r\n\t<\/script>\n\n\n\n<h2 class=\"has-text-align-center wp-block-heading\"><strong>\u00d6zel Yat Kiralama<\/strong><\/h2>\n\n\n\n<div class=\"wp-block-image\"><figure class=\"alignleft size-full is-resized\"><img loading=\"lazy\" decoding=\"async\" src=\"https:\/\/akasiayachting.com\/tr\/wp-content\/uploads\/2018\/03\/ozel-yat-kiralama.jpg\" alt=\"\u00d6zel Yat Kiralama\" class=\"wp-image-6826\" width=\"334\" height=\"142\" title=\"\"><\/figure><\/div>\n\n\n\n<p>\u00d6zel yat kiralama&#8217;n\u0131n en ilgin\u00e7 olanlar\u0131 yine kiralayan\u0131n gecelenen demir yerlerinde \u00e7e\u015fitli de\u011fi\u015fiklikler beklemesidir \u00e7o\u011funlukla romantik a\u015fk s\u00fcrprizleri say\u0131lan ve kiralayan\u0131n sevdi\u011fini \u015fa\u015f\u0131rtmak ve ona unutulmaz heyecanlar ile g\u00f6nl\u00fcn\u00fc kazanmak i\u00e7in yapt\u0131\u011f\u0131 \u015firinliklerdir.<br>Bunlar bazen yat kiralama sebebi kimi koylarda sevdi\u011fine verece\u011fi unutulmaz hediyeler, kimi koylarda gece mum \u0131\u015f\u0131\u011f\u0131 ile yap\u0131lan \u0131\u015f\u0131kland\u0131rmalar ve onun g\u00f6rselli\u011fi, ve m\u00fczik e\u015fli\u011finde romantik ak\u015fam yemekleri ve bazen de m\u00fckemmel bir masan\u0131n haz\u0131r vaziyette bekledi\u011fi sahil restoranlar\u0131 olabiliyor.<\/p>\n\n\n\n<p>\u00d6zel yat \u0131n anlam\u0131 da b\u00f6yle oluyor, bu durumlar kaptan ile kiralayan\u0131n birlikte kurgulad\u0131klar\u0131 a\u015fk-\u0131 ilan bazen g\u00f6n\u00fcl alma oyunlar\u0131 oldu\u011fu gibi bazen de g\u00fczel s\u00fcrprizler ile i\u015f adamlar\u0131n\u0131n belki i\u015f yapmak ad\u0131na di\u011fer \u015firketlerin ceo&#8217;lar\u0131na \u00f6zel bir koyda geceyi dans\u00f6z ile s\u00fcslemekte olabiliyor.<br>\u00c7e\u015fitli s\u00fcrprizlerin olabilece\u011fi <a href=\"https:\/\/maviyolculuk.info\/luks-yat-kiralama\" data-type=\"URL\" data-id=\"https:\/\/maviyolculuk.info\/luks-yat-kiralama\" target=\"_blank\" rel=\"noopener\">\u00f6zel yat<\/a> usulleri var ve bunlar kiralayan\u0131n tahayy\u00fcll\u00fc ve kaptan\u0131n tecr\u00fcbesi ile farkl\u0131la\u015fabiliyor, b\u00f6yle bir aray\u0131\u015f i\u00e7ine giren misafirlerin bu s\u00fcrprizleri geli\u015ftirme \u015fanslar\u0131 var.<\/p>\n\n\n\n<div class=\"wp-block-buttons is-content-justification-right is-layout-flex wp-block-buttons-is-layout-flex\">\n<div class=\"wp-block-button is-style-outline is-style-outline--2\"><a class=\"wp-block-button__link\" href=\"https:\/\/akasiayachting.com\/tr\/contact-us\/\" target=\"_blank\" rel=\"noreferrer noopener\">Bize Ula\u015f\u0131n<\/a><\/div>\n<\/div>\n","protected":false},"excerpt":{"rendered":"<p>\u00d6zel Yat Kiralama \u00d6zel yat kiralama&#8217;n\u0131n en ilgin\u00e7 olanlar\u0131 yine kiralayan\u0131n gecelenen demir yerlerinde \u00e7e\u015fitli de\u011fi\u015fiklikler beklemesidir \u00e7o\u011funlukla romantik a\u015fk s\u00fcrprizleri say\u0131lan ve kiralayan\u0131n sevdi\u011fini \u015fa\u015f\u0131rtmak ve ona unutulmaz heyecanlar ile g\u00f6nl\u00fcn\u00fc kazanmak i\u00e7in yapt\u0131\u011f\u0131 \u015firinliklerdir.Bunlar bazen yat kiralama sebebi kimi koylarda sevdi\u011fine verece\u011fi unutulmaz hediyeler, kimi koylarda gece mum \u0131\u015f\u0131\u011f\u0131 ile yap\u0131lan \u0131\u015f\u0131kland\u0131rmalar ve [&hellip;]<\/p>\n","protected":false},"author":3,"featured_media":6826,"parent":0,"menu_order":37,"comment_status":"closed","ping_status":"closed","template":"","meta":{"footnotes":""},"class_list":["post-6823","page","type-page","status-publish","has-post-thumbnail","hentry"],"_links":{"self":[{"href":"https:\/\/akasiayachting.com\/tr\/wp-json\/wp\/v2\/pages\/6823","targetHints":{"allow":["GET"]}}],"collection":[{"href":"https:\/\/akasiayachting.com\/tr\/wp-json\/wp\/v2\/pages"}],"about":[{"href":"https:\/\/akasiayachting.com\/tr\/wp-json\/wp\/v2\/types\/page"}],"author":[{"embeddable":true,"href":"https:\/\/akasiayachting.com\/tr\/wp-json\/wp\/v2\/users\/3"}],"replies":[{"embeddable":true,"href":"https:\/\/akasiayachting.com\/tr\/wp-json\/wp\/v2\/comments?post=6823"}],"version-history":[{"count":3,"href":"https:\/\/akasiayachting.com\/tr\/wp-json\/wp\/v2\/pages\/6823\/revisions"}],"predecessor-version":[{"id":7335,"href":"https:\/\/akasiayachting.com\/tr\/wp-json\/wp\/v2\/pages\/6823\/revisions\/7335"}],"wp:featuredmedia":[{"embeddable":true,"href":"https:\/\/akasiayachting.com\/tr\/wp-json\/wp\/v2\/media\/6826"}],"wp:attachment":[{"href":"https:\/\/akasiayachting.com\/tr\/wp-json\/wp\/v2\/media?parent=6823"}],"curies":[{"name":"wp","href":"https:\/\/api.w.org\/{rel}","templated":true}]}}