{"id":6777,"date":"2018-02-22T11:30:19","date_gmt":"2018-02-22T08:30:19","guid":{"rendered":"https:\/\/akasiayachting.com\/tr\/?page_id=6777"},"modified":"2021-08-03T19:34:20","modified_gmt":"2021-08-03T16:34:20","slug":"kiralik-tekneler","status":"publish","type":"page","link":"https:\/\/akasiayachting.com\/tr\/kiralik-tekneler\/","title":{"rendered":"Kiral\u0131k Tekneler"},"content":{"rendered":"\t<div id=\"get_debug\"><\/div>\r\n\t<div id=\"get_data\"><\/div>\r\n\t\r\n\t<script\ttype=\"text\/javascript\">\r\n\t\tvar\tdefaults = {\r\n\t\t\t\/* get : motoryachts, gulets, sailingyachts, istanbulyachts, yachts *\/\r\n\t\t\tget : 'yachts',\r\n\t\t\t\/* for : sale, rent *\/\r\n\t\t\tfor : 'rent',\r\n\t\t\t\/* sort : modified, date, loa, price, guest_capacity *\/\r\n\t\t\tsort : 'update',\r\n\t\t\t\/* by : asc, desc *\/\r\n\t\t\tby : 'desc',\r\n\t\t\t\/* page number *\/\r\n\t\t\tpage : '1',\r\n\t\t\t\/* results per page *\/\r\n\t\t\tperpage : '15',\r\n\t\t\t\/* theme : active-71, active-113, active-173, active-229, active-281 *\/\r\n\t\t\ttheme : 'active-281',\r\n\t\t\t\/* ref URL : your domain, document.URL, window.location, window.location.host, localhost *\/\r\n\t\t\tref\t: 'https:\/\/akasiayachting.com\/tr\/kiralik-tekneler\/',\r\n\t\t\t\/* ID num *\/\r\n\t\t\tof : '',\r\n\t\t};\r\n\t\t\r\n\t\tvar settings = {\r\n\t\t\t\/* debug : true, false *\/\r\n\t\t\tdebug : false,\r\n\t\t\t\/* engine : ay.com, ey.net *\/\r\n\t\t\tengine : 'akasiayachting.com',\r\n\t\t\t\/* scroll : true, false *\/\r\n\t\t\tscrolltop : true,\r\n\t\t\t\/* scrollspeed : integer as milisecond *\/\r\n\t\t\tscrollspeed : 500,\r\n\t\t\t\/* loader : 'Loading, Please wait...', 'html code' *\/\r\n\t\t\tloader : '<style type=\"text\/css\">#loader-animation { margin: 15% auto 5px auto; width: 28px; height: 28px;  animation: rotate 0.8s infinite linear; border: 4px solid #3498db; border-right-color: transparent; border-radius: 50%; } @keyframes rotate { 0% { transform: rotate(0deg); } 100% { transform: rotate(360deg); } }<\/style><div id=\"loader-javascript-activated\"><br \/><div id=\"loader-animation\"><\/div><div style=\"text-align: center; margin: 0px 0px 15% 0px;\">Loading, Please wait...<\/div><\/div>',\r\n\t\t}\r\n\t\t\r\n\t\t\/* Do not change anything below *\/\r\n\t\tif(document.location.hostname.includes('.test')){ settings.debug = true; }\r\n\t\t\r\n\t\t\/* Add loader to the get_data *\/\r\n\t\tdocument.getElementById('get_data').innerHTML = '<style type=\"text\/css\">#loader-animation { margin: 15% auto 5px auto; width: 28px; height: 28px;  animation: rotate 0.8s infinite linear; border: 4px solid #3498db; border-right-color: transparent; border-radius: 50%; } @keyframes rotate { 0% { transform: rotate(0deg); } 100% { transform: rotate(360deg); } }<\/style><div id=\"loader-javascript-activated\"><br \/><div id=\"loader-animation\"><\/div><div style=\"text-align: center; margin: 0px 0px 15% 0px;\">Loading, Please wait...<\/div><\/div>';\r\n\t\t\r\n\t\t\/* Loading our lovely cyn library *\/\r\n\t\tvar cyn = document.createElement('script'); cyn.type = 'text\/javascript'; cyn.async = true;\r\n\t\tcyn.src = 'https:\/\/akasiayachting.com\/tr\/wp-content\/themes\/active\/views.js';\r\n\t\tcyn.src += (settings.debug == true) ? '?nocache=' + Math.random() : '';\r\n\t\tdocument.getElementsByTagName('head')[0].appendChild(cyn);\r\n\t\t\r\n\t\t\/* If index.js window.onload not starts than this event applies. *\/\r\n\t\twindow.onload = function(){\r\n\t\t\tvar get_solution = (function(){\/*\r\n\t\t\t<br \/><h1>Something went wrong,<\/h1>\r\n\t\t\t<blockquote>\r\n\t\t\t  <p><br \/>\r\n\t\t\t\tHere are some possible solutions;<br \/><br \/>\r\n\t\t\t\t* Please click <a href=\"javascript:window.location.reload(false);\"><b>here<\/b><\/a> to refresh page, <br \/><br \/>\r\n\t\t\t\t* If the problem persists you can force reload of the page with the following key combinations:<br \/>\r\n\t\t\t\tfor Windows: <b>ctrl<\/b> + <b>F5<\/b><br \/>\r\n\t\t\t\tfor Mac\/Apple: <b>Apple<\/b> + <b>R<\/b> or <b>command<\/b> + <b>R<\/b><br \/><br \/>\r\n\t\t\t\t* If problem still occurs, please inform us from <a href=\"mailto:info@akasiayachting.com\"><b>info@akasiayachting.com<\/b><\/a><br \/><br \/>\r\n\t\t\t\tWe are appreciated for your understanding.<br \/><br \/>\r\n\t\t\t  <\/p>\r\n\t\t\t<\/blockquote>  \r\n\t\t\t*\/}).toString().match(\/[^]*\\\/\\*([^]*)\\*\\\/\\}$\/)[1];\r\n\t\t\tvar get_data_content = document.getElementById('get_data').innerHTML;\r\n\t\t\t\/* Check loader if still exists something wrong. *\/\r\n\t\t\tif(get_data_content.indexOf('loader-javascript-activated') > -1){\r\n\t\t\t\tdocument.getElementById('get_data').innerHTML = get_solution;\r\n\t\t\t}\r\n\t\t}\r\n\t<\/script>\n\n\n\n<h2 class=\"has-text-align-center wp-block-heading\"><strong>Kiral\u0131k Tekneler<\/strong><\/h2>\n\n\n\n<div class=\"wp-block-image\"><figure class=\"alignleft size-full is-resized\"><img loading=\"lazy\" decoding=\"async\" src=\"https:\/\/akasiayachting.com\/tr\/wp-content\/uploads\/2021\/08\/kiralik-tekneler-anasayfa-scaled.jpg\" alt=\"Kiral\u0131k Tekneler \" class=\"wp-image-7319\" width=\"332\" height=\"204\" title=\"\"><\/figure><\/div>\n\n\n\n<p>Haftal\u0131k kiral\u0131k tekneler ile gezi s\u0131ras\u0131nda olu\u015fabilecek iki \u00e7e\u015fit aksakl\u0131klar olu\u015fabilir, bunlardan biri hi\u00e7 istenmedi\u011fi halde olu\u015fabilecek k\u00fc\u00e7\u00fck ar\u0131zalard\u0131r, bu ar\u0131zalar personel taraf\u0131ndan fark edilir ve kendileri taraf\u0131ndan onar\u0131l\u0131r veya siz tatilinize devam ederken hi\u00e7 fark etmeyece\u011finiz \u015fekilde servis taraf\u0131ndan giderilen ar\u0131zalard\u0131r. haftal\u0131k <a href=\"https:\/\/www.tekneturk.com\/\" target=\"_blank\" rel=\"noopener\">kiral\u0131k tekneler<\/a> de pek s\u0131k olmasa da olmas\u0131 m\u00fcmk\u00fcn olan bu durum Kaptan\u0131n\u0131z ve personeliniz aksakl\u0131\u011f\u0131 en uygun zamanda misafirleri hi\u00e7 rahats\u0131z etmeden ve fark edilmeden giderir.<\/p>\n\n\n\n<p>Ama haftal\u0131k tekneler ile yap\u0131lan bu gezilerde bazen hi\u00e7 umulmayan ve tamiri san\u0131ld\u0131\u011f\u0131ndan fazla s\u00fcren aksakl\u0131klar olur ise ki suresi bir g\u00fcn\u00fc bulabilir. S\u00f6zle\u015fmelerde yaz\u0131l\u0131 olarak belirtilmi\u015f olan 1 g\u00fcne kadar ar\u0131zalarda misafirler ile beraber anla\u015fma yap\u0131l\u0131r ar\u0131za e\u011fer bir g\u00fcn\u00fc a\u015f\u0131yor ise acenteniz sizi yat\u0131n\u0131z\u0131n muadili yeni bir yat ile de\u011fi\u015ftirmek zorunda kalabilir. Bu durum tekneler de \u00e7ok nadir g\u00f6r\u00fclen olabilme \u015fans\u0131 bin seferden birindedir ancak biz yine de sizin bilgilerinize sunmak istedik.<\/p>\n\n\n\n<p>Haftal\u0131k tekneler de zaman zaman hi\u00e7 dikkate al\u0131nmayacak aksakl\u0131klar olabiliyor. \u00c7o\u011funlu\u011fu sa\u011fl\u0131k ile ilgili olan bu aksakl\u0131klar maalesef hem misafirlerden hem de personel den kaynakl\u0131 olabiliyor fakat sa\u011fl\u0131k denince \u00f6ncelikler tamam\u0131 ile de\u011fi\u015febiliyor.\u00a0Bu insani ar\u0131zalar\u0131 saymazsak tatil i\u00e7in \u00f6nemli daha b\u00fcy\u00fck aksakl\u0131k d\u00fc\u015f\u00fcnemiyoruz.<\/p>\n\n\n\n<div class=\"wp-block-buttons is-content-justification-right is-layout-flex wp-block-buttons-is-layout-flex\">\n<div class=\"wp-block-button is-style-outline is-style-outline--2\"><a class=\"wp-block-button__link\" href=\"https:\/\/akasiayachting.com\/tr\/contact-us\/\" target=\"_blank\" rel=\"noreferrer noopener\">Bize Ula\u015f\u0131n<\/a><\/div>\n<\/div>\n","protected":false},"excerpt":{"rendered":"<p>Kiral\u0131k Tekneler Haftal\u0131k kiral\u0131k tekneler ile gezi s\u0131ras\u0131nda olu\u015fabilecek iki \u00e7e\u015fit aksakl\u0131klar olu\u015fabilir, bunlardan biri hi\u00e7 istenmedi\u011fi halde olu\u015fabilecek k\u00fc\u00e7\u00fck ar\u0131zalard\u0131r, bu ar\u0131zalar personel taraf\u0131ndan fark edilir ve kendileri taraf\u0131ndan onar\u0131l\u0131r veya siz tatilinize devam ederken hi\u00e7 fark etmeyece\u011finiz \u015fekilde servis taraf\u0131ndan giderilen ar\u0131zalard\u0131r. haftal\u0131k kiral\u0131k tekneler de pek s\u0131k olmasa da olmas\u0131 m\u00fcmk\u00fcn olan [&hellip;]<\/p>\n","protected":false},"author":3,"featured_media":7319,"parent":0,"menu_order":35,"comment_status":"closed","ping_status":"closed","template":"","meta":{"footnotes":""},"class_list":["post-6777","page","type-page","status-publish","has-post-thumbnail","hentry"],"_links":{"self":[{"href":"https:\/\/akasiayachting.com\/tr\/wp-json\/wp\/v2\/pages\/6777","targetHints":{"allow":["GET"]}}],"collection":[{"href":"https:\/\/akasiayachting.com\/tr\/wp-json\/wp\/v2\/pages"}],"about":[{"href":"https:\/\/akasiayachting.com\/tr\/wp-json\/wp\/v2\/types\/page"}],"author":[{"embeddable":true,"href":"https:\/\/akasiayachting.com\/tr\/wp-json\/wp\/v2\/users\/3"}],"replies":[{"embeddable":true,"href":"https:\/\/akasiayachting.com\/tr\/wp-json\/wp\/v2\/comments?post=6777"}],"version-history":[{"count":7,"href":"https:\/\/akasiayachting.com\/tr\/wp-json\/wp\/v2\/pages\/6777\/revisions"}],"predecessor-version":[{"id":7320,"href":"https:\/\/akasiayachting.com\/tr\/wp-json\/wp\/v2\/pages\/6777\/revisions\/7320"}],"wp:featuredmedia":[{"embeddable":true,"href":"https:\/\/akasiayachting.com\/tr\/wp-json\/wp\/v2\/media\/7319"}],"wp:attachment":[{"href":"https:\/\/akasiayachting.com\/tr\/wp-json\/wp\/v2\/media?parent=6777"}],"curies":[{"name":"wp","href":"https:\/\/api.w.org\/{rel}","templated":true}]}}