{"id":6481,"date":"2015-11-25T19:51:06","date_gmt":"2015-11-25T17:51:06","guid":{"rendered":"https:\/\/akasiayachting.com\/tr\/?page_id=6481"},"modified":"2021-08-03T19:28:33","modified_gmt":"2021-08-03T16:28:33","slug":"kiralik-mega-yatlar","status":"publish","type":"page","link":"https:\/\/akasiayachting.com\/tr\/kiralik-mega-yatlar\/","title":{"rendered":"Kiral\u0131k Mega Yatlar"},"content":{"rendered":"\t<div id=\"get_debug\"><\/div>\r\n\t<div id=\"get_data\"><\/div>\r\n\t\r\n\t<script\ttype=\"text\/javascript\">\r\n\t\tvar\tdefaults = {\r\n\t\t\t\/* get : motoryachts, gulets, sailingyachts, istanbulyachts, yachts *\/\r\n\t\t\tget : 'motoryachts',\r\n\t\t\t\/* for : sale, rent *\/\r\n\t\t\tfor : 'rent',\r\n\t\t\t\/* sort : modified, date, loa, price, guest_capacity *\/\r\n\t\t\tsort : 'loa',\r\n\t\t\t\/* by : asc, desc *\/\r\n\t\t\tby : 'desc',\r\n\t\t\t\/* page number *\/\r\n\t\t\tpage : '1',\r\n\t\t\t\/* results per page *\/\r\n\t\t\tperpage : '15',\r\n\t\t\t\/* theme : active-71, active-113, active-173, active-229, active-281 *\/\r\n\t\t\ttheme : 'active-281',\r\n\t\t\t\/* ref URL : your domain, document.URL, window.location, window.location.host, localhost *\/\r\n\t\t\tref\t: 'https:\/\/akasiayachting.com\/tr\/kiralik-mega-yatlar\/',\r\n\t\t\t\/* ID num *\/\r\n\t\t\tof : '',\r\n\t\t};\r\n\t\t\r\n\t\tvar settings = {\r\n\t\t\t\/* debug : true, false *\/\r\n\t\t\tdebug : false,\r\n\t\t\t\/* engine : ay.com, ey.net *\/\r\n\t\t\tengine : 'akasiayachting.com',\r\n\t\t\t\/* scroll : true, false *\/\r\n\t\t\tscrolltop : true,\r\n\t\t\t\/* scrollspeed : integer as milisecond *\/\r\n\t\t\tscrollspeed : 500,\r\n\t\t\t\/* loader : 'Loading, Please wait...', 'html code' *\/\r\n\t\t\tloader : '<style type=\"text\/css\">#loader-animation { margin: 15% auto 5px auto; width: 28px; height: 28px;  animation: rotate 0.8s infinite linear; border: 4px solid #3498db; border-right-color: transparent; border-radius: 50%; } @keyframes rotate { 0% { transform: rotate(0deg); } 100% { transform: rotate(360deg); } }<\/style><div id=\"loader-javascript-activated\"><br \/><div id=\"loader-animation\"><\/div><div style=\"text-align: center; margin: 0px 0px 15% 0px;\">Loading, Please wait...<\/div><\/div>',\r\n\t\t}\r\n\t\t\r\n\t\t\/* Do not change anything below *\/\r\n\t\tif(document.location.hostname.includes('.test')){ settings.debug = true; }\r\n\t\t\r\n\t\t\/* Add loader to the get_data *\/\r\n\t\tdocument.getElementById('get_data').innerHTML = '<style type=\"text\/css\">#loader-animation { margin: 15% auto 5px auto; width: 28px; height: 28px;  animation: rotate 0.8s infinite linear; border: 4px solid #3498db; border-right-color: transparent; border-radius: 50%; } @keyframes rotate { 0% { transform: rotate(0deg); } 100% { transform: rotate(360deg); } }<\/style><div id=\"loader-javascript-activated\"><br \/><div id=\"loader-animation\"><\/div><div style=\"text-align: center; margin: 0px 0px 15% 0px;\">Loading, Please wait...<\/div><\/div>';\r\n\t\t\r\n\t\t\/* Loading our lovely cyn library *\/\r\n\t\tvar cyn = document.createElement('script'); cyn.type = 'text\/javascript'; cyn.async = true;\r\n\t\tcyn.src = 'https:\/\/akasiayachting.com\/tr\/wp-content\/themes\/active\/views.js';\r\n\t\tcyn.src += (settings.debug == true) ? '?nocache=' + Math.random() : '';\r\n\t\tdocument.getElementsByTagName('head')[0].appendChild(cyn);\r\n\t\t\r\n\t\t\/* If index.js window.onload not starts than this event applies. *\/\r\n\t\twindow.onload = function(){\r\n\t\t\tvar get_solution = (function(){\/*\r\n\t\t\t<br \/><h1>Something went wrong,<\/h1>\r\n\t\t\t<blockquote>\r\n\t\t\t  <p><br \/>\r\n\t\t\t\tHere are some possible solutions;<br \/><br \/>\r\n\t\t\t\t* Please click <a href=\"javascript:window.location.reload(false);\"><b>here<\/b><\/a> to refresh page, <br \/><br \/>\r\n\t\t\t\t* If the problem persists you can force reload of the page with the following key combinations:<br \/>\r\n\t\t\t\tfor Windows: <b>ctrl<\/b> + <b>F5<\/b><br \/>\r\n\t\t\t\tfor Mac\/Apple: <b>Apple<\/b> + <b>R<\/b> or <b>command<\/b> + <b>R<\/b><br \/><br \/>\r\n\t\t\t\t* If problem still occurs, please inform us from <a href=\"mailto:info@akasiayachting.com\"><b>info@akasiayachting.com<\/b><\/a><br \/><br \/>\r\n\t\t\t\tWe are appreciated for your understanding.<br \/><br \/>\r\n\t\t\t  <\/p>\r\n\t\t\t<\/blockquote>  \r\n\t\t\t*\/}).toString().match(\/[^]*\\\/\\*([^]*)\\*\\\/\\}$\/)[1];\r\n\t\t\tvar get_data_content = document.getElementById('get_data').innerHTML;\r\n\t\t\t\/* Check loader if still exists something wrong. *\/\r\n\t\t\tif(get_data_content.indexOf('loader-javascript-activated') > -1){\r\n\t\t\t\tdocument.getElementById('get_data').innerHTML = get_solution;\r\n\t\t\t}\r\n\t\t}\r\n\t<\/script>\n\n\n\n<h2 class=\"has-text-align-center wp-block-heading\"><strong>Kiral\u0131k Mega Yatlar<\/strong><\/h2>\n\n\n\n<div class=\"wp-block-image\"><figure class=\"alignleft size-full is-resized\"><img loading=\"lazy\" decoding=\"async\" src=\"https:\/\/akasiayachting.com\/tr\/wp-content\/uploads\/2021\/08\/kiralik-mega-yatlar-anasayfa.jpg\" alt=\"Kiral\u0131k Mega Yatlar\" class=\"wp-image-7313\" width=\"334\" height=\"168\" title=\"\" srcset=\"https:\/\/akasiayachting.com\/tr\/wp-content\/uploads\/2021\/08\/kiralik-mega-yatlar-anasayfa.jpg 1736w, https:\/\/akasiayachting.com\/tr\/wp-content\/uploads\/2021\/08\/kiralik-mega-yatlar-anasayfa-300x151.jpg 300w, https:\/\/akasiayachting.com\/tr\/wp-content\/uploads\/2021\/08\/kiralik-mega-yatlar-anasayfa-768x388.jpg 768w, https:\/\/akasiayachting.com\/tr\/wp-content\/uploads\/2021\/08\/kiralik-mega-yatlar-anasayfa-1536x775.jpg 1536w\" sizes=\"auto, (max-width: 334px) 100vw, 334px\" \/><\/figure><\/div>\n\n\n\n<p>Megayatlar d\u00fcnyada belirli bir kesim m\u00fc\u015fteriye hitap etmektedirler. \u00dclkemizde kiral\u0131k megayat, sekt\u00f6r\u00fc, gelen talepler do\u011frultusunda zaman zaman yetersiz kalmaktad\u0131r. Kiral\u0131k olarak gelen taleplere uygun kiral\u0131k mega yatlar bulamad\u0131\u011f\u0131m\u0131z zaman kom\u015fu \u00fclke Yunanistan da \u00e7al\u0131\u015ft\u0131\u011f\u0131m\u0131z megayat acentelerinden MYBA kontrat\u0131 ile kiralayarak T\u00fcrk sular\u0131nda tatilini ge\u00e7irmek isteyen m\u00fc\u015fterimizin hizmetine sunmaktay\u0131z.<\/p>\n\n\n\n<p>Son y\u0131llarda gelen talepler do\u011frultusunda, \u00fclkemizde megayat, imalat\u0131 geli\u015ferek b\u00fcy\u00fcmekte ve biliyoruz ki kendi imalat\u0131m\u0131z olan mega yatlar\u0131m\u0131z \u00f6n\u00fcm\u00fczdeki y\u0131llarda say\u0131lar\u0131n\u0131n artmas\u0131yla beraber gelen kiral\u0131k mega yat taleplerine \u00fclkemizdeki yat portf\u00f6y\u00fcm\u00fcz yeterli olacakt\u0131r. \u015eimdilik imkanlar\u0131m\u0131z do\u011frultusunda kiral\u0131k olarak kullan\u0131lan baz\u0131 <a href=\"https:\/\/akasiayachting.com\/tr\/megayat-imalati\/\">mega yatlar\u0131<\/a> sayfam\u0131zda listeleyip, m\u00fc\u015fterilerimizin be\u011fenisine sunmaktay\u0131z. Biz kurumsal olarak, <a href=\"https:\/\/megayachtcharter.org\/mega-yacht-charter\/\" data-type=\"URL\" data-id=\"https:\/\/megayachtcharter.org\/mega-yacht-charter\/\" target=\"_blank\" rel=\"noopener\">megayat kiralama<\/a>, alan\u0131nda deneyimli kadromuz ile birlikte gelen talepleri rahatl\u0131kla cevap verebiliyoruz.<\/p>\n\n\n\n<div class=\"wp-block-buttons is-content-justification-right is-layout-flex wp-block-buttons-is-layout-flex\">\n<div class=\"wp-block-button is-style-outline is-style-outline--2\"><a class=\"wp-block-button__link\" href=\"https:\/\/akasiayachting.com\/tr\/contact-us\/\" target=\"_blank\" rel=\"noreferrer noopener\">Bize Ula\u015f\u0131n<\/a><\/div>\n<\/div>\n","protected":false},"excerpt":{"rendered":"<p>Kiral\u0131k Mega Yatlar Megayatlar d\u00fcnyada belirli bir kesim m\u00fc\u015fteriye hitap etmektedirler. \u00dclkemizde kiral\u0131k megayat, sekt\u00f6r\u00fc, gelen talepler do\u011frultusunda zaman zaman yetersiz kalmaktad\u0131r. Kiral\u0131k olarak gelen taleplere uygun kiral\u0131k mega yatlar bulamad\u0131\u011f\u0131m\u0131z zaman kom\u015fu \u00fclke Yunanistan da \u00e7al\u0131\u015ft\u0131\u011f\u0131m\u0131z megayat acentelerinden MYBA kontrat\u0131 ile kiralayarak T\u00fcrk sular\u0131nda tatilini ge\u00e7irmek isteyen m\u00fc\u015fterimizin hizmetine sunmaktay\u0131z. Son y\u0131llarda gelen talepler [&hellip;]<\/p>\n","protected":false},"author":3,"featured_media":7313,"parent":0,"menu_order":34,"comment_status":"closed","ping_status":"closed","template":"","meta":{"footnotes":""},"class_list":["post-6481","page","type-page","status-publish","has-post-thumbnail","hentry"],"_links":{"self":[{"href":"https:\/\/akasiayachting.com\/tr\/wp-json\/wp\/v2\/pages\/6481","targetHints":{"allow":["GET"]}}],"collection":[{"href":"https:\/\/akasiayachting.com\/tr\/wp-json\/wp\/v2\/pages"}],"about":[{"href":"https:\/\/akasiayachting.com\/tr\/wp-json\/wp\/v2\/types\/page"}],"author":[{"embeddable":true,"href":"https:\/\/akasiayachting.com\/tr\/wp-json\/wp\/v2\/users\/3"}],"replies":[{"embeddable":true,"href":"https:\/\/akasiayachting.com\/tr\/wp-json\/wp\/v2\/comments?post=6481"}],"version-history":[{"count":15,"href":"https:\/\/akasiayachting.com\/tr\/wp-json\/wp\/v2\/pages\/6481\/revisions"}],"predecessor-version":[{"id":7315,"href":"https:\/\/akasiayachting.com\/tr\/wp-json\/wp\/v2\/pages\/6481\/revisions\/7315"}],"wp:featuredmedia":[{"embeddable":true,"href":"https:\/\/akasiayachting.com\/tr\/wp-json\/wp\/v2\/media\/7313"}],"wp:attachment":[{"href":"https:\/\/akasiayachting.com\/tr\/wp-json\/wp\/v2\/media?parent=6481"}],"curies":[{"name":"wp","href":"https:\/\/api.w.org\/{rel}","templated":true}]}}