{"id":6356,"date":"2014-11-15T23:15:27","date_gmt":"2014-11-15T21:15:27","guid":{"rendered":"https:\/\/akasiayachting.com\/tr\/?page_id=6356"},"modified":"2021-07-30T19:46:10","modified_gmt":"2021-07-30T16:46:10","slug":"satilik-tekneler-hakkinda-kisa-ve-gerekli-bilgiler","status":"publish","type":"page","link":"https:\/\/akasiayachting.com\/tr\/satilik-tekneler-hakkinda-kisa-ve-gerekli-bilgiler\/","title":{"rendered":"Sat\u0131l\u0131k Tekneler"},"content":{"rendered":"\t<div id=\"get_debug\"><\/div>\r\n\t<div id=\"get_data\"><\/div>\r\n\t\r\n\t<script\ttype=\"text\/javascript\">\r\n\t\tvar\tdefaults = {\r\n\t\t\t\/* get : motoryachts, gulets, sailingyachts, istanbulyachts, yachts *\/\r\n\t\t\tget : 'gulets',\r\n\t\t\t\/* for : sale, rent *\/\r\n\t\t\tfor : 'sale',\r\n\t\t\t\/* sort : modified, date, loa, price, guest_capacity *\/\r\n\t\t\tsort : 'price',\r\n\t\t\t\/* by : asc, desc *\/\r\n\t\t\tby : 'asc',\r\n\t\t\t\/* page number *\/\r\n\t\t\tpage : '1',\r\n\t\t\t\/* results per page *\/\r\n\t\t\tperpage : '15',\r\n\t\t\t\/* theme : active-71, active-113, active-173, active-229, active-281 *\/\r\n\t\t\ttheme : 'active-281',\r\n\t\t\t\/* ref URL : your domain, document.URL, window.location, window.location.host, localhost *\/\r\n\t\t\tref\t: 'https:\/\/akasiayachting.com\/tr\/satilik-tekneler-hakkinda-kisa-ve-gerekli-bilgiler\/',\r\n\t\t\t\/* ID num *\/\r\n\t\t\tof : '',\r\n\t\t};\r\n\t\t\r\n\t\tvar settings = {\r\n\t\t\t\/* debug : true, false *\/\r\n\t\t\tdebug : false,\r\n\t\t\t\/* engine : ay.com, ey.net *\/\r\n\t\t\tengine : 'akasiayachting.com',\r\n\t\t\t\/* scroll : true, false *\/\r\n\t\t\tscrolltop : true,\r\n\t\t\t\/* scrollspeed : integer as milisecond *\/\r\n\t\t\tscrollspeed : 500,\r\n\t\t\t\/* loader : 'Loading, Please wait...', 'html code' *\/\r\n\t\t\tloader : '<style type=\"text\/css\">#loader-animation { margin: 15% auto 5px auto; width: 28px; height: 28px;  animation: rotate 0.8s infinite linear; border: 4px solid #3498db; border-right-color: transparent; border-radius: 50%; } @keyframes rotate { 0% { transform: rotate(0deg); } 100% { transform: rotate(360deg); } }<\/style><div id=\"loader-javascript-activated\"><br \/><div id=\"loader-animation\"><\/div><div style=\"text-align: center; margin: 0px 0px 15% 0px;\">Loading, Please wait...<\/div><\/div>',\r\n\t\t}\r\n\t\t\r\n\t\t\/* Do not change anything below *\/\r\n\t\tif(document.location.hostname.includes('.test')){ settings.debug = true; }\r\n\t\t\r\n\t\t\/* Add loader to the get_data *\/\r\n\t\tdocument.getElementById('get_data').innerHTML = '<style type=\"text\/css\">#loader-animation { margin: 15% auto 5px auto; width: 28px; height: 28px;  animation: rotate 0.8s infinite linear; border: 4px solid #3498db; border-right-color: transparent; border-radius: 50%; } @keyframes rotate { 0% { transform: rotate(0deg); } 100% { transform: rotate(360deg); } }<\/style><div id=\"loader-javascript-activated\"><br \/><div id=\"loader-animation\"><\/div><div style=\"text-align: center; margin: 0px 0px 15% 0px;\">Loading, Please wait...<\/div><\/div>';\r\n\t\t\r\n\t\t\/* Loading our lovely cyn library *\/\r\n\t\tvar cyn = document.createElement('script'); cyn.type = 'text\/javascript'; cyn.async = true;\r\n\t\tcyn.src = 'https:\/\/akasiayachting.com\/tr\/wp-content\/themes\/active\/views.js';\r\n\t\tcyn.src += (settings.debug == true) ? '?nocache=' + Math.random() : '';\r\n\t\tdocument.getElementsByTagName('head')[0].appendChild(cyn);\r\n\t\t\r\n\t\t\/* If index.js window.onload not starts than this event applies. *\/\r\n\t\twindow.onload = function(){\r\n\t\t\tvar get_solution = (function(){\/*\r\n\t\t\t<br \/><h1>Something went wrong,<\/h1>\r\n\t\t\t<blockquote>\r\n\t\t\t  <p><br \/>\r\n\t\t\t\tHere are some possible solutions;<br \/><br \/>\r\n\t\t\t\t* Please click <a href=\"javascript:window.location.reload(false);\"><b>here<\/b><\/a> to refresh page, <br \/><br \/>\r\n\t\t\t\t* If the problem persists you can force reload of the page with the following key combinations:<br \/>\r\n\t\t\t\tfor Windows: <b>ctrl<\/b> + <b>F5<\/b><br \/>\r\n\t\t\t\tfor Mac\/Apple: <b>Apple<\/b> + <b>R<\/b> or <b>command<\/b> + <b>R<\/b><br \/><br \/>\r\n\t\t\t\t* If problem still occurs, please inform us from <a href=\"mailto:info@akasiayachting.com\"><b>info@akasiayachting.com<\/b><\/a><br \/><br \/>\r\n\t\t\t\tWe are appreciated for your understanding.<br \/><br \/>\r\n\t\t\t  <\/p>\r\n\t\t\t<\/blockquote>  \r\n\t\t\t*\/}).toString().match(\/[^]*\\\/\\*([^]*)\\*\\\/\\}$\/)[1];\r\n\t\t\tvar get_data_content = document.getElementById('get_data').innerHTML;\r\n\t\t\t\/* Check loader if still exists something wrong. *\/\r\n\t\t\tif(get_data_content.indexOf('loader-javascript-activated') > -1){\r\n\t\t\t\tdocument.getElementById('get_data').innerHTML = get_solution;\r\n\t\t\t}\r\n\t\t}\r\n\t<\/script>\n\n\n\n<h2 class=\"has-text-align-center wp-block-heading\"><strong>Sat\u0131l\u0131k Tekneler<\/strong><\/h2>\n\n\n\n<div class=\"wp-block-image\"><figure class=\"alignleft size-full is-resized\"><img loading=\"lazy\" decoding=\"async\" src=\"https:\/\/akasiayachting.com\/tr\/wp-content\/uploads\/2021\/07\/satilik_tekneler_anasayfa-1.jpg\" alt=\"Sat\u0131l\u0131k Tekneler\" class=\"wp-image-7030\" width=\"335\" height=\"251\" title=\"\" srcset=\"https:\/\/akasiayachting.com\/tr\/wp-content\/uploads\/2021\/07\/satilik_tekneler_anasayfa-1.jpg 2304w, https:\/\/akasiayachting.com\/tr\/wp-content\/uploads\/2021\/07\/satilik_tekneler_anasayfa-1-300x225.jpg 300w, https:\/\/akasiayachting.com\/tr\/wp-content\/uploads\/2021\/07\/satilik_tekneler_anasayfa-1-768x576.jpg 768w, https:\/\/akasiayachting.com\/tr\/wp-content\/uploads\/2021\/07\/satilik_tekneler_anasayfa-1-1536x1152.jpg 1536w, https:\/\/akasiayachting.com\/tr\/wp-content\/uploads\/2021\/07\/satilik_tekneler_anasayfa-1-2048x1536.jpg 2048w\" sizes=\"auto, (max-width: 335px) 100vw, 335px\" \/><\/figure><\/div>\n\n\n\n<p>T\u00fcrkiyede&#8217;de imal edilen sat\u0131l\u0131k 2 el fiber tekne piyasas\u0131nda, Motoryat, Gulet, <a title=\"Sat\u0131l\u0131k Yelkenli\" href=\"https:\/\/akasiayachting.com\/tr\/satilik-yelkenliler\/\">Yelkenli<\/a> fiber tekneler gibi kategorilerde bir\u00e7ok model ve marka teknenin sat\u0131\u015f\u0131 ve pazarlanmas\u0131, t\u00fcm d\u00fcnya \u00fclkelerinde oldugu gibi, internet \u00fczerinden yap\u0131lmaktad\u0131r. \u0130nternet ortam\u0131nda yay\u0131nlad\u0131\u011f\u0131m\u0131z sat\u0131l\u0131k tekne portf\u00f6y\u00fc \u00e7al\u0131\u015fmalar\u0131m\u0131z ba\u015far\u0131l\u0131 bir \u015fekilde devam etmektedir. T\u00fcrkiye\u2019de Sat\u0131l\u0131k tekneler piyasas\u0131 h\u0131zl\u0131 bir \u015fekilde geli\u015ferek artmakta ve ayn\u0131 zamanda marinalarda ba\u011flama yeri konusunda s\u0131k\u0131nt\u0131 ya\u015fanmaktad\u0131r. <\/p>\n\n\n\n<p>\u00dclkemizde marina say\u0131s\u0131 h\u0131zl\u0131 \u015fekilde artmakta ve tekne modelleri \u00e7o\u011falarak sat\u0131\u015f pazar\u0131 s\u00fcrekli b\u00fcy\u00fcmektedir. Sat\u0131l\u0131k tekneler portf\u00f6y\u00fcm\u00fczde yurt d\u0131\u015f\u0131ndan ithal edilmi\u015f fiberglass tekne ikinci el motoryatlar Azimut, Ferretti, Sunseeker, Fairline, Riva, Sea Ray, Benetti gibi fiber tekne fiyatlar\u0131 bir\u00e7ok marka ve model motoryat veya yelkenli tekneler Bavaria, Beneteau, Lagoon marka katamaran yelkenli tekne fiyatlar\u0131 ve sat\u0131l\u0131k yat ilanlar\u0131 ile birlikte \u00fclkemizde ve d\u00fcnya pazar\u0131nda internet ortam\u0131 ile sat\u0131\u015fa sunuyoruz.<\/p>\n\n\n\n<p>Bizden almak istedi\u011finiz <a href=\"https:\/\/sahibindenyat.com\/satilik-fiber-yelkenli\/\" data-type=\"URL\" data-id=\"https:\/\/sahibindenyat.com\/satilik-fiber-yelkenli\/\" target=\"_blank\" rel=\"noopener\">sat\u0131l\u0131k fiber yat<\/a> i\u00e7in expertizini yaparak sizi en do\u011fru \u015fekilde bilin\u00e7lendirmek konusunda gerek yat\u0131n sonradan \u00e7\u0131kabilecek tamir ve bak\u0131m masraflar\u0131n\u0131 yaz\u0131l\u0131 bir rapor\u00a0halinde sizlere sunarak alaca\u011f\u0131n\u0131z sat\u0131l\u0131k <a href=\"https:\/\/sahibindenyat.com\/ikinci-el-yat\/\" data-type=\"URL\" data-id=\"https:\/\/sahibindenyat.com\/ikinci-el-yat\/\" target=\"_blank\" rel=\"noopener\">ikinci el motoryatlar<\/a> veya sat\u0131l\u0131k fiber tekneler i\u00e7in size toplam maliyetini ilk elden \u00f6\u011frenmenizi sa\u011flar\u0131z. Bizim fark\u0131m\u0131z yat almak istedi\u011finizde,\u00a0memnuniyetlerini\u00a0referans olarak g\u00f6sterebilece\u011fimiz m\u00fc\u015fterilerimizdir. bizi \u00f6nerece\u011finiz dostlar\u0131n\u0131za ayn\u0131 \u015fekilde hizmet konusunda eksiksiz ve d\u00fcr\u00fcstl\u00fck ile ayn\u0131 titizlikle i\u015fimizi yapaca\u011f\u0131m\u0131z\u0131 bilmeniz bizim i\u00e7in yeterli olacakt\u0131r.<\/p>\n\n\n\n<p>Akasya Yat\u00e7\u0131l\u0131k sat\u0131l\u0131k tekneler portf\u00f6y\u00fcnde\u00a0sat\u0131l\u0131k ve kiral\u0131k tekneler bulabilirsiniz. Guletler, <a title=\"Sat\u0131l\u0131k Motoryatlar\" href=\"https:\/\/akasiayachting.com\/tr\/satilik-motoryatlar\/\">motoryatlar<\/a> veya mega <a title=\"Sat\u0131l\u0131k Yatlar\" href=\"https:\/\/akasiayachting.com\/tr\/satilik-yatlar-ve-tekneler\/\">yatlar<\/a>\u00a0T\u00fcrkiye&#8217;de ah\u015fap veya sa\u00e7tan imal edilmi\u015f olabilir. \u0130malat\u0131 bitmi\u015f yeni nesil modern dizayn guletler ile motoryatlar olabilir. Sayfam\u0131z\u0131n internet marketing konusunda \u00e7ok g\u00fc\u00e7l\u00fc olmas\u0131ndan kaynaklanan sat\u0131\u015f taleplerimiz farkl\u0131 \u00fclkelerden potansiyel olarak her ge\u00e7en g\u00fcn artmaktad\u0131r.<\/p>\n\n\n\n<p>Biz genelde kendi \u00fclkemizde imal edilmi\u015f sat\u0131l\u0131k tekneler olan guletler ve \u00f6zel yap\u0131m motor yatlara a\u011f\u0131rl\u0131k vererek yurt d\u0131\u015f\u0131nda sat\u0131l\u0131k yatlar\u0131m\u0131za al\u0131c\u0131 bulmaya \u00e7al\u0131\u015f\u0131yoruz. Son y\u0131llarda bilindi\u011fi gibi \u00fclkemizde yat imalat\u0131, k\u0131\u015flama ve bak\u0131m onar\u0131m maliyetleri avrupa \u00fclkeleriyle k\u0131yaslad\u0131\u011f\u0131nda \u00e7ok daha uygun oldu\u011fundan yabanc\u0131lar\u0131n T\u00fcrkiyede bulunan tekneleri hem daha uygun fiyata almakta hem de T\u00fcrkiye&#8217;de i\u015f\u00e7ilik ucuz olmas\u0131 sebebi ile tamir ve refit (yenileme) konusunda \u00fclkemizi tercih etmenin avantajlar\u0131ndan faydalanmaktad\u0131rlar. Bug\u00fcn sat\u0131l\u0131k tekneler piyasas\u0131n\u0131 ayakta tutan m\u00fc\u015fterilerin \u00e7o\u011funlu\u011funu yabanc\u0131 uyruklu m\u00fc\u015fterilerimiz olu\u015fturmaktad\u0131rlar.<\/p>\n\n\n\n<div class=\"wp-block-buttons is-content-justification-right is-layout-flex wp-block-buttons-is-layout-flex\">\n<div class=\"wp-block-button is-style-outline is-style-outline--2\"><a class=\"wp-block-button__link\" href=\"https:\/\/akasiayachting.com\/tr\/contact-us\/\" target=\"_blank\" rel=\"noreferrer noopener\">Bize Ula\u015f\u0131n<\/a><\/div>\n<\/div>\n","protected":false},"excerpt":{"rendered":"<p>Sat\u0131l\u0131k Tekneler T\u00fcrkiyede&#8217;de imal edilen sat\u0131l\u0131k 2 el fiber tekne piyasas\u0131nda, Motoryat, Gulet, Yelkenli fiber tekneler gibi kategorilerde bir\u00e7ok model ve marka teknenin sat\u0131\u015f\u0131 ve pazarlanmas\u0131, t\u00fcm d\u00fcnya \u00fclkelerinde oldugu gibi, internet \u00fczerinden yap\u0131lmaktad\u0131r. \u0130nternet ortam\u0131nda yay\u0131nlad\u0131\u011f\u0131m\u0131z sat\u0131l\u0131k tekne portf\u00f6y\u00fc \u00e7al\u0131\u015fmalar\u0131m\u0131z ba\u015far\u0131l\u0131 bir \u015fekilde devam etmektedir. T\u00fcrkiye\u2019de Sat\u0131l\u0131k tekneler piyasas\u0131 h\u0131zl\u0131 bir \u015fekilde geli\u015ferek artmakta [&hellip;]<\/p>\n","protected":false},"author":3,"featured_media":7030,"parent":0,"menu_order":12,"comment_status":"closed","ping_status":"open","template":"","meta":{"footnotes":""},"class_list":["post-6356","page","type-page","status-publish","has-post-thumbnail","hentry"],"_links":{"self":[{"href":"https:\/\/akasiayachting.com\/tr\/wp-json\/wp\/v2\/pages\/6356","targetHints":{"allow":["GET"]}}],"collection":[{"href":"https:\/\/akasiayachting.com\/tr\/wp-json\/wp\/v2\/pages"}],"about":[{"href":"https:\/\/akasiayachting.com\/tr\/wp-json\/wp\/v2\/types\/page"}],"author":[{"embeddable":true,"href":"https:\/\/akasiayachting.com\/tr\/wp-json\/wp\/v2\/users\/3"}],"replies":[{"embeddable":true,"href":"https:\/\/akasiayachting.com\/tr\/wp-json\/wp\/v2\/comments?post=6356"}],"version-history":[{"count":24,"href":"https:\/\/akasiayachting.com\/tr\/wp-json\/wp\/v2\/pages\/6356\/revisions"}],"predecessor-version":[{"id":7031,"href":"https:\/\/akasiayachting.com\/tr\/wp-json\/wp\/v2\/pages\/6356\/revisions\/7031"}],"wp:featuredmedia":[{"embeddable":true,"href":"https:\/\/akasiayachting.com\/tr\/wp-json\/wp\/v2\/media\/7030"}],"wp:attachment":[{"href":"https:\/\/akasiayachting.com\/tr\/wp-json\/wp\/v2\/media?parent=6356"}],"curies":[{"name":"wp","href":"https:\/\/api.w.org\/{rel}","templated":true}]}}