{"id":6294,"date":"2014-11-14T11:20:11","date_gmt":"2014-11-14T09:20:11","guid":{"rendered":"https:\/\/akasiayachting.com\/tr\/?page_id=6294"},"modified":"2021-08-02T15:49:40","modified_gmt":"2021-08-02T12:49:40","slug":"mavi-yolculuk","status":"publish","type":"page","link":"https:\/\/akasiayachting.com\/tr\/mavi-yolculuk\/","title":{"rendered":"Mavi Yolculuk"},"content":{"rendered":"\t<div id=\"get_debug\"><\/div>\r\n\t<div id=\"get_data\"><\/div>\r\n\t\r\n\t<script\ttype=\"text\/javascript\">\r\n\t\tvar\tdefaults = {\r\n\t\t\t\/* get : motoryachts, gulets, sailingyachts, istanbulyachts, yachts *\/\r\n\t\t\tget : 'gulets',\r\n\t\t\t\/* for : sale, rent *\/\r\n\t\t\tfor : 'rent',\r\n\t\t\t\/* sort : modified, date, loa, price, guest_capacity *\/\r\n\t\t\tsort : 'loa',\r\n\t\t\t\/* by : asc, desc *\/\r\n\t\t\tby : 'asc',\r\n\t\t\t\/* page number *\/\r\n\t\t\tpage : '1',\r\n\t\t\t\/* results per page *\/\r\n\t\t\tperpage : '15',\r\n\t\t\t\/* theme : active-71, active-113, active-173, active-229, active-281 *\/\r\n\t\t\ttheme : 'active-281',\r\n\t\t\t\/* ref URL : your domain, document.URL, window.location, window.location.host, localhost *\/\r\n\t\t\tref\t: 'https:\/\/akasiayachting.com\/tr\/mavi-yolculuk\/',\r\n\t\t\t\/* ID num *\/\r\n\t\t\tof : '',\r\n\t\t};\r\n\t\t\r\n\t\tvar settings = {\r\n\t\t\t\/* debug : true, false *\/\r\n\t\t\tdebug : false,\r\n\t\t\t\/* engine : ay.com, ey.net *\/\r\n\t\t\tengine : 'akasiayachting.com',\r\n\t\t\t\/* scroll : true, false *\/\r\n\t\t\tscrolltop : true,\r\n\t\t\t\/* scrollspeed : integer as milisecond *\/\r\n\t\t\tscrollspeed : 500,\r\n\t\t\t\/* loader : 'Loading, Please wait...', 'html code' *\/\r\n\t\t\tloader : '<style type=\"text\/css\">#loader-animation { margin: 15% auto 5px auto; width: 28px; height: 28px;  animation: rotate 0.8s infinite linear; border: 4px solid #3498db; border-right-color: transparent; border-radius: 50%; } @keyframes rotate { 0% { transform: rotate(0deg); } 100% { transform: rotate(360deg); } }<\/style><div id=\"loader-javascript-activated\"><br \/><div id=\"loader-animation\"><\/div><div style=\"text-align: center; margin: 0px 0px 15% 0px;\">Loading, Please wait...<\/div><\/div>',\r\n\t\t}\r\n\t\t\r\n\t\t\/* Do not change anything below *\/\r\n\t\tif(document.location.hostname.includes('.test')){ settings.debug = true; }\r\n\t\t\r\n\t\t\/* Add loader to the get_data *\/\r\n\t\tdocument.getElementById('get_data').innerHTML = '<style type=\"text\/css\">#loader-animation { margin: 15% auto 5px auto; width: 28px; height: 28px;  animation: rotate 0.8s infinite linear; border: 4px solid #3498db; border-right-color: transparent; border-radius: 50%; } @keyframes rotate { 0% { transform: rotate(0deg); } 100% { transform: rotate(360deg); } }<\/style><div id=\"loader-javascript-activated\"><br \/><div id=\"loader-animation\"><\/div><div style=\"text-align: center; margin: 0px 0px 15% 0px;\">Loading, Please wait...<\/div><\/div>';\r\n\t\t\r\n\t\t\/* Loading our lovely cyn library *\/\r\n\t\tvar cyn = document.createElement('script'); cyn.type = 'text\/javascript'; cyn.async = true;\r\n\t\tcyn.src = 'https:\/\/akasiayachting.com\/tr\/wp-content\/themes\/active\/views.js';\r\n\t\tcyn.src += (settings.debug == true) ? '?nocache=' + Math.random() : '';\r\n\t\tdocument.getElementsByTagName('head')[0].appendChild(cyn);\r\n\t\t\r\n\t\t\/* If index.js window.onload not starts than this event applies. *\/\r\n\t\twindow.onload = function(){\r\n\t\t\tvar get_solution = (function(){\/*\r\n\t\t\t<br \/><h1>Something went wrong,<\/h1>\r\n\t\t\t<blockquote>\r\n\t\t\t  <p><br \/>\r\n\t\t\t\tHere are some possible solutions;<br \/><br \/>\r\n\t\t\t\t* Please click <a href=\"javascript:window.location.reload(false);\"><b>here<\/b><\/a> to refresh page, <br \/><br \/>\r\n\t\t\t\t* If the problem persists you can force reload of the page with the following key combinations:<br \/>\r\n\t\t\t\tfor Windows: <b>ctrl<\/b> + <b>F5<\/b><br \/>\r\n\t\t\t\tfor Mac\/Apple: <b>Apple<\/b> + <b>R<\/b> or <b>command<\/b> + <b>R<\/b><br \/><br \/>\r\n\t\t\t\t* If problem still occurs, please inform us from <a href=\"mailto:info@akasiayachting.com\"><b>info@akasiayachting.com<\/b><\/a><br \/><br \/>\r\n\t\t\t\tWe are appreciated for your understanding.<br \/><br \/>\r\n\t\t\t  <\/p>\r\n\t\t\t<\/blockquote>  \r\n\t\t\t*\/}).toString().match(\/[^]*\\\/\\*([^]*)\\*\\\/\\}$\/)[1];\r\n\t\t\tvar get_data_content = document.getElementById('get_data').innerHTML;\r\n\t\t\t\/* Check loader if still exists something wrong. *\/\r\n\t\t\tif(get_data_content.indexOf('loader-javascript-activated') > -1){\r\n\t\t\t\tdocument.getElementById('get_data').innerHTML = get_solution;\r\n\t\t\t}\r\n\t\t}\r\n\t<\/script>\n\n\n\n<h2 class=\"has-text-align-center wp-block-heading\"><strong>Mavi Yolculuk<\/strong><\/h2>\n\n\n\n<div class=\"wp-block-image\"><figure class=\"alignleft size-full is-resized\"><img loading=\"lazy\" decoding=\"async\" src=\"https:\/\/akasiayachting.com\/tr\/wp-content\/uploads\/2021\/08\/mavi-yolculuk-anasayfa.jpg\" alt=\"Mavi Yolculuk\" class=\"wp-image-7134\" width=\"302\" height=\"174\" title=\"\" srcset=\"https:\/\/akasiayachting.com\/tr\/wp-content\/uploads\/2021\/08\/mavi-yolculuk-anasayfa.jpg 1600w, https:\/\/akasiayachting.com\/tr\/wp-content\/uploads\/2021\/08\/mavi-yolculuk-anasayfa-300x174.jpg 300w, https:\/\/akasiayachting.com\/tr\/wp-content\/uploads\/2021\/08\/mavi-yolculuk-anasayfa-768x445.jpg 768w, https:\/\/akasiayachting.com\/tr\/wp-content\/uploads\/2021\/08\/mavi-yolculuk-anasayfa-1536x891.jpg 1536w\" sizes=\"auto, (max-width: 302px) 100vw, 302px\" \/><\/figure><\/div>\n\n\n\n<p>2006 y\u0131l\u0131nda tekneyi satt\u0131k. Han\u0131m ile karar verdik kiral\u0131k tekne bulup iki hafta mavi yolculuk yapal\u0131m istedik. \u0130nternetten ara\u015ft\u0131rmaya ba\u015flad\u0131k bir tekne firmas\u0131n\u0131n web sayfas\u0131nda be\u011fendi\u011fimiz 5 kamaral\u0131 kiral\u0131k mavi yolculuk teknesi bulduk arkada\u015f grubumuz ile konu\u015farak bu tekneyi acente arac\u0131l\u0131\u011f\u0131yla kiralad\u0131k. Di\u011fer ikinci haftay\u0131 A\u011fustos ay\u0131 i\u00e7erisinde bir hafta olarak organize ederek tekne kiralama i\u015fini yapt\u0131k. Han\u0131mla ilk kez tekne kiralama ile mavi yolculuk yapacak oldu\u011fumuzdan dolay\u0131 tekneyi \u00e7ok merak ediyorduk \u00e7\u00fcnk\u00fc bu zamana kadar mavi yolculuk hep kendi teknemizle yapm\u0131\u015ft\u0131k ve nelerle kar\u015f\u0131la\u015faca\u011f\u0131m\u0131z\u0131 bilmiyorduk zaman \u00e7ok \u00e7abuk ge\u00e7ti 17 Haziran gelmi\u015fti ve teknemiz Bodrum Liman\u0131nda mavi yolculuk i\u00e7in haz\u0131rlanm\u0131\u015f bizi bekliyordu.<\/p>\n\n\n\n<p>Cumartesi sabah 11.30&#8217;da Bodrum Havaalan\u0131na indik. Teknenin kaptan\u0131 bizi hava alan\u0131ndan ald\u0131rmak i\u00e7in son derece konforlu bir minib\u00fcs g\u00f6ndermi\u015fti ve hep beraber bodruma do\u011fru yola \u00e7\u0131kt\u0131k. Tam yolu yar\u0131lam\u0131\u015fken deniz g\u00f6r\u00fcnmeye ba\u015flad\u0131 hepimiz mavi yolculuk\u00a0i\u00e7in\u00a0heyecanland\u0131k\u00a0tekneye kat\u0131lmak i\u00e7in \u00e7ok az bir zaman kalm\u0131\u015ft\u0131\u00a0fakat bu s\u00fcre bir t\u00fcrl\u00fc ge\u00e7miyordu. Neyse Bodrum Liman\u0131na vard\u0131k \u015fof\u00f6r kaptan ile telefonda g\u00f6r\u00fc\u015ft\u00fckten sonra bizi teknenin ba\u011fl\u0131 oldu\u011fu yere g\u00f6t\u00fcrd\u00fc yat\u0131n personeli bizi kar\u015f\u0131lad\u0131 b\u00fct\u00fcn e\u015fyalar\u0131m\u0131z\u0131 ald\u0131lar tekneye kadar beraber y\u00fcr\u00fcd\u00fck ilk tan\u0131\u015fman\u0131n vermi\u015f oldu\u011fu mesafeli davran\u0131\u015flar\u0131m\u0131zla hep beraber tekneye \u00e7\u0131kt\u0131k yat\u0131n \u00e7ok b\u00fcy\u00fck bir k\u0131\u00e7 \u00fcst\u00fc vard\u0131 ger\u00e7ekten inan\u0131lmaz bir tekneye gelmi\u015ftik e-maille bize g\u00f6nderilen yat resimleri ile g\u00f6rd\u00fc\u011f\u00fcm\u00fcz tekne resimleri g\u00f6z\u00fckt\u00fc\u011f\u00fcnden \u00e7ok daha kaliteli bir tekneydi.<\/p>\n\n\n\n<div class=\"wp-block-image\"><figure class=\"alignleft size-full is-resized\"><img loading=\"lazy\" decoding=\"async\" src=\"https:\/\/akasiayachting.com\/tr\/wp-content\/uploads\/2021\/08\/mavi_yolculuk-anasayfa-2-1-scaled.jpg\" alt=\"\" class=\"wp-image-7138\" width=\"303\" height=\"159\" title=\"\" srcset=\"https:\/\/akasiayachting.com\/tr\/wp-content\/uploads\/2021\/08\/mavi_yolculuk-anasayfa-2-1-scaled.jpg 2560w, https:\/\/akasiayachting.com\/tr\/wp-content\/uploads\/2021\/08\/mavi_yolculuk-anasayfa-2-1-300x157.jpg 300w, https:\/\/akasiayachting.com\/tr\/wp-content\/uploads\/2021\/08\/mavi_yolculuk-anasayfa-2-1-768x403.jpg 768w, https:\/\/akasiayachting.com\/tr\/wp-content\/uploads\/2021\/08\/mavi_yolculuk-anasayfa-2-1-1536x806.jpg 1536w, https:\/\/akasiayachting.com\/tr\/wp-content\/uploads\/2021\/08\/mavi_yolculuk-anasayfa-2-1-2048x1075.jpg 2048w\" sizes=\"auto, (max-width: 303px) 100vw, 303px\" \/><\/figure><\/div>\n\n\n\n<p>Kaptan bizi salona ald\u0131 kabinlerin payla\u015f\u0131m\u0131 i\u00e7in kamaralar\u0131 tek tek g\u00f6sterdi ve arkada\u015flar ile kabinleri payla\u015ft\u0131k. Ard\u0131ndan teknenin arka taraf\u0131nda kaptan bize tekne ve rotalar hakk\u0131nda bir bilgi verdikten sonra acil ihtiya\u00e7 olarak d\u0131\u015far\u0131dan almak istedi\u011finiz bir \u015fey var m\u0131? diye sordu herhangi bir ihtiyac\u0131m\u0131z yoktu ve kaptan zaman kaybetmeden demiri al\u0131p koylara do\u011fru yola \u00e7\u0131kal\u0131m dedi. Teknenin hareket etmesi i\u00e7in personel manevra yerlerini alm\u0131\u015f ve k\u0131\u00e7 halatlar \u00e7\u00f6z\u00fclm\u00fc\u015ft\u00fc. Demiri vira etmeye ba\u015flad\u0131lar. Bu arada biz e\u015fyalar\u0131m\u0131z\u0131 yerle\u015ftirmek i\u00e7in kabinlere indik. Bir s\u00fcre sonra d\u0131\u015far\u0131ya \u00e7\u0131kt\u0131\u011f\u0131mda art\u0131k hareket etmi\u015f G\u00f6kova&#8217;ya do\u011fru seyretmekteydik. Denizin derin mavisi ve kristal yans\u0131mas\u0131 g\u00f6zlerimizi al\u0131yordu bir saatlik seyirden sonra Orak Adas\u0131 alt\u0131nda Alman Koyu diye hitap edilen bir koya demirledik. G\u00fcverteden denize bakt\u0131\u011f\u0131mda denizin dibi o kadar berrak g\u00f6r\u00fcn\u00fcyordu ki sanki 2 metre su vard\u0131, oysaki buradaki derinlik 12 metre iken suyun berrakl\u0131\u011f\u0131 bize inan\u0131lmaz geliyordu. Ger\u00e7ekten kendi kendime sormaya ba\u015flad\u0131m me\u011ferse bizim teknemiz varken detaylarla ilgilenmekten, i\u015ften g\u00fc\u00e7ten bir \u015feyleri g\u00f6remiyorduk. Kiral\u0131k guletler\u00a0ile mavi yolculuk\u00a0\u00e7ok daha keyifli oluyormu\u015f. <a href=\"https:\/\/maviyolculuk.info\/yat-personeli\" data-type=\"URL\" data-id=\"https:\/\/maviyolculuk.info\/yat-personeli\" target=\"_blank\" rel=\"noopener\">Yat personeli<\/a>\u00a05 \u00e7ay\u0131n\u0131 ve ak\u015fam yeme\u011fi\u00a0burada ikram edece\u011fiz ve ak\u015fam yat\u0131ya burada kalaca\u011f\u0131z\u00a0dediler. Ertesi g\u00fcn sabah kahvalt\u0131dan sonra demir al\u0131p k\u0131sa bir seyirden sonra \u00c7\u00f6kertme Liman\u0131na\u00a0varm\u0131\u015ft\u0131k burada denizlere kapal\u0131 m\u00fckemmel bir koy vard\u0131 \u00e7\u00f6kertme ismine yara\u015f\u0131r bir yerdi hep beraber denize girdik sudan \u00e7\u0131kt\u0131ktan sonra,<\/p>\n\n\n\n<p>Mavi Yolculuk \u00c7\u00f6kertme Koyu Masaj Fasl\u0131<\/p>\n\n\n\n<p>Kaptan yan\u0131ma yakla\u015ft\u0131 ve d\u0131\u015fardaki\u00a0restoranlardan birinde i\u015fini iyi bilen bir mas\u00f6z \u00e7al\u0131\u015f\u0131yor zaman zaman\u00a0bu koya demirleyen yatlara m\u00fcsait oldu\u011funda hizmet veriyor. &#8220;\u0130sterseniz m\u00fcsaitse yata \u00e7a\u011f\u0131r\u0131p masaj yapt\u0131rabilirsiniz.&#8221; dedi, bende &#8220;neden olmas\u0131n&#8221; dedim. Mas\u00f6z e\u011fer yatta masaj yapacak oldu\u011fum ki\u015fi haz\u0131r ise bir saat i\u00e7inde cevap verdi: &#8220;masajda kullanaca\u011f\u0131m kremleri al\u0131p hemen gelebilirim.&#8221;dedi ve bir saat sonra\u00a0gemicilerden biri mas\u00f6z\u00fc yat\u0131n botuyla sahilden al\u0131p yata getirdi. Han\u0131mefendi belli ki profesyonel yan\u0131nda kullanmak i\u00e7in farkl\u0131 birka\u00e7 krem ve masaj sehpas\u0131n\u0131 getirmi\u015f. Yat\u0131n arka taraf\u0131nda bulunan bo\u015f alana sehpas\u0131n\u0131 yerle\u015ftirmi\u015fti. Benim sehpaya y\u00fcz\u00fc koyun yatmam\u0131 istedi. Bu arada yan\u0131nda getirmi\u015f oldu\u011fu m\u00fczik cd sini masaj an\u0131nda \u00e7almak i\u00e7in kaptana rica etti ve m\u00fczik e\u015fli\u011finde inan\u0131lmaz bir bu\u00e7uk saat masaj yapt\u0131. Ger\u00e7ekten i\u015fini \u00e7ok iyi yap\u0131yordu ki uyuyakalm\u0131\u015f\u0131m. Kaptan\u0131n s\u00f6yledi\u011finden \u00e7ok daha kaliteli bu masaj\u0131, \u00c7\u00f6kertmeye giden herkese tavsiye ederim mutlaka deneyin.<\/p>\n\n\n\n<div class=\"wp-block-buttons is-content-justification-right is-layout-flex wp-block-buttons-is-layout-flex\">\n<div class=\"wp-block-button is-style-outline is-style-outline--2\"><a class=\"wp-block-button__link\" href=\"https:\/\/akasiayachting.com\/tr\/contact-us\/\" target=\"_blank\" rel=\"noreferrer noopener\">Bize Ula\u015f\u0131n<\/a><\/div>\n<\/div>\n","protected":false},"excerpt":{"rendered":"<p>Mavi Yolculuk 2006 y\u0131l\u0131nda tekneyi satt\u0131k. Han\u0131m ile karar verdik kiral\u0131k tekne bulup iki hafta mavi yolculuk yapal\u0131m istedik. \u0130nternetten ara\u015ft\u0131rmaya ba\u015flad\u0131k bir tekne firmas\u0131n\u0131n web sayfas\u0131nda be\u011fendi\u011fimiz 5 kamaral\u0131 kiral\u0131k mavi yolculuk teknesi bulduk arkada\u015f grubumuz ile konu\u015farak bu tekneyi acente arac\u0131l\u0131\u011f\u0131yla kiralad\u0131k. Di\u011fer ikinci haftay\u0131 A\u011fustos ay\u0131 i\u00e7erisinde bir hafta olarak organize ederek [&hellip;]<\/p>\n","protected":false},"author":3,"featured_media":7136,"parent":0,"menu_order":20,"comment_status":"closed","ping_status":"open","template":"","meta":{"footnotes":""},"class_list":["post-6294","page","type-page","status-publish","has-post-thumbnail","hentry"],"_links":{"self":[{"href":"https:\/\/akasiayachting.com\/tr\/wp-json\/wp\/v2\/pages\/6294","targetHints":{"allow":["GET"]}}],"collection":[{"href":"https:\/\/akasiayachting.com\/tr\/wp-json\/wp\/v2\/pages"}],"about":[{"href":"https:\/\/akasiayachting.com\/tr\/wp-json\/wp\/v2\/types\/page"}],"author":[{"embeddable":true,"href":"https:\/\/akasiayachting.com\/tr\/wp-json\/wp\/v2\/users\/3"}],"replies":[{"embeddable":true,"href":"https:\/\/akasiayachting.com\/tr\/wp-json\/wp\/v2\/comments?post=6294"}],"version-history":[{"count":31,"href":"https:\/\/akasiayachting.com\/tr\/wp-json\/wp\/v2\/pages\/6294\/revisions"}],"predecessor-version":[{"id":7142,"href":"https:\/\/akasiayachting.com\/tr\/wp-json\/wp\/v2\/pages\/6294\/revisions\/7142"}],"wp:featuredmedia":[{"embeddable":true,"href":"https:\/\/akasiayachting.com\/tr\/wp-json\/wp\/v2\/media\/7136"}],"wp:attachment":[{"href":"https:\/\/akasiayachting.com\/tr\/wp-json\/wp\/v2\/media?parent=6294"}],"curies":[{"name":"wp","href":"https:\/\/api.w.org\/{rel}","templated":true}]}}