{"id":5846,"date":"2014-10-30T10:15:12","date_gmt":"2014-10-30T08:15:12","guid":{"rendered":"https:\/\/akasiayachting.com\/tr\/?page_id=5846"},"modified":"2021-07-30T12:11:44","modified_gmt":"2021-07-30T09:11:44","slug":"kiralik-tekne","status":"publish","type":"page","link":"https:\/\/akasiayachting.com\/tr\/","title":{"rendered":"Kiral\u0131k Yatlar"},"content":{"rendered":"\n<p>Kiral\u0131k yatlar konusundaki hassasiyetimizi deniz deneyimli kaptan kadromuz ile yans\u0131tmaktay\u0131z. Kiral\u0131k megayatlar, kiral\u0131k motoryat, <a href=\"https:\/\/akasiayachting.com\/tr\/kiralik-guletler\/\">kiral\u0131k guletler<\/a>, ve <a title=\"Yelkenli tekne\" href=\"https:\/\/akasiayachting.com\/tr\/kiralik-yelkenli-yatlar\/\">kiral\u0131k yelkenli yatlar<\/a>&nbsp;gibi, her iste\u011finize uygun standartlarda l\u00fcks, del\u00fcks ve ultra-del\u00fcks s\u0131n\u0131flara ay\u0131rd\u0131\u011f\u0131m\u0131z \u00f6zel yat kiralama se\u00e7enekleri ve personeli ile birlikte siz misafirlerimizin istedi\u011fi g\u00fczergahlarda veya akdenizin en nadide koylar\u0131nda mavi ile ye\u015filin birbiriyle yar\u0131\u015ft\u0131\u011f\u0131, say\u0131s\u0131z g\u00fcvenli koylar\u0131 olan Fethiye G\u00f6cek, Marmaris, Bodrum, Ku\u015fadas\u0131, Fethiye, Kalkan, Ka\u015f, Antalya sahillerimizde profesyonelce, titizlikle hizmet vermekteyiz. Kiral\u0131k yatlar ile unutamayaca\u011f\u0131n\u0131z bir mavi tur yapmak i\u00e7in sayfam\u0131zdan be\u011fendi\u011finiz ama\u00e7 ve ihtiyac\u0131n\u0131za en uygun ve istedi\u011finiz tarihlerde m\u00fcsait olan \u00fc\u00e7, d\u00f6rt, be\u015f veya alt\u0131 kamaral\u0131 kiral\u0131k l\u00fcks guletler olabilir.<\/p>\n\n\n\n<p>Bununla beraber motor yatlar\u0131m\u0131zdan be\u011fendi\u011finiz yat\u0131 kiralama konusunda sizlere t\u00fcm detaylar\u0131 anlat\u0131p mavi yolculuk fiyatlar\u0131 konusunda en uygun olan\u0131 organize etmek ve rotalar konusunda tercih etti\u011finiz b\u00f6lgenin art\u0131lar\u0131 ve eksilerini anlatarak tekne kiralama konusunda istedi\u011finiz tarihlerde size en uygun yat\u0131 kiralaman\u0131za yard\u0131mc\u0131 oluruz. M\u00fc\u015fterilerimizin bir\u00e7o\u011fu yabanc\u0131 oldu\u011fu kadar yerli turistlerimize i\u015f ahlak\u0131m\u0131z gere\u011fi, sizin hassasiyetinizin fark\u0131nda oldu\u011fumuz, temizlik, g\u00fcler y\u00fcz, gizlilik, m\u00fckemmeliyet ve eksiksiz servis anlay\u0131\u015f\u0131m\u0131z ile sizleri, T\u00fcrkiye&#8217;nin g\u00fcneyinde Akdeniz ve Ege Denizi sular\u0131nda <a title=\"Kiral\u0131k Yatlar\" href=\"https:\/\/akasiayachting.com\/tr\/kiralik-yatlar\/\">kiral\u0131k yatlar<\/a> ile mavi tur yapmaya davet ediyoruz.<\/p>\n\n\n\n<h2 class=\"wp-block-heading\"><strong>Kiral\u0131k Yatlar &#8211; Y\u0131llar\u0131n Tecr\u00fcbesi<\/strong><\/h2>\n\n\n\n<p>Kiral\u0131k yatlar konusunda 23 y\u0131ll\u0131k deniz tecr\u00fcbemiz ve \u00e7a\u011fda\u015f hizmet anlay\u0131\u015f\u0131m\u0131z ile d\u00fcnya standartlar\u0131nda tekne kiralama, sat\u0131\u015f, imalat ve yat portfolio y\u00f6netimi ile kusursuz hizmet kalitesinin yan\u0131nda geleneksel T\u00fcrk konukseverli\u011fi ve misafir memnuniyetini esas ald\u0131k. Akasya Yat\u00e7\u0131l\u0131k \u00e7at\u0131s\u0131 alt\u0131nda bulu\u015ftuk. Mavi tur tekne kiralama, <a title=\"Sat\u0131l\u0131k tekneler\" href=\"https:\/\/akasiayachting.com\/tr\/satilik-yatlar-ve-tekneler\/\">sat\u0131l\u0131k yatlar<\/a>, tekne imalat\u0131, teknik servis, personel ihtiyac\u0131 alanlar\u0131nda y\u0131llarca edindi\u011fimiz tecr\u00fcbelerimize dayanarak sizlere kaliteli ve g\u00fcvenli yat kiralama hizmeti vermek i\u00e7in buraday\u0131z.<\/p>\n\n\n\n<p>\u00c7a\u011flar boyunca say\u0131s\u0131z medeniyetlerin bulu\u015ftu\u011fu Akdeniz&#8217;in bereketli k\u0131y\u0131lar\u0131, Ege denizi, Yunan adalar\u0131, Ku\u015fadas\u0131, Bodrum, Marmaris, G\u00f6cek, Fethiye, Kalkan, Ka\u015f ve Antalya k\u0131y\u0131 \u015feridinde deneyimli kadromuz ile sizleri a\u011f\u0131rlamaktan mutluluk duyuyoruz. Yerli ve yabanc\u0131 misafirlerimize her t\u00fcrl\u00fc teknik ve lojistik destek ile emniyetli ve huzurlu mavi yolculuk yapmalar\u0131n\u0131 sa\u011flamak i\u00e7in T\u00fcrkiye&#8217;nin en kaliteli yat personeli ile donat\u0131lm\u0131\u015f, kusursuz teknelere sahip oldu\u011fumuz yat portf\u00f6y\u00fcn\u00fc be\u011feninize sunduk. <\/p>\n\n\n\n<p>Tekne kiralama konusunda ve yat imalat\u0131 konusunda \u00e7al\u0131\u015fkan kadromuz ile yapt\u0131rmak istedi\u011finiz yat\u0131 sizin arzunuza en uygun \u015fekilde projelendirip yine kararla\u015ft\u0131r\u0131lan s\u00fcrede kusursuz bir \u015fekilde bitirip teslim etmek bizim i\u015fimiz. Tekne almak isteyen yerli ve yabanc\u0131 m\u00fc\u015fterilerimize, ekspertiz hizmeti yan\u0131nda web sayfam\u0131zda bulunan portf\u00f6y\u00fcm\u00fczden en do\u011fru yat\u0131 sat\u0131n almalar\u0131n\u0131 sa\u011flamak veya fiyat ve kalite olarak kendilerine en uygun tekneyi bulmalar\u0131nda yard\u0131mc\u0131 olmak bizim ekspertiz alan\u0131m\u0131z ve profesyonel olarak en iyi bildi\u011fimiz konudur. Bunun yan\u0131 s\u0131ra yat personel ihtiyac\u0131 olan tekne sahiplerine ve kaptanlara personel konusunda ara bulucu olarak yard\u0131mc\u0131 olmaktay\u0131z.<\/p>\n\n\n\n<div class=\"wp-block-buttons is-content-justification-right is-layout-flex wp-block-buttons-is-layout-flex\">\n<div class=\"wp-block-button is-style-outline is-style-outline--2\"><a class=\"wp-block-button__link\" href=\"https:\/\/akasiayachting.com\/tr\/contact-us\/\">Bize Ula\u015f\u0131n<\/a><\/div>\n<\/div>\n","protected":false},"excerpt":{"rendered":"<p>Kiral\u0131k yatlar konusundaki hassasiyetimizi deniz deneyimli kaptan kadromuz ile yans\u0131tmaktay\u0131z. Kiral\u0131k megayatlar, kiral\u0131k motoryat, kiral\u0131k guletler, ve kiral\u0131k yelkenli yatlar&nbsp;gibi, her iste\u011finize uygun standartlarda l\u00fcks, del\u00fcks ve ultra-del\u00fcks s\u0131n\u0131flara ay\u0131rd\u0131\u011f\u0131m\u0131z \u00f6zel yat kiralama se\u00e7enekleri ve personeli ile birlikte siz misafirlerimizin istedi\u011fi g\u00fczergahlarda veya akdenizin en nadide koylar\u0131nda mavi ile ye\u015filin birbiriyle yar\u0131\u015ft\u0131\u011f\u0131, say\u0131s\u0131z g\u00fcvenli koylar\u0131 [&hellip;]<\/p>\n","protected":false},"author":3,"featured_media":6085,"parent":0,"menu_order":2,"comment_status":"closed","ping_status":"open","template":"","meta":{"footnotes":""},"class_list":["post-5846","page","type-page","status-publish","has-post-thumbnail","hentry"],"_links":{"self":[{"href":"https:\/\/akasiayachting.com\/tr\/wp-json\/wp\/v2\/pages\/5846","targetHints":{"allow":["GET"]}}],"collection":[{"href":"https:\/\/akasiayachting.com\/tr\/wp-json\/wp\/v2\/pages"}],"about":[{"href":"https:\/\/akasiayachting.com\/tr\/wp-json\/wp\/v2\/types\/page"}],"author":[{"embeddable":true,"href":"https:\/\/akasiayachting.com\/tr\/wp-json\/wp\/v2\/users\/3"}],"replies":[{"embeddable":true,"href":"https:\/\/akasiayachting.com\/tr\/wp-json\/wp\/v2\/comments?post=5846"}],"version-history":[{"count":33,"href":"https:\/\/akasiayachting.com\/tr\/wp-json\/wp\/v2\/pages\/5846\/revisions"}],"predecessor-version":[{"id":6942,"href":"https:\/\/akasiayachting.com\/tr\/wp-json\/wp\/v2\/pages\/5846\/revisions\/6942"}],"wp:featuredmedia":[{"embeddable":true,"href":"https:\/\/akasiayachting.com\/tr\/wp-json\/wp\/v2\/media\/6085"}],"wp:attachment":[{"href":"https:\/\/akasiayachting.com\/tr\/wp-json\/wp\/v2\/media?parent=5846"}],"curies":[{"name":"wp","href":"https:\/\/api.w.org\/{rel}","templated":true}]}}