{"id":5820,"date":"2014-08-28T16:33:55","date_gmt":"2014-08-28T13:33:55","guid":{"rendered":"https:\/\/akasiayachting.com\/tr\/?page_id=5820"},"modified":"2021-07-30T18:08:15","modified_gmt":"2021-07-30T15:08:15","slug":"tekne-kiralama","status":"publish","type":"page","link":"https:\/\/akasiayachting.com\/tr\/tekne-kiralama\/","title":{"rendered":"Tekne Kiralama"},"content":{"rendered":"\t<div id=\"get_debug\"><\/div>\r\n\t<div id=\"get_data\"><\/div>\r\n\t\r\n\t<script\ttype=\"text\/javascript\">\r\n\t\tvar\tdefaults = {\r\n\t\t\t\/* get : motoryachts, gulets, sailingyachts, istanbulyachts, yachts *\/\r\n\t\t\tget : 'gulets',\r\n\t\t\t\/* for : sale, rent *\/\r\n\t\t\tfor : 'rent',\r\n\t\t\t\/* sort : modified, date, loa, price, guest_capacity *\/\r\n\t\t\tsort : 'loa',\r\n\t\t\t\/* by : asc, desc *\/\r\n\t\t\tby : 'asc',\r\n\t\t\t\/* page number *\/\r\n\t\t\tpage : '1',\r\n\t\t\t\/* results per page *\/\r\n\t\t\tperpage : '15',\r\n\t\t\t\/* theme : active-71, active-113, active-173, active-229, active-281 *\/\r\n\t\t\ttheme : 'active-281',\r\n\t\t\t\/* ref URL : your domain, document.URL, window.location, window.location.host, localhost *\/\r\n\t\t\tref\t: 'https:\/\/akasiayachting.com\/tr\/tekne-kiralama\/',\r\n\t\t\t\/* ID num *\/\r\n\t\t\tof : '',\r\n\t\t};\r\n\t\t\r\n\t\tvar settings = {\r\n\t\t\t\/* debug : true, false *\/\r\n\t\t\tdebug : false,\r\n\t\t\t\/* engine : ay.com, ey.net *\/\r\n\t\t\tengine : 'akasiayachting.com',\r\n\t\t\t\/* scroll : true, false *\/\r\n\t\t\tscrolltop : true,\r\n\t\t\t\/* scrollspeed : integer as milisecond *\/\r\n\t\t\tscrollspeed : 500,\r\n\t\t\t\/* loader : 'Loading, Please wait...', 'html code' *\/\r\n\t\t\tloader : '<style type=\"text\/css\">#loader-animation { margin: 15% auto 5px auto; width: 28px; height: 28px;  animation: rotate 0.8s infinite linear; border: 4px solid #3498db; border-right-color: transparent; border-radius: 50%; } @keyframes rotate { 0% { transform: rotate(0deg); } 100% { transform: rotate(360deg); } }<\/style><div id=\"loader-javascript-activated\"><br \/><div id=\"loader-animation\"><\/div><div style=\"text-align: center; margin: 0px 0px 15% 0px;\">Loading, Please wait...<\/div><\/div>',\r\n\t\t}\r\n\t\t\r\n\t\t\/* Do not change anything below *\/\r\n\t\tif(document.location.hostname.includes('.test')){ settings.debug = true; }\r\n\t\t\r\n\t\t\/* Add loader to the get_data *\/\r\n\t\tdocument.getElementById('get_data').innerHTML = '<style type=\"text\/css\">#loader-animation { margin: 15% auto 5px auto; width: 28px; height: 28px;  animation: rotate 0.8s infinite linear; border: 4px solid #3498db; border-right-color: transparent; border-radius: 50%; } @keyframes rotate { 0% { transform: rotate(0deg); } 100% { transform: rotate(360deg); } }<\/style><div id=\"loader-javascript-activated\"><br \/><div id=\"loader-animation\"><\/div><div style=\"text-align: center; margin: 0px 0px 15% 0px;\">Loading, Please wait...<\/div><\/div>';\r\n\t\t\r\n\t\t\/* Loading our lovely cyn library *\/\r\n\t\tvar cyn = document.createElement('script'); cyn.type = 'text\/javascript'; cyn.async = true;\r\n\t\tcyn.src = 'https:\/\/akasiayachting.com\/tr\/wp-content\/themes\/active\/views.js';\r\n\t\tcyn.src += (settings.debug == true) ? '?nocache=' + Math.random() : '';\r\n\t\tdocument.getElementsByTagName('head')[0].appendChild(cyn);\r\n\t\t\r\n\t\t\/* If index.js window.onload not starts than this event applies. *\/\r\n\t\twindow.onload = function(){\r\n\t\t\tvar get_solution = (function(){\/*\r\n\t\t\t<br \/><h1>Something went wrong,<\/h1>\r\n\t\t\t<blockquote>\r\n\t\t\t  <p><br \/>\r\n\t\t\t\tHere are some possible solutions;<br \/><br \/>\r\n\t\t\t\t* Please click <a href=\"javascript:window.location.reload(false);\"><b>here<\/b><\/a> to refresh page, <br \/><br \/>\r\n\t\t\t\t* If the problem persists you can force reload of the page with the following key combinations:<br \/>\r\n\t\t\t\tfor Windows: <b>ctrl<\/b> + <b>F5<\/b><br \/>\r\n\t\t\t\tfor Mac\/Apple: <b>Apple<\/b> + <b>R<\/b> or <b>command<\/b> + <b>R<\/b><br \/><br \/>\r\n\t\t\t\t* If problem still occurs, please inform us from <a href=\"mailto:info@akasiayachting.com\"><b>info@akasiayachting.com<\/b><\/a><br \/><br \/>\r\n\t\t\t\tWe are appreciated for your understanding.<br \/><br \/>\r\n\t\t\t  <\/p>\r\n\t\t\t<\/blockquote>  \r\n\t\t\t*\/}).toString().match(\/[^]*\\\/\\*([^]*)\\*\\\/\\}$\/)[1];\r\n\t\t\tvar get_data_content = document.getElementById('get_data').innerHTML;\r\n\t\t\t\/* Check loader if still exists something wrong. *\/\r\n\t\t\tif(get_data_content.indexOf('loader-javascript-activated') > -1){\r\n\t\t\t\tdocument.getElementById('get_data').innerHTML = get_solution;\r\n\t\t\t}\r\n\t\t}\r\n\t<\/script>\n\n\n\n<h2 class=\"has-text-align-center wp-block-heading\"><strong>Tekne Kiralama<\/strong><\/h2>\n\n\n\n<div class=\"wp-block-image\"><figure class=\"alignleft size-full is-resized\"><img loading=\"lazy\" decoding=\"async\" src=\"https:\/\/akasiayachting.com\/tr\/wp-content\/uploads\/2021\/07\/tekne-kiralamasi-anasayfa.jpg\" alt=\"Tekne Kiralama\" class=\"wp-image-6988\" width=\"327\" height=\"177\" title=\"\" srcset=\"https:\/\/akasiayachting.com\/tr\/wp-content\/uploads\/2021\/07\/tekne-kiralamasi-anasayfa.jpg 1242w, https:\/\/akasiayachting.com\/tr\/wp-content\/uploads\/2021\/07\/tekne-kiralamasi-anasayfa-300x163.jpg 300w, https:\/\/akasiayachting.com\/tr\/wp-content\/uploads\/2021\/07\/tekne-kiralamasi-anasayfa-768x417.jpg 768w\" sizes=\"auto, (max-width: 327px) 100vw, 327px\" \/><\/figure><\/div>\n\n\n\n<p>Tekne ile mavi yolculuk yapmak istedi\u011finiz yerleri sayfam\u0131z\u0131n rotalar b\u00f6l\u00fcm\u00fcnden se\u00e7ebilirsiniz. \u00d6rne\u011fin Bodrum G\u00f6cek aras\u0131\u00a0tam anlam\u0131yla 7\u00a0g\u00fcnde gezebilece\u011finiz bir rotad\u0131r. Ba\u015flang\u0131\u00e7 liman\u0131 Bodrum olabilir veya G\u00f6cek&#8217;ten ba\u015flay\u0131p Bodrum&#8217;da bitecek gibi 7 g\u00fcnl\u00fck rota yan\u0131nda, alternatif haftal\u0131k rotalar olarak d\u00fc\u015f\u00fcn\u00fcrseniz G\u00f6cek, Marmaris, G\u00f6cek olabilir veya G\u00f6cek, Kekova, G\u00f6cek olabilir.<\/p>\n\n\n\n<p>Tekne ile gezebilece\u011finiz her b\u00f6lgeye ait rotalar\u0131 inceleyerek isteklerinize uygun\u00a0rotay\u0131 belirlemenize yard\u0131mc\u0131 olmak g\u00f6revimizdir. Tekne kiralama ve personeli hususunda bizleri aray\u0131p yat\u0131n personeli hakk\u0131nda detayl\u0131 bilgi edinmenize yard\u0131mc\u0131 oluruz. Tekne ile <a href=\"https:\/\/maviyolculuk.info\/\" data-type=\"URL\" data-id=\"https:\/\/maviyolculuk.info\/\" target=\"_blank\" rel=\"noopener\">mavi yolculu\u011fa<\/a> \u00e7\u0131kmadan \u00f6nce yan\u0131n\u0131za bulundurman\u0131z gereken e\u015fyalar ve teknede size verilecek olan ihtiya\u00e7 malzemeleri yani boy ve y\u00fcz havlusu deniz havlusu \u00e7ar\u015faf battaniye pike gibi muhtelif ihtiya\u00e7 malzemeleri zaten bulundu\u011funuz teknenin standart hizmetleridir. Yan\u0131n\u0131za alman\u0131z gereken\u00a0\u00f6nemli ki\u015fisel ihtiya\u00e7lar\u0131n\u0131z ve gitti\u011finiz koylarda d\u0131\u015far\u0131 \u00e7\u0131kt\u0131\u011f\u0131n\u0131zda gerek duyaca\u011f\u0131n\u0131z y\u00fcr\u00fcy\u00fc\u015f ayakkab\u0131s\u0131, veya g\u00fcvertede gezinmek i\u00e7in plastik tabanl\u0131 bir \u00e7ift terlik \u00f6nemli olabilir.<\/p>\n\n\n\n<div class=\"wp-block-buttons is-content-justification-right is-layout-flex wp-block-buttons-is-layout-flex\">\n<div class=\"wp-block-button is-style-outline is-style-outline--2\"><a class=\"wp-block-button__link\" href=\"https:\/\/akasiayachting.com\/tr\/contact-us\/\">Bize Ula\u015f\u0131n<\/a><\/div>\n<\/div>\n","protected":false},"excerpt":{"rendered":"<p>Tekne Kiralama Tekne ile mavi yolculuk yapmak istedi\u011finiz yerleri sayfam\u0131z\u0131n rotalar b\u00f6l\u00fcm\u00fcnden se\u00e7ebilirsiniz. \u00d6rne\u011fin Bodrum G\u00f6cek aras\u0131\u00a0tam anlam\u0131yla 7\u00a0g\u00fcnde gezebilece\u011finiz bir rotad\u0131r. Ba\u015flang\u0131\u00e7 liman\u0131 Bodrum olabilir veya G\u00f6cek&#8217;ten ba\u015flay\u0131p Bodrum&#8217;da bitecek gibi 7 g\u00fcnl\u00fck rota yan\u0131nda, alternatif haftal\u0131k rotalar olarak d\u00fc\u015f\u00fcn\u00fcrseniz G\u00f6cek, Marmaris, G\u00f6cek olabilir veya G\u00f6cek, Kekova, G\u00f6cek olabilir. Tekne ile gezebilece\u011finiz her b\u00f6lgeye [&hellip;]<\/p>\n","protected":false},"author":3,"featured_media":6988,"parent":0,"menu_order":8,"comment_status":"closed","ping_status":"open","template":"","meta":{"footnotes":""},"class_list":["post-5820","page","type-page","status-publish","has-post-thumbnail","hentry"],"_links":{"self":[{"href":"https:\/\/akasiayachting.com\/tr\/wp-json\/wp\/v2\/pages\/5820","targetHints":{"allow":["GET"]}}],"collection":[{"href":"https:\/\/akasiayachting.com\/tr\/wp-json\/wp\/v2\/pages"}],"about":[{"href":"https:\/\/akasiayachting.com\/tr\/wp-json\/wp\/v2\/types\/page"}],"author":[{"embeddable":true,"href":"https:\/\/akasiayachting.com\/tr\/wp-json\/wp\/v2\/users\/3"}],"replies":[{"embeddable":true,"href":"https:\/\/akasiayachting.com\/tr\/wp-json\/wp\/v2\/comments?post=5820"}],"version-history":[{"count":26,"href":"https:\/\/akasiayachting.com\/tr\/wp-json\/wp\/v2\/pages\/5820\/revisions"}],"predecessor-version":[{"id":6990,"href":"https:\/\/akasiayachting.com\/tr\/wp-json\/wp\/v2\/pages\/5820\/revisions\/6990"}],"wp:featuredmedia":[{"embeddable":true,"href":"https:\/\/akasiayachting.com\/tr\/wp-json\/wp\/v2\/media\/6988"}],"wp:attachment":[{"href":"https:\/\/akasiayachting.com\/tr\/wp-json\/wp\/v2\/media?parent=5820"}],"curies":[{"name":"wp","href":"https:\/\/api.w.org\/{rel}","templated":true}]}}