{"id":5817,"date":"2014-08-28T16:30:41","date_gmt":"2014-08-28T13:30:41","guid":{"rendered":"https:\/\/akasiayachting.com\/tr\/?page_id=5817"},"modified":"2021-07-30T19:12:25","modified_gmt":"2021-07-30T16:12:25","slug":"satilik-tekneler","status":"publish","type":"page","link":"https:\/\/akasiayachting.com\/tr\/satilik-tekneler\/","title":{"rendered":"Sat\u0131l\u0131k Tekneler"},"content":{"rendered":"\t<div id=\"get_debug\"><\/div>\r\n\t<div id=\"get_data\"><\/div>\r\n\t\r\n\t<script\ttype=\"text\/javascript\">\r\n\t\tvar\tdefaults = {\r\n\t\t\t\/* get : motoryachts, gulets, sailingyachts, istanbulyachts, yachts *\/\r\n\t\t\tget : 'motoryachts',\r\n\t\t\t\/* for : sale, rent *\/\r\n\t\t\tfor : 'sale',\r\n\t\t\t\/* sort : modified, date, loa, price, guest_capacity *\/\r\n\t\t\tsort : 'loa',\r\n\t\t\t\/* by : asc, desc *\/\r\n\t\t\tby : 'asc',\r\n\t\t\t\/* page number *\/\r\n\t\t\tpage : '1',\r\n\t\t\t\/* results per page *\/\r\n\t\t\tperpage : '15',\r\n\t\t\t\/* theme : active-71, active-113, active-173, active-229, active-281 *\/\r\n\t\t\ttheme : 'active-281',\r\n\t\t\t\/* ref URL : your domain, document.URL, window.location, window.location.host, localhost *\/\r\n\t\t\tref\t: 'https:\/\/akasiayachting.com\/tr\/satilik-tekneler\/',\r\n\t\t\t\/* ID num *\/\r\n\t\t\tof : '',\r\n\t\t};\r\n\t\t\r\n\t\tvar settings = {\r\n\t\t\t\/* debug : true, false *\/\r\n\t\t\tdebug : false,\r\n\t\t\t\/* engine : ay.com, ey.net *\/\r\n\t\t\tengine : 'akasiayachting.com',\r\n\t\t\t\/* scroll : true, false *\/\r\n\t\t\tscrolltop : true,\r\n\t\t\t\/* scrollspeed : integer as milisecond *\/\r\n\t\t\tscrollspeed : 500,\r\n\t\t\t\/* loader : 'Loading, Please wait...', 'html code' *\/\r\n\t\t\tloader : '<style type=\"text\/css\">#loader-animation { margin: 15% auto 5px auto; width: 28px; height: 28px;  animation: rotate 0.8s infinite linear; border: 4px solid #3498db; border-right-color: transparent; border-radius: 50%; } @keyframes rotate { 0% { transform: rotate(0deg); } 100% { transform: rotate(360deg); } }<\/style><div id=\"loader-javascript-activated\"><br \/><div id=\"loader-animation\"><\/div><div style=\"text-align: center; margin: 0px 0px 15% 0px;\">Loading, Please wait...<\/div><\/div>',\r\n\t\t}\r\n\t\t\r\n\t\t\/* Do not change anything below *\/\r\n\t\tif(document.location.hostname.includes('.test')){ settings.debug = true; }\r\n\t\t\r\n\t\t\/* Add loader to the get_data *\/\r\n\t\tdocument.getElementById('get_data').innerHTML = '<style type=\"text\/css\">#loader-animation { margin: 15% auto 5px auto; width: 28px; height: 28px;  animation: rotate 0.8s infinite linear; border: 4px solid #3498db; border-right-color: transparent; border-radius: 50%; } @keyframes rotate { 0% { transform: rotate(0deg); } 100% { transform: rotate(360deg); } }<\/style><div id=\"loader-javascript-activated\"><br \/><div id=\"loader-animation\"><\/div><div style=\"text-align: center; margin: 0px 0px 15% 0px;\">Loading, Please wait...<\/div><\/div>';\r\n\t\t\r\n\t\t\/* Loading our lovely cyn library *\/\r\n\t\tvar cyn = document.createElement('script'); cyn.type = 'text\/javascript'; cyn.async = true;\r\n\t\tcyn.src = 'https:\/\/akasiayachting.com\/tr\/wp-content\/themes\/active\/views.js';\r\n\t\tcyn.src += (settings.debug == true) ? '?nocache=' + Math.random() : '';\r\n\t\tdocument.getElementsByTagName('head')[0].appendChild(cyn);\r\n\t\t\r\n\t\t\/* If index.js window.onload not starts than this event applies. *\/\r\n\t\twindow.onload = function(){\r\n\t\t\tvar get_solution = (function(){\/*\r\n\t\t\t<br \/><h1>Something went wrong,<\/h1>\r\n\t\t\t<blockquote>\r\n\t\t\t  <p><br \/>\r\n\t\t\t\tHere are some possible solutions;<br \/><br \/>\r\n\t\t\t\t* Please click <a href=\"javascript:window.location.reload(false);\"><b>here<\/b><\/a> to refresh page, <br \/><br \/>\r\n\t\t\t\t* If the problem persists you can force reload of the page with the following key combinations:<br \/>\r\n\t\t\t\tfor Windows: <b>ctrl<\/b> + <b>F5<\/b><br \/>\r\n\t\t\t\tfor Mac\/Apple: <b>Apple<\/b> + <b>R<\/b> or <b>command<\/b> + <b>R<\/b><br \/><br \/>\r\n\t\t\t\t* If problem still occurs, please inform us from <a href=\"mailto:info@akasiayachting.com\"><b>info@akasiayachting.com<\/b><\/a><br \/><br \/>\r\n\t\t\t\tWe are appreciated for your understanding.<br \/><br \/>\r\n\t\t\t  <\/p>\r\n\t\t\t<\/blockquote>  \r\n\t\t\t*\/}).toString().match(\/[^]*\\\/\\*([^]*)\\*\\\/\\}$\/)[1];\r\n\t\t\tvar get_data_content = document.getElementById('get_data').innerHTML;\r\n\t\t\t\/* Check loader if still exists something wrong. *\/\r\n\t\t\tif(get_data_content.indexOf('loader-javascript-activated') > -1){\r\n\t\t\t\tdocument.getElementById('get_data').innerHTML = get_solution;\r\n\t\t\t}\r\n\t\t}\r\n\t<\/script>\n\n\n\n<h2 class=\"has-text-align-center wp-block-heading\"><strong>Sat\u0131l\u0131k Tekneler<\/strong><\/h2>\n\n\n\n<div class=\"wp-block-image\"><figure class=\"alignleft size-full is-resized\"><img loading=\"lazy\" decoding=\"async\" src=\"https:\/\/akasiayachting.com\/tr\/wp-content\/uploads\/2021\/07\/satilik-tekneler-anasayfa.jpg\" alt=\"Sat\u0131l\u0131k Tekneler\" class=\"wp-image-7015\" width=\"337\" height=\"189\" title=\"\" srcset=\"https:\/\/akasiayachting.com\/tr\/wp-content\/uploads\/2021\/07\/satilik-tekneler-anasayfa.jpg 2560w, https:\/\/akasiayachting.com\/tr\/wp-content\/uploads\/2021\/07\/satilik-tekneler-anasayfa-300x169.jpg 300w, https:\/\/akasiayachting.com\/tr\/wp-content\/uploads\/2021\/07\/satilik-tekneler-anasayfa-768x432.jpg 768w, https:\/\/akasiayachting.com\/tr\/wp-content\/uploads\/2021\/07\/satilik-tekneler-anasayfa-1536x864.jpg 1536w, https:\/\/akasiayachting.com\/tr\/wp-content\/uploads\/2021\/07\/satilik-tekneler-anasayfa-2048x1152.jpg 2048w\" sizes=\"auto, (max-width: 337px) 100vw, 337px\" \/><\/figure><\/div>\n\n\n\n<p>\u00d6ncelikle sat\u0131l\u0131k tekne almaya karar vermeden, internetten bazi sayfalar\u0131n sat\u0131l\u0131k tekneler b\u00f6l\u00fcm\u00fcnden be\u011fenmi\u015f oldu\u011funuz sat\u0131l\u0131k tekne hakk\u0131nda bilgi toplamaya ba\u015flars\u0131n\u0131z. Sat\u0131l\u0131k tekneler i\u00e7in yat&nbsp;brokerini aramaya karar verirsiniz. Tekneleri g\u00f6rmek i\u00e7in yatlar\u0131n bulundu\u011fu yeri \u00f6\u011frenerek broker ile anla\u015farak yat\u0131 gezersiniz. E\u011fer tekne be\u011fenirseniz sat\u0131n almak i\u00e7in bir bilir ki\u015fi veya tecr\u00fcbeli&nbsp;kaptan&nbsp;tayin ederek veya ekspertiz i\u015fiyle u\u011fra\u015fan bir firma ile anla\u015farak sizin ad\u0131n\u0131za kontrolden ge\u00e7irirsiniz. E\u011fer eksikleri var ise pazarl\u0131k yaparken g\u00f6z \u00f6n\u00fcnde bulundurarak fiyat d\u00fczenlemesi yapabilirsiniz. Buradaki temel sebep yat\u0131n de\u011ferini belirlemek ve istenilen \u00fccretin ederini anlamakt\u0131r.<\/p>\n\n\n\n<p>Yat kontrol\u00f6r\u00fc sat\u0131l\u0131k tekne i\u00e7in yap\u0131lmas\u0131 gereken t\u00fcm ekstra&nbsp;maliyetleri t\u00fcm d\u00f6k\u00fcmanlar\u0131 hem g\u00f6rsel olarak foto\u011fraflar ile hemde yaz\u0131l\u0131 olarak bir dosya halinde size sunar bu maliyetlerin \u00fczerinden sat\u0131l\u0131k tekneler i\u00e7in tekne sahibine b\u00fct\u00e7enize uygun bir teklif yapars\u0131n\u0131z, herhangi bir&nbsp;olumsuzluk olmad\u0131\u011f\u0131 taktirde&nbsp;sat\u0131l\u0131k teknenin sat\u0131\u015f i\u015flemlerini bir acenta arac\u0131l\u0131\u011f\u0131yla ba\u015flat\u0131p yat\u0131n yeni sahibi olursunuz.<\/p>\n\n\n\n<p>Sat\u0131l\u0131k tekne almak isteyenlere ilk tavsiyemiz sizin isteklerinizi anlayabilecek, tecr\u00fcbeli g\u00fcvenebilece\u011fiz bir kaptan nas\u0131l bir yat istedi\u011fininizi, en fazla ka\u00e7 ki\u015fi a\u011f\u0131rlayabilece\u011finizi, motor yat m\u0131 yoksa gulet mi veya yelkenli yat m\u0131 d\u00fc\u015f\u00fcnd\u00fc\u011f\u00fcn\u00fcz\u00fc denizde ne kadar zaman ge\u00e7irebilece\u011finizi, k\u0131y\u0131 seyrimi yoksa yak\u0131n \u00fclkelere gidebilecek kadar daha geli\u015fmi\u015f bir yat m\u0131 olmas\u0131 gerekti\u011fini ve deniz deneyimlerinizi de\u011ferlendirerek kendisi ve dostlar\u0131 i\u00e7in en uygun olan se\u00e7enekleri bulman\u0131za yard\u0131mc\u0131 olmal\u0131d\u0131r.<\/p>\n\n\n\n<p>Sonra bu se\u00e7enekleri ve yakla\u015f\u0131k harcamay\u0131 d\u00fc\u015f\u00fcnd\u00fc\u011f\u00fcn\u00fcz miktar\u0131 belirtin ve bu karara en yak\u0131n yat\u0131n al\u0131m\u0131 i\u00e7in harekete ge\u00e7in tabii yan\u0131n\u0131za bu i\u015ften anlayan bir (ekspertiz) kontrol kaptan\u0131 alarak, sonra yat\u0131n eksiklerini tespit ederek ne kadar ekstra masraf ki bu zincirden, \u00e7apaya, \u015fafttan, pervaneye, usturma\u00e7a dan, halatlara hatta boyadan, verni\u011fe, alt bak\u0131m\u0131na ve makine dairesindeki t\u00fcm ekipmanlara ve tesisata kadar yap\u0131lmal\u0131d\u0131r. <\/p>\n\n\n\n<p>\u00c7\u00fcnk\u00fc g\u00f6z\u00fcn\u00fczden ka\u00e7an her ayr\u0131nt\u0131 yat maliyetinizi hi\u00e7te hesaplamad\u0131\u011f\u0131n\u0131z yerlere gelmesine sebep olabilir. Dolay\u0131s\u0131yla bu i\u015ften anlayan g\u00fcvendi\u011finiz birini bulup bahsedilen detaylar\u0131 incelemeniz yarar\u0131n\u0131za olacakt\u0131r.&nbsp;Hatta gerekirse bu i\u015fi yapabilecek kadar tecr\u00fcbeli birini ekspertiz kaptan olarak yan\u0131n\u0131za al\u0131n ve \u00fccretini de \u00f6deyin. \u0130nan\u0131n sonu\u00e7ta kar eden siz olacaks\u0131n\u0131z.&nbsp;Daha sonra yat\u0131n size y\u0131lda neye mal olaca\u011f\u0131n\u0131 mazot giderleri personel giderleri, marina ve bak\u0131m giderlerini hesaplad\u0131ktan sonra net olarak karar\u0131n\u0131z\u0131 verebileceksiniz. <\/p>\n\n\n\n<p>Son olarak asla son sahibi olaca\u011f\u0131n\u0131z bir yat\u0131 sat\u0131n almay\u0131n. Yani ald\u0131\u011f\u0131n\u0131z yat\u0131 ayn\u0131 zamanda en kolay satabilece\u011finiz \u015fekilde al\u0131n\u0131z ve aksi halde \u00e7ok sevdi\u011finiz denizden alt\u0131ndan kalkamayaca\u011f\u0131n\u0131z tamir ve masraflar\u0131 y\u00fcz\u00fcnden so\u011fuyarak kopars\u0131n\u0131z daha fazla bilgi almadan \u00f6demeyin bu size geri d\u00f6n\u00fclmesi zor olan yanl\u0131\u015flar\u0131n sizi zaman\u0131nda ve do\u011fru kararlar alman\u0131za yard\u0131mc\u0131 olacakt\u0131r. Unutmay\u0131n, denizciler aras\u0131nda \u00e7ok s\u0131k kullan\u0131lan bir s\u00f6z vard\u0131r; bir yat\u0131 ilk ald\u0131\u011f\u0131n\u0131zda ve birde satt\u0131\u011f\u0131n\u0131z g\u00fcn \u00e7ok memnun olursunuz derler.<\/p>\n\n\n\n<h2 class=\"has-text-align-center wp-block-heading\"><strong>Tekne Sat\u0131\u015f-Tecr\u00fcbe<\/strong><\/h2>\n\n\n\n<div class=\"wp-block-image\"><figure class=\"alignleft size-full is-resized\"><img loading=\"lazy\" decoding=\"async\" src=\"https:\/\/akasiayachting.com\/tr\/wp-content\/uploads\/2010\/09\/contacht_master.jpg\" alt=\"\" class=\"wp-image-6176\" width=\"335\" height=\"188\" title=\"\" srcset=\"https:\/\/akasiayachting.com\/tr\/wp-content\/uploads\/2010\/09\/contacht_master.jpg 3072w, https:\/\/akasiayachting.com\/tr\/wp-content\/uploads\/2010\/09\/contacht_master-300x168.jpg 300w\" sizes=\"auto, (max-width: 335px) 100vw, 335px\" \/><\/figure><\/div>\n\n\n\n<p>Sat\u0131l\u0131k tekneler sayfam\u0131zda sizleri bilgilendirmek i\u00e7in yazd\u0131klar\u0131m\u0131z y\u0131llarca \u00e7al\u0131\u015farak edindi\u011fimiz \u015fahsi tecr\u00fcbelerimizdir. Sat\u0131l\u0131k tekneler, konusundaki bilgilerimizin k\u0131sa, net ve konsantre olmas\u0131na ve kolayca anla\u015f\u0131lmas\u0131na gayret ettik sizlere bu \u015eekilde sat\u0131l\u0131k tekneler konusunda yard\u0131mc\u0131 olmas\u0131n\u0131 umuyoruz. Tekneler hakk\u0131nda bilmediklerinizi \u00f6\u011frenecek, <a href=\"https:\/\/kiralikgulet.com\/satilik-motoryatlar\/\" data-type=\"URL\" data-id=\"https:\/\/kiralikgulet.com\/satilik-motoryatlar\/\" target=\"_blank\" rel=\"noopener\">sat\u0131l\u0131k motoryat<\/a>, <a href=\"https:\/\/sahibindenyat.com\/satilik-guletler\/\" data-type=\"URL\" data-id=\"https:\/\/sahibindenyat.com\/satilik-guletler\/\" target=\"_blank\" rel=\"noopener\">sat\u0131l\u0131k guletler<\/a>, <a href=\"https:\/\/kiralikmotoryat.com\/yelkenli-yatlar\/\" data-type=\"URL\" data-id=\"https:\/\/kiralikmotoryat.com\/yelkenli-yatlar\/\" target=\"_blank\" rel=\"noopener\">sat\u0131l\u0131k yelkenli tekneler<\/a> al\u0131rken dikkat etmeniz gerekenleri uygulayarak belki de yapaca\u011f\u0131n\u0131z b\u00fcy\u00fck yanl\u0131\u015f ve para kay\u0131plar\u0131n\u0131 \u00f6nleyeceksiniz. Ev almaktan \u00e7ok daha fazla dikkat ve bilgi isteyen bu i\u015f i\u00e7in gereken bilgiler biraz olsun incelenirse sizi pek \u00e7ok masraftan kurtaracakt\u0131r. <\/p>\n\n\n\n<p>\u0130lk kez ikinci el sat\u0131l\u0131k tekne almak isteyen biri iseniz, ikinci el sat\u0131l\u0131k tekneler al\u0131m\u0131ndaki inceliklere dikkat ederek karar vermelisiniz. Sat\u0131l\u0131k tekneler konuyla ilgili olan arkada\u015flar\u0131n\u0131z\u0131 veya tan\u0131d\u0131k kaptanlar\u0131 bulun ve sorun asla i\u00e7indeki mobilya ve dekorasyon sizi etkileyen temel unsur olmas\u0131n. Sat\u0131l\u0131k tekneler bakarak almak i\u00e7in haz\u0131rsan\u0131z ya tan\u0131d\u0131\u011f\u0131n\u0131z bir kaptan\u0131 veya bilirki\u015fi hizmeti veren bir acenteden bir supervisor kaptan alarak alaca\u011f\u0131n\u0131z yat\u0131 mutlaka ekspertiz ettirin. Sizi y\u00fckl\u00fc k\u00fclfetten kurtar\u0131r.<\/p>\n\n\n\n<div class=\"wp-block-buttons is-content-justification-right is-layout-flex wp-block-buttons-is-layout-flex\">\n<div class=\"wp-block-button is-style-outline is-style-outline--2\"><a class=\"wp-block-button__link\" href=\"https:\/\/akasiayachting.com\/tr\/contact-us\/\" target=\"_blank\" rel=\"noreferrer noopener\">Bize Ula\u015f\u0131n<\/a><\/div>\n<\/div>\n","protected":false},"excerpt":{"rendered":"<p>Sat\u0131l\u0131k Tekneler \u00d6ncelikle sat\u0131l\u0131k tekne almaya karar vermeden, internetten bazi sayfalar\u0131n sat\u0131l\u0131k tekneler b\u00f6l\u00fcm\u00fcnden be\u011fenmi\u015f oldu\u011funuz sat\u0131l\u0131k tekne hakk\u0131nda bilgi toplamaya ba\u015flars\u0131n\u0131z. Sat\u0131l\u0131k tekneler i\u00e7in yat&nbsp;brokerini aramaya karar verirsiniz. Tekneleri g\u00f6rmek i\u00e7in yatlar\u0131n bulundu\u011fu yeri \u00f6\u011frenerek broker ile anla\u015farak yat\u0131 gezersiniz. E\u011fer tekne be\u011fenirseniz sat\u0131n almak i\u00e7in bir bilir ki\u015fi veya tecr\u00fcbeli&nbsp;kaptan&nbsp;tayin ederek veya ekspertiz [&hellip;]<\/p>\n","protected":false},"author":3,"featured_media":7015,"parent":0,"menu_order":10,"comment_status":"closed","ping_status":"open","template":"","meta":{"footnotes":""},"class_list":["post-5817","page","type-page","status-publish","has-post-thumbnail","hentry"],"_links":{"self":[{"href":"https:\/\/akasiayachting.com\/tr\/wp-json\/wp\/v2\/pages\/5817","targetHints":{"allow":["GET"]}}],"collection":[{"href":"https:\/\/akasiayachting.com\/tr\/wp-json\/wp\/v2\/pages"}],"about":[{"href":"https:\/\/akasiayachting.com\/tr\/wp-json\/wp\/v2\/types\/page"}],"author":[{"embeddable":true,"href":"https:\/\/akasiayachting.com\/tr\/wp-json\/wp\/v2\/users\/3"}],"replies":[{"embeddable":true,"href":"https:\/\/akasiayachting.com\/tr\/wp-json\/wp\/v2\/comments?post=5817"}],"version-history":[{"count":27,"href":"https:\/\/akasiayachting.com\/tr\/wp-json\/wp\/v2\/pages\/5817\/revisions"}],"predecessor-version":[{"id":7018,"href":"https:\/\/akasiayachting.com\/tr\/wp-json\/wp\/v2\/pages\/5817\/revisions\/7018"}],"wp:featuredmedia":[{"embeddable":true,"href":"https:\/\/akasiayachting.com\/tr\/wp-json\/wp\/v2\/media\/7015"}],"wp:attachment":[{"href":"https:\/\/akasiayachting.com\/tr\/wp-json\/wp\/v2\/media?parent=5817"}],"curies":[{"name":"wp","href":"https:\/\/api.w.org\/{rel}","templated":true}]}}