{"id":2823,"date":"2011-12-06T08:32:00","date_gmt":"2011-12-06T08:32:00","guid":{"rendered":"https:\/\/akasiayachting.com\/tr\/?page_id=2823"},"modified":"2021-07-30T17:46:42","modified_gmt":"2021-07-30T14:46:42","slug":"tekne-kiralama-istanbul","status":"publish","type":"page","link":"https:\/\/akasiayachting.com\/tr\/tekne-kiralama-istanbul\/","title":{"rendered":"Tekne Kiralama \u0130stanbul"},"content":{"rendered":"\t<div id=\"get_debug\"><\/div>\r\n\t<div id=\"get_data\"><\/div>\r\n\t\r\n\t<script\ttype=\"text\/javascript\">\r\n\t\tvar\tdefaults = {\r\n\t\t\t\/* get : motoryachts, gulets, sailingyachts, istanbulyachts, yachts *\/\r\n\t\t\tget : 'istanbulyachts',\r\n\t\t\t\/* for : sale, rent *\/\r\n\t\t\tfor : 'rent',\r\n\t\t\t\/* sort : modified, date, loa, price, guest_capacity *\/\r\n\t\t\tsort : 'loa',\r\n\t\t\t\/* by : asc, desc *\/\r\n\t\t\tby : 'desc',\r\n\t\t\t\/* page number *\/\r\n\t\t\tpage : '1',\r\n\t\t\t\/* results per page *\/\r\n\t\t\tperpage : '15',\r\n\t\t\t\/* theme : active-71, active-113, active-173, active-229, active-281 *\/\r\n\t\t\ttheme : 'active-281',\r\n\t\t\t\/* ref URL : your domain, document.URL, window.location, window.location.host, localhost *\/\r\n\t\t\tref\t: 'https:\/\/akasiayachting.com\/tr\/tekne-kiralama-istanbul\/',\r\n\t\t\t\/* ID num *\/\r\n\t\t\tof : '',\r\n\t\t};\r\n\t\t\r\n\t\tvar settings = {\r\n\t\t\t\/* debug : true, false *\/\r\n\t\t\tdebug : false,\r\n\t\t\t\/* engine : ay.com, ey.net *\/\r\n\t\t\tengine : 'akasiayachting.com',\r\n\t\t\t\/* scroll : true, false *\/\r\n\t\t\tscrolltop : true,\r\n\t\t\t\/* scrollspeed : integer as milisecond *\/\r\n\t\t\tscrollspeed : 500,\r\n\t\t\t\/* loader : 'Loading, Please wait...', 'html code' *\/\r\n\t\t\tloader : '<style type=\"text\/css\">#loader-animation { margin: 15% auto 5px auto; width: 28px; height: 28px;  animation: rotate 0.8s infinite linear; border: 4px solid #3498db; border-right-color: transparent; border-radius: 50%; } @keyframes rotate { 0% { transform: rotate(0deg); } 100% { transform: rotate(360deg); } }<\/style><div id=\"loader-javascript-activated\"><br \/><div id=\"loader-animation\"><\/div><div style=\"text-align: center; margin: 0px 0px 15% 0px;\">Loading, Please wait...<\/div><\/div>',\r\n\t\t}\r\n\t\t\r\n\t\t\/* Do not change anything below *\/\r\n\t\tif(document.location.hostname.includes('.test')){ settings.debug = true; }\r\n\t\t\r\n\t\t\/* Add loader to the get_data *\/\r\n\t\tdocument.getElementById('get_data').innerHTML = '<style type=\"text\/css\">#loader-animation { margin: 15% auto 5px auto; width: 28px; height: 28px;  animation: rotate 0.8s infinite linear; border: 4px solid #3498db; border-right-color: transparent; border-radius: 50%; } @keyframes rotate { 0% { transform: rotate(0deg); } 100% { transform: rotate(360deg); } }<\/style><div id=\"loader-javascript-activated\"><br \/><div id=\"loader-animation\"><\/div><div style=\"text-align: center; margin: 0px 0px 15% 0px;\">Loading, Please wait...<\/div><\/div>';\r\n\t\t\r\n\t\t\/* Loading our lovely cyn library *\/\r\n\t\tvar cyn = document.createElement('script'); cyn.type = 'text\/javascript'; cyn.async = true;\r\n\t\tcyn.src = 'https:\/\/akasiayachting.com\/tr\/wp-content\/themes\/active\/views.js';\r\n\t\tcyn.src += (settings.debug == true) ? '?nocache=' + Math.random() : '';\r\n\t\tdocument.getElementsByTagName('head')[0].appendChild(cyn);\r\n\t\t\r\n\t\t\/* If index.js window.onload not starts than this event applies. *\/\r\n\t\twindow.onload = function(){\r\n\t\t\tvar get_solution = (function(){\/*\r\n\t\t\t<br \/><h1>Something went wrong,<\/h1>\r\n\t\t\t<blockquote>\r\n\t\t\t  <p><br \/>\r\n\t\t\t\tHere are some possible solutions;<br \/><br \/>\r\n\t\t\t\t* Please click <a href=\"javascript:window.location.reload(false);\"><b>here<\/b><\/a> to refresh page, <br \/><br \/>\r\n\t\t\t\t* If the problem persists you can force reload of the page with the following key combinations:<br \/>\r\n\t\t\t\tfor Windows: <b>ctrl<\/b> + <b>F5<\/b><br \/>\r\n\t\t\t\tfor Mac\/Apple: <b>Apple<\/b> + <b>R<\/b> or <b>command<\/b> + <b>R<\/b><br \/><br \/>\r\n\t\t\t\t* If problem still occurs, please inform us from <a href=\"mailto:info@akasiayachting.com\"><b>info@akasiayachting.com<\/b><\/a><br \/><br \/>\r\n\t\t\t\tWe are appreciated for your understanding.<br \/><br \/>\r\n\t\t\t  <\/p>\r\n\t\t\t<\/blockquote>  \r\n\t\t\t*\/}).toString().match(\/[^]*\\\/\\*([^]*)\\*\\\/\\}$\/)[1];\r\n\t\t\tvar get_data_content = document.getElementById('get_data').innerHTML;\r\n\t\t\t\/* Check loader if still exists something wrong. *\/\r\n\t\t\tif(get_data_content.indexOf('loader-javascript-activated') > -1){\r\n\t\t\t\tdocument.getElementById('get_data').innerHTML = get_solution;\r\n\t\t\t}\r\n\t\t}\r\n\t<\/script>\n\n\n\n<h2 class=\"has-text-align-center wp-block-heading\"><strong>Tekne Kiralama \u0130stanbul<\/strong><\/h2>\n\n\n\n<div class=\"wp-block-image\"><figure class=\"alignleft size-full is-resized\"><img loading=\"lazy\" decoding=\"async\" src=\"https:\/\/akasiayachting.com\/tr\/wp-content\/uploads\/2021\/07\/tekne-kiralama-anasayfa-scaled.jpg\" alt=\"Tekne Kiralama \u0130stanbul\" class=\"wp-image-6981\" width=\"334\" height=\"188\" title=\"\" srcset=\"https:\/\/akasiayachting.com\/tr\/wp-content\/uploads\/2021\/07\/tekne-kiralama-anasayfa-scaled.jpg 2560w, https:\/\/akasiayachting.com\/tr\/wp-content\/uploads\/2021\/07\/tekne-kiralama-anasayfa-300x169.jpg 300w, https:\/\/akasiayachting.com\/tr\/wp-content\/uploads\/2021\/07\/tekne-kiralama-anasayfa-768x432.jpg 768w, https:\/\/akasiayachting.com\/tr\/wp-content\/uploads\/2021\/07\/tekne-kiralama-anasayfa-1536x864.jpg 1536w, https:\/\/akasiayachting.com\/tr\/wp-content\/uploads\/2021\/07\/tekne-kiralama-anasayfa-2048x1152.jpg 2048w\" sizes=\"auto, (max-width: 334px) 100vw, 334px\" \/><\/figure><\/div>\n\n\n\n<p>Sayfam\u0131z\u0131n <a href=\"https:\/\/www.tekneturk.com\/\" target=\"_blank\" rel=\"noopener\">tekne kiralama<\/a> \u0130stanbul b\u00f6l\u00fcm\u00fcnde bulunan tekneler \u0130stanbul&#8217;da bo\u011faz&nbsp;turu yapan teknelerden olu\u015fmaktad\u0131r. Kiral\u0131k tekneler genellikle bo\u011faz\u0131n baz\u0131 yerlerinde bulunmaktad\u0131r. \u00d6rne\u011fin bir k\u0131sm\u0131 Bebek&#8217;te&nbsp;ve Kuru\u00e7e\u015fme&#8217;de di\u011fer k\u0131sm\u0131 \u0130stinye&#8217;de ba\u011fl\u0131 bulunur.<\/p>\n\n\n\n<p>Tekne kiralama \u0130stanbul&#8217;da bo\u011faz turu isteyenler nerede olursa olsun \u00f6rne\u011fin Atak\u00f6y marina, Fenerbah\u00e7e ile Kalam\u0131\u015f marinadan tekneye kat\u0131labilirler veya Pendik marinadan kiral\u0131k tekneler ile tura \u00e7\u0131kabilirsiniz.<\/p>\n\n\n\n<p>\u0130stanbul yat kiralama ile ilgili olan konu ise bo\u011fazda genellikle tercih edilen turlar hafta sonunu de\u011ferlendirmek isteyen baz\u0131 i\u015f adamlar\u0131 Cumartesi ve Pazar g\u00fcnleri Adalar, Beykoz \u00e7evresini dola\u015f\u0131p ak\u015fam g\u00fcn a\u011farmadan limana d\u00f6nerler. \u0130stanbul&#8217;a i\u015f i\u00e7in gelen yabanc\u0131 misafirler bo\u011faz turu yaparak \u0130stanbul&#8217;u bo\u011fazdan gezmenin keyfini \u00e7\u0131kar\u0131rlar. Acenteler bazen 5 y\u0131ld\u0131zl\u0131 otellerde konaklayan m\u00fc\u015fterilerine alternatif tur olarak kiral\u0131k tekneler ile bo\u011faz turu yapt\u0131r\u0131rlar.<\/p>\n\n\n\n<p>\u0130stanbul&#8217;da ya\u015fayanlar i\u00e7in hafta sonlar\u0131n\u0131 yat kiralay\u0131p yak\u0131nlar\u0131yla beraber bo\u011faz turu veya alternatif adalar&nbsp;yat&nbsp;kiralama&nbsp;d\u00fczenleyebilirler. E\u011fer aileler kalabal\u0131k ise hafta sonlar\u0131 bo\u011faz turu d\u00fczenleyen kiral\u0131k yolcu motorlar\u0131yla 2-3 saatlik bo\u011faz turu d\u00fczenleyebilirler.<\/p>\n\n\n\n<div class=\"wp-block-buttons is-content-justification-right is-layout-flex wp-block-buttons-is-layout-flex\">\n<div class=\"wp-block-button is-style-outline is-style-outline--2\"><a class=\"wp-block-button__link\" href=\"https:\/\/akasiayachting.com\/tr\/contact-us\/\" target=\"_blank\" rel=\"noreferrer noopener\">Bize Ula\u015f\u0131n<\/a><\/div>\n<\/div>\n","protected":false},"excerpt":{"rendered":"<p>Tekne Kiralama \u0130stanbul Sayfam\u0131z\u0131n tekne kiralama \u0130stanbul b\u00f6l\u00fcm\u00fcnde bulunan tekneler \u0130stanbul&#8217;da bo\u011faz&nbsp;turu yapan teknelerden olu\u015fmaktad\u0131r. Kiral\u0131k tekneler genellikle bo\u011faz\u0131n baz\u0131 yerlerinde bulunmaktad\u0131r. \u00d6rne\u011fin bir k\u0131sm\u0131 Bebek&#8217;te&nbsp;ve Kuru\u00e7e\u015fme&#8217;de di\u011fer k\u0131sm\u0131 \u0130stinye&#8217;de ba\u011fl\u0131 bulunur. Tekne kiralama \u0130stanbul&#8217;da bo\u011faz turu isteyenler nerede olursa olsun \u00f6rne\u011fin Atak\u00f6y marina, Fenerbah\u00e7e ile Kalam\u0131\u015f marinadan tekneye kat\u0131labilirler veya Pendik marinadan kiral\u0131k tekneler [&hellip;]<\/p>\n","protected":false},"author":3,"featured_media":6981,"parent":0,"menu_order":7,"comment_status":"open","ping_status":"closed","template":"","meta":{"footnotes":""},"class_list":["post-2823","page","type-page","status-publish","has-post-thumbnail","hentry"],"_links":{"self":[{"href":"https:\/\/akasiayachting.com\/tr\/wp-json\/wp\/v2\/pages\/2823","targetHints":{"allow":["GET"]}}],"collection":[{"href":"https:\/\/akasiayachting.com\/tr\/wp-json\/wp\/v2\/pages"}],"about":[{"href":"https:\/\/akasiayachting.com\/tr\/wp-json\/wp\/v2\/types\/page"}],"author":[{"embeddable":true,"href":"https:\/\/akasiayachting.com\/tr\/wp-json\/wp\/v2\/users\/3"}],"replies":[{"embeddable":true,"href":"https:\/\/akasiayachting.com\/tr\/wp-json\/wp\/v2\/comments?post=2823"}],"version-history":[{"count":26,"href":"https:\/\/akasiayachting.com\/tr\/wp-json\/wp\/v2\/pages\/2823\/revisions"}],"predecessor-version":[{"id":6984,"href":"https:\/\/akasiayachting.com\/tr\/wp-json\/wp\/v2\/pages\/2823\/revisions\/6984"}],"wp:featuredmedia":[{"embeddable":true,"href":"https:\/\/akasiayachting.com\/tr\/wp-json\/wp\/v2\/media\/6981"}],"wp:attachment":[{"href":"https:\/\/akasiayachting.com\/tr\/wp-json\/wp\/v2\/media?parent=2823"}],"curies":[{"name":"wp","href":"https:\/\/api.w.org\/{rel}","templated":true}]}}