{"id":2700,"date":"2011-04-15T06:07:51","date_gmt":"2011-04-15T06:07:51","guid":{"rendered":"https:\/\/akasiayachting.com\/tr\/?page_id=2700"},"modified":"2021-08-02T12:13:03","modified_gmt":"2021-08-02T09:13:03","slug":"satilik-gemiler","status":"publish","type":"page","link":"https:\/\/akasiayachting.com\/tr\/satilik-gemiler\/","title":{"rendered":"Sat\u0131l\u0131k Gemiler"},"content":{"rendered":"\t<div id=\"get_debug\"><\/div>\r\n\t<div id=\"get_data\"><\/div>\r\n\t\r\n\t<script\ttype=\"text\/javascript\">\r\n\t\tvar\tdefaults = {\r\n\t\t\t\/* get : motoryachts, gulets, sailingyachts, istanbulyachts, yachts *\/\r\n\t\t\tget : 'ships',\r\n\t\t\t\/* for : sale, rent *\/\r\n\t\t\tfor : 'sale',\r\n\t\t\t\/* sort : modified, date, loa, price, guest_capacity *\/\r\n\t\t\tsort : 'loa',\r\n\t\t\t\/* by : asc, desc *\/\r\n\t\t\tby : 'asc',\r\n\t\t\t\/* page number *\/\r\n\t\t\tpage : '1',\r\n\t\t\t\/* results per page *\/\r\n\t\t\tperpage : '15',\r\n\t\t\t\/* theme : active-71, active-113, active-173, active-229, active-281 *\/\r\n\t\t\ttheme : 'active-281',\r\n\t\t\t\/* ref URL : your domain, document.URL, window.location, window.location.host, localhost *\/\r\n\t\t\tref\t: 'https:\/\/akasiayachting.com\/tr\/satilik-gemiler\/',\r\n\t\t\t\/* ID num *\/\r\n\t\t\tof : '',\r\n\t\t};\r\n\t\t\r\n\t\tvar settings = {\r\n\t\t\t\/* debug : true, false *\/\r\n\t\t\tdebug : false,\r\n\t\t\t\/* engine : ay.com, ey.net *\/\r\n\t\t\tengine : 'akasiayachting.com',\r\n\t\t\t\/* scroll : true, false *\/\r\n\t\t\tscrolltop : true,\r\n\t\t\t\/* scrollspeed : integer as milisecond *\/\r\n\t\t\tscrollspeed : 500,\r\n\t\t\t\/* loader : 'Loading, Please wait...', 'html code' *\/\r\n\t\t\tloader : '<style type=\"text\/css\">#loader-animation { margin: 15% auto 5px auto; width: 28px; height: 28px;  animation: rotate 0.8s infinite linear; border: 4px solid #3498db; border-right-color: transparent; border-radius: 50%; } @keyframes rotate { 0% { transform: rotate(0deg); } 100% { transform: rotate(360deg); } }<\/style><div id=\"loader-javascript-activated\"><br \/><div id=\"loader-animation\"><\/div><div style=\"text-align: center; margin: 0px 0px 15% 0px;\">Loading, Please wait...<\/div><\/div>',\r\n\t\t}\r\n\t\t\r\n\t\t\/* Do not change anything below *\/\r\n\t\tif(document.location.hostname.includes('.test')){ settings.debug = true; }\r\n\t\t\r\n\t\t\/* Add loader to the get_data *\/\r\n\t\tdocument.getElementById('get_data').innerHTML = '<style type=\"text\/css\">#loader-animation { margin: 15% auto 5px auto; width: 28px; height: 28px;  animation: rotate 0.8s infinite linear; border: 4px solid #3498db; border-right-color: transparent; border-radius: 50%; } @keyframes rotate { 0% { transform: rotate(0deg); } 100% { transform: rotate(360deg); } }<\/style><div id=\"loader-javascript-activated\"><br \/><div id=\"loader-animation\"><\/div><div style=\"text-align: center; margin: 0px 0px 15% 0px;\">Loading, Please wait...<\/div><\/div>';\r\n\t\t\r\n\t\t\/* Loading our lovely cyn library *\/\r\n\t\tvar cyn = document.createElement('script'); cyn.type = 'text\/javascript'; cyn.async = true;\r\n\t\tcyn.src = 'https:\/\/akasiayachting.com\/tr\/wp-content\/themes\/active\/views.js';\r\n\t\tcyn.src += (settings.debug == true) ? '?nocache=' + Math.random() : '';\r\n\t\tdocument.getElementsByTagName('head')[0].appendChild(cyn);\r\n\t\t\r\n\t\t\/* If index.js window.onload not starts than this event applies. *\/\r\n\t\twindow.onload = function(){\r\n\t\t\tvar get_solution = (function(){\/*\r\n\t\t\t<br \/><h1>Something went wrong,<\/h1>\r\n\t\t\t<blockquote>\r\n\t\t\t  <p><br \/>\r\n\t\t\t\tHere are some possible solutions;<br \/><br \/>\r\n\t\t\t\t* Please click <a href=\"javascript:window.location.reload(false);\"><b>here<\/b><\/a> to refresh page, <br \/><br \/>\r\n\t\t\t\t* If the problem persists you can force reload of the page with the following key combinations:<br \/>\r\n\t\t\t\tfor Windows: <b>ctrl<\/b> + <b>F5<\/b><br \/>\r\n\t\t\t\tfor Mac\/Apple: <b>Apple<\/b> + <b>R<\/b> or <b>command<\/b> + <b>R<\/b><br \/><br \/>\r\n\t\t\t\t* If problem still occurs, please inform us from <a href=\"mailto:info@akasiayachting.com\"><b>info@akasiayachting.com<\/b><\/a><br \/><br \/>\r\n\t\t\t\tWe are appreciated for your understanding.<br \/><br \/>\r\n\t\t\t  <\/p>\r\n\t\t\t<\/blockquote>  \r\n\t\t\t*\/}).toString().match(\/[^]*\\\/\\*([^]*)\\*\\\/\\}$\/)[1];\r\n\t\t\tvar get_data_content = document.getElementById('get_data').innerHTML;\r\n\t\t\t\/* Check loader if still exists something wrong. *\/\r\n\t\t\tif(get_data_content.indexOf('loader-javascript-activated') > -1){\r\n\t\t\t\tdocument.getElementById('get_data').innerHTML = get_solution;\r\n\t\t\t}\r\n\t\t}\r\n\t<\/script>\n\n\n\n<h2 class=\"has-text-align-center wp-block-heading\"><strong>Sat\u0131l\u0131k Gemiler<\/strong><\/h2>\n\n\n\n<div class=\"wp-block-image\"><figure class=\"alignleft size-full is-resized\"><img loading=\"lazy\" decoding=\"async\" src=\"https:\/\/akasiayachting.com\/tr\/wp-content\/uploads\/2021\/08\/satilik-gemiler-anasayfa.jpg\" alt=\"Sat\u0131l\u0131k Gemiler Anasayfa\" class=\"wp-image-7068\" width=\"335\" height=\"208\" title=\"\" srcset=\"https:\/\/akasiayachting.com\/tr\/wp-content\/uploads\/2021\/08\/satilik-gemiler-anasayfa.jpg 1712w, https:\/\/akasiayachting.com\/tr\/wp-content\/uploads\/2021\/08\/satilik-gemiler-anasayfa-300x186.jpg 300w, https:\/\/akasiayachting.com\/tr\/wp-content\/uploads\/2021\/08\/satilik-gemiler-anasayfa-768x477.jpg 768w, https:\/\/akasiayachting.com\/tr\/wp-content\/uploads\/2021\/08\/satilik-gemiler-anasayfa-1536x955.jpg 1536w\" sizes=\"auto, (max-width: 335px) 100vw, 335px\" \/><\/figure><\/div>\n\n\n\n<p>Sat\u0131l\u0131k gemiler olarak sayfam\u0131zda yer verdi\u011fimiz \u00e7ok maksatl\u0131 sat\u0131l\u0131k gemiler ve bal\u0131k\u00e7\u0131 tekneleri, yolcu motorlar\u0131 ile yolcu gemilerini bir link alt\u0131nda toplay\u0131p sat\u0131l\u0131k olarak yay\u0131nlamaktay\u0131z. \u00d6rne\u011fin sat\u0131l\u0131k bal\u0131k\u00e7\u0131 teknesi hangi maksatl\u0131 yap\u0131lm\u0131\u015f ise \u00f6rne\u011fin trol kay\u0131\u011f\u0131 olarak veya g\u0131rg\u0131r motoru gibi bir\u00e7ok bal\u0131k\u00e7\u0131 teknesi veya uluslar aras\u0131 sularda seyahat eden sat\u0131l\u0131k yolcu gemileri ile \u00e7ok maksatl\u0131 yolcu ta\u015f\u0131yan sat\u0131l\u0131k yolcu motorlar\u0131 \u015fehirler aras\u0131 veya \u015fehir i\u00e7i yolcu ta\u015f\u0131yan sat\u0131l\u0131k feri botlar veya karo gemileri a\u011f\u0131r <a href=\"https:\/\/akasiayachting.com\/ships-for-sale\" data-type=\"URL\" data-id=\"https:\/\/akasiayachting.com\/ships-for-sale\">kargo ta\u015f\u0131yan gemiler<\/a>dir. <\/p>\n\n\n\n<p>\u00d6rne\u011fin sat\u0131l\u0131k d\u00f6kme y\u00fck ta\u015f\u0131yan d\u00f6kmeci gemiler, konteyner ta\u015f\u0131yan sat\u0131l\u0131k konteyn\u0131r gemileri, \u00e7ok maksatl\u0131 yak\u0131t ta\u015f\u0131yan sat\u0131l\u0131k tanker gemiler, sat\u0131l\u0131k ara\u015ft\u0131rma gemileri gemi yana\u015fmalar\u0131nda kullan\u0131lan sat\u0131l\u0131k r\u00f6mork\u00f6rler veya ara\u00e7 ta\u015f\u0131yan sat\u0131l\u0131k roro gemiler dalg\u0131\u00e7 botlar deniz alt\u0131lar, denizde hizmet verebilen her t\u00fcrl\u00fc sat\u0131l\u0131k gemiler ve deniz ara\u00e7lar\u0131n\u0131 sayfam\u0131zda ziyaret edebilirsiniz.T\u00fcrkiye&#8217;de imal edilmi\u015f yolcu motorlar\u0131 geneline bakt\u0131\u011f\u0131n zaman ihtiya\u00e7 duyulan b\u00f6lge olarak \u0130stanbul bo\u011faz\u0131nda kullan\u0131m say\u0131lar\u0131n\u0131n fazla olmas\u0131ndan dolay\u0131 yolcu motoru tamam\u0131 \u0130stanbul&#8217;da imal edilmi\u015ftir. T\u00fcrkiye&#8217;nin g\u00fcneyinde geleneksel olan g\u00fcnl\u00fck tur tekneleri ayn\u0131 zamanda yolcu motoru stat\u00fcs\u00fcnde olduklar\u0131 i\u00e7in yolcu motoru olarak g\u00fcnl\u00fck tur yapabilen sa\u00e7 teknelerde bulunmaktad\u0131r. <\/p>\n\n\n\n<p>Genellikle g\u00fcnl\u00fck tur organizasyonlar\u0131nda kullan\u0131lan yolcu motorlar\u0131 Ah\u015fap lamine olarak tercih edilmektedir. G\u00fcney sahillerimizde bulunan g\u00fcnl\u00fck tur tekneleri ikinci el sat\u0131l\u0131k olarak her y\u0131l\u0131n ikinci ve \u00fc\u00e7\u00fcnc\u00fc aylar\u0131nda sat\u0131\u015flar yo\u011fun ilgi g\u00f6rmektedir. Sat\u0131l\u0131k Bal\u0131k\u00e7\u0131 tekneleri ise avlanma zaman\u0131 d\u0131\u015f\u0131nda genellikle sat\u0131\u015fa sunulurlar, sat\u0131l\u0131k tekneler bal\u0131k mevsimindeki fiyatlar\u0131 \u00e7ok y\u00fcksek oldu\u011fundan mevsim sonu sat\u0131\u015flarda\u00a0<a title=\"Sat\u0131l\u0131k Tekneler\" href=\"https:\/\/akasiayachting.com\/tr\/satilik-tekneler-hakkinda-kisa-ve-gerekli-bilgiler\/#portfolio\">sat\u0131l\u0131k tekneler<\/a> ger\u00e7ekten \u00e7ok uygun fiyatlara al\u0131nabilmektedir.Sat\u0131l\u0131k gemiler olarak ilk \u00f6nce k\u00fc\u00e7\u00fck kanal ve nehir gemilerinden ba\u015flayal\u0131m kanal ve nehir gemileri s\u0131\u011f sularda y\u00fck ta\u015f\u0131yan geni\u015flikleri az olan draftlar\u0131 az y\u00fck ta\u015f\u0131yan gemilerdir. R\u00f6mork\u00f6rler gemi yedekleme ve yana\u015ft\u0131rmalar\u0131nda kullan\u0131lan hizmet gemileridir. Ara\u015ft\u0131rma gemileri son derece l\u00fcks elektronik cihazlar ile donat\u0131lm\u0131\u015f deniz dibi ara\u015ft\u0131rmalar\u0131nda kullan\u0131lan \u00e7ok maksatl\u0131 ara\u015ft\u0131rma gemileridir. <\/p>\n\n\n\n<p>Kargo gemiler ise kuru y\u00fck ta\u015f\u0131yan \u00fcst\u00fcnde a\u011f\u0131r donam vin\u00e7leri bulunan y\u00fck gemileridirler. D\u00f6kme y\u00fck ta\u015f\u0131yan gemiler genellikle bu\u011fday, m\u0131s\u0131r, pirin\u00e7 veya k\u00f6m\u00fcr, g\u00fcbre, maden gibi d\u00f6kme ta\u015f\u0131yan bir\u00e7ok d\u00f6kme y\u00fck ta\u015f\u0131yan a\u00e7\u0131k deniz gemileridirler. Tankerler ise s\u0131v\u0131 petrol \u00fcr\u00fcnleri ta\u015f\u0131yan gemiler olarak bilinirler \u00f6rne\u011fin benzin, gaz, i\u015flenmemi\u015f yak\u0131t ve mazot gibi \u00fcr\u00fcnleri ta\u015f\u0131rlar. Roro gemiler uluslar aras\u0131 veya \u015fehirler aras\u0131 k\u00fc\u00e7\u00fck tonajl\u0131 veya b\u00fcy\u00fck tonajl\u0131 ara\u00e7 ta\u015f\u0131yan gemilerdir,<a href=\"https:\/\/bodrumyachtcharter.net\/\" data-type=\"URL\" data-id=\"https:\/\/bodrumyachtcharter.net\/\" target=\"_blank\" rel=\"noopener\"> yolcu gemilerinin<\/a> amac\u0131 zaten belirtilmi\u015ftir. Bu t\u00fcr gemilere ihtiya\u00e7 duyanlar bizimle irtibata ge\u00e7meleri durumunda arad\u0131klar\u0131 evsaftaki farkl\u0131 gemileri yurt i\u00e7inden ve yurt d\u0131\u015f\u0131ndan bulmaya gayret ederek se\u00e7eneklerinizi fazlala\u015ft\u0131rabiliriz.<\/p>\n\n\n\n<div class=\"wp-block-buttons is-content-justification-right is-layout-flex wp-block-buttons-is-layout-flex\">\n<div class=\"wp-block-button is-style-outline is-style-outline--2\"><a class=\"wp-block-button__link\" href=\"https:\/\/akasiayachting.com\/tr\/contact-us\/\" target=\"_blank\" rel=\"noreferrer noopener\">Bize Ula\u015f\u0131n<\/a><\/div>\n<\/div>\n","protected":false},"excerpt":{"rendered":"<p>Sat\u0131l\u0131k Gemiler Sat\u0131l\u0131k gemiler olarak sayfam\u0131zda yer verdi\u011fimiz \u00e7ok maksatl\u0131 sat\u0131l\u0131k gemiler ve bal\u0131k\u00e7\u0131 tekneleri, yolcu motorlar\u0131 ile yolcu gemilerini bir link alt\u0131nda toplay\u0131p sat\u0131l\u0131k olarak yay\u0131nlamaktay\u0131z. \u00d6rne\u011fin sat\u0131l\u0131k bal\u0131k\u00e7\u0131 teknesi hangi maksatl\u0131 yap\u0131lm\u0131\u015f ise \u00f6rne\u011fin trol kay\u0131\u011f\u0131 olarak veya g\u0131rg\u0131r motoru gibi bir\u00e7ok bal\u0131k\u00e7\u0131 teknesi veya uluslar aras\u0131 sularda seyahat eden sat\u0131l\u0131k yolcu gemileri [&hellip;]<\/p>\n","protected":false},"author":3,"featured_media":7068,"parent":0,"menu_order":16,"comment_status":"open","ping_status":"closed","template":"","meta":{"footnotes":""},"class_list":["post-2700","page","type-page","status-publish","has-post-thumbnail","hentry"],"_links":{"self":[{"href":"https:\/\/akasiayachting.com\/tr\/wp-json\/wp\/v2\/pages\/2700","targetHints":{"allow":["GET"]}}],"collection":[{"href":"https:\/\/akasiayachting.com\/tr\/wp-json\/wp\/v2\/pages"}],"about":[{"href":"https:\/\/akasiayachting.com\/tr\/wp-json\/wp\/v2\/types\/page"}],"author":[{"embeddable":true,"href":"https:\/\/akasiayachting.com\/tr\/wp-json\/wp\/v2\/users\/3"}],"replies":[{"embeddable":true,"href":"https:\/\/akasiayachting.com\/tr\/wp-json\/wp\/v2\/comments?post=2700"}],"version-history":[{"count":23,"href":"https:\/\/akasiayachting.com\/tr\/wp-json\/wp\/v2\/pages\/2700\/revisions"}],"predecessor-version":[{"id":7069,"href":"https:\/\/akasiayachting.com\/tr\/wp-json\/wp\/v2\/pages\/2700\/revisions\/7069"}],"wp:featuredmedia":[{"embeddable":true,"href":"https:\/\/akasiayachting.com\/tr\/wp-json\/wp\/v2\/media\/7068"}],"wp:attachment":[{"href":"https:\/\/akasiayachting.com\/tr\/wp-json\/wp\/v2\/media?parent=2700"}],"curies":[{"name":"wp","href":"https:\/\/api.w.org\/{rel}","templated":true}]}}