{"id":2597,"date":"2010-12-23T13:51:32","date_gmt":"2010-12-23T13:51:32","guid":{"rendered":"https:\/\/akasiayachting.com\/tr\/"},"modified":"2021-08-03T16:34:33","modified_gmt":"2021-08-03T13:34:33","slug":"megayat-imalati","status":"publish","type":"page","link":"https:\/\/akasiayachting.com\/tr\/megayat-imalati\/","title":{"rendered":"Megayat \u0130malat\u0131"},"content":{"rendered":"\n<p>T\u00fcrkiye&#8217;de 36 metre \u00fczeri motoryatlar eskiden megayat olarak an\u0131l\u0131rken g\u00fcn\u00fcm\u00fczde 60 metre motoryatlar art\u0131k standart olarak \u00fcretilmekte ve yak\u0131nda megayat terimi sadece 60 metre ve \u00fczeri yatlar i\u00e7in kullan\u0131lmaya ba\u015flayacakt\u0131r. Yabanc\u0131 broker ve megayat imalat \u015firketlerinin ucuz i\u015f g\u00fcc\u00fc ve malzeme i\u00e7in tercih etti\u011fi \u00fclkemiz tersaneleri bug\u00fcn d\u00fcnyan\u0131n en kaliteli yatlar\u0131n\u0131 \u00fcreten Lurssen ya da Blohm &amp; Voss gibi alman tersaneleri kalitesinde sa\u00e7, al\u00fcminyum ya da kompozit megayatlar \u00fcretebilmektedir. Son derece detayl\u0131 d\u0131\u015f ve i\u00e7 dizayn i\u00e7in 3D grafik \u00e7izimler sonunda en az iki ve \u00fc\u00e7 y\u0131l gibi bir zamanda 50 metre \u00fczeri yat imalat\u0131 yap\u0131lmaktad\u0131r.<\/p>\n\n\n\n<h2 class=\"wp-block-heading\"><strong>Megayat \u0130malat\u0131n\u0131n Kalitesi<\/strong><\/h2>\n\n\n\n<p><a href=\"https:\/\/megayachtcharter.org\/\" data-type=\"URL\" data-id=\"https:\/\/megayachtcharter.org\/\" target=\"_blank\" rel=\"noopener\">Megayatlar <\/a>en az 3 kat ve \u00fczeri son derece konforlu ve teknolojinin son yeniliklerinin kullan\u0131ld\u0131\u011f\u0131 megayat yolcu kapasitesi bak\u0131m\u0131ndan \u00f6zel kullan\u0131m i\u00e7in d\u00fc\u015f\u00fcn\u00fcld\u00fc\u011f\u00fcnde minimum 12 ki\u015filik yat kapasitesi ile inan\u0131lmaz konfor ve l\u00fcks ya\u015fam imkanlar\u0131 sunmaktad\u0131r. Genellikle sa\u00e7 al\u00fcminyum materyal kullanan ve megayat yapan tersanelerde son y\u0131llarda sac ve al\u00fcminyum kullan\u0131m\u0131 artmaktad\u0131r. Bunun sebebiyse yatlar\u0131n b\u00fcy\u00fcmesiyle beraber sa\u011flaml\u0131k konusu \u00f6n plana \u00e7\u0131km\u0131\u015f ayn\u0131 zamanda hem hafif olmal\u0131 hem sa\u011flam olmal\u0131 her iki materyal\u00a0sac ve al\u00fcminyum materyal sa\u011flam oldu\u011fundan dolay\u0131 megayat imalat\u0131 yapan firmalar\u0131n vazge\u00e7ilmezi olmu\u015ftur.<\/p>\n\n\n\n<p>Megayat imalat\u0131\u00a0her yat imalat\u00e7\u0131s\u0131n\u0131n i\u015fi de\u011fildir.Kendisini yeti\u015ftirmi\u015f ve \u00f6nceden yat imalat\u0131nda \u00e7al\u0131\u015fm\u0131\u015f kaynak\u00e7\u0131lar ve mobilya ustalar\u0131 m\u00fchendisler gibi di\u011fer teknik personel ekipleriyle beraber yat imalat\u0131na ba\u015flay\u0131p yava\u015f yava\u015f k\u00fc\u00e7\u00fckten b\u00fcy\u00fc\u011fe do\u011fru yat imalat\u0131 yapan imalat\u00e7\u0131lar Megayat imalat\u00a0yapabilir durumda olurlar.\u00a0Megayat yapt\u0131rmak isteyen ki\u015fi tersane se\u00e7iminde bu tarz yat imalat\u0131 yapm\u0131\u015f olan ki\u015filerin yapm\u0131\u015f olduklar\u0131 yatlar\u0131 sorar ve yapt\u0131klar\u0131 yatlar\u0131n sahiplerinden referans al\u0131rlar do\u011fru referans verilen tersane sahibi i\u015fi almas\u0131nda bir sak\u0131nca bulunmaz e\u011fer fiyat olarak anla\u015f\u0131rlar ise megayat imalat\u0131 i\u015fini alabilir.<\/p>\n\n\n\n<div class=\"wp-block-buttons is-content-justification-right is-layout-flex wp-block-buttons-is-layout-flex\">\n<div class=\"wp-block-button is-style-outline is-style-outline--2\"><a class=\"wp-block-button__link\" href=\"https:\/\/akasiayachting.com\/tr\/contact-us\/\" target=\"_blank\" rel=\"noreferrer noopener\">Bize Ula\u015f\u0131n<\/a><\/div>\n<\/div>\n","protected":false},"excerpt":{"rendered":"<p>T\u00fcrkiye&#8217;de 36 metre \u00fczeri motoryatlar eskiden megayat olarak an\u0131l\u0131rken g\u00fcn\u00fcm\u00fczde 60 metre motoryatlar art\u0131k standart olarak \u00fcretilmekte ve yak\u0131nda megayat terimi sadece 60 metre ve \u00fczeri yatlar i\u00e7in kullan\u0131lmaya ba\u015flayacakt\u0131r. Yabanc\u0131 broker ve megayat imalat \u015firketlerinin ucuz i\u015f g\u00fcc\u00fc ve malzeme i\u00e7in tercih etti\u011fi \u00fclkemiz tersaneleri bug\u00fcn d\u00fcnyan\u0131n en kaliteli yatlar\u0131n\u0131 \u00fcreten Lurssen ya da [&hellip;]<\/p>\n","protected":false},"author":3,"featured_media":7269,"parent":0,"menu_order":29,"comment_status":"open","ping_status":"closed","template":"","meta":{"footnotes":""},"class_list":["post-2597","page","type-page","status-publish","has-post-thumbnail","hentry"],"_links":{"self":[{"href":"https:\/\/akasiayachting.com\/tr\/wp-json\/wp\/v2\/pages\/2597","targetHints":{"allow":["GET"]}}],"collection":[{"href":"https:\/\/akasiayachting.com\/tr\/wp-json\/wp\/v2\/pages"}],"about":[{"href":"https:\/\/akasiayachting.com\/tr\/wp-json\/wp\/v2\/types\/page"}],"author":[{"embeddable":true,"href":"https:\/\/akasiayachting.com\/tr\/wp-json\/wp\/v2\/users\/3"}],"replies":[{"embeddable":true,"href":"https:\/\/akasiayachting.com\/tr\/wp-json\/wp\/v2\/comments?post=2597"}],"version-history":[{"count":22,"href":"https:\/\/akasiayachting.com\/tr\/wp-json\/wp\/v2\/pages\/2597\/revisions"}],"predecessor-version":[{"id":7272,"href":"https:\/\/akasiayachting.com\/tr\/wp-json\/wp\/v2\/pages\/2597\/revisions\/7272"}],"wp:featuredmedia":[{"embeddable":true,"href":"https:\/\/akasiayachting.com\/tr\/wp-json\/wp\/v2\/media\/7269"}],"wp:attachment":[{"href":"https:\/\/akasiayachting.com\/tr\/wp-json\/wp\/v2\/media?parent=2597"}],"curies":[{"name":"wp","href":"https:\/\/api.w.org\/{rel}","templated":true}]}}