{"id":2582,"date":"2010-12-22T14:02:11","date_gmt":"2010-12-22T14:02:11","guid":{"rendered":"https:\/\/akasiayachting.com\/tr\/"},"modified":"2021-08-03T19:09:12","modified_gmt":"2021-08-03T16:09:12","slug":"yelkenli-yat-imalati","status":"publish","type":"page","link":"https:\/\/akasiayachting.com\/tr\/yelkenli-yat-imalati\/","title":{"rendered":"Yelkenli Yat \u0130malat\u0131"},"content":{"rendered":"\n<p>Yelkenli yat imalat\u0131 her ge\u00e7en g\u00fcn teknolojik olarak en fazla performans sa\u011flayan yenilik ve teknik dizaynlar ile donat\u0131lmakta yelken yar\u0131\u015flar\u0131nda derece alan yatlar incelenip mercek alt\u0131na al\u0131nmaktad\u0131r. Yelkenli yatlarda r\u00fczgar \u00fczerine en yak\u0131n seyir yapabilen yatlar genelde performans olarak di\u011ferlerine a\u00e7\u0131k ara ile \u00fcst\u00fcnl\u00fck sa\u011flamaktad\u0131r. Eskiden ah\u015fap malzeme ile in\u015fa edilen yelkenliler g\u00fcn\u00fcm\u00fczde GRP, \u00e7elik, al\u00fcminyum, kompozit ve en son safhada \u00e7ok pahal\u0131 olmas\u0131na ragmen karbon kevlar malzemeden yap\u0131lmaktad\u0131r.<\/p>\n\n\n\n<p><a href=\"https:\/\/kiralikmotoryat.com\/satilik-yelkenli-yatlar\/\" data-type=\"URL\" data-id=\"https:\/\/kiralikmotoryat.com\/satilik-yelkenli-yatlar\/\" target=\"_blank\" rel=\"noopener\">Yelkenli tekne<\/a> se\u00e7iminde ailece rahat edebilece\u011finiz katamaranlar ile daha az alan ihtiva eden yelkenliler d\u0131\u015f\u0131nda yar\u0131\u015f ama\u00e7l\u0131 tuvalet d\u0131\u015f\u0131nda hi\u00e7bir l\u00fcks\u00fc olmayan sadece h\u0131z ve performans ama\u00e7l\u0131 tekneler aras\u0131ndan kendinize en uygun olan\u0131 se\u00e7meniz \u00e7ok \u00f6nemlidir. -Yelkenli Yat \u0130malat\u0131<\/p>\n\n\n\n<h3 class=\"wp-block-heading\">Neden Yelkenli Yat \u0130malat\u0131?<\/h3>\n\n\n\n<p>Yelken, yediden yetmi\u015fe her ya\u015ftan herkesin rahat\u00e7a \u00f6\u011frenebilece\u011fi ve devam edebilece\u011fi ender sporlardan biridir.\u00a0D\u00fcnya \u00e7ap\u0131nda \u00e7e\u015fitli boyutlarda ve farkl\u0131 ko\u015fullar(deniz,g\u00f6l,okyanus,ak\u0131nt\u0131) i\u00e7in \u00fcretilmi\u015f binlerce tasar\u0131mda yelkeni yatlar\u0131\u00a0rahat\u00e7a bulmak m\u00fcmk\u00fcnd\u00fcr. Yar\u0131\u015fmak isteyenler i\u00e7in daha hafif ve toplam yelken alanlar\u0131 b\u00fcy\u00fck olan h\u0131zl\u0131 yelkenliler,\u00a0ailesiyle gezi yapmak isteyenler i\u00e7in ise yelken alanlar\u0131 nispeten daha k\u00fc\u00e7\u00fck, devrilme riski ta\u015f\u0131mayan fakat biraz daha az performansl\u0131\u00a0teknelere her limanda rastlayabiliriz.\u00a0Yelken bu y\u00fczden hayat boyu yap\u0131labilecek bir spor dal\u0131d\u0131r. Kabaca s\u0131n\u0131flara ay\u0131r\u0131rsak\u00a0gezi veya yar\u0131\u015f tipleri diye iki k\u0131sma ay\u0131rabiliriz. -Yelkenli Yat \u0130malat\u0131 <\/p>\n\n\n\n<p>Yelken \u0131slanmay\u0131 sevmeyen, kendilerini do\u011fada rahat hissetmeyen ve en \u00f6nemlisi sab\u0131rs\u0131z insanlar\u0131n severek yapabilece\u011fi bir s\u0131n\u0131f de\u011fildir.\u00a0Yelken deniz, dalga, ak\u0131nt\u0131 ve r\u00fczgar gibi s\u00fcrekli bir de\u011fi\u015fim i\u00e7inde olan d\u0131\u015f kuvvetlerle m\u00fccadele etmektir.\u00a0Bu durum d\u0131\u015fardan g\u00f6r\u00fcld\u00fc\u011f\u00fc kadar kolay bir durum de\u011fildir. Ak\u0131nt\u0131, r\u00fczgar gibi kuvvetler g\u00f6zle g\u00f6r\u00fclemez, hissedilirler ve bunlar\u0131n\u00a0etkilerini kestirebilmek i\u00e7in deniz \u00fczerinde zaman ge\u00e7irmek gerekir. Bu fakt\u00f6rlerin ya\u015fanmadan \u00f6\u011frenilmesi hemen hemen imkans\u0131zd\u0131r.\u00a0Zaten yelken dal\u0131n\u0131 zevkli yapan da t\u00fcm bu de\u011fi\u015fkenlerin birle\u015ferek yelkeni daha karma\u015f\u0131k yapmas\u0131d\u0131r. -Yelkenli Yat \u0130malat\u0131 <\/p>\n\n\n\n<p>Yelken devaml\u0131 d\u00fc\u015f\u00fcnmeyi gerektiren bir spordur. Ak\u0131nt\u0131 nereden geliyor? R\u00fczgar ileri de nereye dirise eder? Sa\u011fanak nereden tazeleyecek?\u00a0gibi denizci dilinde kullan\u0131lan terimlerle beraber yelken insan\u0131 denizde hi\u00e7bir zaman d\u00fc\u015f\u00fcnmeden yoksun b\u0131rakmaz.\u00a0Yelken adeta deniz \u00fczerinde kumar ya da satran\u00e7 oynamaya benzer.\u00a0\u00d6zellikle yelken yar\u0131\u015flar\u0131nda r\u00fczgar\u0131n hesapta olmayan fakat beklenen y\u00f6n de\u011fi\u015ftirmelerine g\u00f6re seyir yapmak buna en basit \u00f6rnektir.\u00a0K\u0131sacas\u0131 yelken sporu hem pratik olarak uygulamay\u0131 hem de s\u00fcrekli d\u00fc\u015f\u00fcnmeyi gerektiren bir spordur.\u00a0Pratik bir spor olan yelkeni \u00f6\u011frenmek i\u00e7in denizde ne kadar \u00e7ok kal\u0131rsan\u0131z o kadar iyi havay\u0131 koklayabilir ve bir o kadar iyi yelkenci olabilirsiniz. -Yelkenli Yat \u0130malat\u0131 <\/p>\n\n\n\n<div class=\"wp-block-buttons is-content-justification-right is-layout-flex wp-block-buttons-is-layout-flex\">\n<div class=\"wp-block-button is-style-outline is-style-outline--2\"><a class=\"wp-block-button__link\" href=\"https:\/\/akasiayachting.com\/tr\/contact-us\/\" target=\"_blank\" rel=\"noreferrer noopener\">Bize Ula\u015f\u0131n<\/a><\/div>\n<\/div>\n","protected":false},"excerpt":{"rendered":"<p>Yelkenli yat imalat\u0131 her ge\u00e7en g\u00fcn teknolojik olarak en fazla performans sa\u011flayan yenilik ve teknik dizaynlar ile donat\u0131lmakta yelken yar\u0131\u015flar\u0131nda derece alan yatlar incelenip mercek alt\u0131na al\u0131nmaktad\u0131r. Yelkenli yatlarda r\u00fczgar \u00fczerine en yak\u0131n seyir yapabilen yatlar genelde performans olarak di\u011ferlerine a\u00e7\u0131k ara ile \u00fcst\u00fcnl\u00fck sa\u011flamaktad\u0131r. Eskiden ah\u015fap malzeme ile in\u015fa edilen yelkenliler g\u00fcn\u00fcm\u00fczde GRP, \u00e7elik, [&hellip;]<\/p>\n","protected":false},"author":3,"featured_media":6269,"parent":0,"menu_order":32,"comment_status":"open","ping_status":"closed","template":"","meta":{"footnotes":""},"class_list":["post-2582","page","type-page","status-publish","has-post-thumbnail","hentry"],"_links":{"self":[{"href":"https:\/\/akasiayachting.com\/tr\/wp-json\/wp\/v2\/pages\/2582","targetHints":{"allow":["GET"]}}],"collection":[{"href":"https:\/\/akasiayachting.com\/tr\/wp-json\/wp\/v2\/pages"}],"about":[{"href":"https:\/\/akasiayachting.com\/tr\/wp-json\/wp\/v2\/types\/page"}],"author":[{"embeddable":true,"href":"https:\/\/akasiayachting.com\/tr\/wp-json\/wp\/v2\/users\/3"}],"replies":[{"embeddable":true,"href":"https:\/\/akasiayachting.com\/tr\/wp-json\/wp\/v2\/comments?post=2582"}],"version-history":[{"count":23,"href":"https:\/\/akasiayachting.com\/tr\/wp-json\/wp\/v2\/pages\/2582\/revisions"}],"predecessor-version":[{"id":7301,"href":"https:\/\/akasiayachting.com\/tr\/wp-json\/wp\/v2\/pages\/2582\/revisions\/7301"}],"wp:featuredmedia":[{"embeddable":true,"href":"https:\/\/akasiayachting.com\/tr\/wp-json\/wp\/v2\/media\/6269"}],"wp:attachment":[{"href":"https:\/\/akasiayachting.com\/tr\/wp-json\/wp\/v2\/media?parent=2582"}],"curies":[{"name":"wp","href":"https:\/\/api.w.org\/{rel}","templated":true}]}}