{"id":2580,"date":"2010-12-22T13:59:27","date_gmt":"2010-12-22T13:59:27","guid":{"rendered":"https:\/\/akasiayachting.com\/tr\/"},"modified":"2021-08-15T16:31:25","modified_gmt":"2021-08-15T13:31:25","slug":"motoryat-imalati","status":"publish","type":"page","link":"https:\/\/akasiayachting.com\/tr\/motoryat-imalati\/","title":{"rendered":"Motoryat \u0130malat\u0131"},"content":{"rendered":"\n<p>G\u00fcn\u00fcm\u00fczde motoryat imalat\u0131 ve tekniklerinin d\u00fcnya standartlar\u0131nda yap\u0131ld\u0131\u011f\u0131 \u00fclkemizde West System olarak bilinen epoxy lamine&nbsp;ah\u015fap veya gemi sac\u0131ndan kaliteli sac g\u00f6vdeler \u00fczerine al\u00fcminyum ya da kompozit malzemeler kullan\u0131larak son derece dayan\u0131kl\u0131&nbsp;g\u00fcvenilir ve <a href=\"https:\/\/kiralikmotoryat.com\/satilik-motoryatlar\/\" data-type=\"URL\" data-id=\"https:\/\/kiralikmotoryat.com\/satilik-motoryatlar\/\" target=\"_blank\" rel=\"noopener\">konforlu motoryatlar<\/a> yap\u0131lmaktad\u0131r.&nbsp;<\/p>\n\n\n\n<p>2000 y\u0131l\u0131ndan sonra yap\u0131lan t\u00fcm motoryatlar LLOYD, CE, RINA, veya MCA klas diye&nbsp;adland\u0131r\u0131lan, sa\u011flaml\u0131k ve g\u00fcvenlik belgesine sahip en y\u00fcksek standartlarda motoryat imalat\u0131 ile \u00f6zellikle \u0130stanbul, Bodrum,&nbsp;Antalya ve Fethiye tersanelerinde kusursuz tekneler &nbsp;imal edilmektedir. T\u00fcrkiye&#8217;de modern motoryat yap\u0131m\u0131 1970 y\u0131llara uzanmaktad\u0131r. \u00dclkemizde Ah\u015fap tekneler gulet veya motoryat olsun en son teknoloji&nbsp;kullan\u0131larak imal edilmektedir.&nbsp;Son y\u0131llarda gelen yo\u011fun tekne&nbsp;talebi kar\u015f\u0131s\u0131nda T\u00fcrk yat imalat\u0131 alt\u0131n \u00e7a\u011f\u0131n\u0131 ya\u015famaktad\u0131r.<\/p>\n\n\n\n<h2 class=\"wp-block-heading\"><strong>Motoryat \u0130malat\u0131<\/strong><\/h2>\n\n\n\n<p>Akasya Yat\u00e7\u0131l\u0131k olarak son y\u0131llarda motoryat yap\u0131m taleplerini de kar\u015f\u0131lamak \u00fczere Her boy ve kapasitede tekne \u00fcretmek \u00fczere west system&nbsp;epoxy lamine ah\u015fap veya \u00e7elik al\u00fcminyum yada kompozit imalat\u0131 ger\u00e7ekle\u015ftirmekteyiz.<\/p>\n\n\n\n<p>Yat imalat\u0131 konusunda dikkat edilmesi gereken hususlar. Yat yapt\u0131rmay\u0131 d\u00fc\u015f\u00fcnen imalat\u0131 konusunda altyap\u0131s\u0131 yok ise \u015fayet \u00f6ncelikle ara\u015ft\u0131rmas\u0131 laz\u0131m bu i\u015fi yapanlara dan\u0131\u015farak veya yat yap\u0131m\u0131nda bulunan kaptanlardan bilgi edinerek yakla\u015f\u0131k bu konuda bilgi birikimi olmaya ba\u015flam\u0131\u015f ise \u00f6ncelikle motoryat\u0131 yapt\u0131raca\u011f\u0131 tersaneyi bulmal\u0131 ve tersane sahipleri yat imalat\u0131 yapm\u0131\u015f m\u0131? ve hangi motoryatlar\u0131 yapm\u0131\u015f? veya tersane sahibi \u00f6nceden bir ustan\u0131n yan\u0131nda \u00e7al\u0131\u015fm\u0131\u015f olabilir tersanesini yeni kurmu\u015f olabilir bu nedenden kendi tersanesinde tekne \u00fcretmemi\u015ftir. Fakat \u00f6nceden \u00e7al\u0131\u015ft\u0131\u011f\u0131 ki\u015finin yan\u0131nda motoryat imalat\u0131 yapm\u0131\u015f olabilir. <\/p>\n\n\n\n<p>Ki\u015fiyi k\u0131saca&nbsp; iyi ara\u015ft\u0131rmak gerekir. E\u011fer referanslar do\u011fruysa bir bilir ki\u015fi kaptan bulup imalat\u0131 yapan tersane sahibiyle tan\u0131\u015ft\u0131r\u0131n beraber imalatta verecekleri karar ve sizin istemi\u015f oldu\u011funuz proje \u00fczerinde imalat\u0131 hayata ge\u00e7meye ba\u015flar ve do\u011fru bir zamanlama ile yat\u0131n\u0131z\u0131 eksiksiz \u015fekilde zaman\u0131nda teslim alabilirsiniz 5 y\u0131l sorunsuz bir yata sahip olursunuz.<\/p>\n\n\n\n<div class=\"wp-block-buttons is-content-justification-right is-layout-flex wp-block-buttons-is-layout-flex\">\n<div class=\"wp-block-button is-style-outline is-style-outline--2\"><a class=\"wp-block-button__link\" href=\"https:\/\/akasiayachting.com\/tr\/contact-us\/\" target=\"_blank\" rel=\"noreferrer noopener\">Bize Ula\u015f\u0131n<\/a><\/div>\n<\/div>\n","protected":false},"excerpt":{"rendered":"<p>G\u00fcn\u00fcm\u00fczde motoryat imalat\u0131 ve tekniklerinin d\u00fcnya standartlar\u0131nda yap\u0131ld\u0131\u011f\u0131 \u00fclkemizde West System olarak bilinen epoxy lamine&nbsp;ah\u015fap veya gemi sac\u0131ndan kaliteli sac g\u00f6vdeler \u00fczerine al\u00fcminyum ya da kompozit malzemeler kullan\u0131larak son derece dayan\u0131kl\u0131&nbsp;g\u00fcvenilir ve konforlu motoryatlar yap\u0131lmaktad\u0131r.&nbsp; 2000 y\u0131l\u0131ndan sonra yap\u0131lan t\u00fcm motoryatlar LLOYD, CE, RINA, veya MCA klas diye&nbsp;adland\u0131r\u0131lan, sa\u011flaml\u0131k ve g\u00fcvenlik belgesine sahip en y\u00fcksek [&hellip;]<\/p>\n","protected":false},"author":3,"featured_media":6626,"parent":0,"menu_order":31,"comment_status":"open","ping_status":"closed","template":"","meta":{"footnotes":""},"class_list":["post-2580","page","type-page","status-publish","has-post-thumbnail","hentry"],"_links":{"self":[{"href":"https:\/\/akasiayachting.com\/tr\/wp-json\/wp\/v2\/pages\/2580","targetHints":{"allow":["GET"]}}],"collection":[{"href":"https:\/\/akasiayachting.com\/tr\/wp-json\/wp\/v2\/pages"}],"about":[{"href":"https:\/\/akasiayachting.com\/tr\/wp-json\/wp\/v2\/types\/page"}],"author":[{"embeddable":true,"href":"https:\/\/akasiayachting.com\/tr\/wp-json\/wp\/v2\/users\/3"}],"replies":[{"embeddable":true,"href":"https:\/\/akasiayachting.com\/tr\/wp-json\/wp\/v2\/comments?post=2580"}],"version-history":[{"count":21,"href":"https:\/\/akasiayachting.com\/tr\/wp-json\/wp\/v2\/pages\/2580\/revisions"}],"predecessor-version":[{"id":7294,"href":"https:\/\/akasiayachting.com\/tr\/wp-json\/wp\/v2\/pages\/2580\/revisions\/7294"}],"wp:featuredmedia":[{"embeddable":true,"href":"https:\/\/akasiayachting.com\/tr\/wp-json\/wp\/v2\/media\/6626"}],"wp:attachment":[{"href":"https:\/\/akasiayachting.com\/tr\/wp-json\/wp\/v2\/media?parent=2580"}],"curies":[{"name":"wp","href":"https:\/\/api.w.org\/{rel}","templated":true}]}}