{"id":1935,"date":"2010-09-08T15:39:19","date_gmt":"2010-09-08T15:39:19","guid":{"rendered":"https:\/\/akasiayachting.com\/"},"modified":"2021-10-12T18:05:15","modified_gmt":"2021-10-12T15:05:15","slug":"contact-us","status":"publish","type":"page","link":"https:\/\/akasiayachting.com\/tr\/contact-us\/","title":{"rendered":"\u0130leti\u015fim"},"content":{"rendered":"<h2 style=\"text-align: center;\">Akasya Yat\u00e7\u0131l\u0131k &#8211; \u0130leti\u015fim<\/h2>\n<p style=\"text-align: center;\">Yat Kiralama, Sat\u0131l\u0131k Yatlar ve Yat \u0130malat\u0131<\/p>\n<p style=\"text-align: center;\">Adres : Babata\u015f\u0131 Mahallesi 746 Sokak No: 96<br \/>\n48300 Fethiye \/ Mu\u011fla &#8211; Turkey<\/p>\n<p style=\"text-align: center;\">Tel : 0090 252 612 63 08 (Sabit Hat T\u00fcrk\u00e7e)<br \/>\nMobile : 0090 532 342 36 01 (T\u00fcrk\u00e7e)<br \/>\nMobile : 0090 532 334 55 50 (\u0130ngilizce, WhatsApp, Telegram)<\/p>\n<p style=\"text-align: center;\">E-mail: <script type=\"text\/javascript\" class=\"contact-us-js\"> var mailuser = \"info\"; var maildomain = \"akasiayachting.com\"; var mailbody = []; mailbody.push(\"\\n\\n\\n\\n\\n\\n\\n\\n\\n\\n\\n\\n\\n\\n\\n\\n ------ Please Do Not Delete Below  ------ \"); mailbody.push(\"216.73.216.218\"); mailbody.push(\"Mozilla\/5.0 AppleWebKit\/537.36 (KHTML, like Gecko; compatible; ClaudeBot\/1.0; +claudebot@anthropic.com)\"); mailbody.push(\"https:\/\/akasiayachting.com\/tr\/contact-us\/\"); multiMailAddresses=document.getElementsByClassName(\"contact-us-js\");document.querySelectorAll(\".contact-us-js\")[multiMailAddresses.length-1].insertAdjacentHTML(\"afterend\",decodeURI(\"%3C\") + \"a \" + \"class\" + \"=\" + \"\\\"email\\\"\" + \" href\" + \"=\" + \"\\\"\" + \"mail\" + \"to\" + \":\" + mailuser + \"@\" + maildomain + \"?body=\" + encodeURIComponent(mailbody.join(\"\\n\")) + \"\\\"\" + decodeURI(\"%3E\") + mailuser + \"@\" + maildomain + decodeURI(\"%3C\") + \"\/a\" + decodeURI(\"%3E\")+ decodeURI(\"%3C\") + \"br\" + decodeURI(\"%3E\")); <\/script><\/p>\n","protected":false},"excerpt":{"rendered":"<p>Akasya Yat\u00e7\u0131l\u0131k &#8211; \u0130leti\u015fim Yat Kiralama, Sat\u0131l\u0131k Yatlar ve Yat \u0130malat\u0131 Adres : Babata\u015f\u0131 Mahallesi 746 Sokak No: 96 48300 Fethiye \/ Mu\u011fla &#8211; Turkey Tel : 0090 252 612 63 08 (Sabit Hat T\u00fcrk\u00e7e) Mobile : 0090 532 342 36 01 (T\u00fcrk\u00e7e) Mobile : 0090 532 334 55 50 (\u0130ngilizce, WhatsApp, Telegram) E-mail:<\/p>\n","protected":false},"author":3,"featured_media":6631,"parent":0,"menu_order":40,"comment_status":"closed","ping_status":"open","template":"","meta":{"footnotes":""},"class_list":["post-1935","page","type-page","status-publish","has-post-thumbnail","hentry"],"_links":{"self":[{"href":"https:\/\/akasiayachting.com\/tr\/wp-json\/wp\/v2\/pages\/1935","targetHints":{"allow":["GET"]}}],"collection":[{"href":"https:\/\/akasiayachting.com\/tr\/wp-json\/wp\/v2\/pages"}],"about":[{"href":"https:\/\/akasiayachting.com\/tr\/wp-json\/wp\/v2\/types\/page"}],"author":[{"embeddable":true,"href":"https:\/\/akasiayachting.com\/tr\/wp-json\/wp\/v2\/users\/3"}],"replies":[{"embeddable":true,"href":"https:\/\/akasiayachting.com\/tr\/wp-json\/wp\/v2\/comments?post=1935"}],"version-history":[{"count":29,"href":"https:\/\/akasiayachting.com\/tr\/wp-json\/wp\/v2\/pages\/1935\/revisions"}],"predecessor-version":[{"id":7365,"href":"https:\/\/akasiayachting.com\/tr\/wp-json\/wp\/v2\/pages\/1935\/revisions\/7365"}],"wp:featuredmedia":[{"embeddable":true,"href":"https:\/\/akasiayachting.com\/tr\/wp-json\/wp\/v2\/media\/6631"}],"wp:attachment":[{"href":"https:\/\/akasiayachting.com\/tr\/wp-json\/wp\/v2\/media?parent=1935"}],"curies":[{"name":"wp","href":"https:\/\/api.w.org\/{rel}","templated":true}]}}