{"id":1917,"date":"2010-09-08T15:10:53","date_gmt":"2010-09-08T15:10:53","guid":{"rendered":"https:\/\/akasiayachting.com\/"},"modified":"2021-08-03T20:22:31","modified_gmt":"2021-08-03T17:22:31","slug":"yat-personeli","status":"publish","type":"page","link":"https:\/\/akasiayachting.com\/tr\/yat-personeli\/","title":{"rendered":"Yat Personeli"},"content":{"rendered":"\n<p>Son y\u0131llarda yat personeli h\u0131zla geli\u015fen yat\u00e7\u0131l\u0131k sekt\u00f6r\u00fc ve beraberinde yeti\u015fmi\u015f yat personel eksikli\u011fini ve \u00f6nemini ortaya \u00e7\u0131karm\u0131\u015ft\u0131r. Yatlar\u0131n t\u00fcm g\u00fczeliklerine ra\u011fmen onlar\u0131 tamamlayan ana unsurun personel oldu\u011fu \u00e7ok \u00f6nemli bir ger\u00e7ektir.\u00a0Bu nedenle yatlarda kaptan ve personel se\u00e7menin \u00f6nemi ve kaptan\u0131n kendi personelini olu\u015fturmada g\u00f6stermesi gereken itina iyi anla\u015f\u0131lmal\u0131 ve do\u011fru personelin bulunmas\u0131 i\u00e7in bu i\u015fi yapan acentelere ba\u015fvurmak gerekli olmaktad\u0131r. Zira bu acenteler personeli yak\u0131ndan takip ederek ve kaptanlar\u0131ndan ald\u0131klar\u0131 referanslar\u0131da dikkate alarak bir personel listesi olu\u015fturmaktad\u0131r. Buna ra\u011fmen yeni personel ile ilgili bu bilgiler her defas\u0131nda personel gerekti\u011finde yeniden sorgulanmaktad\u0131r.<\/p>\n\n\n\n<p>Do\u011fru yata do\u011fru m\u00fcrettebat g\u00f6ndermenin gereklili\u011fi ve \u00f6nemi kadar, do\u011fru personeli de do\u011fru yat sahibine y\u00f6nlendirmek ad\u0131na her iki taraf\u0131 da korumak ve memnun etmek \u00e7ok \u00f6nemlidir.\u00a0Biz bu konuda b\u00fct\u00fcn hassasiyetimizle t\u00fcm deniz camias\u0131nda sayg\u0131n bir konumda faaliyet g\u00f6stermekteyiz. \u00d6zellikle g\u00f6nderdi\u011fimiz kaptanlar\u0131 en tecr\u00fcbeli, yetenekli ve g\u00fcvenilir kaptanlardan se\u00e7erek ve yat sahiplerini bu \u015fekilde y\u00f6nlendiriyoruz. Tecr\u00fcbeleri ve yetenekleri personel ihtiyac\u0131 olan yat i\u00e7in m\u00fckemmel oldu\u011funa inand\u0131\u011f\u0131m\u0131z kaptanlar\u0131 yine kendi \u00e7evre ve tecr\u00fcbeleri yada bizlerin yard\u0131m\u0131 ile gerekli personeli tamaml\u0131yor ve bunun i\u00e7in gereken k\u0131staslara \u00e7ok \u00f6nem veriyoruz.<\/p>\n\n\n\n<h2 class=\"wp-block-heading\"><strong>Profesyonel ve Kaliteli Yat Personeli<\/strong><\/h2>\n\n\n\n<p>Yat personeli \u00f6nce denizci ruhlu ve iyi ahlakl\u0131 olmak zorundad\u0131r. \u0130taatli, sayg\u0131l\u0131, \u00e7al\u0131\u015fkan, zeki ve i\u015fini \u00e7abuk kavrayan, denizin a\u011f\u0131r \u015fartlar\u0131na dayanacak kadar sa\u011fl\u0131kl\u0131 ve aktif olmal\u0131d\u0131r. Sigara i\u00e7meyen ve her t\u00fcrl\u00fc k\u00f6t\u00fc al\u0131\u015fkanl\u0131klardan uzak olmal\u0131 bulundu\u011fu ortam\u0131n \u00f6zel ya\u015fam\u0131na sayg\u0131l\u0131 ve dikkatli olmas\u0131 da kaptanlar\u0131n \u00e7ok \u00f6nem verdi\u011fi sebeplerdendir.<br>Ayr\u0131ca yat\u0131n t\u00fcm bak\u0131mlar\u0131n\u0131n do\u011fru ve zaman\u0131nda yap\u0131lmas\u0131 ve d\u0131\u015f g\u00f6r\u00fcn\u00fcm\u00fcn her zaman temiz, bak\u0131ml\u0131 ve d\u00fczenli olmas\u0131n\u0131 ya\u015fam mahallerinin de ayn\u0131 zamanda temiz ve hijyen olmas\u0131n\u0131 sa\u011flayan ve misafirlerine e\u015fsiz lezzetler sunabilen ve bu lezzetleri de do\u011fru servis ve elemanlar\u0131 ile tamamlayan personel se\u00e7mek \u00e7ok \u00f6nemlidir. Dolay\u0131s\u0131yla ekledi\u011fimiz e-mail link ile <script type=\"text\/javascript\" class=\"contact-us-js\"> var mailuser = \"info\"; var maildomain = \"akasiayachting.com\"; var mailbody = []; mailbody.push(\"\\n\\n\\n\\n\\n\\n\\n\\n\\n\\n\\n\\n\\n\\n\\n\\n ------ Please Do Not Delete Below  ------ \"); mailbody.push(\"216.73.217.18\"); mailbody.push(\"Mozilla\/5.0 AppleWebKit\/537.36 (KHTML, like Gecko; compatible; ClaudeBot\/1.0; +claudebot@anthropic.com)\"); mailbody.push(\"https:\/\/akasiayachting.com\/tr\/yat-personeli\/\"); multiMailAddresses=document.getElementsByClassName(\"contact-us-js\");document.querySelectorAll(\".contact-us-js\")[multiMailAddresses.length-1].insertAdjacentHTML(\"afterend\",decodeURI(\"%3C\") + \"a \" + \"class\" + \"=\" + \"\\\"email\\\"\" + \" href\" + \"=\" + \"\\\"\" + \"mail\" + \"to\" + \":\" + mailuser + \"@\" + maildomain + \"?body=\" + encodeURIComponent(mailbody.join(\"\\n\")) + \"\\\"\" + decodeURI(\"%3E\") + mailuser + \"@\" + maildomain + decodeURI(\"%3C\") + \"\/a\" + decodeURI(\"%3E\")+ decodeURI(\"%3C\") + \"br\" + decodeURI(\"%3E\")); <\/script> personel konusunda geni\u015f portf\u00f6y\u00fc olan acentemizle irtibata ge\u00e7meniz yeterli olacakt\u0131r. <\/p>\n\n\n\n<p>Ayr\u0131ca yatlarda \u00e7al\u0131\u015fmak isteyen tecr\u00fcbeli ve temiz personel i\u00e7in bir web sitemiz mevcut olup bir CV formu doldurmak suretiyle T\u00fcrkiye&#8217;nin en \u00f6nemli ve i\u00e7erikli yat personeli portf\u00f6y\u00fcne kat\u0131labilirler.<br>L\u00fctfen t\u00fcm yat personeli arkada\u015flar\u0131m\u0131zdan bu siteye girip en az\u0131ndan bir form doldurup bulu\u015fma noktas\u0131 ya da merkez koy diyebilece\u011fimiz bu denizci koyunda bir araya gelerek, yerli ve yabanc\u0131 yat sahiplerinin personel talepleri kar\u015f\u0131s\u0131nda yeterli say\u0131da ve kalifiye eleman sa\u011flayan bu siteyi T\u00fcrk yat personeli olarak, kaptan, gemici, a\u015f\u00e7\u0131, hostes ile birlikte internete ta\u015f\u0131yal\u0131m ve ne kadar kalifiye T\u00fcrk denizcisi varsa d\u00fcnyada l\u00fcks yat personeli pazar\u0131nda birlikte s\u00f6z sahibi olal\u0131m.<\/p>\n\n\n\n<p>Yat sahipleri, genelde kendi prensiplerine uygun\u00a0yat personeli bulmakta sorun ya\u015famaktad\u0131rlar. Tekne sahiplerine yeti\u015fmi\u015f, d\u00fcr\u00fcst, \u00e7al\u0131\u015fkan ve denizi bilen ve taraf\u0131m\u0131zdan daha \u00f6nce denenmi\u015f profesyonel yat eleman\u0131 sa\u011flamaktay\u0131z. <a href=\"https:\/\/kiralikgulet.com\/yat-personeli\/\" data-type=\"URL\" data-id=\"https:\/\/kiralikgulet.com\/yat-personeli\/\" target=\"_blank\" rel=\"noopener\">Yat personeli<\/a> ve yat sahiplerinden ald\u0131\u011f\u0131m\u0131z talepler do\u011frultusunda, personel eksiklikerini gidermek i\u00e7in yat sahipleri ile profesyonel yat eleman\u0131, hizmet ama\u00e7l\u0131 yapm\u0131\u015f oldu\u011fumuz bu \u00e7al\u0131\u015fmalarda arabuluculuk hizmeti veriyoruz.\u00a0Sayfam\u0131za gelen talepler do\u011frultusunda, tekne sahibine, kaptan, makineci, a\u015f\u00e7\u0131, gemici, kamarot, hostes ve housekeeper gibi profesyonel yat personeli hakk\u0131nda do\u011fru ki\u015filere referans vererek. Ayn\u0131 \u015fekilde yat sahibi hakk\u0131nda personele do\u011fru bilgi iletilerek personelin i\u015fe girmesinde de sak\u0131nca olmad\u0131\u011f\u0131 tavsiye edilir.<\/p>\n\n\n\n<p>Personel konusunda altyap\u0131m\u0131z ve denizde kaptan olarak y\u0131llarca \u00e7al\u0131\u015farak kazand\u0131\u011f\u0131m\u0131z tecr\u00fcbelerimizle hem yat sahiplerini anlayabiliyoruz hem de yeti\u015fmi\u015f\u00a0profesyonel yat\u00a0personeli bulmakta g\u00fc\u00e7l\u00fck ya\u015fam\u0131yoruz. Her iki taraf\u0131 iyi anlayabilmek do\u011fru ki\u015finin do\u011fru yat sahibiyle \u00e7al\u0131\u015fmas\u0131n\u0131 sa\u011flamak bizim konumuz. Bizden isteyece\u011finiz personelin \u00f6z ge\u00e7mi\u015fi konusunda sizleri ayr\u0131nt\u0131l\u0131 \u015fekilde bilgilendirmek ve yat personelinin cv ve \u00f6zge\u00e7mi\u015f \u00f6rne\u011fini sizlere ileterek personelin daha \u00f6nce \u00e7al\u0131\u015fm\u0131\u015f oldu\u011fu yerlerden farkl\u0131 referanslar\u0131 bulunan yat\u00a0sahiplerini de ara\u015ft\u0131rarak sizlere g\u00fcvenilir personel sa\u011flamak konusunda yard\u0131mc\u0131 olmak amac\u0131nday\u0131z. Ge\u00e7en y\u0131llarda bilindi\u011fi gibi profesyonel yat eleman\u0131 kaptanlar gemici, usta gemici, a\u015f\u00e7\u0131 ba\u015f\u0131\u00a0ve hostes bulmakta zorlan\u0131yorduk bug\u00fcn art\u0131k yat kaptan\u0131 olarak istenilen karakter, hizmet ve yeterlili\u011fe sahip kendini yeti\u015ftirmi\u015f profesyonel yat kaptan\u0131 bulmakta s\u0131k\u0131nt\u0131 ya\u015fam\u0131yoruz.<\/p>\n\n\n\n<p>kaptanlar\u0131m\u0131z dan duydu\u011fumuz baz\u0131 \u015fikayetler ise yat sahiplerinin verilen vaatleri yerine getirmedi\u011finde oluyor bu konuda do\u011fru patronu bulmakta zorlanan kaptanlara yat personeli do\u011fru yat sahibini bulmalar\u0131na da yard\u0131mc\u0131 olmaya \u00e7al\u0131\u015f\u0131yoruz. Genellikle personel konusunda zorland\u0131\u011f\u0131m\u0131z g\u00fcverte personeli olmaktad\u0131r. Ge\u00e7mi\u015fe g\u00f6re g\u00fcn ge\u00e7tik\u00e7e yat say\u0131s\u0131 h\u0131zl\u0131 bir \u015fekilde artmakta oldu\u011fundan dolay\u0131 haliyle yatlar b\u00fcy\u00fcmeye ba\u015flad\u0131 b\u00fcy\u00fck yatlarda g\u00fcverte personeli say\u0131s\u0131 fazlala\u015fmaya ba\u015flay\u0131nca\u00a0profesyonel gemici usta gemici ve hostes bulmakta zorlan\u0131yoruz. Yatlara \u015fef konusunda s\u0131k\u0131nt\u0131 olmad\u0131\u011f\u0131 gibi y\u0131ld\u0131zl\u0131 otellerde \u00e7al\u0131\u015fan yeti\u015fmi\u015f profesyonel\u00a0a\u015f\u00e7\u0131 ba\u015flar\u0131 yatlarda olan a\u015f\u00e7\u0131 s\u0131k\u0131nt\u0131s\u0131n\u0131 gidermektedir.<\/p>\n\n\n\n<div class=\"wp-block-buttons is-content-justification-right is-layout-flex wp-block-buttons-is-layout-flex\">\n<div class=\"wp-block-button is-style-outline is-style-outline--2\"><a class=\"wp-block-button__link\" href=\"https:\/\/akasiayachting.com\/tr\/contact-us\/\" target=\"_blank\" rel=\"noreferrer noopener\">Bize Ula\u015f\u0131n<\/a><\/div>\n<\/div>\n","protected":false},"excerpt":{"rendered":"<p>Son y\u0131llarda yat personeli h\u0131zla geli\u015fen yat\u00e7\u0131l\u0131k sekt\u00f6r\u00fc ve beraberinde yeti\u015fmi\u015f yat personel eksikli\u011fini ve \u00f6nemini ortaya \u00e7\u0131karm\u0131\u015ft\u0131r. Yatlar\u0131n t\u00fcm g\u00fczeliklerine ra\u011fmen onlar\u0131 tamamlayan ana unsurun personel oldu\u011fu \u00e7ok \u00f6nemli bir ger\u00e7ektir.\u00a0Bu nedenle yatlarda kaptan ve personel se\u00e7menin \u00f6nemi ve kaptan\u0131n kendi personelini olu\u015fturmada g\u00f6stermesi gereken itina iyi anla\u015f\u0131lmal\u0131 ve do\u011fru personelin bulunmas\u0131 i\u00e7in bu [&hellip;]<\/p>\n","protected":false},"author":3,"featured_media":6115,"parent":0,"menu_order":39,"comment_status":"closed","ping_status":"open","template":"","meta":{"footnotes":""},"class_list":["post-1917","page","type-page","status-publish","has-post-thumbnail","hentry"],"_links":{"self":[{"href":"https:\/\/akasiayachting.com\/tr\/wp-json\/wp\/v2\/pages\/1917","targetHints":{"allow":["GET"]}}],"collection":[{"href":"https:\/\/akasiayachting.com\/tr\/wp-json\/wp\/v2\/pages"}],"about":[{"href":"https:\/\/akasiayachting.com\/tr\/wp-json\/wp\/v2\/types\/page"}],"author":[{"embeddable":true,"href":"https:\/\/akasiayachting.com\/tr\/wp-json\/wp\/v2\/users\/3"}],"replies":[{"embeddable":true,"href":"https:\/\/akasiayachting.com\/tr\/wp-json\/wp\/v2\/comments?post=1917"}],"version-history":[{"count":23,"href":"https:\/\/akasiayachting.com\/tr\/wp-json\/wp\/v2\/pages\/1917\/revisions"}],"predecessor-version":[{"id":7351,"href":"https:\/\/akasiayachting.com\/tr\/wp-json\/wp\/v2\/pages\/1917\/revisions\/7351"}],"wp:featuredmedia":[{"embeddable":true,"href":"https:\/\/akasiayachting.com\/tr\/wp-json\/wp\/v2\/media\/6115"}],"wp:attachment":[{"href":"https:\/\/akasiayachting.com\/tr\/wp-json\/wp\/v2\/media?parent=1917"}],"curies":[{"name":"wp","href":"https:\/\/api.w.org\/{rel}","templated":true}]}}