{"id":1910,"date":"2010-09-08T15:05:40","date_gmt":"2010-09-08T15:05:40","guid":{"rendered":"https:\/\/akasiayachting.com\/"},"modified":"2021-08-02T12:55:58","modified_gmt":"2021-08-02T09:55:58","slug":"yat-teknik-servisi","status":"publish","type":"page","link":"https:\/\/akasiayachting.com\/tr\/yat-teknik-servisi\/","title":{"rendered":"Yat Teknik Servis"},"content":{"rendered":"\n<p>Yatlar genelde her y\u0131l sezon ba\u015flamadan \u00f6nce periyodik olarak makine, jenerat\u00f6r, teknik servis, marangoz, boyac\u0131, yat d\u00f6\u015feme, elektrik, elektronik, marina hizmetleri servisi, tatl\u0131 ve deniz suyu pompalar\u0131, ak\u00fcler, su yap\u0131c\u0131 ve klimalar gibi her \u015feyin kontrol ve bak\u0131mlar\u0131 yap\u0131lmaktad\u0131r. Normalde iki y\u0131lda bir<a href=\"https:\/\/kiralikmotoryat.com\/satilik-yatlar\/\" data-type=\"URL\" data-id=\"https:\/\/kiralikmotoryat.com\/satilik-yatlar\/\" target=\"_blank\" rel=\"noopener\"> yatlar<\/a> karaya \u00e7ekilir, veya her y\u0131l sezon bitti\u011finde karaya al\u0131n\u0131p karada konaklama yap\u0131l\u0131r. Yeni sezon i\u00e7in tamir bak\u0131ma ba\u015flan\u0131r, ana makinalar\u0131n bak\u0131mlar\u0131 yap\u0131l\u0131r jenerat\u00f6rlerin su devir daim pompalar\u0131, Jabsco lasti\u011fi de\u011fi\u015fir, yak\u0131t filtreleri ya\u011f filtresi ile ya\u011f de\u011fi\u015fimi periyodik bak\u0131mlar\u0131 jenerat\u00f6r tutyalar\u0131 yenilenir, tatl\u0131 su deniz suyu ve pis su pompalar\u0131n\u0131n bak\u0131mlar\u0131 yap\u0131l\u0131r. Kara s\u00f6rvey kontrol\u00fcnden ge\u00e7ip denize indirilir.<\/p>\n\n\n\n<p>Yatlar denizdeyken klimalar\u0131n periyodik bak\u0131mlar\u0131 yap\u0131larak \u00e7al\u0131\u015ft\u0131r\u0131l\u0131p denenir. Tekrar deniz s\u00f6rvey&#8217;i kontrol edip denize elveri\u015flilik sertifikas\u0131n\u0131, tekne sahibine yada kaptana verir. Yatta her y\u0131l mutlaka periyodik bak\u0131m yapt\u0131r\u0131lmal\u0131d\u0131r. Bak\u0131m yapt\u0131rmayan yat sahipleri, sezon bitinceye kadar mutlaka yatta bir\u00e7ok sorun ile kar\u015f\u0131la\u015fmaktad\u0131r. Biz kurumsal firma olarak yeterli kadro ile gerek periyodik bak\u0131m, servis, gerekse ar\u0131za durumun da her zaman yan\u0131n\u0131zday\u0131z.<\/p>\n\n\n\n<h2 class=\"wp-block-heading\"><strong>\u0130\u00e7 Dekorasyon Malzeme Kalitesi &#8211; Yat Teknik Servis<\/strong><\/h2>\n\n\n\n<p>Marangoz, yat\u0131n yap\u0131s\u0131nda ah\u015fap malzeme kullan\u0131lm\u0131\u015f ise mutlaka marangoza ihtiya\u00e7 duyulmaktad\u0131r. S\u0131f\u0131rdan yat imalat\u0131, \u00e7\u00fcr\u00fck yer\u00a0de\u011fi\u015fimi, \u00e7atlaklar, darbe alm\u0131\u015f yerler, g\u00fcverte de\u011fi\u015fimi veya i\u00e7 mobilya da bozulma gibi sorunlarda, beraber \u00e7al\u0131\u015ft\u0131\u011f\u0131m\u0131z marangozlar\u0131m\u0131z ile tekne sahiplerinin omuzlar\u0131ndaki y\u00fck\u00fc hafifletiyoruz.<\/p>\n\n\n\n<p>Marangozlar\u0131n yatlardaki \u00f6nemi, yatlar\u0131n yap\u0131 malzemesi ne olursa olsun mutlaka i\u00e7 mekanlarda ah\u015fap malzeme kullan\u0131lmaktad\u0131r. Kullan\u0131lan ah\u015fap malzeme bak\u0131mlar\u0131 iyi \u015fekilde yap\u0131lmad\u0131\u011f\u0131nda, zaman i\u00e7erisinde bozulmaya ba\u015flar. Bu bozulma g\u00fcne\u015f ve deniz suyuna maruz kalan ah\u015fap b\u00f6l\u00fcmler, veya i\u00e7eride su tesisatlar\u0131ndan do\u011facak s\u0131zmalar\u0131n ah\u015fap b\u00f6l\u00fcmleri \u00e7\u00fcr\u00fctmeye ba\u015flamas\u0131, yat\u0131n ya\u015flanmas\u0131ndan dolay\u0131 i\u00e7 mobilyan\u0131n yenilenmesine karar vererek de\u011fi\u015ftirilmesi gibi birtak\u0131m marangozluk i\u015fleri normalde olmaktad\u0131r. D\u0131\u015f sarg\u0131s\u0131 ah\u015fap olan yatlar\u0131n sarg\u0131lar\u0131 y\u0131\u011fma ise zaman i\u00e7erisinde su ve nemli ortamlardan dolay\u0131 baz\u0131 b\u00f6lgelerin \u00e7\u00fcr\u00fcmeye ba\u015flamas\u0131ndan do\u011facak tamir bak\u0131m i\u015fleri veya ah\u015fap k\u0131s\u0131mlar\u0131n limanlara giri\u015f \u00e7\u0131k\u0131\u015flar\u0131nda do\u011facak hasarlar\u0131n bak\u0131mlar\u0131 i\u00e7in marangozlar \u00e7ok \u00f6nemli rol almaktad\u0131r.<\/p>\n\n\n\n<h3 class=\"wp-block-heading\">Yat Teknik Servis ve Makine Bak\u0131m Onar\u0131m\u0131 &#8211; Yat Teknik Servis  <\/h3>\n\n\n\n<div class=\"wp-block-image\"><figure class=\"alignright is-resized\"><a href=\"https:\/\/akasiayachting.com\/wp-content\/uploads\/2010\/09\/1285124043_yat_teknik_servis_5.jpg\" rel=\"nofollow\"><img loading=\"lazy\" decoding=\"async\" src=\"https:\/\/akasiayachting.com\/wp-content\/uploads\/2010\/09\/1285124043_yat_teknik_servis_5.jpg\" alt=\"YAT TEKN\u0130K SERV\u0130S\" width=\"266\" height=\"238\" title=\"YAT TEKN\u0130K SERV\u0130S_(5)\"\/><\/a><\/figure><\/div>\n\n\n\n<p>Yatlar bilindi\u011fi gibi son derece g\u00fc\u00e7l\u00fc makineler ile donat\u0131lm\u0131\u015ft\u0131r. Hareket kabiliyetleri ve elektrik i\u00e7in gerekli olan t\u00fcm yard\u0131mc\u0131 elemanlar, pompalar, \u0131\u015f\u0131kland\u0131rma, so\u011futma ve \u0131s\u0131tma sistemleri de bunlara ba\u011fl\u0131 olarak d\u00fczenli \u00e7al\u0131\u015f\u0131rlar. Zaman\u0131nda bak\u0131m\u0131 yap\u0131lmayan makinelerin sonraki d\u00f6nemlerde ar\u0131zaland\u0131\u011f\u0131 ve denizde b\u00fcy\u00fck s\u0131k\u0131nt\u0131lara sebep oldu\u011fu bilinir. Bu nedenle sezona ba\u015flamadan \u00f6nce ana makinalar\u0131n, mar\u015f motorlar\u0131, \u015farj motorlar\u0131n\u0131n bak\u0131m\u0131, Jabsco su devir daim lastiklerinin yenilenmesi, \u015fanz\u0131man filtresi ve ya\u011f\u0131n\u0131n kontrol\u00fc, makine tutyas\u0131 ile kondense tutyalar\u0131n\u0131n yenilenmesi, mazot ve ya\u011f filtreleri ile ya\u011f\u0131n de\u011fi\u015fimi, separator filtrelerinin de\u011fi\u015fimi ile bir tak\u0131m separator yedek filtresi bulundurulup, ayn\u0131 \u015fekilde jenerat\u00f6rlerin bak\u0131mlar\u0131 yap\u0131lmal\u0131 ve ana makine ve jenerat\u00f6r ile t\u00fcm tesisat\u0131 besleyen ak\u00fclerin bak\u0131mlar\u0131 ile makine dairesi havaland\u0131rmalar\u0131n\u0131n bak\u0131mlar\u0131, tatl\u0131 su pis su ve deniz suyu pompalar\u0131n bak\u0131mlar\u0131 yap\u0131lmal\u0131d\u0131r. Biz yat teknik servis hizmeti ad\u0131 alt\u0131nda deniz motorlar\u0131 ve t\u00fcm yard\u0131mc\u0131 elemanlar\u0131n\u0131z\u0131n periyodik ve k\u0131\u015fl\u0131k bak\u0131mlar\u0131 ve her t\u00fcrl\u00fc ar\u0131zalar\u0131 bulundu\u011funuz her yerde ve en k\u0131sa zamanda do\u011fru \u00fccretlendirme ile yap\u0131l\u0131r.<\/p>\n\n\n\n<h3 class=\"wp-block-heading\">Yat Elektrik Tamir Bak\u0131m\u0131 &#8211; Yat Teknik Servis  <\/h3>\n\n\n\n<p>Yatlarda mutlaka oksitlenmeden dolay\u0131 elektrik\u00e7iye ve elektronik tamirciye ihtiya\u00e7 duyulur. Denizde nem oran\u0131 \u00e7ok y\u00fcksektir ve tuzlu su b\u00fct\u00fcn dinamolar, jenerat\u00f6r devreleri ve fanlar gibi elektrik ve elektronik t\u00fcm aksamda zaman i\u00e7erisinde sorunlar meydana getirmekteydi. \u00d6nlem alabilmek m\u00fcmk\u00fcn de\u011fildir. Yat\u0131n s\u00fcrt\u00fcnmeden dolay\u0131 olu\u015fan statik elektrik \u00fcretmekte oldu\u011fundan yatlarda topraklamay\u0131 m\u00fcmk\u00fcn oldu\u011fu kadar iyi yapt\u0131rmak gerekmektedir. Yatlarda bulunan personelin en \u00e7ok dikkat etmesi gereken husus elektrik oldu\u011funu bilmelidirler. A\u011f\u0131r deniz \u015fartlar\u0131ndan do\u011fan vibrasyonun metal b\u00f6l\u00fcmlerde, kablo ba\u011flant\u0131 yerlerinin gev\u015femesinden dolay\u0131 zaman i\u00e7erisinde b\u00fcy\u00fck sorunlar te\u015fkil etmekte oldu\u011funu bilmeli ve denizin nemli ortam\u0131 ve deniz suyunun korozyona sebep verdi\u011finden bu t\u00fcr ar\u0131zalar i\u00e7in her y\u0131l itinal\u0131 olarak t\u00fcm kablo ba\u011flant\u0131lar\u0131 kontrol edilmeli ve \u00f6zellikle ak\u00fc ba\u011flant\u0131lar\u0131na \u00e7ok dikkat edilmelidir. Yatlarda en \u00e7ok kar\u015f\u0131la\u015f\u0131lan teknik sorunun elektrik olmas\u0131 nedeniyle ve tekne ar\u0131zalar\u0131n\u0131n giderilmesi i\u00e7in elektrik\u00e7imizi veya \u00e7al\u0131\u015ft\u0131\u011f\u0131m\u0131z elektronik servis uzman\u0131n\u0131 bak\u0131m veya rutin kontrol i\u00e7in sizlere y\u00f6nlendirmekteyiz.<\/p>\n\n\n\n<h3 class=\"wp-block-heading\">Klima Tamir Bak\u0131m ve \u0130malat\u0131 &#8211; Yat Teknik Servis  <\/h3>\n\n\n\n<p>Klima imalat\u0131 ve klima bak\u0131m\u0131 konusunda teknolojinin geli\u015fimi ile yatlarda klima vazge\u00e7ilmez bir unsur olmu\u015ftur. jenerat\u00f6rleri olan yatlarda yat sahipleri mutlaka klima tercih etmektedir. Bir klima \u00fcreticisi olarak, chiller sistem, split sistem ve paket sistem marin klima imalat\u0131 yapmaktay\u0131z. 5 y\u0131l bak\u0131m garantisi vererek, her y\u0131l sezon ba\u015f\u0131nda periyodik bak\u0131mlar\u0131n\u0131 yap\u0131yoruz. Bak\u0131mlar\u0131n\u0131 zaman\u0131nda yapt\u0131rmayan yat sahipleri 3 y\u0131l sorun ya\u015famazlar. E\u011fer \u00fc\u00e7\u00fcnc\u00fc y\u0131ldan sonra bak\u0131m\u0131n\u0131 yapt\u0131rmaz iseniz bir sorun ile kar\u015f\u0131la\u015fman\u0131z m\u00fcmk\u00fcnd\u00fcr.<\/p>\n\n\n\n<p>Bug\u00fcn d\u00fcnyada bir\u00e7ok marin klima \u00fcreticisi her y\u0131l periyodik bak\u0131mlar\u0131 olmakla beraber maksimum 3 y\u0131l garanti vermektedir. Biz Kos Marin Air imalat\u00e7\u0131s\u0131 olarak her y\u0131l periyodik bak\u0131m\u0131yla 5 y\u0131l garanti vermekteyiz. Farkl\u0131 alternatifler d\u00fc\u015f\u00fcnenlere ikinci el klima isteyen m\u00fc\u015fterilerimize istemi\u015f olduklar\u0131 do\u011frultuda yard\u0131mc\u0131 olmaya \u00e7al\u0131\u015f\u0131yoruz.( Kos Marin Air) ad\u0131n\u0131 vermi\u015f oldu\u011fumuz klimalar\u0131m\u0131z tamam\u0131yla bizim imalat\u0131m\u0131zd\u0131r. So\u011futma ve \u0131s\u0131tma sistemlerinde teknik olarak iddial\u0131y\u0131z ve referans olarak y\u00fczlerce gulet ve motoryat ismi verebiliriz.<\/p>\n\n\n\n<h3 class=\"wp-block-heading\">Yat D\u00f6\u015feme ve Yelkenler &#8211; Yat Teknik Servis  <\/h3>\n\n\n\n<p>yat\u0131n kullan\u0131m alanlar\u0131nda oturma gruplar\u0131, g\u00f6lgelikler, g\u00fcne\u015flenme minderleri, branda, yelken tamir bak\u0131m\u0131, perde gibi bir \u00e7ok malzemeye ihtiya\u00e7 duyulmaktad\u0131r. Denizde kullan\u0131lan birtak\u0131m malzeme su ge\u00e7irmez ve g\u00fcne\u015fin ultraviyole \u0131\u015f\u0131nlar\u0131na dayan\u0131kl\u0131 olmal\u0131d\u0131r. sizin yat d\u00f6\u015feme i\u015flerinizi kaliteli ve uygun bir \u015fekilde yapt\u0131r\u0131yoruz. \u00d6rne\u011fin yeni bir yat yapt\u0131r\u0131yorsunuz. \u00d6ncelikle yataklar\u0131n yeri marangozlar taraf\u0131ndan haz\u0131rland\u0131\u011f\u0131nda \u00f6l\u00e7\u00fcler al\u0131n\u0131p yataklar haz\u0131rlan\u0131r. Ard\u0131ndan t\u00fcm odalar banyo ve tuvalet ile salon perdelerinin \u015fekli belirlenir kuma\u015flar se\u00e7ilir ve haz\u0131rlan\u0131r.<br>Yat\u0131n d\u0131\u015f taraftaki g\u00f6lgelenme yerlerinin yap\u0131m\u0131 bittikten sonra \u00f6l\u00e7\u00fcleri al\u0131n\u0131r su ge\u00e7irmez kuma\u015f malzeme olan sunbrella dan dikilir. G\u00fcverte de olan biminiler ile oturma guruplar\u0131 g\u00fcne\u015f yataklar\u0131 ve t\u00fcm g\u00f6lgelikler ayn\u0131 kuma\u015ftan yap\u0131l\u0131r. Salon ve k\u00f6pr\u00fc \u00fcst\u00fcn\u00fcn camlar\u0131 ise i\u00e7eriden d\u0131\u015far\u0131s\u0131 g\u00f6z\u00fcken yeni tekstil \u00fcr\u00fcn\u00fc olan kuma\u015flar ile kaplan\u0131r ve ayn\u0131 zamanda g\u00fcne\u015fin i\u00e7erideki mobilyay\u0131 bozmas\u0131 \u00f6nlenmi\u015f olur. D\u0131\u015far\u0131dan bak\u0131ld\u0131\u011f\u0131nda i\u00e7erisi g\u00f6z\u00fckmez fakat i\u00e7eriden bakan rahatl\u0131kla d\u0131\u015far\u0131y\u0131 g\u00f6rebilir. Yat d\u00f6\u015feme tamir bak\u0131m i\u015fleri i\u00e7in bazen yat\u0131n tentesi veya yelkeni s\u00f6k\u00fclm\u00fc\u015f olabilir. Yat\u0131n\u0131z her nerede olursan\u0131z olun bu konuda sizlere tamir bak\u0131m hizmeti verebiliriz.<\/p>\n\n\n\n<h3 class=\"wp-block-heading\">Yatlarda Su Tesisat\u0131 &#8211; Yat Teknik Servis  <\/h3>\n\n\n\n<div class=\"wp-block-image\"><figure class=\"alignright is-resized\"><img loading=\"lazy\" decoding=\"async\" src=\"https:\/\/akasiayachting.com\/wp-content\/uploads\/2010\/09\/1285670525_yatlarda_su_tesisat__.jpg\" alt=\"YAT TEKN\u0130K SERV\u0130S\" width=\"264\" height=\"233\" title=\"yatlarda_su_tesisat\u0131\"\/><\/figure><\/div>\n\n\n\n<p>Yat su tesisat\u0131 tamir bak\u0131m onar\u0131m i\u015fleri i\u00e7in, teknik hizmet vermekteyiz. Konum olarak bulundu\u011fumuz b\u00f6lgenin olanaklar\u0131n\u0131 kullanarak en k\u0131sa surede yatlardaki su tesisatlar\u0131nda \u00e7\u0131kan ar\u0131zay\u0131 tespit ederek m\u00fcdahale edebiliriz. Denizcilerin tamam\u0131 taraf\u0131ndan su tesisat\u0131n\u0131n zaman zaman ne kadar tehlikeli olabilece\u011fi bilinmektedir. Su basmalar\u0131 tank ka\u00e7aklar\u0131 ile olu\u015fan kokular ve bu sebepten hasar g\u00f6ren elektrik dinamo ve sistemleri dersek , durumun vahametini anlars\u0131n\u0131z. Bu k\u0131sa \u00f6rnekle anla\u015f\u0131ld\u0131\u011f\u0131 gibi yeni \u00fcretilen bir yat\u0131n su tesisat\u0131n\u0131 yapt\u0131r\u0131rken mutlaka ve mutlaka yatlarda deneyimi olan bir s\u0131hhi tesisat\u00e7\u0131y\u0131 tercih etmenizi tavsiye ederiz.<\/p>\n\n\n\n<p>Bunun nedenini a\u00e7\u0131klamak gerekirse, yat\u0131n g\u00f6vdesinde monte edilmi\u015f su giderleri\u00a0giri\u015f \u00e7\u0131k\u0131\u015f valfleri krom, pirin\u00e7, bronz d\u00f6k\u00fcm, olarak \u00fc\u00e7 ayr\u0131 maddeden yap\u0131lm\u0131\u015f valfler kullan\u0131lmaktad\u0131r.\u00a0Valfleri monte ederken pirin\u00e7, krom veya d\u00f6k\u00fcm malzemeyi\u00a0birle\u015ftirdi\u011finizde k\u0131sa zaman i\u00e7erisinde valfi kullanmak istedi\u011finde a\u00e7maya \u00e7al\u0131\u015f\u0131rken k\u0131r\u0131ld\u0131\u011f\u0131n\u0131 g\u00f6rmeniz m\u00fcmk\u00fcnd\u00fcr. Bunun ba\u015fl\u0131ca nedeni yatlarda olan statik elektriklenmeden kaynaklanmaktad\u0131r. Yat\u0131n topraklanmas\u0131 ne kadar iyi olursa olsun malzemelerin uyu\u015fmazl\u0131\u011f\u0131ndan dolay\u0131 zay\u0131f olan maden k\u0131sa s\u00fcrede elektrolize olur erir ve k\u0131r\u0131l\u0131r. \u0130kinci bir konu yatlarda\u00a0kullan\u0131lan su tesisat malzemesi borular\u0131n kalitesi \u00e7ok \u00f6nemlidir. K\u0131saca belirtmek gerekirse yat i\u015fi cimri olan\u0131 sevmez yap\u0131lan i\u015fin gere\u011fi neyse onu kullanmak gerekir.<\/p>\n\n\n\n<h3 class=\"wp-block-heading\">Televizyon Asans\u00f6rleri &#8211; Yat Teknik Servis  <\/h3>\n\n\n\n<p>Yatlarda salon, k\u0131\u00e7 havuzluk, fly bridge ve yatak odalar\u0131na konulan televizyonlarda her \u015fekle ve k\u00f6\u015feye uygulanabilen be\u015f farkl\u0131 televizyon asans\u00f6r modelimiz bulunmaktad\u0131r. Tavandan a\u00e7\u0131lan, inip \u00e7\u0131kan, sa\u011fa sola d\u00f6n\u00fcp inip \u00e7\u0131kan, duvardan a\u00e7\u0131lan ve k\u0131zakl\u0131 pano modelleri olarak uzaktan kumanda ile kontrol edilen televizyon asans\u00f6rlerini, istenilen her yata uygulamaktay\u0131z. \u00d6rne\u011fin yat\u0131n\u0131z\u0131n arka havuz b\u00f6l\u00fcm\u00fcnde\u00a0televizyon koyma yeriniz yok, sorun de\u011fil havuzlu\u011fun tavan\u0131nda olan bo\u015f alanda a\u00e7\u0131l\u0131p kapanacak \u015fekilde bir televizyon koyabilmek m\u00fcmk\u00fcnd\u00fcr. Yat\u0131n salonunda bulunan m\u00fcsait bir dolab\u0131n i\u00e7ine asans\u00f6r\u00fc yerle\u015ftirip istedi\u011finiz zaman kumanda ile televizyonu yukar\u0131 kald\u0131rd\u0131\u011f\u0131nda dolab\u0131n i\u00e7inden asans\u00f6rle y\u00fckselen bir televizyona sahip olmu\u015f olursunuz. Televizyon seyretmek istemedi\u011finizde asans\u00f6r\u00fc kapat\u0131p televizyon dolab\u0131n i\u00e7ine girmi\u015f olur ve dolab\u0131n \u00fcst\u00fcn\u00fc kullanman\u0131za mani olmaz, hem kullan\u0131\u015fl\u0131 ve zorlu havalarda ehemmiyet a\u00e7\u0131s\u0131ndan \u00e7ok \u00f6nem te\u015fkil etmektedir.<\/p>\n\n\n\n<h3 class=\"wp-block-heading\">T\u00fcrkiyede K\u0131\u015fl\u0131k Yat Bak\u0131m ve Yenilemenin Avantajlar\u0131 &#8211; Yat Teknik Servis  <\/h3>\n\n\n\n<p>Yat servis, konusunda \u00fclkemizde yat sekt\u00f6r\u00fcn\u00fcn h\u0131zla geli\u015fmesiyle beraber geli\u015fmi\u015f \u00fclkelerdeki yat teknik servis olanaklar\u0131 ile kar\u015f\u0131la\u015ft\u0131r\u0131ld\u0131\u011f\u0131 zaman T\u00fcrkiye&#8217;nin avantajlar\u0131n\u0131n fazla oldu\u011funu g\u00f6r\u00fcyoruz.<br>Ayn\u0131 kalitede, istenilen malzemenin sa\u011flanmas\u0131 konusundaki imkanlar\u0131 ile teknik elemanlar\u0131m\u0131z\u0131n tamir bak\u0131m konular\u0131ndaki bilgi ve tecr\u00fcbeleri ile yap\u0131lan son jenerasyon yatlarda kendini g\u00f6stermekte ve hatta ustalar\u0131m\u0131z\u0131n i\u015f\u00e7iliklerinin Avrupa&#8217;daki meslekta\u015flar\u0131na g\u00f6re daha ucuz olu\u015fu, yeterlilikleri ve \u00e7ok say\u0131da olmalar\u0131 nedeni ile istenilen zamanda her konuda usta bulunabiliyor ve zaman\u0131nda i\u015f teslimi yap\u0131lmaktad\u0131r.<\/p>\n\n\n\n<p>Avrupa&#8217;daki marinalarla kar\u015f\u0131la\u015ft\u0131r\u0131ld\u0131\u011f\u0131nda T\u00fcrkiye&#8217;deki marinalar\u0131n bir\u00e7ok konuda avantajlar\u0131n\u0131n oldu\u011funu g\u00f6r\u00fcyoruz bunlar\u0131n en \u00f6nemlilerinin bak\u0131m masraflar\u0131 oldu\u011fu gibi ki bunlar\u0131n yan\u0131nda ah\u015fap i\u015f\u00e7ili\u011fi, kaynak i\u015f\u00e7ili\u011fi, her t\u00fcrl\u00fc boya i\u015f\u00e7ili\u011fi kalitesi ve y\u00fcksek tecr\u00fcbesi ile ustalar\u0131m\u0131z\u0131n maliyetleri ayn\u0131 kalitedeki Avrupal\u0131 ustalardan \u00e7ok daha ekonomiktir.<br>Dolay\u0131s\u0131yla Avrupa da ki yatlar\u0131n bak\u0131m ve tamir masraflar\u0131 y\u0131ll\u0131k % 12 -17 oldu\u011fu halde T\u00fcrkiye de bu oran % 3 \u2013 7 aras\u0131nda kalmaktad\u0131r. Marinalar\u0131m\u0131z bulunduklar\u0131 yer itibari ile daima emniyetli koylara imar edilmi\u015f ve i\u00e7erilerine dalga yada swell giri\u015fi olmad\u0131\u011f\u0131ndan med cezir ak\u0131nt\u0131lar\u0131n\u0131n yada y\u00fckseltilerinin \u00e7ok nadir veya en fazla 30 cm olmas\u0131 ile \u00e7ok g\u00fcvenilir ve sakindir. Ayr\u0131ca T\u00fcrkiye deki marinalar Avrupa&#8217;daki marinalara g\u00f6re daha korunakl\u0131 ve % 60 daha ucuzdur.<\/p>\n\n\n\n<p>Havadaki nem oran\u0131 uygun, ya\u011f\u0131\u015flarda ve s\u0131cakl\u0131k de\u011fi\u015fimleri ise boya ya da vernik i\u00e7in \u00e7ok y\u0131prat\u0131c\u0131 olmayan hatta sanayi b\u00f6lgelerinin olmamas\u0131 nedeni ile boyalar\u0131n solmamas\u0131 y\u0131pranmamas\u0131 i\u00e7in de gerekli olan temiz havaya sahip olmas\u0131 ayr\u0131 bir avantajd\u0131r. \u00c7ok uzun bir zaman aral\u0131\u011f\u0131 ile hava \u015fartlar\u0131n\u0131n bak\u0131ma boya ve vernik \u00e7al\u0131\u015fmalar\u0131na uygun olmas\u0131 g\u00fcneybat\u0131 T\u00fcrkiye&#8217;yi en \u00f6nde \u00fclkelerden biri yapm\u0131\u015ft\u0131r. Sayd\u0131\u011f\u0131m\u0131z bu sebep ve etkenler T\u00fcrkiye&#8217;deki yat bak\u0131m\u0131n\u0131n maliyetlerinin hangi sebeplerden daha ekonomik oldu\u011funu g\u00f6stermektedir.<\/p>\n\n\n\n<h3 class=\"wp-block-heading\">Uzman Kadro &#8211; Yat Teknik Servis<\/h3>\n\n\n\n<div class=\"wp-block-image\"><figure class=\"alignright is-resized\"><a href=\"https:\/\/akasiayachting.com\/wp-content\/uploads\/2010\/09\/1284951656_marangoz.jpg\" rel=\"nofollow\"><img loading=\"lazy\" decoding=\"async\" src=\"https:\/\/akasiayachting.com\/wp-content\/uploads\/2010\/09\/1284951656_marangoz.jpg\" alt=\"YAT TEKN\u0130K SERV\u0130S\" width=\"266\" height=\"207\" title=\"marangoz\"\/><\/a><\/figure><\/div>\n\n\n\n<p>Teknik serviste yeterli kadromuz ile teknelerde olabilecek her t\u00fcrl\u00fc teknik bak\u0131m ve onar\u0131m i\u015flerini deneyimli kadromuz ile, ekonomik \u00e7al\u0131\u015fma anlay\u0131\u015f\u0131m\u0131z\u0131 siz m\u00fc\u015fterilerimize yans\u0131t\u0131p olu\u015fan ar\u0131zalar\u0131n zaman\u0131nda m\u00fcdahale ile tamir etme olana\u011f\u0131 sa\u011flar\u0131z. Yatlarda donan\u0131m olarak bilindi\u011fi gibi motor, jenerat\u00f6r, elektrik, elektronik, marangoz, yelken, d\u00f6\u015feme ve marin klimalar\u0131n tamir bak\u0131m ve imalat\u0131, yedek par\u00e7a sa\u011flama\u00a0olana\u011f\u0131 ve marina ba\u011flama hizmetleri alanlar\u0131nda duyulacak olan ihtiyac\u0131n\u0131za k\u0131sa s\u00fcrede \u00e7\u00f6z\u00fcm \u00fcretip, siz misafirlerimize bulunduklar\u0131 yerde 7 g\u00fcn\/24 saat yat\u00a0teknik servis hizmeti verebilmekten, mutluluk duymaktay\u0131z.<br><a title=\"Yat Teknik Servisi\" href=\"https:\/\/akasiayachting.com\/tr\/yat-teknik-servisi\/\">Yat teknik servis<\/a> konusunda bize yazabilir veya telefon ile <a title=\"ileti\u015fim\" href=\"https:\/\/akasiayachting.com\/tr\/contact-us\/\">bize ula\u015f\u0131n<\/a>! Ar\u0131zan\u0131z hakk\u0131nda bizleri bilgilendirmeniz durumunda bulundu\u011funuz yere yak\u0131n olan ekibimiz oraya y\u00f6nlendirilerek ar\u0131zan\u0131n tamiri i\u00e7in an\u0131nda m\u00fcdahale edebiliriz, sorununuzu en k\u0131sa surede halledip tatiliniz zehir olmadan en kaliteli yat teknik servis hizmeti vermek bizim amac\u0131m\u0131zd\u0131r. Ayn\u0131 \u015fekilde teknik servis verdi\u011fimiz yat, motoryat, gulet veya yelkenli yat olabilir. Bizim i\u00e7in\u00a0yatlar\u0131n markas\u0131 veya modeli fark etmez \u00f6nemli olan sadece ar\u0131zan\u0131n niteli\u011fidir. Sadece teknik olarak bir motor, jenerat\u00f6r veya yat\u0131n mekanik olan bir par\u00e7as\u0131 ar\u0131za yapt\u0131\u011f\u0131nda, ar\u0131zal\u0131 par\u00e7ay\u0131 bu b\u00f6lgede bulam\u0131yorsak yetkili servis firmalar\u0131ndan tedarik ederek en k\u0131sa s\u00fcrede yat\u0131n teknik veya mekanik s\u0131k\u0131nt\u0131s\u0131n\u0131 gidermek konusunda olduk\u00e7a iyi ve tecr\u00fcbeliyiz.<\/p>\n\n\n\n<h3 class=\"wp-block-heading\">Bak\u0131m Sezonu &#8211; Yat Teknik Servis <\/h3>\n\n\n\n<p>Bilindi\u011fi gibi d\u00fczenli olarak yatlar sezon sonu karaya \u00e7ekilir veya marinalarda konaklar, karaya \u00e7ekilen yat\u0131n sezon ba\u015flamadan\u00a0iki ay\u00a0\u00f6nce teknik bak\u0131m onar\u0131m i\u015fleri ba\u015flar bu konuda deneyimli olan yat teknik servis hizmeti veren firma ile teknik servis hizmeti al\u0131rs\u0131n\u0131z. \u00d6rne\u011fin sezonluk teknik olarak yap\u0131lmas\u0131 gereken hususlar nelerdir. Yatta bulunan dinamolar\u0131n genel bak\u0131m\u0131, jenerat\u00f6rlerin genel bak\u0131m\u0131, klimalar\u0131n genel bak\u0131m\u0131, tank ve tesisat\u0131n\u0131n bak\u0131m\u0131, Ana makinalar\u0131n bak\u0131mlar\u0131, ak\u00fclerin bak\u0131m\u0131, t\u00fcm materyalin kontrol\u00fc ve yat\u0131n denize inmesi i\u00e7in alt zehirli boyas\u0131n\u0131n yap\u0131lmas\u0131, gibi bir\u00e7ok ayr\u0131nt\u0131s\u0131 olan\u00a0yat teknik servis hizmetleri\u00a0belirledi\u011finiz ki\u015filer taraf\u0131ndan yap\u0131lmaktad\u0131r.<\/p>\n\n\n\n<p>Marinalarda k\u0131\u015flamaya b\u0131rak\u0131lm\u0131\u015f yatlar\u0131 genelde iki y\u0131lda bir karaya \u00e7ekilerek yat\u0131n su i\u00e7inde kalan b\u00f6l\u00fcm\u00fc antifouling ad\u0131 verilen zehirli boya ile\u00a0boyanarak yukar\u0131da belirtmi\u015f oldu\u011fumuz gibi t\u00fcm bak\u0131mlar\u0131 yap\u0131l\u0131r ve denize indirilir. Yat teknik servis hizmeti olan bak\u0131m onar\u0131m\u00a0zaman\u0131nda periyodik\u00a0olarak\u00a0yap\u0131lmazsa ge\u00e7en y\u0131llar i\u00e7inde masraflar iki kat\u0131na \u00e7\u0131kar. Bunun d\u0131\u015f\u0131nda denizde yat\u0131n\u0131zla dola\u015f\u0131rken bak\u0131ms\u0131zl\u0131ktan do\u011facak olan masraflar\u00a0haliyle y\u00fcksek olacakt\u0131r. Dolay\u0131s\u0131yla yat\u0131n\u0131z\u0131n periyodik bak\u0131mlar\u0131 her y\u0131l mutlaka yap\u0131lmas\u0131 gerekmektedir.<\/p>\n\n\n\n<div class=\"wp-block-buttons is-content-justification-right is-layout-flex wp-block-buttons-is-layout-flex\">\n<div class=\"wp-block-button is-style-outline is-style-outline--2\"><a class=\"wp-block-button__link\" href=\"https:\/\/akasiayachting.com\/tr\/contact-us\/\" target=\"_blank\" rel=\"noreferrer noopener\">Bize Ula\u015f\u0131n<\/a><\/div>\n<\/div>\n","protected":false},"excerpt":{"rendered":"<p>Yatlar genelde her y\u0131l sezon ba\u015flamadan \u00f6nce periyodik olarak makine, jenerat\u00f6r, teknik servis, marangoz, boyac\u0131, yat d\u00f6\u015feme, elektrik, elektronik, marina hizmetleri servisi, tatl\u0131 ve deniz suyu pompalar\u0131, ak\u00fcler, su yap\u0131c\u0131 ve klimalar gibi her \u015feyin kontrol ve bak\u0131mlar\u0131 yap\u0131lmaktad\u0131r. Normalde iki y\u0131lda bir yatlar karaya \u00e7ekilir, veya her y\u0131l sezon bitti\u011finde karaya al\u0131n\u0131p karada konaklama [&hellip;]<\/p>\n","protected":false},"author":3,"featured_media":6112,"parent":0,"menu_order":17,"comment_status":"closed","ping_status":"closed","template":"","meta":{"footnotes":""},"class_list":["post-1910","page","type-page","status-publish","has-post-thumbnail","hentry"],"_links":{"self":[{"href":"https:\/\/akasiayachting.com\/tr\/wp-json\/wp\/v2\/pages\/1910","targetHints":{"allow":["GET"]}}],"collection":[{"href":"https:\/\/akasiayachting.com\/tr\/wp-json\/wp\/v2\/pages"}],"about":[{"href":"https:\/\/akasiayachting.com\/tr\/wp-json\/wp\/v2\/types\/page"}],"author":[{"embeddable":true,"href":"https:\/\/akasiayachting.com\/tr\/wp-json\/wp\/v2\/users\/3"}],"replies":[{"embeddable":true,"href":"https:\/\/akasiayachting.com\/tr\/wp-json\/wp\/v2\/comments?post=1910"}],"version-history":[{"count":33,"href":"https:\/\/akasiayachting.com\/tr\/wp-json\/wp\/v2\/pages\/1910\/revisions"}],"predecessor-version":[{"id":7079,"href":"https:\/\/akasiayachting.com\/tr\/wp-json\/wp\/v2\/pages\/1910\/revisions\/7079"}],"wp:featuredmedia":[{"embeddable":true,"href":"https:\/\/akasiayachting.com\/tr\/wp-json\/wp\/v2\/media\/6112"}],"wp:attachment":[{"href":"https:\/\/akasiayachting.com\/tr\/wp-json\/wp\/v2\/media?parent=1910"}],"curies":[{"name":"wp","href":"https:\/\/api.w.org\/{rel}","templated":true}]}}