{"id":1890,"date":"2010-09-08T14:36:43","date_gmt":"2010-09-08T14:36:43","guid":{"rendered":"https:\/\/akasiayachting.com\/"},"modified":"2021-08-03T19:45:24","modified_gmt":"2021-08-03T16:45:24","slug":"kiralik-jet","status":"publish","type":"page","link":"https:\/\/akasiayachting.com\/tr\/kiralik-jet\/","title":{"rendered":"Kiral\u0131k Jet"},"content":{"rendered":"\n<p>Havac\u0131l\u0131k vip u\u00e7u\u015f hizmetleri veren ve ayn\u0131 zamanda Yat i\u015fletmecisi olarak bizden yat kiralayan vip m\u00fc\u015fterilerimizin isteklerine eksiksiz cevap verebilmek&nbsp;amac\u0131yla kiral\u0131k Jet ve kiral\u0131k helikopter. <a title=\"Aviation Istanbul\" href=\"https:\/\/aviationistanbul.com\/\" target=\"_blank\" rel=\"noopener\">kiral\u0131k jet<\/a> gibi hava ara\u00e7lar\u0131na ald\u0131\u011f\u0131m\u0131z&nbsp;ciddi talepler \u00fczerine kiral\u0131k jet ve helikopter hizmetleri vermekteyiz.&nbsp;Genellikle T\u00fcrkiyede bulunan kiral\u0131k jet yolcu kapasitesi olarak d\u00fc\u015f\u00fck olmalar\u0131ndan dolay\u0131 12 yolcudan fazla kiral\u0131k jet isteyen m\u00fc\u015fterilerimize yurt d\u0131\u015f\u0131nda bulunan y\u00fcksek kapasiteli portf\u00f6y\u00fc olan&nbsp;partner firmalardan destek alarak kapasite sorununu ortadan kald\u0131rmaktay\u0131z.<\/p>\n\n\n\n<h2 class=\"wp-block-heading\">Kiral\u0131k Jet<\/h2>\n\n\n\n<p>Hava ula\u015f\u0131m\u0131 konusunda ihtiya\u00e7 duyabilece\u011finiz her t\u00fcrl\u00fc hizmet ve ara\u00e7 konusunda yard\u0131mc\u0131 olabilece\u011fimizi bilmenizi isteriz. VIP transfer hizmetleri, hava taksi, vip helikopter ihtiyac\u0131n\u0131zda herzaman hizmetinizdeyiz.<\/p>\n\n\n\n<hr class=\"wp-block-separator\"\/>\n\n\n\n<p><strong>Beechjet 400 &amp; 400A <\/strong><\/p>\n\n\n\n<p>Passenger Seating : 5-6 Pax <\/p>\n\n\n\n<p>Airspeed (mph\/km) : 10 mph\/660 km <\/p>\n\n\n\n<p>Flight Range (miles\/km): 1,350\/2,172 km <\/p>\n\n\n\n<p>Cabin Length feet\/meters) : 15.5\u2019\/4.72 cm <\/p>\n\n\n\n<p>Cabin Width : 4.9\u2019\/1.49 m <\/p>\n\n\n\n<p>Cabin Height : 4.8\u2019\/1.46 cm <\/p>\n\n\n\n<p>Lavatory Style : Enclosed <\/p>\n\n\n\n<p>Baggage Volume (cuft\/cm) : 56 cu\/1.58 cm<\/p>\n\n\n\n<hr class=\"wp-block-separator is-style-default\"\/>\n\n\n\n<p><strong>Challenger 601<\/strong><\/p>\n\n\n\n<p>Passenger Seating : 9-10 Pax <\/p>\n\n\n\n<p>Airspeed (mph\/km) : 484 mph\/778 km <\/p>\n\n\n\n<p>Flight Range (miles\/km) : 3,910\/6,293 km. <\/p>\n\n\n\n<p>Cabin Length (feet\/meters) : 28.3\u2019\/8.62 m <\/p>\n\n\n\n<p>Cabin Width : 8.2\u2019\/2.5 m <\/p>\n\n\n\n<p>Cabin Height : 6.1\u2032\/1.85 m<\/p>\n\n\n\n<p>Lavatory Style : Full <\/p>\n\n\n\n<p>Baggage Volume (cuft\/cm) : 115 cu. ft\/3.25 cm<\/p>\n\n\n\n<hr class=\"wp-block-separator is-style-wide\"\/>\n\n\n\n<p><strong>Challenger 850 (1)<\/strong><\/p>\n\n\n\n<p>Passenger Seating : 12-14 Pax <\/p>\n\n\n\n<p>Airspeed (mph\/km) : 509 m ph\/819 k <\/p>\n\n\n\n<p>Flight Range (miles\/km) : 2,841\/4,545.60 km<\/p>\n\n\n\n<p>Cabin Length (feet\/meters) : 48.42\u2019\/14.76 m <\/p>\n\n\n\n<p>Cabin Width : 8.17\u2019\/2.49 m <\/p>\n\n\n\n<p>Cabin Height : 6.08\u2019\/11.85 m <\/p>\n\n\n\n<p>Lavatory Style : Full <\/p>\n\n\n\n<p>Baggage Volume (cuft\/cm) : 115cu\/3.25 cm<\/p>\n\n\n\n<hr class=\"wp-block-separator is-style-wide\"\/>\n\n\n\n<p><strong>Citation Bravo (2) <\/strong><\/p>\n\n\n\n<p>Passenger Seating : 7 Pax <\/p>\n\n\n\n<p>Airspeed (mph\/km) : 397 mph\/639 km <\/p>\n\n\n\n<p>Flight Range (miles\/km) : 1,700\/2,736 km <\/p>\n\n\n\n<p>Cabin Length (feet\/meters) : 16\u2019\/4.88 m <\/p>\n\n\n\n<p>Cabin Width : 4.8\u2019\/1.46 m <\/p>\n\n\n\n<p>Cabin Height : 23\u2019\/14.37m <\/p>\n\n\n\n<p>Lavatory Style : Enclosed <\/p>\n\n\n\n<p>Baggage Volume (cuft\/cm) : 74 cu\/2.10 cm<\/p>\n\n\n\n<hr class=\"wp-block-separator is-style-wide\"\/>\n\n\n\n<p><strong>Dornier 328<\/strong><\/p>\n\n\n\n<p>Passenger Seating : 30-34 Pax <\/p>\n\n\n\n<p>Airspeed (mph\/km) : 472.50 mph\/756 km <\/p>\n\n\n\n<p>Flight Range (miles\/km): 1,703\/1,064 km <\/p>\n\n\n\n<p>Cabin Length (feet\/meters): 34\u2019\/8.56 m <\/p>\n\n\n\n<p>Cabin Width : \/2.50 m <\/p>\n\n\n\n<p>Cabin Height : 6.2\u2019\/1.85 m <\/p>\n\n\n\n<p>Lavatory Style : Full <\/p>\n\n\n\n<p>Baggage Volume (cuft\/cm) : 115cu\/3.25 cm<\/p>\n\n\n\n<hr class=\"wp-block-separator is-style-wide\"\/>\n\n\n\n<p><strong>Embraer Brasilia<\/strong><\/p>\n\n\n\n<p>Passenger Seating : 24-30 Pax <\/p>\n\n\n\n<p>Airspeed (mph\/km) : 343 mph\/549 km <\/p>\n\n\n\n<p>Flight Range (miles\/km) 1,088\/1,740 km <\/p>\n\n\n\n<p>Cabin Length (feet\/meters) : 30.77\u2019\/9.38 m <\/p>\n\n\n\n<p>Cabin Width : 6.88\u2019\/2.10 m <\/p>\n\n\n\n<p>Cabin Height : 5.77\u2019\/1.76 m <\/p>\n\n\n\n<p>Lavatory Style : Enclosed <\/p>\n\n\n\n<p>Baggage Volume (cuft\/cm) : 222cu\/6.28 cm.<\/p>\n\n\n\n<hr class=\"wp-block-separator is-style-wide\"\/>\n\n\n\n<p><strong>Global Express<\/strong><\/p>\n\n\n\n<p>Passenger Seating : 8-19 Pax <\/p>\n\n\n\n<p>Airspeed (mph\/km) : 530 mph\/853 km <\/p>\n\n\n\n<p>Flight Range (miles\/km) : 6,700mph\/10,782km <\/p>\n\n\n\n<p>Cabin Length feet\/meters) : 48.3\u2019\/14.72 m <\/p>\n\n\n\n<p>Cabin Width : 8.1\u2019\/2.46 m <\/p>\n\n\n\n<p>Cabin Height : 6.3\u2019\/1.92 m <\/p>\n\n\n\n<p>Lavatory Style: Full <\/p>\n\n\n\n<p>Baggage Volume (cuft\/cm) : 194 cu\/5.5 cm<\/p>\n\n\n\n<hr class=\"wp-block-separator is-style-wide\"\/>\n\n\n\n<p><strong>Lear Jet 45 <\/strong><\/p>\n\n\n\n<p>Passenger Seating : 8 Pax <\/p>\n\n\n\n<p>Airspeed (mph\/km) : 515 mph\/828 km <\/p>\n\n\n\n<p>Flight Range miles\/km) 1,800\u2019\/2,897 km <\/p>\n\n\n\n<p>Cabin Length (feet\/meters) : 19.8\u2019\/6 m <\/p>\n\n\n\n<p>Cabin Width : 5.1\u2019\/1.55 m <\/p>\n\n\n\n<p>Cabin Height : 4.8\u2019\/1.46 m <\/p>\n\n\n\n<p>Lavatory Style : Full <\/p>\n\n\n\n<p>Baggage Volume (cuft\/cm) : 40 cu\/1.13 cm <\/p>\n\n\n\n<div class=\"wp-block-buttons is-content-justification-right is-layout-flex wp-block-buttons-is-layout-flex\">\n<div class=\"wp-block-button is-style-outline is-style-outline--2\"><a class=\"wp-block-button__link\" href=\"https:\/\/akasiayachting.com\/tr\/contact-us\/\" target=\"_blank\" rel=\"noreferrer noopener\">Bize Ula\u015f\u0131n<\/a><\/div>\n<\/div>\n","protected":false},"excerpt":{"rendered":"<p>Havac\u0131l\u0131k vip u\u00e7u\u015f hizmetleri veren ve ayn\u0131 zamanda Yat i\u015fletmecisi olarak bizden yat kiralayan vip m\u00fc\u015fterilerimizin isteklerine eksiksiz cevap verebilmek&nbsp;amac\u0131yla kiral\u0131k Jet ve kiral\u0131k helikopter. kiral\u0131k jet gibi hava ara\u00e7lar\u0131na ald\u0131\u011f\u0131m\u0131z&nbsp;ciddi talepler \u00fczerine kiral\u0131k jet ve helikopter hizmetleri vermekteyiz.&nbsp;Genellikle T\u00fcrkiyede bulunan kiral\u0131k jet yolcu kapasitesi olarak d\u00fc\u015f\u00fck olmalar\u0131ndan dolay\u0131 12 yolcudan fazla kiral\u0131k jet isteyen [&hellip;]<\/p>\n","protected":false},"author":3,"featured_media":6224,"parent":0,"menu_order":36,"comment_status":"closed","ping_status":"closed","template":"","meta":{"footnotes":""},"class_list":["post-1890","page","type-page","status-publish","has-post-thumbnail","hentry"],"_links":{"self":[{"href":"https:\/\/akasiayachting.com\/tr\/wp-json\/wp\/v2\/pages\/1890","targetHints":{"allow":["GET"]}}],"collection":[{"href":"https:\/\/akasiayachting.com\/tr\/wp-json\/wp\/v2\/pages"}],"about":[{"href":"https:\/\/akasiayachting.com\/tr\/wp-json\/wp\/v2\/types\/page"}],"author":[{"embeddable":true,"href":"https:\/\/akasiayachting.com\/tr\/wp-json\/wp\/v2\/users\/3"}],"replies":[{"embeddable":true,"href":"https:\/\/akasiayachting.com\/tr\/wp-json\/wp\/v2\/comments?post=1890"}],"version-history":[{"count":33,"href":"https:\/\/akasiayachting.com\/tr\/wp-json\/wp\/v2\/pages\/1890\/revisions"}],"predecessor-version":[{"id":7333,"href":"https:\/\/akasiayachting.com\/tr\/wp-json\/wp\/v2\/pages\/1890\/revisions\/7333"}],"wp:featuredmedia":[{"embeddable":true,"href":"https:\/\/akasiayachting.com\/tr\/wp-json\/wp\/v2\/media\/6224"}],"wp:attachment":[{"href":"https:\/\/akasiayachting.com\/tr\/wp-json\/wp\/v2\/media?parent=1890"}],"curies":[{"name":"wp","href":"https:\/\/api.w.org\/{rel}","templated":true}]}}