{"id":1877,"date":"2010-09-08T13:49:12","date_gmt":"2010-09-08T13:49:12","guid":{"rendered":"https:\/\/akasiayachting.com\/"},"modified":"2021-08-02T13:36:30","modified_gmt":"2021-08-02T10:36:30","slug":"mavi-tur-bodrum-kos-simi-rodos","status":"publish","type":"page","link":"https:\/\/akasiayachting.com\/tr\/mavi-tur-bodrum-kos-simi-rodos\/","title":{"rendered":"Mavi Tur Bodrum Kos Simi Rodos"},"content":{"rendered":"\n<p>Mavi Tur Bodrum Kos Simi Rodos, Bodrum&#8217;da ilk g\u00fcn yat\u0131n haz\u0131rl\u0131k sonras\u0131 misafirler yata yerle\u015ftikten sonra yat limandan hareket edilerek bodrum civar\u0131ndaki yak\u0131n bir koyda demirleme yap\u0131labilir. Ertesi sabah liman \u00e7\u0131k\u0131\u015f i\u015flemleri kaptan taraf\u0131ndan tamamland\u0131ktan sonra Kos Adas\u0131 i\u00e7in hareket edilir. Kos Adas\u0131 Bodrum&#8217;a 13 mil mesafede 1.5 saatlik seyir sonunda Kos Liman\u0131na var\u0131l\u0131r. Bu g\u00fcney kasabas\u0131 <a href=\"https:\/\/sahibindenyat.com\/yat-imalati\/\" data-type=\"URL\" data-id=\"https:\/\/sahibindenyat.com\/yat-imalati\/\" target=\"_blank\" rel=\"noopener\">yat imalat\u0131n\u0131n<\/a> en \u00f6nder kasabalar\u0131ndan olan bodrum gece hayat\u0131 ve plajlar\u0131n\u0131n en \u00f6nemli merkezlerindendir. Bodrum, Yunanistan&#8217;a g\u00f6re kumanya ikmalinin ucuz olmas\u0131 ve havaliman\u0131n\u0131n yak\u0131n olmas\u0131 nedeni ile kumanya al\u0131m\u0131 a\u00e7\u0131s\u0131ndan ba\u015flang\u0131\u00e7 liman\u0131 Bodrum olmas\u0131nda yarar var ancak Kos Adas\u0131n\u0131n k\u0131s\u0131tl\u0131 liman\u0131 y\u00fcz\u00fcnden denizcilerin zorland\u0131\u011f\u0131 liman adas\u0131d\u0131r. Sorunlarla kar\u015f\u0131la\u015fmamak i\u00e7in \u00f6nceden limanda yer ay\u0131rtmak \u00f6nemlidir.<\/p>\n\n\n\n<p>Bodruma en yak\u0131n adalardan biri ye\u015fil do\u011fas\u0131 ve antik g\u00fczellikleri ile ilgin\u00e7 adalardand\u0131r. 12 adalar\u0131n en b\u00fcy\u00fck ve kalabal\u0131k olanlar\u0131ndan biridir ancak n\u00fcfusunun en az 10 kat\u0131 turist a\u011f\u0131rlamaktad\u0131r. Adada halen ya\u015fayan T\u00fcrk n\u00fcfus bulunuyor bol miktarda demirlenecek koy ve plajlar\u0131 olan ve bu nedenle pek \u00e7ok yat\u0131 a\u011f\u0131rlayan Kos kendine has yemekleri ile de \u00fcnl\u00fcd\u00fcr Bodrumdan 13 mil uzaktaki bu ada Yunan adalar\u0131na gitmek isteyen T\u00fcrk tatilcilerin tercih etti\u011fi adad\u0131r. Adan\u0131n bir liman\u0131 birde marinas\u0131 var biz antik liman\u0131n giri\u015finin koordinatlar\u0131n\u0131 veriyoruz : 36 53\u2019\u201957\u2019N &#8211; 27 17\u2019\u201921\u2019E<\/p>\n\n\n\n<h3 class=\"wp-block-heading\">3.G\u00fcn &#8211; Mavi Tur Bodrum Kos Simi Rodos &#8211; Nisiros<\/h3>\n\n\n\n<p>Nisiros Adas\u0131 \u00e7ok s\u0131radan pek \u00f6zelli\u011fi olmayan ancak rotan\u0131n \u00fczerinde bulunan, istenirse kal\u0131nabilecek n\u00fcfus yo\u011funlu\u011fu \u00e7ok az adalardan biridir. Liman\u0131 kolay ve g\u00fcvenlidir gecelemeye uygun dur ancak gerekirse kal\u0131nabilir adan\u0131n iki liman\u0131 var bir yatlar i\u00e7in olan kuzey do\u011fu taraf\u0131ndakinin koordinatlar\u0131 : 36 37\u2019\u201908\u2019N &#8211; 27 10\u2019\u201922\u2019E<\/p>\n\n\n\n<h3 class=\"wp-block-heading\">4.G\u00fcn  &#8211; Mavi Tur Bodrum Kos Simi Rodos <\/h3>\n\n\n\n<p>Hem g\u00fcney hemde kuzey taraf\u0131nda emniyetli demir yeri ve limanlar\u0131 var ilgin\u00e7 adalardan biri plajlar\u0131 g\u00f6r\u00fclmeye de\u011fer koylar\u0131nda yatlar\u0131n demirde geceleyebilecekleri korunakl\u0131 olanlar\u0131 var. Adan\u0131n her iki taraf\u0131n\u0131 ve tamam\u0131n\u0131 g\u00f6rmek i\u00e7in 2 g\u00fcn gerekebilir tavsiye edilen adalardand\u0131r liman giri\u015fi adan\u0131n do\u011fu taraf\u0131ndad\u0131r koordinatlar\u0131 : 36 24\u2019\u201948\u2019N &#8211; 27 23\u2019\u201911\u2019E<\/p>\n\n\n\n<h3 class=\"wp-block-heading\">5.G\u00fcn &#8211; Mavi Tur Bodrum Kos Simi Rodos  <\/h3>\n\n\n\n<div class=\"wp-block-image\"><figure class=\"alignright size-full is-resized\"><img loading=\"lazy\" decoding=\"async\" src=\"https:\/\/akasiayachting.com\/tr\/wp-content\/uploads\/2021\/08\/mavi-tur-bodrum-kos-simi-anasayfa-1.jpg\" alt=\"Mavi Tur Bodrum Kos Simi Rodos\" class=\"wp-image-7087\" width=\"266\" height=\"166\" title=\"\" srcset=\"https:\/\/akasiayachting.com\/tr\/wp-content\/uploads\/2021\/08\/mavi-tur-bodrum-kos-simi-anasayfa-1.jpg 1680w, https:\/\/akasiayachting.com\/tr\/wp-content\/uploads\/2021\/08\/mavi-tur-bodrum-kos-simi-anasayfa-1-300x188.jpg 300w, https:\/\/akasiayachting.com\/tr\/wp-content\/uploads\/2021\/08\/mavi-tur-bodrum-kos-simi-anasayfa-1-768x480.jpg 768w, https:\/\/akasiayachting.com\/tr\/wp-content\/uploads\/2021\/08\/mavi-tur-bodrum-kos-simi-anasayfa-1-1536x960.jpg 1536w\" sizes=\"auto, (max-width: 266px) 100vw, 266px\" \/><\/figure><\/div>\n\n\n\n<p>Simi Adas\u0131 karakteristik <a href=\"https:\/\/akasiayachting.com\/tr\/yunan-adalari-mavi-yolculuk-rodos-simi\/\">Yunan adalar\u0131<\/a> kasabalar\u0131ndan biridir \u00f6zellikle i\u00e7ki al\u0131\u015fveri\u015fi i\u00e7in uygun oldu\u011funu biliyoruz. Plajlar\u0131 g\u00fczel ancak yaz aylar\u0131nda limanda yer bulmak \u00e7ok zor bal\u0131k lokantalar\u0131 ve deniz \u00fcr\u00fcnleri ile \u00fcnl\u00fc T\u00fcrkiye ye en yak\u0131n adalardan biridir liman giri\u015fi T\u00fcrkiye&#8217;ye bakan k\u0131sm\u0131n\u0131n kuzey taraf\u0131ndad\u0131r. Liman rezervasyonu yapmadan Simi Adas\u0131na gider ve limanda yer bulamazsan\u0131z hemen liman\u0131n arkas\u0131ndaki koya demirleyerek yolcular\u0131n\u0131z\u0131 taksi ile merkeze g\u00f6nderebilirsiniz koordinatlar\u0131 : 36 36\u2019\u201958\u2019N &#8211; 27 50\u2019\u201913\u2019E<\/p>\n\n\n\n<h3 class=\"wp-block-heading\">6.G\u00fcn &#8211; Mavi Tur Bodrum Kos Simi Rodos  <\/h3>\n\n\n\n<p>Dodekanez tak\u0131madalar\u0131n\u0131n en b\u00fcy\u00fc\u011f\u00fc ve en ye\u015fili, Yunan ve Osmanl\u0131 mimarisinin bir arada g\u00f6rebilece\u011finiz nadir adalardan kendisine yetmeyen limanlar\u0131 ile yer bulmakta zorluk \u00e7ekilen Rodos g\u00fcney do\u011fudaki g\u00fczel ve temiz plajlar\u0131 ile \u00fcnl\u00fc gece hayat\u0131n\u0131n da aran\u0131lan d\u00fczeyde olmas\u0131 aday\u0131 ilgin\u00e7 k\u0131l\u0131yor.<br>G\u00f6r\u00fclmesi gereken ve tan\u0131mak i\u00e7in en az 2 g\u00fcn kal\u0131nmas\u0131 tavsiye edilir. Fethiye&#8217;den 45 Marmaris&#8217;ten 17 mil mesafede gitmek i\u00e7in liman rezervasyonu gerekebilir adan\u0131n yan yana 3 liman\u0131 var yatlar i\u00e7in olan\u0131 biz en uygun ve derin olan\u0131n\u0131 tavsiye ediyoruz koordinatlar\u0131 : 36 26\u2019\u201949\u2019N &#8211; 28 13\u2019\u201948\u2019E<\/p>\n\n\n\n<h3 class=\"wp-block-heading\">7.G\u00fcn &#8211; Mavi Tur Bodrum Kos Simi Rodos  <\/h3>\n\n\n\n<div class=\"wp-block-image\"><figure class=\"alignright size-full is-resized\"><img loading=\"lazy\" decoding=\"async\" src=\"https:\/\/akasiayachting.com\/tr\/wp-content\/uploads\/2010\/09\/yunan_adalari_mavi_yolculuk_master.jpg\" alt=\"\" class=\"wp-image-6180\" width=\"266\" height=\"164\" title=\"\" srcset=\"https:\/\/akasiayachting.com\/tr\/wp-content\/uploads\/2010\/09\/yunan_adalari_mavi_yolculuk_master.jpg 1583w, https:\/\/akasiayachting.com\/tr\/wp-content\/uploads\/2010\/09\/yunan_adalari_mavi_yolculuk_master-300x184.jpg 300w\" sizes=\"auto, (max-width: 266px) 100vw, 266px\" \/><\/figure><\/div>\n\n\n\n<p>Sabah erkenden Rodos liman\u0131ndan hareket ederek iki saatlik bir seyir ile Bozukkale Liman\u0131na var\u0131l\u0131r sabah kahvalt\u0131 \u00f6\u011fle yeme\u011fi sonras\u0131 tekrar hareket ederek Marmaris kad\u0131rga liman\u0131na var\u0131l\u0131r. Y\u00fczme molas\u0131 be\u015f \u00e7ay\u0131 sonras\u0131 hava kararmadan \u00f6nce Marmaris liman\u0131nda tekneyi ba\u011flamak gerekir ak\u015fam yeme\u011fi ister teknede haz\u0131rlan\u0131r isteyen misafirler sahilde bulunan restoranlarda rezervasyon yapt\u0131rabilir. Marmaris&#8217;in gece hayat\u0131 hareketli olan barlar soka\u011f\u0131 e\u011flenmek isteyenler i\u00e7in m\u00fckemmel f\u0131rsat.<\/p>\n\n\n\n<h3 class=\"wp-block-heading\">8.G\u00fcn &#8211; Mavi Tur Bodrum Kos Simi Rodos  <\/h3>\n\n\n\n<p>Sabah kahvalt\u0131s\u0131n\u0131 bu e\u015fsiz limanda al\u0131n Marmaris&#8217;in sabah son olarak havas\u0131n\u0131 koklay\u0131n sonsuza dek veda etmeyin bu b\u00fcy\u00fcl\u00fc mavi yolculuk daha \u00e7ok kez \u00e7eker kendine sizi. Her g\u00fcn\u00fc ve sabah\u0131n\u0131 ayr\u0131 g\u00fczelliklerle uyanmak ba\u015fka seyahatlere mahsus de\u011fildir. Denizcilerin zarflar\u0131n\u0131 onlara olan vefan\u0131zla tamamlay\u0131n ve \u00f6yle g\u00f6n\u00fclden verin ki ,y\u0131lda 6 ay \u00e7al\u0131\u015fan yaln\u0131z denizcilerin emeklerinin kar\u015f\u0131l\u0131\u011f\u0131nda bo\u015fa vakit kaybetmemi\u015f olsunlar. Kalan zamanda yine yaln\u0131z kalacaklar. Servis ara\u00e7lar\u0131m\u0131z bekler durumda denizciler valizlerinizi arac\u0131n\u0131za yerle\u015ftirsinler ve i\u015fte vedalar tekrar bulu\u015fmak \u00fczere.<\/p>\n\n\n\n<div class=\"wp-block-buttons is-content-justification-right is-layout-flex wp-block-buttons-is-layout-flex\">\n<div class=\"wp-block-button is-style-outline is-style-outline--2\"><a class=\"wp-block-button__link\" href=\"https:\/\/akasiayachting.com\/tr\/contact-us\/\" target=\"_blank\" rel=\"noreferrer noopener\">Bize Ula\u015f\u0131n<\/a><\/div>\n<\/div>\n","protected":false},"excerpt":{"rendered":"<p>Mavi Tur Bodrum Kos Simi Rodos, Bodrum&#8217;da ilk g\u00fcn yat\u0131n haz\u0131rl\u0131k sonras\u0131 misafirler yata yerle\u015ftikten sonra yat limandan hareket edilerek bodrum civar\u0131ndaki yak\u0131n bir koyda demirleme yap\u0131labilir. Ertesi sabah liman \u00e7\u0131k\u0131\u015f i\u015flemleri kaptan taraf\u0131ndan tamamland\u0131ktan sonra Kos Adas\u0131 i\u00e7in hareket edilir. Kos Adas\u0131 Bodrum&#8217;a 13 mil mesafede 1.5 saatlik seyir sonunda Kos Liman\u0131na var\u0131l\u0131r. Bu [&hellip;]<\/p>\n","protected":false},"author":3,"featured_media":7087,"parent":0,"menu_order":18,"comment_status":"closed","ping_status":"closed","template":"","meta":{"footnotes":""},"class_list":["post-1877","page","type-page","status-publish","has-post-thumbnail","hentry"],"_links":{"self":[{"href":"https:\/\/akasiayachting.com\/tr\/wp-json\/wp\/v2\/pages\/1877","targetHints":{"allow":["GET"]}}],"collection":[{"href":"https:\/\/akasiayachting.com\/tr\/wp-json\/wp\/v2\/pages"}],"about":[{"href":"https:\/\/akasiayachting.com\/tr\/wp-json\/wp\/v2\/types\/page"}],"author":[{"embeddable":true,"href":"https:\/\/akasiayachting.com\/tr\/wp-json\/wp\/v2\/users\/3"}],"replies":[{"embeddable":true,"href":"https:\/\/akasiayachting.com\/tr\/wp-json\/wp\/v2\/comments?post=1877"}],"version-history":[{"count":25,"href":"https:\/\/akasiayachting.com\/tr\/wp-json\/wp\/v2\/pages\/1877\/revisions"}],"predecessor-version":[{"id":7088,"href":"https:\/\/akasiayachting.com\/tr\/wp-json\/wp\/v2\/pages\/1877\/revisions\/7088"}],"wp:featuredmedia":[{"embeddable":true,"href":"https:\/\/akasiayachting.com\/tr\/wp-json\/wp\/v2\/media\/7087"}],"wp:attachment":[{"href":"https:\/\/akasiayachting.com\/tr\/wp-json\/wp\/v2\/media?parent=1877"}],"curies":[{"name":"wp","href":"https:\/\/api.w.org\/{rel}","templated":true}]}}