{"id":1874,"date":"2010-09-08T13:45:51","date_gmt":"2010-09-08T13:45:51","guid":{"rendered":"https:\/\/akasiayachting.com\/"},"modified":"2021-08-02T15:25:55","modified_gmt":"2021-08-02T12:25:55","slug":"yunan-adalari-mavi-yolculuk-rodos-simi","status":"publish","type":"page","link":"https:\/\/akasiayachting.com\/tr\/yunan-adalari-mavi-yolculuk-rodos-simi\/","title":{"rendered":"Yunan Adalar\u0131 Mavi Yolculuk Rodos Simi Kos"},"content":{"rendered":"\n<p>Yunan Adalar\u0131 mavi yolculuk Rodos Simi Kos rotas\u0131 genelde <a href=\"https:\/\/maviyolculuk.info\/mavi-yolculuk\" data-type=\"URL\" data-id=\"https:\/\/maviyolculuk.info\/mavi-yolculuk\" target=\"_blank\" rel=\"noopener\">mavi yolculu\u011fa<\/a> \u00e7\u0131kan misafirlerimizce y\u0131llard\u0131r al\u0131\u015f\u0131lagelmi\u015f bilinen koylar\u0131 ziyaret etmektedir. Bundan dolay\u0131d\u0131r ki art\u0131k daha farkl\u0131 yerleri gezip g\u00f6rmek istemektedirler. Son y\u0131llarda olduk\u00e7a pop\u00fcler olan yak\u0131n kom\u015fumuz olan Yunanistan&#8217;a ait adalar farkl\u0131 bir k\u00fclt\u00fcr ya\u015famak isteyenler taraf\u0131ndan tercih edilmektedir. Bizler bu tercihlerden birini de\u011ferlendirerek sayfam\u0131za Marmaris, Rodos, simi, Dat\u00e7a ve Marmaris rotas\u0131n\u0131 her iki \u00fclkenin farkl\u0131 atmosferlerini, koylar\u0131 ve Dodecanes Adalar\u0131n\u0131 g\u00f6rme olana\u011f\u0131 sunup \u00f6nceden gezip g\u00f6rd\u00fc\u011f\u00fcn\u00fcz rotalar aras\u0131ndaki farkl\u0131l\u0131\u011f\u0131 ya\u015famak isteyece\u011finizi d\u00fc\u015f\u00fcnd\u00fck. Bu rotay\u0131 sizlere \u00f6rnek olarak anla\u015f\u0131l\u0131r \u015fekilde sayfam\u0131za koyup be\u011feninize sunduk.<\/p>\n\n\n\n<p>(NOT: Bu rotada yolcular\u0131m\u0131z\u0131n Schengen vizelerinin olmas\u0131 ve pasaportlar\u0131n\u0131 mutlaka yanlar\u0131na almalar\u0131 gerekiyor.)<\/p>\n\n\n\n<p>Misafirlerimizin (Marmaris&#8217;te) yata kat\u0131lmalar\u0131ndan sonra kaptan\u0131m\u0131z pasaportlar\u0131 toplayarak \u00e7\u0131k\u0131\u015f i\u00e7in liman ve g\u00fcmr\u00fck i\u015flemleri i\u00e7in otoritelere ba\u015fvurur. \u00c7ok gecikmeden yol yorgunlu\u011funu atman\u0131z ve g\u00fcn\u00fc kaybetmemeniz i\u00e7in be\u015f \u00e7ay\u0131na Ke\u00e7i Adas\u0131nda olunur. Denizle hasret gidermeniz i\u00e7in ve siz \u00e7aylar\u0131n\u0131z\u0131 i\u00e7erken kaptan\u0131n\u0131z yat\u0131n kullan\u0131m\u0131 ve baz\u0131 yat kurallar\u0131n\u0131 i\u00e7in tan\u0131\u015fma partisinde gerekenleri anlat\u0131r. K\u0131sa bir y\u00fczme molas\u0131ndan sonra demir alarak ( kad\u0131rga) koyuna gelinir. Kalan deniz sefas\u0131na devam etmek ve yar\u0131nki yolculu\u011fa haz\u0131rl\u0131k i\u00e7in, tabii ak\u015fam haz\u0131rl\u0131\u011f\u0131 ve Ocak ba\u015f\u0131 sohbeti i\u00e7in a\u015f\u00e7\u0131n\u0131zda zaman\u0131nda haz\u0131r olmal\u0131.<\/p>\n\n\n\n<h3 class=\"wp-block-heading\">2.G\u00fcn &#8211; Yunan Adalar\u0131 Mavi Yolculuk Rodos Simi Kos <\/h3>\n\n\n\n<div class=\"wp-block-image\"><figure class=\"alignright is-resized\"><a href=\"https:\/\/akasiayachting.com\/wp-content\/uploads\/2010\/08\/1282734094_2_anthony_quinn_koyu.jpg\" rel=\"nofollow\"><img loading=\"lazy\" decoding=\"async\" src=\"https:\/\/akasiayachting.com\/wp-content\/uploads\/2010\/08\/1282734094_2_anthony_quinn_koyu.jpg\" alt=\"Yunan Adalar\u0131 Mavi Yolculuk\" width=\"260\" height=\"173\" title=\"2_anthony_quinn_koyu\"\/><\/a><\/figure><\/div>\n\n\n\n<p>Sabah erkenden kaptan demir al\u0131p Rodos kanal\u0131n\u0131 erken saatlerde ge\u00e7meyi tercih eder. Gerek denizler \u00f6\u011fleden sonra ge\u00e7 saatlerde Rodos kanal\u0131 rahats\u0131z edici olabilir size g\u00fcn kaybettirmemek i\u00e7in ortalama 2.5 saatli bir seyirden sonra kaptan\u0131n\u0131z Rodos&#8217;a giri\u015f i\u015flemleri yaparken, sizde kahvalt\u0131n\u0131z\u0131 edersiniz. G\u00fcmr\u00fck ve liman i\u015flemleri bittikten sonra serbestsiniz. Tavsiyemiz antik kale duvarlar\u0131 i\u00e7indeki d\u00fckkanlar al\u0131\u015fveri\u015f i\u00e7in \u00e7ok ilgin\u00e7 ama \u00f6zellikle i\u00e7ki satan d\u00fckkanlar bol \u00e7e\u015fitli ve \u00e7ok ucuz, ama ba\u015fka se\u00e7eneklerinizde var e\u011fer d\u00fcnyada \u00e7ok iyi bilinen Lindos plaj\u0131na gitmek ve aday\u0131 dola\u015fmak isterseniz kaptan\u0131n\u0131z size minib\u00fcs kiralayacakt\u0131r. Ak\u015fama bir taverna ile ak\u015fam yeme\u011fi ve e\u011flence i\u00e7in anla\u015f\u0131n adan\u0131n renkli gecesi ve yunan m\u00fczi\u011fi ba\u015fka bir hareket verir adaya, gecenin her saatinde gelebilirsiniz yat\u0131n\u0131z sizi limanda bekliyor olacak.<\/p>\n\n\n\n<div style=\"height:1px\" aria-hidden=\"true\" class=\"wp-block-spacer\"><\/div>\n\n\n\n<h3 class=\"wp-block-heading\">3.G\u00fcn &#8211; Yunan Adalar\u0131 Mavi Yolculuk Rodos Simi Kos<\/h3>\n\n\n\n<div class=\"wp-block-image\"><figure class=\"alignright is-resized\"><a href=\"https:\/\/akasiayachting.com\/wp-content\/uploads\/2010\/08\/1282734102_3_halki_mare_koyu.jpg\" rel=\"nofollow\"><img loading=\"lazy\" decoding=\"async\" src=\"https:\/\/akasiayachting.com\/wp-content\/uploads\/2010\/08\/1282734102_3_halki_mare_koyu.jpg\" alt=\"Yunan Adalar\u0131 Mavi Yolculuk\" width=\"260\" height=\"174\" title=\"3_halki_mare_koyu\"\/><\/a><\/figure><\/div>\n\n\n\n<p>Sabah seyir yine erken saatte, maksat g\u00fcn kaybetmemek oldu\u011fundan iki saatlik bir seyirden sonra Alimia Adas\u0131nda demirliyoruz koydaki yar\u0131m ada seklindeki \u00e7\u0131k\u0131nt\u0131n\u0131n \u00fcst\u00fcnde k\u00fc\u00e7\u00fck bir kilise var, kumsal\u0131 \u00e7ok g\u00fczel ve su berrak kahvalt\u0131n\u0131z\u0131 burada veriyoruz bu g\u00fczel koyda biraz daha kal\u0131p \u00f6\u011flen yeme\u011fine yine buraday\u0131z sizde bu arada kumsal\u0131n tad\u0131n\u0131 \u00e7\u0131kar\u0131n. \u00d6\u011flen sonras\u0131 Chalki Adas\u0131na hareket ediyoruz kaptan\u0131n\u0131z isterseniz limana, isterseniz Ormos Potmos koyuna demirler ve geceleme i\u00e7in buraday\u0131z. Adan\u0131n liman\u0131n kar\u015f\u0131s\u0131nda uzunca bir kilise ve devam eden s\u0131ral\u0131 k\u00fc\u00e7\u00fck yunan ta\u015f evleri var olduk\u00e7a \u015firin k\u00fc\u00e7\u00fck bir bal\u0131k\u00e7\u0131 adas\u0131d\u0131r.<\/p>\n\n\n\n<div style=\"height:1px\" aria-hidden=\"true\" class=\"wp-block-spacer\"><\/div>\n\n\n\n<h3 class=\"wp-block-heading\">4.G\u00fcn &#8211; Yunan Adalar\u0131 Mavi Yolculuk Rodos Simi Kos <\/h3>\n\n\n\n<div class=\"wp-block-image\"><figure class=\"alignright is-resized\"><a href=\"https:\/\/akasiayachting.com\/wp-content\/uploads\/2010\/08\/1282734107_4_tlos3.jpg\" rel=\"nofollow\"><img loading=\"lazy\" decoding=\"async\" src=\"https:\/\/akasiayachting.com\/wp-content\/uploads\/2010\/08\/1282734107_4_tlos3.jpg\" alt=\"Yunan Adalar\u0131 Mavi Yolculuk\" width=\"261\" height=\"171\" title=\"4_tlos3\"\/><\/a><\/figure><\/div>\n\n\n\n<p>Sabah yine erken hareket ediyoruz iki bu\u00e7uk saatlik seyir sonras\u0131 Tilos Adas\u0131n\u0131n g\u00fcneyinde vadi \u015feklindeki bir koya demirleyerek sabah kahvalt\u0131s\u0131n\u0131 ve y\u00fczme molas\u0131n\u0131 burada al\u0131yor olacaks\u0131n\u0131z, adalarda deniz \u00e7ok temiz ve berrakt\u0131r y\u00fczme molas\u0131 bittikten sonra tekrar demir al\u0131n\u0131r ve yar\u0131m saatlik seyir sonras\u0131 Agios Koyunda demirleyip \u00f6\u011flen yeme\u011fi i\u00e7in burada kal\u0131n\u0131r. Kahveleriniz ve siestadan sonra adan\u0131n kuzeyindeki k\u00fc\u00e7\u00fck bal\u0131k\u00e7\u0131 kasabas\u0131n\u0131n \u00f6n\u00fcne gelinir ve demirler kaptan\u0131n\u0131z k\u0131y\u0131da k\u00fc\u00e7\u00fck sala\u015f bal\u0131k\u00e7\u0131 lokantalar\u0131 var isterseniz anla\u015f\u0131n biriyle \u00e7ok g\u00fczel taze bal\u0131k ve ahtapot \u0131zgara yap\u0131yorlar ya da kal\u0131n yat\u0131n\u0131z da a\u015f\u00e7\u0131n\u0131z haz\u0131rlas\u0131n size, yemekten sonra arzunuza g\u00f6re k\u0131y\u0131daki tavernalarda yunan m\u00fczi\u011fi dinleyip sirtaki dans\u0131 seyredebilirsiniz..<\/p>\n\n\n\n<div style=\"height:1px\" aria-hidden=\"true\" class=\"wp-block-spacer\"><\/div>\n\n\n\n<h3 class=\"wp-block-heading\">5.G\u00fcn &#8211; Yunan Adalar\u0131 Mavi Yolculuk Rodos Simi Kos  <\/h3>\n\n\n\n<div class=\"wp-block-image\"><figure class=\"alignright is-resized\"><a href=\"https:\/\/akasiayachting.com\/wp-content\/uploads\/2010\/08\/1282734108_5_datca.jpg\" rel=\"nofollow\"><img loading=\"lazy\" decoding=\"async\" src=\"https:\/\/akasiayachting.com\/wp-content\/uploads\/2010\/08\/1282734108_5_datca.jpg\" alt=\"Yunan Adalar\u0131 Mavi Yolculuk\" width=\"262\" height=\"175\" title=\"5_datca\"\/><\/a><\/figure><\/div>\n\n\n\n<p>Yine erkenden hareket ediyoruz, seyrimiz biraz daha uzunca ortalama \u00fc\u00e7 bu\u00e7uk saatlik bir seyirden sonra Simi Adas\u0131n\u0131n g\u00fcneyindeki bir koyda demirliyoruz bu g\u00fczel koyda sabah kahvalt\u0131s\u0131 ve y\u00fczme molas\u0131 verildikten sonra yine demir al\u0131p adan\u0131n yo\u011fun yerle\u015fiminin bulundu\u011fu kuzey taraf\u0131na bir saatlik seyirle liman\u0131na yana\u015f\u0131yoruz, kaptan\u0131n\u0131z \u00e7\u0131k\u0131\u015f i\u015flemleri yaparken misafirlerimizde gidip al\u0131\u015fveri\u015f yap\u0131p bu \u015firin Akdeniz adas\u0131n\u0131 ke\u015ffedebilirler saat be\u015fe do\u011fru kaptan\u0131n\u0131z ya simi adas\u0131nda kalmak ya da Dat\u00e7a&#8217;ya yola \u00e7\u0131kmak \u00fczere se\u00e7enek sunacakt\u0131r sizlere ya tavernal\u0131 bir gece daha ge\u00e7irin, Simide ya da demir al\u0131p k\u0131rk dakikal\u0131k bir seyirle Dat\u00e7a Liman\u0131na yana\u015f\u0131p g\u00fcmr\u00fck i\u015flemleri bitince kaptan\u0131n\u0131z sizi ak\u015fam yeme\u011fine yat\u0131ya Karg\u0131 Koyuna g\u00f6t\u00fcrecektir k\u0131y\u0131da \u00e7ok g\u00fczel bir lokanta ve k\u0131y\u0131 band\u0131 var, isterseniz sahile \u00e7\u0131kabilirsiniz.<\/p>\n\n\n\n<div style=\"height:1px\" aria-hidden=\"true\" class=\"wp-block-spacer\"><\/div>\n\n\n\n<h3 class=\"wp-block-heading\">6.G\u00fcn &#8211; Yunan Adalar\u0131 Mavi Yolculuk Rodos Simi Kos   <\/h3>\n\n\n\n<div class=\"wp-block-image\"><figure class=\"alignright is-resized\"><a href=\"https:\/\/akasiayachting.com\/wp-content\/uploads\/2010\/08\/1282734114_6_bozuk_kale.jpg\" rel=\"nofollow\"><img loading=\"lazy\" decoding=\"async\" src=\"https:\/\/akasiayachting.com\/wp-content\/uploads\/2010\/08\/1282734114_6_bozuk_kale.jpg\" alt=\"Yunan Adalar\u0131 Mavi Yolculuk\" width=\"260\" height=\"173\" title=\"6_bozuk_kale\"\/><\/a><\/figure><\/div>\n\n\n\n<p>Sabah hareket yine erkenden rotam\u0131z dirsek b\u00fck\u00fc kahvalt\u0131y\u0131 bu g\u00fczel koyda sunuyoruz. Sizlere, mavinin \u00e7e\u015fitli renkleri olan bu koyda \u00e7ok uzun kalm\u0131yoruz, demir kald\u0131r\u0131p Bozukkaleye d\u00fcmen \u00e7eviriyoruz. \u00d6\u011flen yeme\u011fi ve sonras\u0131ndaki siyesta i\u00e7in sessiz ve sakin bu g\u00fczel koy ayn\u0131 zamanda do\u011fal bir bar\u0131nak sadece bu koyda g\u00fcnlerce duran yatlar var ama \u00f6yle \u00e7ok yer var ki g\u00f6recek, hemen yar\u0131m saatlik mesafedeki Ser\u00e7e Liman\u0131 gecelemek i\u00e7in m\u00fckemmel. Kaptan\u0131n\u0131z yat\u0131 emniyetli bir yere ba\u011flayarak geceye haz\u0131rlan\u0131r be\u015f \u00e7ay\u0131 ile isterseniz bisk\u00fcvi ve kuru pastalar\u0131n\u0131z e\u015flik etsin ya da aperatiflerinizi isterseniz buz gibi bir bira ya da rak\u0131 s\u00fcslesin. A\u015f\u00e7\u0131n\u0131z mangal saatine kadar geceye haz\u0131rlan\u0131rken sizde devam\u0131n\u0131 mangal yan\u0131ndaki \u00e7ilingir sofras\u0131nda getirin ama m\u00fckemmel sofran\u0131zda eksiksiz sizi bekliyor olacakt\u0131r.<\/p>\n\n\n\n<div style=\"height:1px\" aria-hidden=\"true\" class=\"wp-block-spacer\"><\/div>\n\n\n\n<h3 class=\"wp-block-heading\">7.G\u00fcn &#8211; Yunan Adalar\u0131 Mavi Yolculuk Rodos Simi Kos   <\/h3>\n\n\n\n<div class=\"wp-block-image\"><figure class=\"alignright is-resized\"><a href=\"https:\/\/akasiayachting.com\/wp-content\/uploads\/2010\/08\/1282734125_7_rota_cennet_adasi_marmaris.jpg\" rel=\"nofollow\"><img loading=\"lazy\" decoding=\"async\" src=\"https:\/\/akasiayachting.com\/wp-content\/uploads\/2010\/08\/1282734125_7_rota_cennet_adasi_marmaris.jpg\" alt=\"Yunan Adalar\u0131 Mavi Yolculuk\" width=\"261\" height=\"174\" title=\"7_rota_cennet_adasi%20marmaris\"\/><\/a><\/figure><\/div>\n\n\n\n<p>Aceleye gerek yok kahvalt\u0131dan evvel sabah\u0131n dingin saatlerinde metrelerce derinli\u011fin g\u00f6r\u00fcld\u00fc\u011f\u00fc bu kristal denizde y\u00fczmenin keyfini \u00e7\u0131kar\u0131n denizden \u00e7\u0131kt\u0131\u011f\u0131n\u0131zda bol \u00e7e\u015fitli kahvalt\u0131n\u0131z sizi bekleyecektir. Sonras\u0131nda bir saatlik mesafedeki Arap Adas\u0131n\u0131n arkas\u0131nda e\u011fer m\u00fcsaitse \u00e7ok m\u00fckemmel bir koy var hava \u015fartlar\u0131na g\u00f6re girebilmek m\u00fcmk\u00fcn olursa bu tek yatl\u0131k koyda kendinizi \u00e7ok \u00f6zel hissedeceksiniz. Daha sonra rotam\u0131z \u00c7iftlik Liman\u0131 \u00f6\u011flen yeme\u011fi ve y\u00fczme molas\u0131nda buraday\u0131z ak\u015fama geceleme i\u00e7in Cennet Adas\u0131nday\u0131z geceyi renklendirmek i\u00e7in a\u015f\u00e7\u0131n\u0131z\u0131n tela\u015f\u0131 ve mutfaktaki kokular i\u015ftah\u0131n\u0131z\u0131 a\u00e7acakt\u0131r varsa \u00e7\u0131kar\u0131n akl\u0131n\u0131zdan diyeti. D\u00f6n\u00fc\u015f h\u00fcz\u00fcnl\u00fc oldu\u011fu kadar sevin\u00e7tir bir anlamda yar\u0131na yolcusunuz bir hafta boyunca size hizmet ve h\u00fcrmet eden bu personeli hat\u0131ralar\u0131n\u0131z\u0131n bir yerinde tutacaks\u0131n\u0131z do\u011fru personeli bulmak her zaman \u015fanst\u0131r denizde bu nedenle g\u00f6nl\u00fcn\u00fczden ge\u00e7eni zarf\u0131n\u0131za koyun ve verin onlara ki denizde \u00e7al\u0131\u015fmak daha bir keyifli olsun sizde m\u00fcsterih olun.<\/p>\n\n\n\n<div style=\"height:1px\" aria-hidden=\"true\" class=\"wp-block-spacer\"><\/div>\n\n\n\n<h3 class=\"wp-block-heading\">8.G\u00fcn &#8211; Yunan Adalar\u0131 Mavi Yolculuk Rodos Simi Kos   <\/h3>\n\n\n\n<p>Sabah tabii olarak daha erken kalkars\u0131n\u0131z bu belki sevdiklerinize sa\u011f salim kavu\u015fma sevinci ya da denizle vedala\u015fma i\u00e7indir zor gelinir denizle oyna\u015fmaktan, kahvalt\u0131ya, sonras\u0131 kaptan\u0131n\u0131 vira bismillah derken dingin ve bronzla\u015fm\u0131\u015f bedenler ve par\u0131ldayan g\u00f6zler haz\u0131rd\u0131r yolculu\u011fa daha bir yak\u0131\u015f\u0131r giysiler sanki. limana yana\u015fan kaptan\u0131n\u0131z derin bir oh \u00e7ekerken salimen d\u00f6n\u00fc\u015f\u00fcn hazz\u0131 ile transfer arac\u0131n\u0131z sizi bekliyor olacakt\u0131r.<br>Gemiciler valizleri yerle\u015ftirirlerken seneye kavu\u015fmak \u00fcst\u00fcnedir vedalar.<\/p>\n\n\n\n<div class=\"wp-block-buttons is-content-justification-right is-layout-flex wp-block-buttons-is-layout-flex\">\n<div class=\"wp-block-button is-style-outline is-style-outline--2\"><a class=\"wp-block-button__link\" href=\"https:\/\/akasiayachting.com\/tr\/contact-us\/\" target=\"_blank\" rel=\"noreferrer noopener\">Bize Ula\u015f\u0131n<\/a><\/div>\n<\/div>\n","protected":false},"excerpt":{"rendered":"<p>Yunan Adalar\u0131 mavi yolculuk Rodos Simi Kos rotas\u0131 genelde mavi yolculu\u011fa \u00e7\u0131kan misafirlerimizce y\u0131llard\u0131r al\u0131\u015f\u0131lagelmi\u015f bilinen koylar\u0131 ziyaret etmektedir. Bundan dolay\u0131d\u0131r ki art\u0131k daha farkl\u0131 yerleri gezip g\u00f6rmek istemektedirler. Son y\u0131llarda olduk\u00e7a pop\u00fcler olan yak\u0131n kom\u015fumuz olan Yunanistan&#8217;a ait adalar farkl\u0131 bir k\u00fclt\u00fcr ya\u015famak isteyenler taraf\u0131ndan tercih edilmektedir. Bizler bu tercihlerden birini de\u011ferlendirerek sayfam\u0131za Marmaris, [&hellip;]<\/p>\n","protected":false},"author":3,"featured_media":6336,"parent":0,"menu_order":19,"comment_status":"closed","ping_status":"closed","template":"","meta":{"footnotes":""},"class_list":["post-1874","page","type-page","status-publish","has-post-thumbnail","hentry"],"_links":{"self":[{"href":"https:\/\/akasiayachting.com\/tr\/wp-json\/wp\/v2\/pages\/1874","targetHints":{"allow":["GET"]}}],"collection":[{"href":"https:\/\/akasiayachting.com\/tr\/wp-json\/wp\/v2\/pages"}],"about":[{"href":"https:\/\/akasiayachting.com\/tr\/wp-json\/wp\/v2\/types\/page"}],"author":[{"embeddable":true,"href":"https:\/\/akasiayachting.com\/tr\/wp-json\/wp\/v2\/users\/3"}],"replies":[{"embeddable":true,"href":"https:\/\/akasiayachting.com\/tr\/wp-json\/wp\/v2\/comments?post=1874"}],"version-history":[{"count":42,"href":"https:\/\/akasiayachting.com\/tr\/wp-json\/wp\/v2\/pages\/1874\/revisions"}],"predecessor-version":[{"id":7130,"href":"https:\/\/akasiayachting.com\/tr\/wp-json\/wp\/v2\/pages\/1874\/revisions\/7130"}],"wp:featuredmedia":[{"embeddable":true,"href":"https:\/\/akasiayachting.com\/tr\/wp-json\/wp\/v2\/media\/6336"}],"wp:attachment":[{"href":"https:\/\/akasiayachting.com\/tr\/wp-json\/wp\/v2\/media?parent=1874"}],"curies":[{"name":"wp","href":"https:\/\/api.w.org\/{rel}","templated":true}]}}