{"id":1856,"date":"2010-09-08T13:07:55","date_gmt":"2010-09-08T13:07:55","guid":{"rendered":"https:\/\/akasiayachting.com\/"},"modified":"2021-08-02T18:06:15","modified_gmt":"2021-08-02T15:06:15","slug":"mavi-tur-antalya","status":"publish","type":"page","link":"https:\/\/akasiayachting.com\/tr\/mavi-tur-antalya\/","title":{"rendered":"Mavi Tur Antalya"},"content":{"rendered":"\n<p>Mavi Tur Antalya rotas\u0131ndaki en \u00f6nemli \u00f6zellik antik medeniyetlerin yo\u011funlu\u011fudur.Ancak hemen Antalya&#8217;ya yak\u0131n olan k\u00f6pr\u00fcl\u00fc kanyonda rafting yapabilme imkan\u0131 bile var. \u0130lk durakta Phaselis ile ba\u015flayan ve hemen yak\u0131n\u0131ndaki Olmpos antik \u015fehirleri oldu\u011fu gibi Demre&#8217;de Andriake ve \u00fc\u00e7 a\u011f\u0131zlardaki Simena bu rotan\u0131n \u00fcst\u00fcnde bulunan antik \u015fehirlerin hepsi Likya devrinden kalmad\u0131r. En erken tarih olarak M.\u00d6. 2300 y\u0131l\u0131 d\u00fc\u015f\u00fcn\u00fclmektedir. \u015eehirler de Likya&#8217;n\u0131n yan\u0131 s\u0131ra Roma ve Bizans d\u00f6nemlerine ait yap\u0131lar da bulunmaktad\u0131r. Ayr\u0131ca adrenalin tutkunlar\u0131 i\u00e7in Ka\u015f&#8217;ta yama\u00e7 para\u015f\u00fct\u00fc yapabilme \u015fans\u0131 da bulunmaktad\u0131r.<\/p>\n\n\n\n<p>Bahsedilen g\u00fczelliklerin D\u00fcnya&#8217;da e\u015fine rastlayamazs\u0131n\u0131z. Y\u0131lda 4 mevsimi birarada ya\u015fayan cennet vatan\u0131m\u0131z\u0131n g\u00fcneyinde bulunan, yaratan\u0131n c\u00f6mertlik ederek bizlere vermi\u015f oldu\u011fu bu g\u00fczellikleri tahmin bile edemezsiniz. Rotalar\u0131m\u0131zda belirtmi\u015f oldu\u011fumuz bu g\u00fczellikleri okudu\u011funuzda bir\u015feyleri anlaman\u0131za birazc\u0131k yard\u0131mc\u0131 olabilirsek ne mutlu bize.<\/p>\n\n\n\n<p>Havaalan\u0131 ve marina aras\u0131nda mesafe ortalama 40 dakikad\u0131r. Transfer ara\u00e7lar\u0131m\u0131zla yada kendi imkanlar\u0131n\u0131zla, yata kat\u0131l\u0131m ak\u015fam 16:00&#8217;ya kadar olmal\u0131d\u0131r. Kamaralar\u0131n payla\u015f\u0131m\u0131 ve yerle\u015fme sonras\u0131 tan\u0131\u015fma kokteyli s\u0131ras\u0131nda kaptan\u0131n\u0131z yat\u0131n ve sizin g\u00fcvenli\u011finiz i\u00e7in bilmeniz gerekenler konusunda yard\u0131mc\u0131 olur ki bunlar sizin oldu\u011fu kadar di\u011fer misafirlerin tatillerinin selameti ve k\u0131ymetli zamanlar\u0131n\u0131z\u0131 bo\u015fa harcamama konusunda \u00e7okta \u00f6nemlidir. \u0130lk gece marinaday\u0131z. Ak\u015fam yeme\u011fi sonras\u0131 Antalya&#8217;y\u0131 g\u00f6rmek isterseniz kaptan\u0131n\u0131z size yard\u0131mc\u0131 olacakt\u0131r.Seyir sabah erken ba\u015fl\u0131yor. Kahvalt\u0131 ve y\u00fczme molas\u0131 i\u00e7in S\u0131\u00e7an Adas\u0131nday\u0131z. Ad\u0131n\u0131 g\u00f6r\u00fcnt\u00fcs\u00fcnden alan bu adan\u0131n yar\u0131s\u0131 depremlerle sulara g\u00f6m\u00fclm\u00fc\u015f \u00fcst\u00fcnde erken bizansa ait surlar bulunuyor. Rotam\u0131z Olympos belki de Akdeniz&#8217;in en sulak vadisidir her k\u00f6\u015fesinden tatl\u0131 su p\u0131narlar\u0131n\u0131n kaynad\u0131\u011f\u0131 ve \u00fc\u00e7 medeniyetin izlerini ta\u015f\u0131yan bu g\u00fczel \u015fehir hala \u00fcst\u00fcndeki harabeleri ile bize me kadar \u00f6nemli bir yer oldu\u011fu konusunda fikir veriyor. Korsan Zenikedes&#8217;in bir s\u00fcre yerlesti\u011fi bu g\u00fczel sehri denizden giri\u015fte iki lahitle kar\u015f\u0131lar. Sizi bir kaptana ait oldu\u011fu bilinen lahit kitabesinde yelkensiz ve direksiz bir geminin alt\u0131nda \u015f\u00f6yle yaz\u0131yor.&nbsp;2300 y\u0131ll\u0131k bu \u015fehir \u00e7ok ilgi \u00e7ekicidir.Gecelemek i\u00e7in rotam\u0131z Adrasan \u00c7avu\u015f K\u00f6y.<\/p>\n\n\n\n<p>Girdi limana demirledi gemi birdaha \u00e7\u0131kmamak \u00fczere,<\/p>\n\n\n\n<p>Art\u0131k ne r\u00fczgardan nede g\u00fcn \u0131\u015f\u0131\u011f\u0131ndan umut var,<\/p>\n\n\n\n<p>I\u015f\u0131k ta\u015f\u0131yan \u015fafa\u011f\u0131 terk ettikten sonra kaptan Eudemos<\/p>\n\n\n\n<p>G\u00f6m\u00fcld\u00fc oraya k\u0131sa \u00f6m\u00fcrl\u00fc k\u0131r\u0131lan bir dalgan\u0131n \u00fcst\u00fcndeki k\u00f6p\u00fck gibi<\/p>\n\n\n\n<h3 class=\"wp-block-heading\">2.G\u00fcn &#8211; Mavi Tur Antalya Ka\u015f Kalkan Rotas\u0131<\/h3>\n\n\n\n<div class=\"wp-block-image\"><figure class=\"alignright is-resized\"><a href=\"https:\/\/akasiayachting.com\/wp-content\/uploads\/2010\/08\/1282724549_2_demre_andraki.jpg\"><img loading=\"lazy\" decoding=\"async\" src=\"https:\/\/akasiayachting.com\/wp-content\/uploads\/2010\/08\/1282724549_2_demre_andraki.jpg\" alt=\"Mavi Tur Antalya Ka\u015f\" width=\"260\" height=\"173\" title=\"2_demre_andraki\"\/><\/a><\/figure><\/div>\n\n\n\n<p>G\u00fcn do\u011fmadan kalk\u0131yoruz bu g\u00fczel koydan yolumuz biraz uzunca ortalama 3.5 saatlik bir seyirle kahvalt\u0131 i\u00e7in \u00e7ay a\u011fz\u0131nday\u0131z Demre muhte\u015fem kumsallar\u0131 antik harabeleri ve noel baba diye bildi\u011fimiz Saint Nikola Kilisesi ile ve yine \u00fc\u00e7 medeniyetin izlerini tas\u0131yan tarihiyle merakl\u0131s\u0131na ger\u00e7ek bir g\u00f6z ziyafeti sunar. Ancak seyir sonunda kahvalt\u0131 \u00f6ncesi bu berrak koyda y\u00fczmek s\u00fcrpriz olacak size Demre \u00c7ay\u0131&#8217;n\u0131n so\u011fuklu\u011fu ve denizin s\u0131cakl\u0131\u011f\u0131 kar\u0131\u015fm\u0131yor. Kahvalt\u0131 sonras\u0131 ister karaya \u00e7\u0131k\u0131n ister harabeleri ke\u015ffedin yada Myra&#8217;n\u0131n muhte\u015fem amfitiyatrosunu ya da ince kumlu kumsala \u00e7\u0131k\u0131n. Kaptan\u0131n\u0131z yard\u0131mc\u0131 olacakt\u0131r e\u011fer sahile \u00e7\u0131karsan\u0131z sonundaki vaha g\u00f6r\u00fcn\u00fcml\u00fc derenin kenar\u0131na gidin ve suya girin kar suyu so\u011fuklu\u011fundak\u0131 bu sodal\u0131 dere cok ilgin\u00e7 ayr\u0131ca ge\u00e7meyen yaralara ve cilde iyi geldi\u011fini bildi\u011fimiz su kayna\u011f\u0131 \u00e7ok uzak de\u011fil. Ak\u015fama G\u00f6kkayaday\u0131z! bu sakin k\u00f6y adas\u0131 ve harabeleri ile \u00e7ok keyifli ve g\u00fcvenlidir. -Mavi Tur Antalya Ka\u015f Kalkan Rotas\u0131 <\/p>\n\n\n\n<div style=\"height:1px\" aria-hidden=\"true\" class=\"wp-block-spacer\"><\/div>\n\n\n\n<h3 class=\"wp-block-heading\">3.G\u00fcn &#8211; Mavi Tur Antalya Ka\u015f Kalkan Rotas\u0131<\/h3>\n\n\n\n<div class=\"wp-block-image\"><figure class=\"alignright is-resized\"><a href=\"https:\/\/akasiayachting.com\/wp-content\/uploads\/2010\/08\/1282724558_3_simena_kalekoy.jpg\"><img loading=\"lazy\" decoding=\"async\" src=\"https:\/\/akasiayachting.com\/wp-content\/uploads\/2010\/08\/1282724558_3_simena_kalekoy.jpg\" alt=\"Mavi Tur Antalya Ka\u015f\" width=\"259\" height=\"171\" title=\"3_simena_kalekoy\"\/><\/a><\/figure><\/div>\n\n\n\n<p>Kahvalt\u0131ya G\u00f6kkayaday\u0131z. Denizin ve koylar\u0131n k\u0131vr\u0131mlarla birbirini ok\u015fad\u0131\u011f\u0131 koy, \u00e7am ve kekik kokular\u0131yla ba\u015f d\u00f6nd\u00fcr\u00fcc\u00fc. Kale k\u00f6y\u00fcn\u00fcn denizci k\u0131zlar\u0131 k\u0131\u015f boyunca yapt\u0131klar\u0131 el eme\u011fi \u015fal, pareo yada e\u015farplar\u0131 satarak okul harcl\u0131klar\u0131n\u0131 \u00e7\u0131kar\u0131yorlar ufak sandallar\u0131 ile bu becerikli k\u0131zlar her dildende sat\u0131\u015f yapacak kadar yabanc\u0131 lisan konu\u015fabiliyorlar kahvalt\u0131 sonras\u0131 rotam\u0131z bat\u0131k \u015fehir Simena bu 2700 y\u0131ll\u0131k sehir ve \u00fcst\u00fcnde bulundu\u011fu ada depremler sonunda sulara birkac metre batm\u0131\u015f su alt\u0131ndak\u0131 harabeleri g\u00f6rmek i\u00e7in durgun saatler de orda olmak yeterli. \u00d6\u011flen yeme\u011finden \u00f6nce Kale&#8217;ye u\u011fruyoruz a\u00e7\u0131k m\u00fcze olmakl\u0131\u011f\u0131 ve y\u00fcksekli\u011fi nedeni ile \u00dc\u00e7a\u011f\u0131zlar\u0131 g\u00f6r\u00fcnt\u00fcleyebilece\u011finiz en g\u00fczel yer isterseniz \u00f6\u011flen yeme\u011fi i\u00e7in sahildeki lokantalarla anla\u015f\u0131n taze bal\u0131k ve ahtapotu kekikli zeytinya\u011f\u0131nda mangalda pi\u015firiyorlar, harika \u00e7ok begeneceksiniz. \u00d6\u011flen sonu rotam\u0131z ku\u015fluk ya da ada bo\u011faz\u0131 y\u00fczme molas\u0131 s\u0131ras\u0131nda aperatifler ak\u015fam \u00e7ay\u0131 ve siesta sonras\u0131 doldurun yelkenlerinizi f\u0131r\u0131\u015fka r\u00fczgarla gecerken k\u00f6rfezi boydan boya \u00dc\u00e7a\u011f\u0131zlar\u0131n yak\u0131n\u0131ndaki m\u00fcsait koylarda geceleyin. -Mavi Tur Antalya Ka\u015f Kalkan Rotas\u0131  <\/p>\n\n\n\n<h3 class=\"wp-block-heading\">4.G\u00fcn Mavi Tur Antalya Ka\u015f Kalkan Rotas\u0131 <\/h3>\n\n\n\n<div class=\"wp-block-image\"><figure class=\"alignright is-resized\"><a href=\"https:\/\/akasiayachting.com\/wp-content\/uploads\/2010\/08\/1282724559_4_bayindir.jpg\"><img loading=\"lazy\" decoding=\"async\" src=\"https:\/\/akasiayachting.com\/wp-content\/uploads\/2010\/08\/1282724559_4_bayindir.jpg\" alt=\"Mavi Tur Antalya Ka\u015f\" width=\"260\" height=\"173\" title=\"4_bayindir\"\/><\/a><\/figure><\/div>\n\n\n\n<p>Kahvalt\u0131y\u0131 bulundu\u011funuz koyda haz\u0131rlas\u0131n a\u015f\u00e7\u0131n\u0131z \u00e7e\u015fitler\u00e7e ama siz sabah\u0131n durgunlu\u011funu at\u0131n bir \u00fcst\u00fcn\u00fczden. Deniz billur berrak, su s\u0131cakl\u0131\u011f\u0131 mukemmel. k\u0131p\u0131rt\u0131s\u0131z denizde buralarda olman\u0131n ayr\u0131cal\u0131\u011f\u0131n\u0131 ya\u015fay\u0131n. kahvalt\u0131 bitiminde rotam\u0131z\u0131 Ka\u015f&#8217;a \u00e7evirir kaptan\u0131m\u0131z dar bo\u011faz ulu burun derken filmlere konu olmu\u015f Kastellorizon Meyisti Adas\u0131n\u0131 gecince Ka\u015f g\u00f6z\u00fck\u00fcr.\u00d6\u011flen hemen yak\u0131n\u0131ndaki Bay\u0131nd\u0131r Koyunday\u0131z. Y\u00fczmek ve su sporlar\u0131 i\u00e7in m\u00fcsait bu koy kalmak i\u00e7inde \u00e7ok m\u00fcsait ama geceleme\u011fe hem su ve elektrik hem de kumanya takviyesi i\u00e7in Ka\u015f Liman\u0131nday\u0131z. Ak\u015fam \u00fczeri kartal gibi limana ini\u015f yapan yama\u00e7 para\u015f\u00fct\u00e7\u00fcleri adrenalin sevenler i\u00e7in m\u00fcthi\u015f macera ama g\u00fcn bat\u0131m\u0131na gemicilerden bir \u015fi\u015fe \u015farap ve iki kadeh isteyin hemen mendirek \u00fcst\u00fcne, g\u00fcn bat\u0131m\u0131n\u0131 buradan seyredin doyumsuzdur. Ak\u015fam yeme\u011fine d\u0131\u015far\u0131da almak isterseniz hemen liman \u00fcst\u00fcndeki her zaman g\u00fcl\u00fcmsiyen ve yemekleri c\u00f6mertli\u011fi ve misafirperverli\u011fi ile Smiles Restorant&#8217;\u0131 tavsiye ediyoruz arad\u0131\u011f\u0131n\u0131z her t\u00fcrl\u00fc lezzeti uygun fiatlarla bulacaks\u0131n\u0131z canl\u0131 m\u00fczik yapan bir dolu yer var tercih etti\u011finiz m\u00fczi\u011fi dinleyebilece\u011finiz. -Mavi Tur Antalya Ka\u015f Kalkan Rotas\u0131  <\/p>\n\n\n\n<h3 class=\"wp-block-heading\">5.G\u00fcn &#8211; Mavi Tur Antalya Ka\u015f Kalkan Rotas\u0131  <\/h3>\n\n\n\n<div class=\"wp-block-image\"><figure class=\"alignright is-resized\"><a href=\"https:\/\/akasiayachting.com\/wp-content\/uploads\/2010\/08\/1282724565_5_karoloz_kekova_.jpg\"><img loading=\"lazy\" decoding=\"async\" src=\"https:\/\/akasiayachting.com\/wp-content\/uploads\/2010\/08\/1282724565_5_karoloz_kekova_.jpg\" alt=\"Mavi Tur Antalya Ka\u015f\" width=\"260\" height=\"171\" title=\"5_karoloz_kekova_\"\/><\/a><\/figure><\/div>\n\n\n\n<p>Kahvalt\u0131 Ka\u015f Liman\u0131nda, hemen sonras\u0131 demir al\u0131yoruz rotam\u0131z \u00dc\u00e7a\u011f\u0131zlar. \u0130\u00e7 denizdeki \u00dc\u00e7a\u011fiz K\u00f6y\u00fcnde demirliyoruz. Hemen kar\u015f\u0131da Likya lahitleri duruyor isterseniz k\u00f6y\u00fc ve lah\u0131tleri g\u00f6r\u00fcn \u00f6\u011flen yeme\u011fine buraday\u0131z ama sonras\u0131 vira demir yak\u0131n koylardan birinde y\u00fczmek ve siyesta i\u00e7in gidiyoruz ak\u015fam yeme\u011fi i\u00e7in gidece\u011fimiz koy karaloz koyu bu e\u015fsiz g\u00fczellikten pay almak i\u00e7in gecikmemek gerek zira yat\u0131ya kalmak isteyen yatlardan \u00f6nce gece i\u00e7in gidip yer se\u00e7meliyiz. Bir at ba\u015f\u0131 gibi kaylardaki ge\u00e7itten i\u00e7eri giren bu koy mavinin t\u00fcm renklerine sahip berrak ve sakin deniz insana r\u00fcya hissi veriyor. Geceniz a\u015f\u00e7\u0131n\u0131z\u0131n mahareti ile neler yapabildi\u011fini g\u00f6sterdi\u011fi \u015f\u00f6lene d\u00f6n\u00fc\u015fs\u00fcn y\u0131ld\u0131zlar, saman yolu ge\u00e7idi \u00f6yle net ve yak\u0131n ki bu sessizli\u011fi m\u00fczikle s\u00fcsleyin ve bu hareketli g\u00fcn\u00fc dost meclisinde meyden de\u011fil ama bu huzur ve g\u00fczellikten sarho\u015f olarak demlenin. -Mavi Tur Antalya Ka\u015f Kalkan Rotas\u0131  <\/p>\n\n\n\n<div style=\"height:1px\" aria-hidden=\"true\" class=\"wp-block-spacer\"><\/div>\n\n\n\n<h3 class=\"wp-block-heading\">6.G\u00fcn &#8211; Mavi Tur Antalya Ka\u015f Kalkan Rotas\u0131  <\/h3>\n\n\n\n<div class=\"wp-block-image\"><figure class=\"alignright is-resized\"><a href=\"https:\/\/akasiayachting.com\/wp-content\/uploads\/2010\/08\/1282724570_6_suluada.jpg\"><img loading=\"lazy\" decoding=\"async\" src=\"https:\/\/akasiayachting.com\/wp-content\/uploads\/2010\/08\/1282724570_6_suluada.jpg\" alt=\"Mavi Tur Antalya Ka\u015f\" width=\"260\" height=\"173\" title=\"6_suluada\"\/><\/a><\/figure><\/div>\n\n\n\n<p>Erken kalmak i\u00e7in zorlanmayacaks\u0131n\u0131z bu cam ve kekik kokulu koyda. Metrelerce derinlikten cak\u0131llar\u0131 sayabildi\u011finiz, mavinin her tonunu g\u00f6rebildi\u011finiz sabah\u0131 y\u00fczerek ya\u015fay\u0131n kahvalt\u0131 sonunda vira demir zira yolumuz uzun Finike K\u00f6rfezini ge\u00e7erken s\u0131rt\u0131 denilen olta d\u00fczeni ile bal\u0131k tutmay\u0131 deneyin. \u015eans\u0131n\u0131z varsa ve tam zaman\u0131nda iseniz orkinus yavrusu yakalaman\u0131z m\u00fcmk\u00fcn rotam\u0131z 3.5 saat eger hava sakinse Sulu Ada&#8217;n\u0131n kumsal\u0131na demirleyin ya da kara p\u0131nara \u00e7\u0131k\u0131n sahile kumsalda ya da ince \u00e7ak\u0131lda oynay\u0131n deniz kristal berrak. \u00d6\u011flen yeme\u011fine buradas\u0131n\u0131z. \u00d6\u011flen sonras\u0131 c\u0131kan r\u00fczgarla doldurun yelkenlerinizi ve yelkenle Sazak koyuna gelin. Sahilde \u00e7amlar\u0131 k\u00fc\u00e7\u00fck kumsal\u0131 ve kayal\u0131klar\u0131 ve sakin denizi ile tam bir g\u00f6rsel \u015f\u00f6len ama gecelemek i\u00e7in onceleri Olympos sehrinin g\u00fcvenli liman\u0131 olan Porto Cenevizdeyiz. Sahilde ince cak\u0131ll\u0131 kumsal harika sonunda bir bal\u0131kc\u0131 barakas\u0131 ve taze bal\u0131k var ya da yat\u0131n\u0131zda kal\u0131n a\u015f\u00e7\u0131n\u0131z mangal yaks\u0131n ve haz\u0131rlad\u0131\u011f\u0131 mangal kenar\u0131 \u00e7ilingir sofras\u0131na rak\u0131n\u0131z\u0131 kap\u0131p yana\u015f\u0131n. -Mavi Tur Antalya Ka\u015f Kalkan Rotas\u0131  <\/p>\n\n\n\n<div style=\"height:1px\" aria-hidden=\"true\" class=\"wp-block-spacer\"><\/div>\n\n\n\n<h3 class=\"wp-block-heading\">7.G\u00fcn &#8211; Mavi Tur Antalya Ka\u015f Kalkan Rotas\u0131  <\/h3>\n\n\n\n<div class=\"wp-block-image\"><figure class=\"alignright is-resized\"><a href=\"https:\/\/akasiayachting.com\/wp-content\/uploads\/2010\/08\/1282724572_7_maden.jpg\"><img loading=\"lazy\" decoding=\"async\" src=\"https:\/\/akasiayachting.com\/wp-content\/uploads\/2010\/08\/1282724572_7_maden.jpg\" alt=\"Mavi Tur Antalya Ka\u015f\" width=\"264\" height=\"176\" title=\"7_maden\"\/><\/a><\/figure><\/div>\n\n\n\n<p>Kahvalt\u0131 sonras\u0131 koylar yak\u0131n ve \u00e7e\u015fitli hemen \u00c7\u0131ral\u0131 Koyunun yan\u0131ndaki maden koyuna geliyoruz buras\u0131 deniz kaplumba\u011falar\u0131n\u0131n yumurta b\u0131rakt\u0131klar\u0131 sahillerden hemen koyun sonunda akan dere buray\u0131 vahaya benzetmi\u015f yemye\u015fil ama \u00e7\u0131ral\u0131 buraya \u00e7ok yak\u0131n, y\u00fcr\u00fcy\u00fc\u015f yapmak isterseniz kaptan\u0131n\u0131z yat\u0131n botuyla sizi sahile c\u0131kars\u0131n yakla\u015f\u0131k 30-35 dakikal\u0131k bir y\u00fcr\u00fcy\u00fc\u015ften sonra chimera yani \u00c7\u0131ral\u0131das\u0131n\u0131z. Bellarofontes&#8217;in a\u011fz\u0131ndan ate\u015f sa\u00e7an canavar Chimera sanki hala can \u00e7eki\u015fiyor da\u011f\u0131n belirli yerlerinden c\u0131kan do\u011fal gaz bir kibrit ate\u015fi ile tutu\u015fuyor zaten hemen yan\u0131ndaki denize en yak\u0131n ve en y\u00fcksek da\u011f olan Olympos butun ha\u015fmeti ile arkan\u0131zda ve yunan mitolojisindeki kahramanlar\u0131n hikayelerini do\u011frular gibi&#8230; evet biraz acele etmek gerek zira gecelemeye Phaselisteyiz. Bu Akdeniz&#8217;in nadir g\u00fczellikteki antik limanlardan biri olan Likya kentlerinin k\u00fc\u00e7\u00fck ama zengin \u015fehri, harabeleri ile ge\u00e7mi\u015fteki ihti\u015fam\u0131 anlat\u0131yor. \u00fc\u00e7 devrin izlerini ta\u015f\u0131yan bu kent sanki korsanlar ve tabiat ana taraf\u0131ndan cezaland\u0131r\u0131lm\u0131\u015f, harabelere d\u00f6n\u00fc\u015fm\u00fc\u015f buna ra\u011fmen kumsal\u0131 cam a\u011fa\u00e7lar\u0131, amfi tiyatrosu yar\u0131s\u0131 denize g\u00f6m\u00fclm\u00fc\u015f Akropolisi ile Akdenizin en g\u00fczel antik sehirlerinden biri oldugu kadar <a href=\"https:\/\/merkezyat.com\/satilik-yatlar\/\" data-type=\"URL\" data-id=\"https:\/\/merkezyat.com\/satilik-yatlar\/\" target=\"_blank\" rel=\"noopener\">yatlar<\/a> icinde g\u00fcvenli ve olduk\u00e7a korunakl\u0131d\u0131r. -Mavi Tur Antalya Ka\u015f Kalkan Rotas\u0131  <\/p>\n\n\n\n<h3 class=\"wp-block-heading\">8.G\u00fcn &#8211; Mavi Tur Antalya Ka\u015f Kalkan Rotas\u0131  <\/h3>\n\n\n\n<div class=\"wp-block-image\"><figure class=\"alignright is-resized\"><a href=\"https:\/\/akasiayachting.com\/wp-content\/uploads\/2010\/08\/1282724577_8_antalya_setur_marin.jpg\"><img loading=\"lazy\" decoding=\"async\" src=\"https:\/\/akasiayachting.com\/wp-content\/uploads\/2010\/08\/1282724577_8_antalya_setur_marin.jpg\" alt=\"Mavi Tur Antalya Ka\u015f\" width=\"260\" height=\"173\" title=\"8_antalya_setur_marin\"\/><\/a><\/figure><\/div>\n\n\n\n<p>Sabah kahvalt\u0131s\u0131n\u0131 bu e\u015fsiz antik limanda al\u0131n ama Antalya Liman\u0131na yolumuz uzun siz yol i\u00e7in haz\u0131rl\u0131klar\u0131n\u0131z\u0131 yaparken kaptan\u0131n\u0131z vira bismillah demir kald\u0131r\u0131p yola koyulmustur bile sonsuza dek veda etmeyin bu b\u00fcy\u00fcl\u00fc mavi yolculuk daha \u00e7ok kez \u00e7eker kendine sizi. Her g\u00fcn\u00fc ve sabah\u0131n\u0131 ayr\u0131 g\u00fczelliklerle uyanmak ba\u015fka seyahatlere mahsus de\u011fildir pek. Denizcilerin zarflar\u0131n\u0131 onlara olan vefan\u0131zla tamamlay\u0131n ve \u00f6yle g\u00f6n\u00fclden verinki bu yaln\u0131z denizciler, emeklerinin kar\u015f\u0131l\u0131\u011f\u0131nda bo\u015fa vakit kaybetmemi\u015f olsunlar zira onlar\u0131n \u00e7al\u0131\u015fma mevsimleri y\u0131lda alt\u0131 ay. Kalan zamanda yine yaln\u0131z yine umut dolu olacaklar zira denizci olmak ruh i\u015fidir ve \u00e7okta fazla denizci c\u0131km\u0131yor art\u0131k. Limana giriyoruz servis ara\u00e7lar\u0131m\u0131z bekler durumda denizciler valizlerinizi arac\u0131n\u0131za yerle\u015ftirsinler ve i\u015fte vedalar tekrar bulu\u015fmak \u00fczere&#8230; -Mavi Tur Antalya Ka\u015f Kalkan Rotas\u0131  <\/p>\n\n\n\n<div class=\"wp-block-buttons is-content-justification-right is-layout-flex wp-block-buttons-is-layout-flex\">\n<div class=\"wp-block-button is-style-outline is-style-outline--2\"><a class=\"wp-block-button__link\" href=\"https:\/\/akasiayachting.com\/tr\/contact-us\/\" target=\"_blank\" rel=\"noreferrer noopener\">Bize Ula\u015f\u0131n<\/a><\/div>\n<\/div>\n","protected":false},"excerpt":{"rendered":"<p>Mavi Tur Antalya rotas\u0131ndaki en \u00f6nemli \u00f6zellik antik medeniyetlerin yo\u011funlu\u011fudur.Ancak hemen Antalya&#8217;ya yak\u0131n olan k\u00f6pr\u00fcl\u00fc kanyonda rafting yapabilme imkan\u0131 bile var. \u0130lk durakta Phaselis ile ba\u015flayan ve hemen yak\u0131n\u0131ndaki Olmpos antik \u015fehirleri oldu\u011fu gibi Demre&#8217;de Andriake ve \u00fc\u00e7 a\u011f\u0131zlardaki Simena bu rotan\u0131n \u00fcst\u00fcnde bulunan antik \u015fehirlerin hepsi Likya devrinden kalmad\u0131r. En erken tarih olarak M.\u00d6. [&hellip;]<\/p>\n","protected":false},"author":3,"featured_media":6316,"parent":0,"menu_order":22,"comment_status":"closed","ping_status":"closed","template":"","meta":{"footnotes":""},"class_list":["post-1856","page","type-page","status-publish","has-post-thumbnail","hentry"],"_links":{"self":[{"href":"https:\/\/akasiayachting.com\/tr\/wp-json\/wp\/v2\/pages\/1856","targetHints":{"allow":["GET"]}}],"collection":[{"href":"https:\/\/akasiayachting.com\/tr\/wp-json\/wp\/v2\/pages"}],"about":[{"href":"https:\/\/akasiayachting.com\/tr\/wp-json\/wp\/v2\/types\/page"}],"author":[{"embeddable":true,"href":"https:\/\/akasiayachting.com\/tr\/wp-json\/wp\/v2\/users\/3"}],"replies":[{"embeddable":true,"href":"https:\/\/akasiayachting.com\/tr\/wp-json\/wp\/v2\/comments?post=1856"}],"version-history":[{"count":33,"href":"https:\/\/akasiayachting.com\/tr\/wp-json\/wp\/v2\/pages\/1856\/revisions"}],"predecessor-version":[{"id":7356,"href":"https:\/\/akasiayachting.com\/tr\/wp-json\/wp\/v2\/pages\/1856\/revisions\/7356"}],"wp:featuredmedia":[{"embeddable":true,"href":"https:\/\/akasiayachting.com\/tr\/wp-json\/wp\/v2\/media\/6316"}],"wp:attachment":[{"href":"https:\/\/akasiayachting.com\/tr\/wp-json\/wp\/v2\/media?parent=1856"}],"curies":[{"name":"wp","href":"https:\/\/api.w.org\/{rel}","templated":true}]}}