{"id":1852,"date":"2010-09-08T12:55:34","date_gmt":"2010-09-08T12:55:34","guid":{"rendered":"https:\/\/akasiayachting.com\/"},"modified":"2021-08-03T13:52:37","modified_gmt":"2021-08-03T10:52:37","slug":"mavi-yolculuk-bodrum","status":"publish","type":"page","link":"https:\/\/akasiayachting.com\/tr\/mavi-yolculuk-bodrum\/","title":{"rendered":"Mavi Yolculuk Bodrum"},"content":{"rendered":"\n<p>Misafirlerimize tavsiyemiz, mavi yo<a href=\"https:\/\/maviyolculuk.info\/mavi-yolculuk\" data-type=\"URL\" data-id=\"https:\/\/maviyolculuk.info\/mavi-yolculuk\" target=\"_blank\" rel=\"noopener\">lculuk<\/a> Bodrum rotam\u0131z\u0131n bir haftal\u0131k mavi yolculuk i\u00e7in Temmuz ve A\u011fustos aylar\u0131nda en uygun rotalardan biri olmas\u0131d\u0131r. Yaz sezonunun nemli ve s\u0131k\u0131c\u0131 havas\u0131 s\u00fcrekli esen r\u00fczgarlar ile hem yelkene m\u00fcsaittir hem de insan\u0131 nemden uzak tutar. Burada r\u00fczgardan kastedilen kuvvetli ve insan\u0131 bezdiren olmad\u0131\u011f\u0131 gibi insan\u0131 serinleten fri\u015fka yelken r\u00fczgarlar\u0131d\u0131r. Nemi de kurutur bu nedenle tavsiye edilen rotalar\u0131m\u0131zdan biri olmaktad\u0131r. Fakat Temmuz ve A\u011fustos aylar\u0131 serinli\u011fi nedeniyle \u00e7ok ki\u015fi taraf\u0131ndan tercih edildi\u011fi gibi zaman zaman koylarda demirlemek i\u00e7in yer bulmakta g\u00fc\u00e7l\u00fck \u00e7eken kaptanlar\u0131m\u0131z misafirlerine tura ba\u015flamadan \u00f6nce tan\u0131\u015fma esnas\u0131nda vermi\u015f oldu\u011fu brifing de durumu anlat\u0131r sonradan \u00e7\u0131kacak tats\u0131zl\u0131klar\u0131 \u00f6nlemi\u015f olur.<\/p>\n\n\n\n<p>Transfer arac\u0131 ile yata getirilen misafirler kabinlere yerle\u015ftirilir. Tan\u0131\u015fma kokteyli ve kaptan\u0131n\u0131z\u0131n g\u00fcvenli\u011finiz i\u00e7in yattaki bilmedi\u011finiz kurallar\u0131 \u00f6\u011freten tavsiyeleri sonras\u0131, eksikler yeniden sorulup tamamland\u0131ktan sonra vira bismillah rotam\u0131z (Tav\u015fan Burnu). Yakla\u015f\u0131k bir saatlik seyir sonras\u0131 koya yana\u015f\u0131rken, aman acele etmeyin kaptan\u0131n\u0131z manevray\u0131 bitirsin ve denize \u00f6yle atlay\u0131n. K\u0131sa bir y\u00fczme molas\u0131 ama daha g\u00fcvenli ve farkl\u0131 bir koya demir al\u0131yoruz. Bir saat sonra (Pabu\u00e7 Burnunday\u0131z). Ak\u015fama levrek mangal var, a\u015f\u00e7\u0131 mangal\u0131 yakarken siz de g\u00fcn batmadan rak\u0131lar\u0131 bir yoklay\u0131n bakal\u0131m. Sofra renk c\u00fcmb\u00fc\u015f\u00fc, <a title=\"Mavi Yolculuk\" href=\"https:\/\/akasiayachting.com\/tr\/mavi-yolculuk\/\">mavi yolculuk<\/a> esnas\u0131nda mangalda neler olmaz ki, tabii elbette i\u015fi bilen a\u015f\u00e7\u0131larla \u00e7al\u0131\u015f\u0131yoruz.<\/p>\n\n\n\n<h3 class=\"wp-block-heading\">2.G\u00fcn &#8211; Mavi Yolculuk Bodrum<\/h3>\n\n\n\n<div class=\"wp-block-image\"><figure class=\"alignright is-resized\"><a href=\"https:\/\/akasiayachting.com\/wp-content\/uploads\/2010\/08\/1282722322_2_rota_alakisla_kisse_buku.jpg\" rel=\"nofollow\"><img loading=\"lazy\" decoding=\"async\" src=\"https:\/\/akasiayachting.com\/wp-content\/uploads\/2010\/08\/1282722322_2_rota_alakisla_kisse_buku.jpg\" alt=\"Mavi yolculuk Bodrum Gokova\" width=\"261\" height=\"174\" title=\"2_rota_alakisla_kisse_buku\"\/><\/a><\/figure><\/div>\n\n\n\n<p>Sabah kahvalt\u0131s\u0131 ayn\u0131 koyda, bol \u00e7e\u015fitli kahvalt\u0131ya bir t\u00fcrl\u00fc veda edemiyorsan\u0131z bu normaldir, denizde i\u015ftah daha farkl\u0131d\u0131r, siz keyfinize bak\u0131n. Sonra vira \u00e7apa rotam\u0131z (Alak\u0131\u015fla Koyuna). Yakla\u015f\u0131k bir saatlik seyirle bu g\u00fczel bu berrak deniz ile g\u00f6rsel ziyafete d\u00f6n\u00fc\u015f\u00fcyor \u00f6\u011flen yeme\u011fi. Daha sonra siz kahvelerinizi yudumlarken hafif m\u00fczik sizi siestaya davet eder. Eh sizde b\u0131rak\u0131n kendinizi. Sonras\u0131nda kaptan gecelemek i\u00e7in (\u00c7\u00f6kertmeye) d\u00fcmen \u00e7evirir. \u00c7am a\u011fa\u00e7lar\u0131n\u0131n denize yapm\u0131\u015f oldu\u011fu g\u00f6lgeler ve koyun do\u011fan\u0131n i\u00e7inde bir ressam\u0131n yapt\u0131\u011f\u0131 kadar g\u00fczel g\u00f6r\u00fcnen bu e\u015fsiz k\u00f6\u015fe sizi b\u00fcy\u00fcleyecektir. Denizin uygun s\u0131cakl\u0131\u011f\u0131, saatlerin nas\u0131l ge\u00e7ti\u011fini fark etmeden \u00e7ocukla\u015ft\u0131r\u0131r sizi. \u00c7ay ve aperatif saatinde k\u0131\u00e7 \u00fcst\u00fcndeki masada topland\u0131\u011f\u0131n\u0131zda, denizde olman\u0131n ne b\u00fcy\u00fck nimet oldu\u011funu d\u00fc\u015f\u00fcneceksiniz.<\/p>\n\n\n\n<div style=\"height:1px\" aria-hidden=\"true\" class=\"wp-block-spacer\"><\/div>\n\n\n\n<h3 class=\"wp-block-heading\">3.G\u00fcn &#8211; Mavi Yolculuk Bodrum <\/h3>\n\n\n\n<div class=\"wp-block-image\"><figure class=\"alignright is-resized\"><a href=\"https:\/\/akasiayachting.com\/wp-content\/uploads\/2010\/08\/1282722325_3_rota_aga_kucukcati.jpg\" rel=\"nofollow\"><img loading=\"lazy\" decoding=\"async\" src=\"https:\/\/akasiayachting.com\/wp-content\/uploads\/2010\/08\/1282722325_3_rota_aga_kucukcati.jpg\" alt=\"Mavi yolculuk Bodrum Gokova\" width=\"261\" height=\"169\" title=\"3_rota_aga_kucukcati\"\/><\/a><\/figure><\/div>\n\n\n\n<p>Sabah kahvalt\u0131s\u0131nda ayn\u0131 koyday\u0131z. Gece ve g\u00fcnd\u00fcz farkl\u0131 \u0131\u015f\u0131klarla de\u011fi\u015fen koyun g\u00fczelli\u011fi m\u00fckemmel, kahvalt\u0131 sonunda bu akvaryum g\u00f6r\u00fcn\u00fcml\u00fc denizde bal\u0131klar\u0131 beslersiniz. Tabii ayr\u0131lmak zor bu g\u00fczel koydan ama r\u00fczgar ba\u015flad\u0131 art\u0131k, yelkenler fora rotam\u0131z Armoni Koyu. Sessiz yelken seyri denize daha \u00e7ok ba\u011flar sizi, \u00fc\u00e7 saat sonra Armoni Koyunday\u0131z. Uygun bir yere demirleyen kaptan\u0131n\u0131z, \u00f6\u011flen yeme\u011fi ve y\u00fczme molas\u0131n\u0131 burada verir ama g\u00fcn daha bitmedi vira bismillah ak\u015fam i\u00e7in \u00c7at\u0131 Koyunday\u0131z. Be\u015f \u00e7ay\u0131na sigara b\u00f6rekleri var ama ak\u015fama da mangal, neler yapabilece\u011finizi siz tahmin edin ama bize g\u00f6re rak\u0131n\u0131z\u0131 kap\u0131n ve a\u015f\u00e7\u0131n\u0131n yan\u0131na yerle\u015fin ,o size \u00e7ilingir sofras\u0131n\u0131 kurar orada, bu arada sofray\u0131 da unutmay\u0131n finali orda yapars\u0131n\u0131z.<\/p>\n\n\n\n<div style=\"height:1px\" aria-hidden=\"true\" class=\"wp-block-spacer\"><\/div>\n\n\n\n<h3 class=\"wp-block-heading\">4.G\u00fcn &#8211; Mavi Yolculuk Bodrum<\/h3>\n\n\n\n<div class=\"wp-block-image\"><figure class=\"alignright is-resized\"><a href=\"https:\/\/akasiayachting.com\/wp-content\/uploads\/2010\/08\/1282722330_4_rota_yediadalar.jpg\" rel=\"nofollow\"><img loading=\"lazy\" decoding=\"async\" src=\"https:\/\/akasiayachting.com\/wp-content\/uploads\/2010\/08\/1282722330_4_rota_yediadalar.jpg\" alt=\"Mavi yolculuk Bodrum Gokova\" width=\"260\" height=\"172\" title=\"4_rota_yediadalar\"\/><\/a><\/figure><\/div>\n\n\n\n<p>Pek \u00e7i\u011f ya\u011fmaz G\u00f6kova K\u00f6rfezine, g\u00fcverte de uyand\u0131ysan\u0131z yeni g\u00fcne, b\u0131rak\u0131n kendinizi denizin \u0131l\u0131k kollar\u0131na kahvalt\u0131 \u00e7an\u0131 duyulana dek sudan \u00e7\u0131kamazs\u0131n\u0131z. Bol \u00e7e\u015fitli kahvalt\u0131 sonunda \u00e7apa kald\u0131r\u0131yoruz, rotam\u0131z (\u00c7amalt\u0131 Koyu). Kaptan\u0131n\u0131z ortalama bir saatlik seyirle, yar\u0131m ada olu\u015fturmu\u015f y\u00fcksek tepelerin denizde dantel gibi i\u015flenmi\u015f \u00c7amalt\u0131 Koyuna yana\u015ft\u0131r\u0131r yat\u0131m\u0131z\u0131. D\u0131\u015far\u0131s\u0131 biraz kabar\u0131k deniz de olsa i\u00e7erisi s\u00fct liman. Manzara nefes kesici, \u00f6\u011flen yeme\u011fi ve kahvesi i\u00e7in buraday\u0131z. Ad\u0131 \u00fczerinde \u00e7amlar bu kadar yak\u0131n olunca denize, ad\u0131 da \u00c7amalt\u0131 olmu\u015f bu g\u00fczel koyun. Demiri (K\u00fcrfe&#8217;ye Koyuna) gecelemek i\u00e7in kald\u0131r\u0131yoruz, k\u0131sa bir seyir sonu haz\u0131rlanm\u0131\u015f b\u00f6reklerle \u00e7ay saati ve yat\u0131ya buraday\u0131z.<\/p>\n\n\n\n<div style=\"height:1px\" aria-hidden=\"true\" class=\"wp-block-spacer\"><\/div>\n\n\n\n<h3 class=\"wp-block-heading\">5.G\u00fcn &#8211; Mavi Yolculuk Bodrum<\/h3>\n\n\n\n<div class=\"wp-block-image\"><figure class=\"alignright is-resized\"><a href=\"https:\/\/akasiayachting.com\/wp-content\/uploads\/2010\/08\/1282722335_5_rota_tuzla.jpg\" rel=\"nofollow\"><img loading=\"lazy\" decoding=\"async\" src=\"https:\/\/akasiayachting.com\/wp-content\/uploads\/2010\/08\/1282722335_5_rota_tuzla.jpg\" alt=\"Mavi yolculuk Bodrum Gokova\" width=\"260\" height=\"171\" title=\"5_rota_tuzla\"\/><\/a><\/figure><\/div>\n\n\n\n<p>Sabah erkenden vira bismillah! Koylar o kadar \u00e7ok ki, g\u00f6sterebilece\u011fimiz kadar\u0131n\u0131 sunal\u0131m sizlere. Kahvalt\u0131 (Tuzla Koyunda), sonra tekrar vira demir (L\u00f6ng\u00f6z Koyu), g\u00f6rmeden gidilmez. Yat\u0131ya (\u0130ngiliz Liman\u0131nday\u0131z), yat\u0131m\u0131z\u0131n su ihtiyac\u0131n\u0131 ikmal etmek i\u00e7in (Okluk Koyunday\u0131z). Son d\u00f6nemlerde yelkencilerin ustas\u0131 say\u0131lan, d\u00fcnyay\u0131 geleneksel t\u0131rhandil yat\u0131 ile gezmi\u015f, bu b\u00fcy\u00fck y\u00fcrekli adam\u2019\u0131n Sadun Bora\u2019n\u0131n koyu da say\u0131l\u0131r. Koyun giri\u015finde Sadun Bora\u2019n\u0131n deniz k\u0131z\u0131 g\u00fcne\u015flenir, iskele taraf\u0131ndaki ta\u015f\u0131n \u00fcst\u00fcnde fikir babas\u0131 tabi\u00ee ki Sadun Bora\u2019d\u0131r. Her gidi\u015f geli\u015finde konu\u015fur deniz k\u0131z\u0131yla. Ye\u015filin t\u00fcrl\u00fc tonlar\u0131 ve denizciler i\u00e7in emniyetli olmas\u0131 ile kaptanlar\u0131n g\u00f6zde koylar\u0131ndand\u0131r.<\/p>\n\n\n\n<div style=\"height:1px\" aria-hidden=\"true\" class=\"wp-block-spacer\"><\/div>\n\n\n\n<h3 class=\"wp-block-heading\">6.G\u00fcn &#8211; Mavi Yolculuk Bodrum<\/h3>\n\n\n\n<div class=\"wp-block-image\"><figure class=\"alignright is-resized\"><a href=\"https:\/\/akasiayachting.com\/wp-content\/uploads\/2010\/08\/1282722339_6_rota_sehir_kleopatra_sedir_adasi.jpg\" rel=\"nofollow\"><img loading=\"lazy\" decoding=\"async\" src=\"https:\/\/akasiayachting.com\/wp-content\/uploads\/2010\/08\/1282722339_6_rota_sehir_kleopatra_sedir_adasi.jpg\" alt=\"Mavi yolculuk Bodrum Gokova\" width=\"259\" height=\"171\" title=\"6_rota_sehir_kleopatra_sedir_adasi\"\/><\/a><\/figure><\/div>\n\n\n\n<p>Kahvalt\u0131 \u0130ngiliz Liman\u0131 Okluk Koyunda. \u00c7amlar\u0131n kokusu yeniler insan\u0131 adeta, tabiat anan\u0131n bu kadar c\u00f6mert oldu\u011fu bu koydan hareket etmek gerek, zira rotam\u0131z (Sedir Adas\u0131na). A\u00e7\u0131kta r\u00fczgar alt\u0131 koyuna funda \u00e7apa, kaptan\u0131n\u0131z karaya \u00e7\u0131kman\u0131za yard\u0131mc\u0131 olacak, bu ilgin\u00e7 plajda Cleopatra\u2019n\u0131n y\u00fczd\u00fc\u011f\u00fc ve kumlar\u0131n\u0131n d\u0131\u015far\u0131dan getirildi\u011fi s\u00f6ylenir. Ne kadar do\u011fru bilinmez ama siz krali\u00e7e ile ayn\u0131 kumsal\u0131 payla\u015f\u0131n. D\u00f6n\u00fc\u015fte masan\u0131z haz\u0131r, yeme\u011finizin ve kahvelerinizin tad\u0131n\u0131 \u00e7\u0131kar\u0131n. Ak\u015fama(Karacas\u00f6\u011f\u00fct Liman\u0131nday\u0131z), iskeleye yana\u015fan kaptan\u0131n\u0131z, isterseniz yar\u0131m saatlik mesafedeki Marmaris\u2019in renkli gecelerine g\u00f6nderebilir sizi, tabii minib\u00fcsle ama se\u00e7enekleri kullanmak isterseniz, ya yatta kal\u0131n ak\u015fama sahil y\u00fcr\u00fcy\u00fc\u015f\u00fc yap\u0131n, ya da bu k\u00fc\u00e7\u00fck k\u00f6y\u00fc ke\u015ffe \u00e7\u0131k\u0131n.<\/p>\n\n\n\n<div style=\"height:1px\" aria-hidden=\"true\" class=\"wp-block-spacer\"><\/div>\n\n\n\n<h3 class=\"wp-block-heading\">7.G\u00fcn &#8211; Mavi Yolculuk Bodrum<\/h3>\n\n\n\n<div class=\"wp-block-image\"><figure class=\"alignright is-resized\"><a href=\"https:\/\/akasiayachting.com\/wp-content\/uploads\/2010\/08\/1282722342_7_rota_mazi_koyu.jpg\" rel=\"nofollow\"><img loading=\"lazy\" decoding=\"async\" src=\"https:\/\/akasiayachting.com\/wp-content\/uploads\/2010\/08\/1282722342_7_rota_mazi_koyu.jpg\" alt=\"Mavi yolculuk Bodrum Gokova\" width=\"258\" height=\"172\" title=\"7_rota_mazi_koyu\"\/><\/a><\/figure><\/div>\n\n\n\n<p>Sabah erkenden demir al\u0131yoruz. Yolumuz 2.5 saat, kahvalt\u0131 Maz\u0131 B\u00fck\u00fcnde. Bu turkuaz g\u00f6r\u00fcn\u00fcml\u00fc koyda durdu\u011fumuzda d\u00f6n\u00fc\u015f de ba\u015fl\u0131yor. Biliyoruz ki, tatilin pek \u00e7abuk ge\u00e7ti\u011fini d\u00fc\u015f\u00fcn\u00fcyorsunuz ama bilin ki do\u011fru grup, kaptan ve personelle tan\u0131\u015fmak da ba\u015flang\u0131\u00e7 i\u00e7in g\u00fczeldir. Maz\u0131 Koyunda kahvalt\u0131 ve y\u00fczme molas\u0131 sonras\u0131 rotam\u0131z (Orak Adas\u0131), \u00f6\u011fle yeme\u011fi burada, tekrar demir al\u0131yoruz (Tav\u015fan Burnu), be\u015f \u00e7ay\u0131, y\u00fczme molas\u0131, rotam\u0131z\u0131 kara adan\u0131n poyraz koyuna gecelemek i\u00e7in kal\u0131yoruz. Ak\u015fam yeme\u011fi sonunda Kos Adas\u0131n\u0131n uzaktan g\u00f6r\u00fcnen \u0131\u015f\u0131klar\u0131, ama ula\u015fmayan g\u00fcr\u00fclt\u00fcs\u00fc ile bir gece daha ge\u00e7iriyorsunuz.<\/p>\n\n\n\n<h3 class=\"wp-block-heading\">8.G\u00fcn &#8211; Mavi Yolculuk Bodrum<\/h3>\n\n\n\n<p>Art\u0131k d\u00f6n\u00fc\u015f tela\u015f\u0131 ba\u015flad\u0131. Sabah erkenden kalkan vedala\u015f\u0131r gibi denize girer, \u00f6yle ya seneye kim bilir ka\u00e7\u0131m\u0131z beraber olacak tatilde. G\u00f6n\u00fcl elbette ister ama \u015fartlar\u0131 tamamlamak gerek. Para, zaman, s\u0131hhat ve ille de istek. Siz isteyin biz haz\u0131rlayal\u0131m. Kahvalt\u0131dan sonra limanday\u0131z, vedala\u015fmadan \u00f6nce zarflar\u0131 personele veriniz ki, hafta boyunca size hizmet eden bu denizciler de sizi g\u00f6n\u00fcl rahatl\u0131\u011f\u0131 ile u\u011furlas\u0131n, valizler transfer arac\u0131na y\u00fcklenirken, vedalar tekrar bulu\u015fmak \u00fczere.<\/p>\n\n\n\n<div class=\"wp-block-buttons is-content-justification-right is-layout-flex wp-block-buttons-is-layout-flex\">\n<div class=\"wp-block-button is-style-outline is-style-outline--2\"><a class=\"wp-block-button__link\" href=\"https:\/\/akasiayachting.com\/tr\/contact-us\/\" target=\"_blank\" rel=\"noreferrer noopener\">Bize Ula\u015f\u0131n<\/a><\/div>\n<\/div>\n","protected":false},"excerpt":{"rendered":"<p>Misafirlerimize tavsiyemiz, mavi yolculuk Bodrum rotam\u0131z\u0131n bir haftal\u0131k mavi yolculuk i\u00e7in Temmuz ve A\u011fustos aylar\u0131nda en uygun rotalardan biri olmas\u0131d\u0131r. Yaz sezonunun nemli ve s\u0131k\u0131c\u0131 havas\u0131 s\u00fcrekli esen r\u00fczgarlar ile hem yelkene m\u00fcsaittir hem de insan\u0131 nemden uzak tutar. Burada r\u00fczgardan kastedilen kuvvetli ve insan\u0131 bezdiren olmad\u0131\u011f\u0131 gibi insan\u0131 serinleten fri\u015fka yelken r\u00fczgarlar\u0131d\u0131r. Nemi de [&hellip;]<\/p>\n","protected":false},"author":3,"featured_media":6208,"parent":0,"menu_order":24,"comment_status":"closed","ping_status":"closed","template":"","meta":{"footnotes":""},"class_list":["post-1852","page","type-page","status-publish","has-post-thumbnail","hentry"],"_links":{"self":[{"href":"https:\/\/akasiayachting.com\/tr\/wp-json\/wp\/v2\/pages\/1852","targetHints":{"allow":["GET"]}}],"collection":[{"href":"https:\/\/akasiayachting.com\/tr\/wp-json\/wp\/v2\/pages"}],"about":[{"href":"https:\/\/akasiayachting.com\/tr\/wp-json\/wp\/v2\/types\/page"}],"author":[{"embeddable":true,"href":"https:\/\/akasiayachting.com\/tr\/wp-json\/wp\/v2\/users\/3"}],"replies":[{"embeddable":true,"href":"https:\/\/akasiayachting.com\/tr\/wp-json\/wp\/v2\/comments?post=1852"}],"version-history":[{"count":21,"href":"https:\/\/akasiayachting.com\/tr\/wp-json\/wp\/v2\/pages\/1852\/revisions"}],"predecessor-version":[{"id":7211,"href":"https:\/\/akasiayachting.com\/tr\/wp-json\/wp\/v2\/pages\/1852\/revisions\/7211"}],"wp:featuredmedia":[{"embeddable":true,"href":"https:\/\/akasiayachting.com\/tr\/wp-json\/wp\/v2\/media\/6208"}],"wp:attachment":[{"href":"https:\/\/akasiayachting.com\/tr\/wp-json\/wp\/v2\/media?parent=1852"}],"curies":[{"name":"wp","href":"https:\/\/api.w.org\/{rel}","templated":true}]}}