{"id":1847,"date":"2010-09-08T12:48:58","date_gmt":"2010-09-08T12:48:58","guid":{"rendered":"https:\/\/akasiayachting.com\/"},"modified":"2021-08-03T14:32:56","modified_gmt":"2021-08-03T11:32:56","slug":"mavi-yolculuk-fethiye","status":"publish","type":"page","link":"https:\/\/akasiayachting.com\/tr\/mavi-yolculuk-fethiye\/","title":{"rendered":"Mavi Yolculuk Fethiye"},"content":{"rendered":"\n<p>Mavi yolculuk Fethiye sayfam\u0131z\u0131 ziyaret eden siz misafirlerimize tavsiyelerimiz \u015fudur. Yolumuz uzun rotam\u0131z G\u00f6cek Bodrum aras\u0131 15 g\u00fcn. Aman a\u011fz\u0131n\u0131z\u0131n tad\u0131 ka\u00e7mas\u0131n, genelde iki haftal\u0131k <a href=\"https:\/\/maviyolculuk.info\/yat-kiralama\" data-type=\"URL\" data-id=\"https:\/\/maviyolculuk.info\/yat-kiralama\" target=\"_blank\" rel=\"noopener\">yat kiralayan<\/a> misafirlerimize hitaben. L\u00fctfen mavi yolculuk i\u00e7in gelecek oldu\u011funuz arkada\u015f grubunuz da se\u00e7ici davranman\u0131zd\u0131r. Biz i\u015fletme olarak \u00f6nceden ya\u015fam\u0131\u015f oldu\u011fumuz deneyimlerimizi sizler ile payla\u015fmak istedik. Be\u011fendi\u011finiz yat\u0131n kabin say\u0131s\u0131 \u00e7ok ise grubunuz bunu doldurmaya yeterli de\u011filse, maliyeti d\u00fc\u015f\u00fcnerek ba\u015fka arkada\u015f bulup tekneyi doldurmaya \u00e7al\u0131\u015fmay\u0131n sonradan bulmu\u015f oldu\u011funuz arkada\u015flar\u0131n\u0131z 15 g\u00fcn boyunca sizlere uyum sa\u011flamayabilir en do\u011fru karar, arkada\u015f say\u0131n\u0131za g\u00f6re b\u00fct\u00e7enize uygun yat kiralamakt\u0131r, inan\u0131nki bizim her b\u00fct\u00e7e ve istemi\u015f oldu\u011funuz tarihte ki\u015fi say\u0131s\u0131na uygun mutlaka m\u00fcsait bir yat\u0131m\u0131z olacakt\u0131r, bu konuda sizleri yaln\u0131z b\u0131rakmay\u0131z.<\/p>\n\n\n\n<p>Misafirlerimizi havaalan\u0131ndan transfer arac\u0131 ile al\u0131p yat\u0131m\u0131za getiriyoruz. Gemiciler, verilen kabinlere valizleri yerle\u015ftirdikten sonra tan\u0131\u015fma kokteyli var. G\u00fcvenli\u011finiz ve rahat\u0131n\u0131z i\u00e7in kaptan\u0131n\u0131z kurallar\u0131 anlat\u0131yor, hemen sonra kaptan makineyi \u00e7al\u0131\u015ft\u0131r\u0131p vira bismillah diyor. \u0130lk koy uzak de\u011fil,(at b\u00fck\u00fc) g\u00fcn\u00fcn yorgunlu\u011funa dur demek gerek, ve ikinci koy, (bedri rahmi koyu) ilk etki en iyi etkidir s\u00f6z\u00fcne en iyi \u00f6rnek. Ak\u015fama, bir zamanlar bir yazara s\u00fcrg\u00fcn yeri olan bu cennetteyiz. Yazar\u0131n \u00e7izdi\u011fi bal\u0131k hala k\u0131y\u0131daki kayan\u0131n \u00fczerinde, kaptan\u0131n\u0131za sorun size g\u00f6stersin.<\/p>\n\n\n\n<h3 class=\"wp-block-heading\">2.G\u00fcn &#8211; Mavi Yolculuk Fethiye<\/h3>\n\n\n\n<p>Sabah\u0131n\u0131n ak\u015fam\u0131ndan daha da g\u00fczel oldu\u011fu bu koy, kahvalt\u0131da i\u015ftah a\u00e7\u0131yor, eh kahvalt\u0131da zaten eksik yok, rotam\u0131z g\u00f6cek koyunun en dibine, (bat\u0131k hamama) aman kaptan manevra yaparken sak\u0131n co\u015fup denize atlamay\u0131n, kaptan\u0131n\u0131z size do\u011fru zaman\u0131 s\u00f6yleyecektir. \u0130sterseniz yat\u0131n servis botu sizi k\u0131y\u0131dak\u0131 harabeye g\u00f6t\u00fcrs\u00fcn, rivayet Kleopatra\u2019n\u0131n burada y\u00fczd\u00fc\u011f\u00fcn\u00fc s\u00f6yler. Ama haks\u0131z da g\u00f6z\u00fckm\u00fcyor, be\u015f \u00e7ay\u0131 i\u00e7in tercihimiz (d\u0131\u015f g\u00f6b\u00fcn koyu) geceleme i\u00e7in (a\u011fa liman\u0131na) d\u00fcmen \u00e7eviriyoruz, bu emniyetli ve sakin koy sabah seyri i\u00e7in gerekli.<\/p>\n\n\n\n<h3 class=\"wp-block-heading\">3.G\u00fcn &#8211; Mavi Yolculuk Fethiye <\/h3>\n\n\n\n<div class=\"wp-block-image\"><figure class=\"alignright is-resized\"><a href=\"https:\/\/akasiayachting.com\/wp-content\/uploads\/2010\/08\/1282715258_3_route_kadirga_.jpg\" rel=\"nofollow\"><img loading=\"lazy\" decoding=\"async\" src=\"https:\/\/akasiayachting.com\/wp-content\/uploads\/2010\/08\/1282715258_3_route_kadirga_.jpg\" alt=\"Mavi yolculuk G\u00f6cek marmaris Bodrum\" class=\"wp-image-1055\" width=\"260\" height=\"173\" title=\"3_route_kadirga_\"\/><\/a><\/figure><\/div>\n\n\n\n<p>Sabah,\u015fafaktan \u00f6nce kaptan demir kald\u0131r\u0131r, kahvalt\u0131 bir ba\u015fka koyda. ister Yatakta kal\u0131n yada g\u00fcn do\u011fumunu seyretmeye g\u00fcverteye \u00e7\u0131k\u0131n. Kameran\u0131z\u0131 da al\u0131n \u00fc\u00e7 saat sonra kahvalt\u0131 i\u00e7in Ekincik Semizcedeyiz.Y\u00fczme molas\u0131 sonras\u0131 y\u00f6n\u00fcm\u00fcz (Marmaris Kumlu B\u00fck) \u00f6\u011flen yeme\u011fine buraday\u0131z. Bu sakin, ad\u0131 gibi nefis koy, yemek, su sporlar\u0131 ve dinlenmek i\u00e7in \u00e7ok g\u00fczel ama geceleme bir ba\u015fka yerde (Kad\u0131rga Koyunda) zira sabah yine seyir var.<\/p>\n\n\n\n<h3 class=\"wp-block-heading\">4.G\u00fcn &#8211; Mavi Yolculuk Fethiye <\/h3>\n\n\n\n<p>Kad\u0131rga Koyunun berrak denizi uyand\u0131rs\u0131n sizi, kahvalt\u0131 i\u00e7in bu e\u015fsiz g\u00f6r\u00fcnt\u00fcl\u00fc sabahtan sonra, rotam\u0131z\u0131 (Ser\u00e7e Liman\u0131). Bu sarp yama\u00e7lar aras\u0131ndaki g\u00fcvenli koy, aperatiflerinizi burada al\u0131n, keyifle y\u00fcz\u00fcn, sohbet edin, resimler \u00e7ekin. Be\u015f \u00e7ay\u0131 sonras\u0131 yine \u015f\u00f6len var. Tekrar hareket (Bozukkale) koyuna \u00e7eviriyoruz. Gecelemek i\u00e7in tepe de hala ayakta duran bu harabeler antik \u00e7a\u011flardan, koy da ad\u0131n\u0131 buradan al\u0131yor. Sanki duvar g\u00f6r\u00fcn\u00fcml\u00fc kayalar\u0131n aras\u0131ndan girilen bu koy, sakl\u0131 bir cennet gibi, a\u015f\u00e7\u0131n\u0131z geceyi doyumsuz yapmak i\u00e7in u\u011fra\u015f\u0131yor.<\/p>\n\n\n\n<h3 class=\"wp-block-heading\">5.G\u00fcn &#8211; Mavi Yolculuk Fethiye <\/h3>\n\n\n\n<div class=\"wp-block-image\"><figure class=\"alignright is-resized\"><a href=\"https:\/\/akasiayachting.com\/wp-content\/uploads\/2010\/08\/1282715270_5_route_dirsek_buku_.jpg\" rel=\"nofollow\"><img loading=\"lazy\" decoding=\"async\" src=\"https:\/\/akasiayachting.com\/wp-content\/uploads\/2010\/08\/1282715270_5_route_dirsek_buku_.jpg\" alt=\"Mavi yolculuk G\u00f6cek marmaris Bodrum\" class=\"wp-image-1063\" width=\"261\" height=\"174\" title=\"5_route_dirsek_buku_\"\/><\/a><\/figure><\/div>\n\n\n\n<p>Bozukkale Liman\u0131ndaki unutulmaz an\u0131lar haf\u0131zan\u0131zdan \u00e7\u0131kmayacak eminiz. Rotam\u0131z Bozburun, o zaman\u0131n s\u00fcnger ve bal\u0131k avc\u0131lar\u0131, \u015fimdilerde ah\u015faptan yat imal ediyor. B\u00fckte ve koyda onlarca yat in\u015fas\u0131 var, g\u00f6rmek m\u00fcmk\u00fcn. \u00d6\u011flen yeme\u011fi(Bozukkale Liman\u0131nda) yat\u0131n su ihtiyac\u0131 kar\u015f\u0131lan\u0131r. Tekrar hareket ederek (Kiliseli Adaday\u0131z) y\u00fczme molas\u0131 kahve ikram\u0131 ile \u015fenlenirken, \u00f6\u011flen sonu Hisar\u00f6n\u00fc K\u00f6rfezindeki (Dirsek B\u00fck\u00fcne) geliyoruz. Bu yerle\u015fimin hen\u00fcz u\u011framad\u0131\u011f\u0131 bakir b\u00f6lge, turkuaz mavisi denizi ile \u00e7ok g\u00fczeldir. Ak\u015fam i\u00e7in farkl\u0131 planlar\u0131n\u0131z yoksa, k\u00f6\u015fedeki yaln\u0131z restaurantta ak\u015fam yeme\u011fi i\u00e7in anla\u015fabilirsiniz. Taze bal\u0131k, kalamar ve ahtapotu \u00e7ok g\u00fczeldir.<\/p>\n\n\n\n<h3 class=\"wp-block-heading\">6.G\u00fcn &#8211; Mavi Yolculuk Fethiye <\/h3>\n\n\n\n<p>Sabah\u0131n erken \u0131\u015f\u0131klar\u0131, bol oksijenli, kekik kokan da\u011flar uyutmaz sizi. Denize girin, y\u00fczmek kahvalt\u0131ya kadar sabah sporu olsun. Biraz daha kal\u0131yoruz burada \u00e7\u00fcnk\u00fc yolumuz uzak de\u011fil. \u00d6\u011fleye do\u011fru Kemeriye Adas\u0131nday\u0131z. Yemek ve y\u00fczme molas\u0131 i\u00e7in demirliyoruz. Siesta\u2019dan sonra y\u00f6n\u00fcm\u00fcz (Selimiye K\u0131zkumu) yuzme molas\u0131 sonras\u0131 hedef Di\u015flice Adas\u0131 yana\u015f\u0131yoruz. Bu \u00e7ok ilgin\u00e7 kaya yap\u0131s\u0131 denize di\u011ferlerinden farkl\u0131 olarak derine dik olarak iner. Ba\u015fka koylarda g\u00f6rmedi\u011fimiz bu co\u011frafik yap\u0131 \u015fnorkel yapmak ve y\u00fczmek i\u00e7in m\u00fckemmel! Gece buraday\u0131z.<\/p>\n\n\n\n<h3 class=\"wp-block-heading\">7.G\u00fcn &#8211; Mavi Yolculuk Fethiye <\/h3>\n\n\n\n<div class=\"wp-block-image\"><figure class=\"alignright is-resized\"><a href=\"https:\/\/akasiayachting.com\/wp-content\/uploads\/2010\/08\/1282715276_7_route_datca_1.jpg\" rel=\"nofollow\"><img loading=\"lazy\" decoding=\"async\" src=\"https:\/\/akasiayachting.com\/wp-content\/uploads\/2010\/08\/1282715276_7_route_datca_1.jpg\" alt=\"Mavi yolculuk G\u00f6cek marmaris Bodrum\" class=\"wp-image-1067\" width=\"262\" height=\"175\" title=\"7_route_datca_1\"\/><\/a><\/figure><\/div>\n\n\n\n<p>Di\u015flice Adas\u0131ndaki kahvalt\u0131dan sonra,\u00c7iftlik Liman\u0131na hareket ediyoruz. Ortalama 1.5 saatlik bir seyirden sonra (\u00c7iftlik Liman\u0131nday\u0131z) \u00d6\u011flen yeme\u011fi i\u00e7in fazla uzunca kalmadan, kaptan kumanya takviyesi i\u00e7in Dat\u00e7aya \u00e7evirir rotay\u0131. \u0130kmal s\u0131ras\u0131nda sizde \u00e7\u0131k\u0131n bu \u015firin kasabay\u0131 gezin yada siestaya devam edin. Yolcular yata d\u00f6nd\u00fckten ve yat\u0131n ihtiya\u00e7lar\u0131 tamamland\u0131ktan sonra Karg\u0131 Koyu&#8217;nun yan\u0131ndaki akvaryum koyuna gelinir. Ad\u0131 kadar berrak ve ho\u015f bir koy buras\u0131, gecelemeyi burada yap\u0131yoruz.<\/p>\n\n\n\n<h3 class=\"wp-block-heading\">8.G\u00fcn &#8211; Mavi Yolculuk Fethiye <\/h3>\n\n\n\n<p>Karg\u0131 Koyu&#8217;nun denizden g\u00f6r\u00fcnen sahili ve dalgalar\u0131n f\u0131s\u0131ldayarak kumsalla oyna\u015fmas\u0131, sabah kahvalt\u0131s\u0131n\u0131 e\u015fsiz dakikalar olarak haf\u0131zalara kaz\u0131d\u0131ktan sonra vira \u00e7apa. Ortalama 3 saatlik bir seyrimiz var antik liman (Knidos\u2019un) i\u00e7ine demirleyen yat\u0131m\u0131z, d\u0131\u015far\u0131dan da \u00f6yle g\u00fczel g\u00f6z\u00fck\u00fcyor ki, kaptan\u0131n\u0131z servis botuyla sizi antik \u015fehri g\u00f6rmeniz i\u00e7in yard\u0131mc\u0131 olacak. Gezi sonunda susam\u0131\u015f olmal\u0131s\u0131n\u0131z ama so\u011fuk biralar\u0131n\u0131z ve me\u015frubatlar\u0131n\u0131z haz\u0131r bile, yine demir kald\u0131r\u0131yoruz. Gecelemeye Mersincik Liman\u0131na gidiyoruz. Se\u00e7ilen b\u00fct\u00fcn bu koylar geceleri sizin emniyetiniz ve rahat\u0131n\u0131z i\u00e7in y\u0131llarca tecr\u00fcbe edildikten sonra se\u00e7ilmi\u015ftir. Ak\u015fama haz\u0131rlanan m\u00fckemmel yemekler ve m\u00fczi\u011fin nameleri ile bir gece daha doyumsuz sohbetlerle devam eder.<\/p>\n\n\n\n<h3 class=\"wp-block-heading\">9.G\u00fcn &#8211; Mavi Yolculuk Fethiye <\/h3>\n\n\n\n<div class=\"wp-block-image\"><figure class=\"alignright is-resized\"><a href=\"https:\/\/akasiayachting.com\/wp-content\/uploads\/2010\/08\/1282715286_9_rota_armonika_koyu_cati.jpg\" rel=\"nofollow\"><img loading=\"lazy\" decoding=\"async\" src=\"https:\/\/akasiayachting.com\/wp-content\/uploads\/2010\/08\/1282715286_9_rota_armonika_koyu_cati.jpg\" alt=\"Mavi yolculuk G\u00f6cek marmaris Bodrum\" class=\"wp-image-1073\" width=\"263\" height=\"175\" title=\"9_rota_armonika_koyu_cati\"\/><\/a><\/figure><\/div>\n\n\n\n<p>Art\u0131k G\u00f6kova Koylar\u0131nday\u0131z. Yolculu\u011fumuzun ba\u015flang\u0131c\u0131ndan beri, T\u00fcrkiye\u2019nin en nadide yerlerini geziyoruz. Rotam\u0131z ve yatla tatil karar\u0131n\u0131z\u0131n ne kadar do\u011fru oldu\u011funu g\u00f6rd\u00fcn\u00fcz. Hatta denizcili\u011fe merakl\u0131 olanlar, kaptandan temel denizcilik kurallar\u0131n\u0131 \u00f6\u011frenmek isterse, bunu zevkle yapacaklard\u0131r. Rotam\u0131z Armoni Koyu 3.5 saatlik seyrimiz var. Seyirde rotay\u0131 \u00e7izin, hesaplay\u0131n, harita okumay\u0131 \u00f6\u011frenin, temel denizcilik bilgilerine sahip olun, pusula takip edin! Seveceksiniz. Yemek ve kahve molas\u0131 burada ama derslere de devam. \u00d6n\u00fcm\u00fczde yar\u0131m saatlik bir rota daha var, gecelemek i\u00e7in \u00c7at\u0131 Koyunu tercih ediyoruz. Mangal\u0131n\u0131z\u0131 yak\u0131n ve ba\u015f\u0131na da \u00e7ilingir sofras\u0131n\u0131 kurun.<\/p>\n\n\n\n<h3 class=\"wp-block-heading\">10.G\u00fcn &#8211; Mavi Yolculuk Fethiye <\/h3>\n\n\n\n<p>\u00c7at\u0131dan erken hareket ediyoruz. Kahvalt\u0131ya gecikmemek laz\u0131m, bu y\u00fczden seyrimiz erken. Yakla\u015f\u0131k bir saat sonra (yedi adalar \u00e7amalt\u0131 koyunday\u0131z) ister kumsala \u00e7\u0131k\u0131n, ister \u015fnorkel yap\u0131n, do\u011fa \u00f6yle g\u00fczelki burada bunlar\u0131 size elbette abartarak anlatm\u0131yoruz \u00e7\u00fcnk\u00fc siz de art\u0131k var olan\u0131 denizci g\u00f6z\u00fc ile g\u00f6rd\u00fcn\u00fcz. Her yak\u0131n mesafede bitmeyen y\u00fczlerce koy ve temiz deniz var. Nas\u0131l bir vatan da, nas\u0131l bir co\u011frafyaday\u0131z anlad\u0131n\u0131z, tanr\u0131ya \u015f\u00fckretmek gerek \u00e7\u00fcnk\u00fc bu maceray\u0131 size ya\u015fatan kaptanlar\u0131n\u0131z\u0131n bu kar\u015f\u0131la\u015ft\u0131rmay\u0131 Akdeniz&#8217;in her k\u00f6\u015fesine mavi yolculuk yapt\u0131klar\u0131n\u0131 bilin. Be\u015f \u00e7ay\u0131 sonras\u0131 rotam\u0131z K\u00fcfre Koyuna geceleme burada. Hat\u0131ralar\u0131n\u0131za ekledi\u011finiz dostlar\u0131n\u0131zla \u015fark\u0131lar s\u00f6yleyin, sesiniz g\u00fczel olmasada biz anlar\u0131z mutluluk namaleridir bunlar.<\/p>\n\n\n\n<h3 class=\"wp-block-heading\">11.G\u00fcn &#8211; Mavi Yolculuk Fethiye <\/h3>\n\n\n\n<div class=\"wp-block-image\"><figure class=\"alignright is-resized\"><a href=\"https:\/\/akasiayachting.com\/wp-content\/uploads\/2010\/08\/1282715294_11_rota_tuzla.jpg\" rel=\"nofollow\"><img loading=\"lazy\" decoding=\"async\" src=\"https:\/\/akasiayachting.com\/wp-content\/uploads\/2010\/08\/1282715294_11_rota_tuzla.jpg\" alt=\"Mavi yolculuk G\u00f6cek marmaris Bodrum\" class=\"wp-image-1079\" width=\"264\" height=\"176\" title=\"11_rota_tuzla\"\/><\/a><\/figure><\/div>\n\n\n\n<p>O kadar g\u00f6recek yer var ki, bu zamana kadar hep farkl\u0131 koylarda durmak i\u00e7in sabah rahat\u0131n\u0131z\u0131 bozduk ama hepsi sizin g\u00f6z zevkiniz ve g\u00fcvenli\u011finiz i\u00e7indi. Bu seferki koyda \u00f6yle g\u00f6rmeden gitmeyelim dedirtenlerden Tuzla Koyuna d\u00fcmen \u00e7eviriyoruz. Kahvalt\u0131 ve \u00f6\u011flen yeme\u011fi i\u00e7in buraday\u0131z. Kaptan\u0131n\u0131z g\u00f6stermedik yer b\u0131rakmamak i\u00e7in elinden geleni yap\u0131yor. Vira \u00e7apa rotam\u0131z (L\u00f6ng\u00f6z Koyu), elbette yaln\u0131z de\u011filsiniz koylarda, ama bizim se\u00e7ti\u011fimiz kaptanlar, denizin \u00fcst\u00fc kadar denizin dibini de bilirler. Uygun bir yer bulaca\u011f\u0131na eminiz, emniyet esast\u0131r, gecelemek i\u00e7in buraday\u0131z. Gecenin dingin, sakin ve huzurlu sessizli\u011fi \u015fair olmak i\u00e7in \u00e7ok zorlamaz insan\u0131.<\/p>\n\n\n\n<pre class=\"wp-block-verse\">Bu gecenin son gece olmas\u0131 da var\nEmret g\u00fcl renkli \u015farab\u0131 getirsinler\nGafil bir kez gittin mi bir daha d\u00f6nmek yok\nAlt\u0131n de\u011filsin ki g\u00f6m\u00fcp \u00e7\u0131kars\u0131nlar.\n<\/pre>\n\n\n\n<h3 class=\"wp-block-heading\">12.G\u00fcn &#8211; Mavi Yolculuk Fethiye <\/h3>\n\n\n\n<div class=\"wp-block-image\"><figure class=\"alignright is-resized\"><a href=\"https:\/\/akasiayachting.com\/wp-content\/uploads\/2010\/08\/1282715301_12_rota_ingiliz_koyu.jpg\" rel=\"nofollow\"><img loading=\"lazy\" decoding=\"async\" src=\"https:\/\/akasiayachting.com\/wp-content\/uploads\/2010\/08\/1282715301_12_rota_ingiliz_koyu.jpg\" alt=\"Mavi yolculuk G\u00f6cek marmaris Bodrum\" class=\"wp-image-1083\" width=\"260\" height=\"173\" title=\"12_rota_ingiliz_koyu\"\/><\/a><\/figure><\/div>\n\n\n\n<p>Sabah\u0131n tela\u015f\u0131 a\u015f\u00e7\u0131 da farkl\u0131 gemici de farkl\u0131d\u0131r.Hepsi sizin rahat\u0131n\u0131z i\u00e7in. Kahvalt\u0131 sonunda herg\u00fcn saat 11:00 civar\u0131nda rotan\u0131z\u0131n y\u00f6n\u00fcnde hakim r\u00fczgarlar \u00e7\u0131kar. Ne b\u00fcy\u00fck \u015fanst\u0131r G\u00f6kova&#8217;da kaptan varsa yelkenleri fora eder, makina stop, r\u00fczgar\u0131n f\u0131s\u0131ldayan sesi, yol alan yat\u0131n\u0131z\u0131n sessizli\u011fi bozan h\u0131\u015f\u0131rt\u0131s\u0131, bunun tad\u0131n\u0131 \u00e7\u0131kar\u0131n. Rotam\u0131z Okluk B\u00fck\u00fc, T\u00fcrkiye\u2019nin d\u00fcnyay\u0131 geleneksel t\u0131rhandil ile ilk kez gezen yelkencisi, Sadun Bora buradad\u0131r. Koy&#8217;un giri\u015finde mahzun deniz k\u0131z\u0131 kar\u015f\u0131lar sizi, ama o hep Sadun Bora\u2019y\u0131 bekler. (\u0130ngiliz Liman\u0131n\u0131n) bu e\u015fsiz k\u0131vr\u0131mlar\u0131 b\u00fcy\u00fcler sizi, kaptan\u0131n\u0131z limana yana\u015f\u0131r. Be\u015f \u00e7ay\u0131n\u0131z, aperatifler ya da rak\u0131 zaman\u0131 gelmi\u015ftir art\u0131k gerisi size kalm\u0131\u015f.<\/p>\n\n\n\n<h3 class=\"wp-block-heading\">13.G\u00fcn &#8211; Mavi Yolculuk Fethiye <\/h3>\n\n\n\n<p>Fark ettiniz de\u011fil mi!Biz buna al\u0131\u015fmak diyoruz, yat\u0131n sahibi gibi davranmak yerine, personele misafir oldu\u011funuzu hissettirirseniz bu yaln\u0131z deniz adamlar\u0131 sizin i\u00e7in inanamayaca\u011f\u0131n\u0131z kadar fedakar olabilirler. Eminiz deniz hakk\u0131nda onlardan \u00e7ok \u015feyler \u00f6\u011frendiniz, tan\u0131\u015ft\u0131n\u0131z. Biz do\u011fru kaptan\u0131 ve personeli buldu\u011funuzu farzediyoruz, tabii yanl\u0131\u015flar\u0131 d\u00fczeltmek bizim g\u00f6revimiz, yeter ki bilelim. Kahvalt\u0131dan sonra rotam\u0131z Sedir Adas\u0131, 1 saatlik seyir sonunda alargaday\u0131z. Kaptan servis botu ile sizi adaya \u00e7\u0131karacak, kameralar\u0131n\u0131z\u0131 almay\u0131 unutmay\u0131n. Be\u015f \u00e7ay\u0131n\u0131 da burada veriyoruz, gecelemek i\u00e7in Karacas\u00f6\u011f\u00fct Liman\u0131na demir al\u0131yoruz. Akdeniz ak\u015famlar\u0131n\u0131n hi\u00e7biri di\u011ferine benzemez. Marmaris 30 dakikal\u0131k mesafede, \u00e7\u0131kmak isterseniz kaptan\u0131n\u0131z yard\u0131mc\u0131 olacakt\u0131r.<\/p>\n\n\n\n<h3 class=\"wp-block-heading\">14.G\u00fcn &#8211; Mavi Yolculuk Fethiye <\/h3>\n\n\n\n<div class=\"wp-block-image\"><figure class=\"alignright is-resized\"><a href=\"https:\/\/akasiayachting.com\/wp-content\/uploads\/2010\/08\/1282715311_14_rota_kara_ada_.jpg\" rel=\"nofollow\"><img loading=\"lazy\" decoding=\"async\" src=\"https:\/\/akasiayachting.com\/wp-content\/uploads\/2010\/08\/1282715311_14_rota_kara_ada_.jpg\" alt=\"Mavi yolculuk G\u00f6cek marmaris Bodrum\" class=\"wp-image-1089\" width=\"262\" height=\"175\" title=\"14_rota_kara_ada_\"\/><\/a><\/figure><\/div>\n\n\n\n<p>Demiri erkenden al\u0131yoruz, rotam\u0131z \u00c7\u00f6kertme Liman\u0131. 3 saatlik seyrimiz var, kahvalt\u0131ya biraz ge\u00e7 ba\u015flasak da \u00c7\u00f6kertme buna de\u011fer, ama Orak Adas\u0131n\u0131 da g\u00f6rmeden olmaz. Bu turkuaz renkli koy tabiat harikas\u0131, \u00f6\u011flen yeme\u011fine buraday\u0131z. Maske ve paletinizi al\u0131n, ke\u015ffedin denizin dip g\u00fczelliklerini. Siesta sonras\u0131 demir al\u0131p Kara Ada&#8217;n\u0131n Poyraz Liman\u0131na gecelemek i\u00e7in geliyoruz. Turumuzun son gecesi kar\u015f\u0131da Kos Adas\u0131n\u0131n \u0131\u015f\u0131klar\u0131 g\u00f6r\u00fcn\u00fcyor ve gece sakin. D\u00f6n\u00fc\u015f haz\u0131rl\u0131klar\u0131 i\u00e7in valizler haz\u0131rlan\u0131r. Adettendir, misafirler g\u00f6n\u00fcllerince zarflar\u0131n\u0131 personele verir ki bu memnuniyetin ifadesidir. Sizi her t\u00fcrl\u00fc \u015fartlarda kollayan ve hizmet eden personelinde g\u00f6nl\u00fcn\u00fc almak gerek. Vedalar b\u00f6yle daha ger\u00e7ek\u00e7i olur.<\/p>\n\n\n\n<h3 class=\"wp-block-heading\">15.G\u00fcn &#8211; Mavi Yolculuk Fethiye <\/h3>\n\n\n\n<p>Art\u0131k herkes haz\u0131r.Kahvalt\u0131 sonras\u0131 demir alan kaptan\u0131m\u0131z, Bodrum Liman\u0131na yana\u015f\u0131r ve servis arac\u0131m\u0131z sizi bekliyor.Denizciler valizleri araca yerle\u015ftirirler.I\u015f\u0131lt\u0131l\u0131 g\u00f6zleri ve dinlenmi\u015f bronz bedenleri u\u011furlamak tabii denizcilerin kar\u0131d\u0131r zira bilirler ki seneye yeniden bulu\u015fmak var. Verilen eme\u011fin bo\u015fa gitmedi\u011finin ifadesidir g\u00fclen g\u00f6zler, art\u0131k veda vakti yeniden g\u00f6r\u00fc\u015fmek \u00fczere.<\/p>\n\n\n\n<div class=\"wp-block-buttons is-content-justification-right is-layout-flex wp-block-buttons-is-layout-flex\">\n<div class=\"wp-block-button is-style-outline is-style-outline--2\"><a class=\"wp-block-button__link\" href=\"https:\/\/akasiayachting.com\/tr\/contact-us\/\" target=\"_blank\" rel=\"noreferrer noopener\">Bize Ula\u015f\u0131n<\/a><\/div>\n<\/div>\n","protected":false},"excerpt":{"rendered":"<p>Mavi yolculuk Fethiye sayfam\u0131z\u0131 ziyaret eden siz misafirlerimize tavsiyelerimiz \u015fudur. Yolumuz uzun rotam\u0131z G\u00f6cek Bodrum aras\u0131 15 g\u00fcn. Aman a\u011fz\u0131n\u0131z\u0131n tad\u0131 ka\u00e7mas\u0131n, genelde iki haftal\u0131k yat kiralayan misafirlerimize hitaben. L\u00fctfen mavi yolculuk i\u00e7in gelecek oldu\u011funuz arkada\u015f grubunuz da se\u00e7ici davranman\u0131zd\u0131r. Biz i\u015fletme olarak \u00f6nceden ya\u015fam\u0131\u015f oldu\u011fumuz deneyimlerimizi sizler ile payla\u015fmak istedik. Be\u011fendi\u011finiz yat\u0131n kabin say\u0131s\u0131 [&hellip;]<\/p>\n","protected":false},"author":3,"featured_media":6198,"parent":0,"menu_order":25,"comment_status":"closed","ping_status":"closed","template":"","meta":{"footnotes":""},"class_list":["post-1847","page","type-page","status-publish","has-post-thumbnail","hentry"],"_links":{"self":[{"href":"https:\/\/akasiayachting.com\/tr\/wp-json\/wp\/v2\/pages\/1847","targetHints":{"allow":["GET"]}}],"collection":[{"href":"https:\/\/akasiayachting.com\/tr\/wp-json\/wp\/v2\/pages"}],"about":[{"href":"https:\/\/akasiayachting.com\/tr\/wp-json\/wp\/v2\/types\/page"}],"author":[{"embeddable":true,"href":"https:\/\/akasiayachting.com\/tr\/wp-json\/wp\/v2\/users\/3"}],"replies":[{"embeddable":true,"href":"https:\/\/akasiayachting.com\/tr\/wp-json\/wp\/v2\/comments?post=1847"}],"version-history":[{"count":27,"href":"https:\/\/akasiayachting.com\/tr\/wp-json\/wp\/v2\/pages\/1847\/revisions"}],"predecessor-version":[{"id":7222,"href":"https:\/\/akasiayachting.com\/tr\/wp-json\/wp\/v2\/pages\/1847\/revisions\/7222"}],"wp:featuredmedia":[{"embeddable":true,"href":"https:\/\/akasiayachting.com\/tr\/wp-json\/wp\/v2\/media\/6198"}],"wp:attachment":[{"href":"https:\/\/akasiayachting.com\/tr\/wp-json\/wp\/v2\/media?parent=1847"}],"curies":[{"name":"wp","href":"https:\/\/api.w.org\/{rel}","templated":true}]}}