{"id":1844,"date":"2010-09-08T12:44:23","date_gmt":"2010-09-08T12:44:23","guid":{"rendered":"https:\/\/akasiayachting.com\/"},"modified":"2021-08-03T13:28:26","modified_gmt":"2021-08-03T10:28:26","slug":"mavi-tur-fethiye","status":"publish","type":"page","link":"https:\/\/akasiayachting.com\/tr\/mavi-tur-fethiye\/","title":{"rendered":"Mavi Tur Fethiye"},"content":{"rendered":"\n<p>Mavi Tur Fethiye rotas\u0131 kaptanlar\u0131m\u0131z taraf\u0131ndan haz\u0131rlanm\u0131\u015f ve siz misafirlerimizin rota se\u00e7iminde yard\u0131mc\u0131 olmak amac\u0131yla g\u00f6rsellik i\u00e7in foto\u011fraflar ve \u015fiirsel bir yaz\u0131 bi\u00e7imi kullan\u0131lm\u0131\u015ft\u0131r. Bizler kaptan olarak daha \u00f6nceden bu rotalar\u0131 teknelerimiz ile bire bir gezmi\u015f denizcileriz ve bu rotalardaki se\u00e7imlerimiz, en emniyetli ve do\u011fas\u0131 ile temizli\u011fi ile en g\u00fczel koylar\u0131d\u0131r. Bizden bir haftal\u0131k <a href=\"https:\/\/maviyolculuk.info\/luks-yat-kiralama\" data-type=\"URL\" data-id=\"https:\/\/maviyolculuk.info\/luks-yat-kiralama\" target=\"_blank\" rel=\"noopener\">yat kiralayan<\/a> misafirlerimizin hafta boyunca denizde rehber olarak her zaman yanlar\u0131nda olaca\u011f\u0131m\u0131zdan emin olabilirsiniz. Rotalar\u0131m\u0131z sizlere sadece fikir verme a\u00e7\u0131s\u0131ndan d\u00fczenlenmi\u015ftir. Bu rotalar haftal\u0131k tur esnas\u0131nda birebir aynen yap\u0131lacak diye herhangi bir mecburiyet yoktur. Sadece rota g\u00fczergahlar\u0131 kullan\u0131l\u0131r bu g\u00fczergahta farkl\u0131 bir\u00e7ok koy bulunmaktad\u0131r. \u0130steyen tur esnas\u0131nda be\u011fendikleri koyu kaptana s\u00f6yleyerek m\u00fcsait olmas\u0131 durumunda bu koylara girebilirler.<\/p>\n\n\n\n<p>Eksiksiz tamamlad\u0131\u011f\u0131m\u0131z yatlar\u0131m\u0131z ile \u00f6\u011fleden sonra saat 16:00\u2019ya kadar misafirlerimizi bekliyoruz. Tan\u0131\u015fma kokteyli ve geleneksel tekne kurallar\u0131, denizi, yat\u0131n kullan\u0131m\u0131n\u0131 ve rotan\u0131n detaylar\u0131n\u0131 anlatacak. G\u00fcn\u00fc limanda harcamamak gerek, ilk mola G\u00f6cek Adas\u0131. Be\u015f \u00e7ay\u0131 sonras\u0131 (S\u0131ral\u0131 B\u00fcke) geceleme\u011fe gidiyoruz. Sakin ve emniyetli oldu\u011funu bildi\u011fimiz bu koylarda, ilk gece tavsiyemiz d\u0131\u015far\u0131da teknenin \u00fcst\u00fcnde bin y\u0131ld\u0131zl\u0131 otelde gecelemeniz, y\u0131ld\u0131zlar\u0131n yak\u0131nl\u0131\u011f\u0131 \u015fa\u015f\u0131rtacak sizi saman yolu a\u00e7\u0131k se\u00e7ik.<\/p>\n\n\n\n<div style=\"height:1px\" aria-hidden=\"true\" class=\"wp-block-spacer\"><\/div>\n\n\n\n<h3 class=\"wp-block-heading\">2.G\u00fcn &#8211; Mavi Tur Fethiye<\/h3>\n\n\n\n<div class=\"wp-block-image\"><figure class=\"alignright is-resized\"><a href=\"https:\/\/akasiayachting.com\/wp-content\/uploads\/2010\/08\/1282644276_2_route_gemiler_k.jpg\" rel=\"nofollow\"><img loading=\"lazy\" decoding=\"async\" src=\"https:\/\/akasiayachting.com\/wp-content\/uploads\/2010\/08\/1282644276_2_route_gemiler_k.jpg\" alt=\"Mavi Tur Fethiye kekova G\u00f6cek\" width=\"261\" height=\"171\" title=\"2_route_gemiler_k\"\/><\/a><\/figure><\/div>\n\n\n\n<p>Kahvalt\u0131 sonras\u0131 rotam\u0131z (\u00d6l\u00fcdeniz). Bu g\u00fczel koy koruma alt\u0131na al\u0131nd\u0131\u011f\u0131 i\u00e7in girmeye m\u00fcsaade edilmiyor. Hemen yak\u0131n\u0131na demirliyoruz. 2050 metre y\u00fcksekten atlayan yama\u00e7 para\u015f\u00fct\u00e7\u00fcleri kumsala inen mart\u0131lar gibi, \u00f6\u011flen yeme\u011finde a\u015f\u00e7\u0131 ve personelin tela\u015f\u0131 hep size Akdeniz&#8217;in hafif mutfa\u011f\u0131n\u0131n lezzetlerini tatt\u0131rmak i\u00e7in. Yemek sonras\u0131 siesta ve y\u00fczme molas\u0131ndan sonra gecelemek i\u00e7in, St. Nikolas adas\u0131na \u00e7evrilir rotam\u0131z. Bu yar\u0131 bat\u0131k ada, Bizans d\u00f6nemine ait ve denizi m\u00fckemmel. Kaptan\u0131n\u0131z sizi servis botu ile adaya \u00e7\u0131kars\u0131n, hem antik \u015fehri gezin, hem de g\u00fcn bat\u0131m\u0131n\u0131 bu adadan izleyin.<\/p>\n\n\n\n<div style=\"height:1px\" aria-hidden=\"true\" class=\"wp-block-spacer\"><\/div>\n\n\n\n<h3 class=\"wp-block-heading\">3.G\u00fcn &#8211; Mavi Tur T\u00fcrkiye<\/h3>\n\n\n\n<div class=\"wp-block-image\"><figure class=\"alignright is-resized\"><a href=\"https:\/\/akasiayachting.com\/wp-content\/uploads\/2010\/08\/1282644278_3_route_bayindir_limani_.jpg\" rel=\"nofollow\"><img loading=\"lazy\" decoding=\"async\" src=\"https:\/\/akasiayachting.com\/wp-content\/uploads\/2010\/08\/1282644278_3_route_bayindir_limani_.jpg\" alt=\"Mavi Tur Fethiye kekova G\u00f6cek\" width=\"261\" height=\"168\" title=\"3_route_bayindir_limani_\"\/><\/a><\/figure><\/div>\n\n\n\n<p>Kaptan\u0131n\u0131z program\u0131 yeti\u015ftirmek ve denizde sizi rahats\u0131z etmemek i\u00e7in g\u00fcn do\u011fmadan demir al\u0131r. Yedi Burunlar ve Patara Plaj\u0131 \u00f6n\u00fcn\u00fczde, e\u011fer g\u00fcn do\u011fumunu seyretmek isterseniz, sizde uyan\u0131n! Seyrimiz yakla\u015f\u0131k 3.5 saat. Il\u0131k sabah r\u00fczgar\u0131 ve sabah kahvesi size rotay\u0131 takip etmek ve denizcilik hakk\u0131nda fikir verecektir. \u00c7atal Adalar\u0131n\u0131 ge\u00e7tikten sonra kahvalt\u0131 (Ye\u015filk\u00f6y Furnaz Koyunda.) \u00d6\u011flene do\u011fru, Ka\u015f Bay\u0131nd\u0131r Liman\u0131nday\u0131z. Ka\u015fl\u0131lar\u0131n y\u00fczmek i\u00e7in tercih ettikleri bu nadide koyda, minik \u00e7ak\u0131ll\u0131 plajlar var. Ka\u015f da hemen kar\u015f\u0131n\u0131zda, bu arada ana karaya bu kadar yak\u0131n ve her t\u00fcrl\u00fc ikmalini Ka\u015f\u2019tan yapan Kastellorizon adas\u0131, bir selamlama mesafesinde. Uluburun dar bo\u011fazdan ge\u00e7ince i\u015fte Likya&#8217;das\u0131n\u0131z. (Kale) t\u00fcm ihti\u015fam\u0131 ile kar\u015f\u0131n\u0131zda, a\u00e7\u0131k m\u00fczedir, \u00e7\u0131kmay\u0131 d\u00fc\u015f\u00fcn\u00fcrseniz kameran\u0131z\u0131 almay\u0131 unutmay\u0131n..<\/p>\n\n\n\n<div style=\"height:1px\" aria-hidden=\"true\" class=\"wp-block-spacer\"><\/div>\n\n\n\n<h3 class=\"wp-block-heading\">4.G\u00fcn &#8211; Mavi Tur Fethiye<\/h3>\n\n\n\n<div class=\"wp-block-image\"><figure class=\"alignright is-resized\"><a href=\"https:\/\/akasiayachting.com\/wp-content\/uploads\/2010\/08\/1282644285_4_route_gokkaya.jpg\" rel=\"nofollow\"><img loading=\"lazy\" decoding=\"async\" src=\"https:\/\/akasiayachting.com\/wp-content\/uploads\/2010\/08\/1282644285_4_route_gokkaya.jpg\" alt=\"Mavi Tur Fethiye kekova G\u00f6cek\" width=\"262\" height=\"175\" title=\"4_route_gokkaya\"\/><\/a><\/figure><\/div>\n\n\n\n<p>Kahvalt\u0131 i\u00e7in daha m\u00fckemmel bir koy olamaz, Karaloz bir salyangoz spirali gibi adeta. Denizle bulu\u015fmak i\u00e7in d\u00fc\u015f\u00fcnmezsiniz, hatta kim bilir, bir daha bu cennete yolunuz d\u00fc\u015fer mi tad\u0131n\u0131 \u00e7\u0131kar\u0131n! Yine vira bismillah, rota (\u00e7ay a\u011fz\u0131 )\u00a0g\u00f6r\u00fclecek\u00a0\u00f6yle \u00e7ok \u015fey var ki. Andriake ge\u00e7, roma erken Bizans Myra, Likya d\u00f6nemi, noel baba yani, St. Nikola kilisesi burada, s\u00fcl\u00fckl\u00fc plaj\u0131 sanki Akdeniz&#8217;e ait olmayan bir kumsal gibi. Demre \u00c7ay\u0131n\u0131n al\u00fcvyonlar\u0131yla dolu \u00e7ay a\u011fz\u0131 zaten ku\u015f cenneti gibi. B\u00fct\u00fcn bunlar\u0131 bir g\u00fcne s\u0131\u011fd\u0131rmak \u00e7ok zor ya. O e\u015fsiz kumsal ve sonundaki ilgin\u00e7 dere, billur, berrak ve kar suyu kadar so\u011fuk, denemeye de\u011fer. Geceleme (G\u00f6kkaya Koyunda), bo\u015funa \u00dc\u00e7a\u011f\u0131zlar dememi\u015fler. Denizin nerde kara, nerde ada oldu\u011fu belli de\u011fil, tanr\u0131 belli ki buraya fazlaca c\u00f6mert davranm\u0131\u015f.<\/p>\n\n\n\n<div style=\"height:1px\" aria-hidden=\"true\" class=\"wp-block-spacer\"><\/div>\n\n\n\n<h3 class=\"wp-block-heading\">5.G\u00fcn &#8211; Mavi Tur Fethiye<\/h3>\n\n\n\n<div class=\"wp-block-image\"><figure class=\"alignright is-resized\"><a href=\"https:\/\/akasiayachting.com\/wp-content\/uploads\/2010\/08\/1282644289_5_route_kekova.jpg\" rel=\"nofollow\"><img loading=\"lazy\" decoding=\"async\" src=\"https:\/\/akasiayachting.com\/wp-content\/uploads\/2010\/08\/1282644289_5_route_kekova.jpg\" alt=\"Mavi Tur Fethiye kekova G\u00f6cek\" width=\"263\" height=\"173\" title=\"5_route_kekova\"\/><\/a><\/figure><\/div>\n\n\n\n<p>Art\u0131k al\u0131\u015ft\u0131n\u0131z g\u00fcne denizde uyanmaya, kahvalt\u0131 zengin, renkli ve i\u015ftah sonsuz, bunlar s\u0131hhat i\u015fareti. Ama acelemiz, durgun denizde Likya evlerini ve \u015fehrini g\u00f6rmek i\u00e7in. 13. yy&#8217;daki depremle sulara g\u00f6m\u00fclen evler ve temelleri hemen suyun alt\u0131nda \u00f6ylesine belli ki, seyre devam, koylar\u0131 kaptan\u0131n\u0131z g\u00f6stersin siz be\u011fenin, \u00f6\u011flen yeme\u011fi ve siesta istedi\u011finiz koyda olsun. Art\u0131k d\u00f6n\u00fc\u015fteyiz, yat\u0131ya kalmak i\u00e7in (Furnaz Koyunday\u0131z), geceleme burada. Ak\u015fam\u0131n ne\u015feli m\u00fczi\u011fi ve a\u015f\u00e7\u0131m\u0131z\u0131n alt\u0131n parmaklar ile yapt\u0131\u011f\u0131 yemekler, uyumadan \u00f6nce iki kadeh rak\u0131 da sizi bekler.<\/p>\n\n\n\n<div style=\"height:1px\" aria-hidden=\"true\" class=\"wp-block-spacer\"><\/div>\n\n\n\n<h3 class=\"wp-block-heading\">6.G\u00fcn &#8211; Mavi Tur Fethiye<\/h3>\n\n\n\n<div class=\"wp-block-image\"><figure class=\"alignright is-resized\"><a href=\"https:\/\/akasiayachting.com\/wp-content\/uploads\/2010\/08\/1282644293_6_rota_aga_limani_kk.jpg\" rel=\"nofollow\"><img loading=\"lazy\" decoding=\"async\" src=\"https:\/\/akasiayachting.com\/wp-content\/uploads\/2010\/08\/1282644293_6_rota_aga_limani_kk.jpg\" alt=\"Mavi Tur Fethiye kekova G\u00f6cek\" width=\"263\" height=\"173\" title=\"6_rota_aga_limani_kk\"\/><\/a><\/figure><\/div>\n\n\n\n<p>Bu sabah\u0131 biraz uzunca yata\u011f\u0131n\u0131zda ge\u00e7irebilirsiniz. Zira kaptan, g\u00fcn do\u011fmadan vira demir almak zorunda. Seyrimiz d\u00f6rt saat, biraz sallansa da yat\u0131m\u0131z, emniyettesiniz. (A\u011fa Liman\u0131na) funda bismillah demir at\u0131yoruz, i\u015fte ayr\u0131 bir cennet, durgun, berrak, sakin. Kahvalt\u0131 haz\u0131r, g\u00fcn\u00fcn\u00fcz ayd\u0131n olsun, y\u00fczme ve y\u00fcr\u00fcy\u00fc\u015f \u015fans\u0131n\u0131 kullan\u0131n, parkurun sonunda antik bir kilise var. G\u00f6rmek isterseniz \u00f6\u011flen yeme\u011fi i\u00e7inde buraday\u0131z, siesta ve be\u015f \u00e7ay\u0131ndan sonra vira bismillah. Dar bo\u011fazdan ge\u00e7ip G\u00f6cek koylar\u0131na yeniden merhaba. Rotam\u0131z (Bat\u0131k Hamam), g\u00f6rmek isteyenlere kaptan\u0131n\u0131z yat\u0131n botu ile yard\u0131mc\u0131 olacakt\u0131r. Tabii koyda yaln\u0131z de\u011filsiniz ama bu g\u00fczelli\u011fi payla\u015fmak i\u00e7in gelen yatlar\u0131n g\u00fczellikleri de anlayanlara yat ziyafeti.<\/p>\n\n\n\n<div style=\"height:1px\" aria-hidden=\"true\" class=\"wp-block-spacer\"><\/div>\n\n\n\n<h3 class=\"wp-block-heading\">7.G\u00fcn &#8211; Mavi Tur Fethiye<\/h3>\n\n\n\n<div class=\"wp-block-image\"><figure class=\"alignright is-resized\"><a href=\"https:\/\/akasiayachting.com\/wp-content\/uploads\/2010\/08\/1282644299_7_rota_boynuz_buku_.jpg\" rel=\"nofollow\"><img loading=\"lazy\" decoding=\"async\" src=\"https:\/\/akasiayachting.com\/wp-content\/uploads\/2010\/08\/1282644299_7_rota_boynuz_buku_.jpg\" alt=\"Mavi Tur Fethiye kekova G\u00f6cek\" width=\"264\" height=\"173\" title=\"7_rota_boynuz_buku_\"\/><\/a><\/figure><\/div>\n\n\n\n<p>Hep zaman\u0131n nas\u0131l \u00e7abuk ge\u00e7ti\u011fini d\u00fc\u015f\u00fcn\u00fcrs\u00fcn\u00fcz ama mavi yolculuk ille de tan\u0131\u015fmak de\u011fil mi? Bir \u015fans de\u011fil mi? Yar\u0131n\u0131n g\u00fczel taraf\u0131 da var. Sevdiklere kavu\u015fmak, onlara anlatacak \u00e7ok \u015fey var. Kahvalt\u0131 sonras\u0131 hareketlenen r\u00fczgar olursa, vira \u00e7apa yelkenler fora, makine stop, r\u00fczgar\u0131n kollar\u0131nday\u0131z. Rotam\u0131z (Domuz Adas\u0131, Pan\u00e7o Koyu), \u00f6\u011flen yeme\u011fi, siesta ve be\u015f \u00e7ay\u0131na kadar buraday\u0131z, ama gecelemek i\u00e7in ba\u015fka koya gidiyoruz. Hemen kar\u015f\u0131 k\u0131y\u0131daki (Boynuz B\u00fck\u00fcn\u00fc ) g\u00f6rmeden gitmek olmaz. Sanki ye\u015filin tonlar\u0131n\u0131n birbiri ile yar\u0131\u015ft\u0131\u011f\u0131 bu koya gecelemek i\u00e7in geliyoruz. Bal\u0131k tutmaya merak\u0131 olanlar haydi! Ak\u015faml\u0131\u011f\u0131n\u0131z\u0131 kendiniz \u00e7\u0131kar\u0131n. Yemek ve sonras\u0131ndaki sohbet, deniz adamlar\u0131 k\u0131vam\u0131nda hep, bir yan\u0131 yeniden buralara d\u00f6nmek planlar\u0131 ile romantik gece y\u0131ld\u0131zlar\u0131 sayarken biter burada..<\/p>\n\n\n\n<div style=\"height:1px\" aria-hidden=\"true\" class=\"wp-block-spacer\"><\/div>\n\n\n\n<h3 class=\"wp-block-heading\">8.G\u00fcn &#8211; Mavi Tur Fethiye<\/h3>\n\n\n\n<p>Kahvalt\u0131, toplanma tela\u015f\u0131, valizler, adresler vs. kaptan\u0131n\u0131z usulca demir kald\u0131r\u0131yor. Eh art\u0131k d\u00f6n\u00fc\u015f ba\u015flad\u0131 eve. Zarflar\u0131n\u0131z\u0131 unutmay\u0131n! Adettendir bu gen\u00e7 deniz adamlar\u0131na, daha fazla sevdirir denizi, eh sizce de bu mutlu ge\u00e7en yolculu\u011fun ifadesi de\u011fil mi? Saat 10:00 r\u0131ht\u0131mdas\u0131n\u0131z art\u0131k, denizciler valizlerinize yard\u0131mc\u0131 olacak ve arac\u0131n\u0131za kadar e\u015flik edecekler size. Yeniden g\u00f6r\u00fc\u015fmek \u00fczere&#8230;<\/p>\n\n\n\n<pre class=\"wp-block-verse\">D\u00fcnya bir bak\u0131\u015f\u0131m\u0131zd\u0131r bizim\nCeyhun nehri g\u00f6zya\u015f\u0131m\u0131zd\u0131r bizim\nCehennem dert \u00e7ekti\u011fimiz g\u00fcnler\nCennetse g\u00fcn etti\u011fimiz g\u00fcnlerdir bizim\n<\/pre>\n\n\n\n<div class=\"wp-block-buttons is-content-justification-right is-layout-flex wp-block-buttons-is-layout-flex\">\n<div class=\"wp-block-button is-style-outline is-style-outline--2\"><a class=\"wp-block-button__link\" href=\"https:\/\/akasiayachting.com\/tr\/satilik-gemiler\/\">Bize Ula\u015f\u0131n<\/a><\/div>\n<\/div>\n","protected":false},"excerpt":{"rendered":"<p>Mavi Tur Fethiye rotas\u0131 kaptanlar\u0131m\u0131z taraf\u0131ndan haz\u0131rlanm\u0131\u015f ve siz misafirlerimizin rota se\u00e7iminde yard\u0131mc\u0131 olmak amac\u0131yla g\u00f6rsellik i\u00e7in foto\u011fraflar ve \u015fiirsel bir yaz\u0131 bi\u00e7imi kullan\u0131lm\u0131\u015ft\u0131r. Bizler kaptan olarak daha \u00f6nceden bu rotalar\u0131 teknelerimiz ile bire bir gezmi\u015f denizcileriz ve bu rotalardaki se\u00e7imlerimiz, en emniyetli ve do\u011fas\u0131 ile temizli\u011fi ile en g\u00fczel koylar\u0131d\u0131r. Bizden bir haftal\u0131k yat [&hellip;]<\/p>\n","protected":false},"author":3,"featured_media":6292,"parent":0,"menu_order":23,"comment_status":"closed","ping_status":"closed","template":"","meta":{"footnotes":""},"class_list":["post-1844","page","type-page","status-publish","has-post-thumbnail","hentry"],"_links":{"self":[{"href":"https:\/\/akasiayachting.com\/tr\/wp-json\/wp\/v2\/pages\/1844","targetHints":{"allow":["GET"]}}],"collection":[{"href":"https:\/\/akasiayachting.com\/tr\/wp-json\/wp\/v2\/pages"}],"about":[{"href":"https:\/\/akasiayachting.com\/tr\/wp-json\/wp\/v2\/types\/page"}],"author":[{"embeddable":true,"href":"https:\/\/akasiayachting.com\/tr\/wp-json\/wp\/v2\/users\/3"}],"replies":[{"embeddable":true,"href":"https:\/\/akasiayachting.com\/tr\/wp-json\/wp\/v2\/comments?post=1844"}],"version-history":[{"count":31,"href":"https:\/\/akasiayachting.com\/tr\/wp-json\/wp\/v2\/pages\/1844\/revisions"}],"predecessor-version":[{"id":7203,"href":"https:\/\/akasiayachting.com\/tr\/wp-json\/wp\/v2\/pages\/1844\/revisions\/7203"}],"wp:featuredmedia":[{"embeddable":true,"href":"https:\/\/akasiayachting.com\/tr\/wp-json\/wp\/v2\/media\/6292"}],"wp:attachment":[{"href":"https:\/\/akasiayachting.com\/tr\/wp-json\/wp\/v2\/media?parent=1844"}],"curies":[{"name":"wp","href":"https:\/\/api.w.org\/{rel}","templated":true}]}}