{"id":1839,"date":"2010-09-08T12:39:29","date_gmt":"2010-09-08T12:39:29","guid":{"rendered":"https:\/\/akasiayachting.com\/"},"modified":"2021-08-03T15:46:54","modified_gmt":"2021-08-03T12:46:54","slug":"mavi-yolculuk-gocek","status":"publish","type":"page","link":"https:\/\/akasiayachting.com\/tr\/mavi-yolculuk-gocek\/","title":{"rendered":"Mavi Yolculuk G\u00f6cek"},"content":{"rendered":"\n<p>Mavi yolculuk G\u00f6cek rotalar sayfam\u0131zda yaz\u0131l\u0131 olan birinci g\u00fcn, ikinci g\u00fcn, \u00fc\u00e7\u00fcnc\u00fc g\u00fcn s\u0131ras\u0131yla devam etmektedir. Normal bir haftal\u0131k rotalar\u0131m\u0131z i\u00e7in 1 g\u00fcnl\u00fck tur esnas\u0131nda en az 2 ayr\u0131 koy gezilecek \u015fekilde haz\u0131rlanm\u0131\u015ft\u0131r fakat mavi tur yapan misafirlerimiz denizdeki hava \u015fartlar\u0131 uygunlu\u011fu\u00f6 koylar\u0131n yo\u011funlu\u011fu da g\u00f6z\u00f6n\u00fcne al\u0131narak istenirse herg\u00fcn 3 ayr\u0131 koy gezme imkan\u0131n\u0131z olabilir. Sayfam\u0131zda ilk kez mavi yolculuk yapmay\u0131 d\u00fc\u015f\u00fcnenler&nbsp;i\u00e7in rotalar ger\u00e7ege en yak\u0131n \u015fekilde anlat\u0131l\u0131p g\u00f6rsellikleri ile beraber sayfam\u0131za yans\u0131t\u0131lm\u0131\u015ft\u0131r.<a href=\"https:\/\/maviyolculuk.info\/mavi-tur-gocek-marmaris-bodrum\" data-type=\"URL\" data-id=\"https:\/\/maviyolculuk.info\/mavi-tur-gocek-marmaris-bodrum\" target=\"_blank\" rel=\"noopener\"> G\u00f6cek, Marmaris rotas\u0131nda<\/a> bulunan koylar\u0131n yo\u011funlu\u011funa g\u00f6re kaptan\u0131n\u0131z yapacak oldu\u011funuz programa uyman\u0131z en do\u011fru karar olacakt\u0131r. Haftal\u0131k mavi tura ba\u015flamadan \u00f6nce&nbsp;tercih edilecek rota&nbsp;i\u00e7in gezilecek koylar hakk\u0131nda yaz\u0131l\u0131 olarak&nbsp;veya telefon ile irtibata ge\u00e7erek bilgi alabilirsiniz.<\/p>\n\n\n\n<p>G\u00f6cek Liman\u0131nda sizin haz\u0131rlad\u0131\u011f\u0131m\u0131z yat\u0131m\u0131z, se\u00e7kin personeli ile misafirleri yat\u0131m\u0131za yerle\u015ftirir. Kokteyl s\u0131ras\u0131nda kaptan\u0131m\u0131z rota ve yat i\u00e7erisindeki g\u00fcvenli\u011finiz ve rahat\u0131n\u0131z i\u00e7in kurallar\u0131 anlat\u0131r \u00e7ok da uzatmaz. Zira her nereden geldiyseniz denize hasretiniz belli. \u0130lk mola yeriniz Boynuz B\u00fck\u00fc, her k\u00f6\u015fesi g\u00fczel, umulur ki en g\u00fczel k\u00f6\u015fesi sizin olsun. Bir anl\u0131k da olsa bu cennet koylar onlarca yat\u0131n ziyaretini bekler. Geceleme Sarsala Koyunda, bu renkler ve \u0131\u015f\u0131klar sanki sizin i\u00e7in g\u00f6r\u00fcn\u00fcr ve hi\u00e7 umursamaz d\u0131\u015f d\u00fcnyan\u0131n dertlerini \u015fen kahkahalar mutlu kadehler toku\u015fur ge\u00e7 saatlere kadar.<\/p>\n\n\n\n<h3 class=\"wp-block-heading\">2.G\u00fcn &#8211; Mavi Yolculuk G\u00f6cek<\/h3>\n\n\n\n<p>Kahvalt\u0131 haz\u0131r, \u015f\u0131mart\u0131n kendinizi, sabah\u0131n \u0131l\u0131k saatlerinde, keyfini \u00e7\u0131kar\u0131n. Kaptan\u0131n\u0131z t\u00fcm detaylar\u0131 sizin i\u00e7in d\u00fc\u015f\u00fcn\u00fcr, vira demir, rotam\u0131z D\u0131\u015f G\u00f6b\u00fcn. Deniz berrak, derinlik uygun, snorkel i\u00e7in en uygun koylardan biridir.Adan\u0131n yatl\u0131k koylar\u0131 ve k\u0131y\u0131ya yak\u0131n a\u011fa\u00e7lar\u0131 adeta insan\u0131 b\u00fcy\u00fcl\u00fcyor ama dahas\u0131 var. Bu g\u00fczelliklerin devam\u0131 ve emniyetli geceleme i\u00e7in sizi A\u011fa Liman\u0131na g\u00f6t\u00fcr\u00fcyoruz. Be\u015f \u00e7ay\u0131n\u0131z, aperatifler ve ak\u015fam yeme\u011finiz de burada ama karaya \u00e7\u0131kmak isterseniz, y\u00fcr\u00fcy\u00fc\u015f parkuru m\u00fckemmel, yol sonundaki kilisede, koylar\u0131n tepeden g\u00f6r\u00fcn\u00fc\u015f\u00fcn\u00fc ka\u00e7\u0131rmay\u0131n yan\u0131n\u0131za kameran\u0131z\u0131 al\u0131n.<\/p>\n\n\n\n<h3 class=\"wp-block-heading\">3.G\u00fcn &#8211; Mavi Yolculuk G\u00f6cek<\/h3>\n\n\n\n<div class=\"wp-block-image\"><figure class=\"alignright is-resized\"><a href=\"https:\/\/akasiayachting.com\/wp-content\/uploads\/2010\/08\/1282641012_3_rota_ekincik_.jpg\" rel=\"nofollow\"><img loading=\"lazy\" decoding=\"async\" src=\"https:\/\/akasiayachting.com\/wp-content\/uploads\/2010\/08\/1282641012_3_rota_ekincik_.jpg\" alt=\"Mavi yolculuk G\u00f6cek Marmaris\" width=\"262\" height=\"174\" title=\"3_rota_ekincik_\"\/><\/a><\/figure><\/div>\n\n\n\n<p>Evet, bu sabah erken seyre \u00e7\u0131kt\u0131n\u0131z. Deniz sakin iken ba\u015fka cennetler g\u00f6rmek i\u00e7in rotaya zaman\u0131nda harekete ge\u00e7mek laz\u0131m. Kahvalt\u0131 Ekincik&#8217;deki Semizce Koyunda, buradaki tavsiyemiz do\u011fa harikas\u0131 labirentleri y\u00f6resel kay\u0131klar ile gezmeniz. Bu gezide \u0130ztuzu Plaj\u0131, labirent kanallar\u0131, \u00e7amur kapl\u0131cas\u0131 K\u00f6yce\u011fiz G\u00f6l\u00fc \u00f6d\u00fcl\u00fcn\u00fcz oklacak ama bunu istemezseniz kaptan\u0131n\u0131z sizi \u00f6glen yeme\u011fi i\u00e7in Kad\u0131rga Koyuna g\u00f6t\u00fcr\u00fcr. Uzun seyirlerin mola yeri Kad\u0131rga Koyunu seveceksiniz ama gecelemeye Kumlu B\u00fck emniyetlidir. Kumlu B\u00fck&#8217;\u00fcn \u0131\u015f\u0131klar\u0131na uzaktan bak\u0131n hareketli ama sessiz.<\/p>\n\n\n\n<div style=\"height:1px\" aria-hidden=\"true\" class=\"wp-block-spacer\"><\/div>\n\n\n\n<h3 class=\"wp-block-heading\">4.G\u00fcn &#8211; Mavi Yolculuk G\u00f6cek<\/h3>\n\n\n\n<div class=\"wp-block-image\"><figure class=\"alignright is-resized\"><a href=\"https:\/\/akasiayachting.com\/wp-content\/uploads\/2010\/08\/1282641015_4_rota_cennet_adasi_marmaris_.jpg\" rel=\"nofollow\"><img loading=\"lazy\" decoding=\"async\" src=\"https:\/\/akasiayachting.com\/wp-content\/uploads\/2010\/08\/1282641015_4_rota_cennet_adasi_marmaris_.jpg\" alt=\"Mavi yolculuk G\u00f6cek Marmaris\" width=\"262\" height=\"174\" title=\"4_rota_cennet_adasi_marmaris_\"\/><\/a><\/figure><\/div>\n\n\n\n<p>Kahvalt\u0131, Kumlu B\u00fck&#8217;\u00fcn sakin koyunda, deniz sizi bekler. Sahildeki kumlarla kucakla\u015f\u0131n, kumlar ayaklar\u0131n\u0131z\u0131 ok\u015fas\u0131n, isterseniz sahilde ko\u015fun, kan\u0131n\u0131z hareketlensin, sabah sporunu b\u00f6yle yap\u0131n. Kahvalt\u0131da da a\u015f\u00e7\u0131n\u0131z sizi bol \u00e7e\u015fitli yiyeceklerle \u00f6d\u00fcllendirsin. \u00d6\u011flen yeme\u011fi i\u00e7in Cennet Adas\u0131nday\u0131z. Be\u015f \u00e7ay\u0131na kadar buraday\u0131z. \u0130\u015fte vira bismillah gece i\u00e7in Marmaris\u2019teyiz. Yat\u0131m\u0131z, yiyecek ve su ikmali yaparken, size Marmaris\u2019in hareketli gecesini tavsiye ediyoruz. Kaptan\u0131n\u0131z\u0131n rehberli\u011fine g\u00fcvenin size yard\u0131mc\u0131 olsun ve e\u011flenmek i\u00e7in do\u011fru yerlere y\u00f6nlendirsin.<\/p>\n\n\n\n<h3 class=\"wp-block-heading\">5.G\u00fcn &#8211; Mavi Yolculuk G\u00f6cek<\/h3>\n\n\n\n<p>Seyre erken ba\u015fl\u0131yoruz, kahvalt\u0131 Ekincik Koyunda yap\u0131yorsunuz.Y\u00fczme molas\u0131 sonras\u0131 rotam\u0131z\u0131 Di\u015fibilmez Koy&#8217;una \u00e7eviriyoruz. Hemen burunun arkas\u0131nda do\u011fa harikas\u0131 nas\u0131l da g\u00fczel bir koy! Halk dilinde buraya A\u015f\u0131klar Koyu diyorlarm\u0131\u015f. Al\u0131n \u015fnorkel, palet ve maskenizi do\u011fru denize girin. \u00d6\u011flen yeme\u011fi ve molas\u0131 sonras\u0131nda Kuyruk Burnu alt\u0131ndaki nefis koyday\u0131z. Koy&#8217;un kumsal\u0131 \u00e7ok \u00f6zel sanki birisi buraya gelip \u00f6zel olarak plaj\u0131 yapm\u0131\u015f. Ak\u015fam yeme\u011fine, a\u015f\u00e7\u0131m\u0131z\u0131n Akdeniz mutfa\u011f\u0131n\u0131n leziz yemekleri ile geceyi tamamlar. Deniz adamlar\u0131n\u0131n ne \u015fansl\u0131 oldu\u011funu d\u00fc\u015f\u00fcn\u00fcrken, m\u00fczi\u011fin k\u0131\u015fk\u0131rtan ritmi \u00e7iftleri birbirine danslarla daha da yak\u0131nla\u015ft\u0131r\u0131r.<\/p>\n\n\n\n<h3 class=\"wp-block-heading\">6.G\u00fcn &#8211; Mavi Yolculuk G\u00f6cek<\/h3>\n\n\n\n<div class=\"wp-block-image\"><figure class=\"alignright is-resized\"><a href=\"https:\/\/akasiayachting.com\/wp-content\/uploads\/2010\/08\/1282641023_6_charter_route_binlik.jpg\" rel=\"nofollow\"><img loading=\"lazy\" decoding=\"async\" src=\"https:\/\/akasiayachting.com\/wp-content\/uploads\/2010\/08\/1282641023_6_charter_route_binlik.jpg\" alt=\"Mavi yolculuk G\u00f6cek Marmaris\" width=\"262\" height=\"174\" title=\"6_charter_route_binlik\"\/><\/a><\/figure><\/div>\n\n\n\n<p>Sabah\u0131n ilk \u0131\u015f\u0131klar\u0131n\u0131 gece ge\u00e7 yatman\u0131za ra\u011fmen erken kar\u015f\u0131lars\u0131n\u0131z. Oksijeni bol bu cennet b\u00f6lgede kendinizi denizin kollar\u0131na b\u0131rak\u0131n. Orada denizle oyna\u015f\u0131rken uyan\u0131n, eh y\u00fczmek de sabah sporu, y\u00fcz\u00fclecek daha temiz yer mi bulunur? Kahvalt\u0131 da k\u0131zarm\u0131\u015f ekmek ve sucuk kokular\u0131 geliyor. Unutun diyeti, hani felekten bir g\u00fcn \u00e7almak var ya! Sonras\u0131nda Domuz Adas\u0131 Pan\u00e7o Koy&#8217;unday\u0131z. Metrelerce derinlikten \u00e7ak\u0131llar\u0131 sayd\u0131ran bu berrak koy b\u0131rak\u0131lacak gibi de\u011fildir. Geceleme i\u00e7in Binlik Koy&#8217;a yana\u015f\u0131yoruz. Y\u00fcr\u00fcy\u00fc\u015f parkuru, su sporlar\u0131 ya da maske ile dal\u0131\u015f i\u00e7in tam yeri. A\u015f\u00e7\u0131m\u0131z\u0131n muhte\u015fem aperatifleri ve so\u011fuk rak\u0131lar, size g\u00fcn bat\u0131m\u0131nda ba\u015fka bir yerde g\u00f6rmedi\u011finiz kadar lezzetli gelebilir.<\/p>\n\n\n\n<div style=\"height:1px\" aria-hidden=\"true\" class=\"wp-block-spacer\"><\/div>\n\n\n\n<h3 class=\"wp-block-heading\">7.G\u00fcn &#8211; Mavi Yolculuk G\u00f6cek<\/h3>\n\n\n\n<div class=\"wp-block-image\"><figure class=\"alignright is-resized\"><a href=\"https:\/\/akasiayachting.com\/wp-content\/uploads\/2010\/08\/1282641027_7_rota_hamam.jpg\" rel=\"nofollow\"><img loading=\"lazy\" decoding=\"async\" src=\"https:\/\/akasiayachting.com\/wp-content\/uploads\/2010\/08\/1282641027_7_rota_hamam.jpg\" alt=\"Mavi yolculuk G\u00f6cek Marmaris\" width=\"262\" height=\"174\" title=\"7_rota_hamam\"\/><\/a><\/figure><\/div>\n\n\n\n<p>Sabah\u0131n \u0131l\u0131k ve durgun denizi \u00f6yle \u00e7ekicidir ki, denizdeki saatlerin nas\u0131l ge\u00e7ti\u011fini anlayamayacaks\u0131n\u0131z. Suyun uygun s\u0131cakl\u0131\u011f\u0131ndan, hele son g\u00fcnlerde art\u0131k denizle b\u00fct\u00fcn olmak varya, k\u0131sal\u0131r zaman denizde, ama g\u00fcn hala c\u00f6mert. Bu Cleopatra\u2019ya yak\u0131\u015ft\u0131r\u0131lan Hamam Koyda, bir de hamam denen harabeler var, bu yaln\u0131z koyda krali\u00e7e ne yapacaksa hamam\u0131. Koy&#8217;un her u\u011frayan\u0131na da kendini soylu gibi hissettirmesine de ne demeli? \u00d6\u011flen yeme\u011fi a\u015f\u00e7\u0131m\u0131z\u0131n maharetli elleriyle rengarenk ve lezzetler harika. \u00d6\u011flen sonras\u0131 \u00e7\u0131kan r\u00fczgar rotam\u0131z Yass\u0131calar. Kaptanlar\u0131 hareketlendirir, vira bismillah, yelkenler fora, makine stop, i\u015fte sessizlik. Yat\u0131n\u0131z\u0131n sular\u0131 yaran \u015f\u0131r\u0131lt\u0131s\u0131 ve r\u00fczgar\u0131n f\u0131s\u0131lt\u0131s\u0131, personel tecr\u00fcbeli, b\u00fcy\u00fclendi\u011finizin fark\u0131nda. Aperatifler haz\u0131r, be\u015f \u00e7ay\u0131 sizi bekliyor, g\u00fcne\u015fi yolcu ederken akla gelen; Geceleme Yass\u0131calarda. Haydi! Maske, \u015fnorkel, palet. Berrak deniz sizi bekliyor.<\/p>\n\n\n\n<pre class=\"wp-block-verse\">Y\u00fcz\u00fcmde p\u0131r\u0131l p\u0131r\u0131l sevin\u00e7 g\u00f6rd\u00fc\u011f\u00fcn g\u00fcn,\nNice konaklar\u0131 y\u0131k\u0131lm\u0131\u015ft\u0131r g\u00f6nl\u00fcm\u00fcn\nDalg\u0131\u00e7san dal, g\u00f6zlerimin denizine bak,\nDibinde mahsun bir deniz k\u0131z\u0131 g\u00f6r\u00fcrs\u00fcn.<\/pre>\n\n\n\n<h3 class=\"wp-block-heading\">8.G\u00fcn &#8211; Mavi Yolculuk G\u00f6cek<\/h3>\n\n\n\n<p>Kahvalt\u0131 erken olmal\u0131 yol uzun, sevdiklere yolculuk var bedenler dingin, bedenler bronz ve s\u0131hhatli. Eh bir de geride bir haftad\u0131r size dost olup, denizde ya\u015famay\u0131 \u00f6\u011freten deniz adamlar\u0131 var. B\u0131rakmak zorunda oldu\u011fumuz, tabii zor olacak ayr\u0131l\u0131k her iki tarafa da. Zarflar\u0131n\u0131z\u0131 haz\u0131rlay\u0131n! Gelenektir sizi a\u011f\u0131rlayan, kollayan personele. Onlar da bulsunlar ard\u0131klar\u0131n\u0131, ba\u011flans\u0131nlar. Denize bo\u015fa gezmi\u015f olmas\u0131nlar, sonbaharda d\u00fc\u011f\u00fcnleri olabilir ya da denizi meslek se\u00e7ip kals\u0131nlar, yoksa her sene ayr\u0131 personel yeti\u015ftirmek zor. Saat 10:00 ayr\u0131l\u0131k vakti. Valizleriniz denizciler taraf\u0131ndan araca yerle\u015ftirilir, haydi Allah selamet versin diyerek seneye g\u00f6r\u00fc\u015fmek \u00fczere&#8230;<br><\/p>\n\n\n\n<div class=\"wp-block-buttons is-content-justification-right is-layout-flex wp-block-buttons-is-layout-flex\">\n<div class=\"wp-block-button is-style-outline is-style-outline--2\"><a class=\"wp-block-button__link\" href=\"https:\/\/akasiayachting.com\/tr\/contact-us\/\" target=\"_blank\" rel=\"noreferrer noopener\">Bize Ula\u015f\u0131n<\/a><\/div>\n<\/div>\n","protected":false},"excerpt":{"rendered":"<p>Mavi yolculuk G\u00f6cek rotalar sayfam\u0131zda yaz\u0131l\u0131 olan birinci g\u00fcn, ikinci g\u00fcn, \u00fc\u00e7\u00fcnc\u00fc g\u00fcn s\u0131ras\u0131yla devam etmektedir. Normal bir haftal\u0131k rotalar\u0131m\u0131z i\u00e7in 1 g\u00fcnl\u00fck tur esnas\u0131nda en az 2 ayr\u0131 koy gezilecek \u015fekilde haz\u0131rlanm\u0131\u015ft\u0131r fakat mavi tur yapan misafirlerimiz denizdeki hava \u015fartlar\u0131 uygunlu\u011fu\u00f6 koylar\u0131n yo\u011funlu\u011fu da g\u00f6z\u00f6n\u00fcne al\u0131narak istenirse herg\u00fcn 3 ayr\u0131 koy gezme imkan\u0131n\u0131z olabilir. [&hellip;]<\/p>\n","protected":false},"author":3,"featured_media":6327,"parent":0,"menu_order":27,"comment_status":"closed","ping_status":"closed","template":"","meta":{"footnotes":""},"class_list":["post-1839","page","type-page","status-publish","has-post-thumbnail","hentry"],"_links":{"self":[{"href":"https:\/\/akasiayachting.com\/tr\/wp-json\/wp\/v2\/pages\/1839","targetHints":{"allow":["GET"]}}],"collection":[{"href":"https:\/\/akasiayachting.com\/tr\/wp-json\/wp\/v2\/pages"}],"about":[{"href":"https:\/\/akasiayachting.com\/tr\/wp-json\/wp\/v2\/types\/page"}],"author":[{"embeddable":true,"href":"https:\/\/akasiayachting.com\/tr\/wp-json\/wp\/v2\/users\/3"}],"replies":[{"embeddable":true,"href":"https:\/\/akasiayachting.com\/tr\/wp-json\/wp\/v2\/comments?post=1839"}],"version-history":[{"count":25,"href":"https:\/\/akasiayachting.com\/tr\/wp-json\/wp\/v2\/pages\/1839\/revisions"}],"predecessor-version":[{"id":7244,"href":"https:\/\/akasiayachting.com\/tr\/wp-json\/wp\/v2\/pages\/1839\/revisions\/7244"}],"wp:featuredmedia":[{"embeddable":true,"href":"https:\/\/akasiayachting.com\/tr\/wp-json\/wp\/v2\/media\/6327"}],"wp:attachment":[{"href":"https:\/\/akasiayachting.com\/tr\/wp-json\/wp\/v2\/media?parent=1839"}],"curies":[{"name":"wp","href":"https:\/\/api.w.org\/{rel}","templated":true}]}}