{"id":1835,"date":"2010-09-08T12:34:45","date_gmt":"2010-09-08T12:34:45","guid":{"rendered":"https:\/\/akasiayachting.com\/"},"modified":"2021-08-03T15:04:35","modified_gmt":"2021-08-03T12:04:35","slug":"mavi-tur-gocek","status":"publish","type":"page","link":"https:\/\/akasiayachting.com\/tr\/mavi-tur-gocek\/","title":{"rendered":"Mavi Tur G\u00f6cek"},"content":{"rendered":"\n<p>Mavi Tur G\u00f6cek rotas\u0131nda size tavsiyelerimiz olacakt\u0131r. Bu anlatt\u0131\u011f\u0131m\u0131z g\u00fczellikler ve ya\u015fananlar\u0131n tamam\u0131 ger\u00e7ektir. Ancak l\u00fctfen mavi tura \u00e7\u0131karken yan\u0131n\u0131za alaca\u011f\u0131n\u0131z arkada\u015flar\u0131n\u0131z\u0131 iyi se\u00e7in ve \u00f6yle getirin yani kendinizi en iyi hissetti\u011finiz insanlarla gurubunuzu olu\u015fturun ve acentenizden m\u00fcmk\u00fcnse yat\u0131n personeli hakk\u0131nda referans al\u0131n. Bu karar uzaktan bakarak tekne se\u00e7imi gibi olmaz. Can\u0131m tatilinizi kendinize zehir etmeyin. Acentemiz bu konuda \u00f6zellikle \u00e7ok hassast\u0131r ve sizin y\u0131l boyunca d\u00fc\u015f\u00fcn\u00fcp hayaller kurdu\u011funuz tatilinizin \u00f6nemini biliyoruz. Bu konuya \u00e7ok dikkat ediyoruz. Amac\u0131m\u0131z sizi sonuna kadar kazanmak. Bizimle yapaca\u011f\u0131n\u0131z rezervasyon ile farkl\u0131l\u0131\u011f\u0131m\u0131z\u0131 a\u00e7\u0131k ve net \u015fekilde hissedece\u011finizden emin olabilirsiniz. Rotalar\u0131m\u0131z\u0131 okuyup hayal de olsa kendinizi mavi yolculu\u011fa \u00e7\u0131km\u0131\u015f gibi hissedece\u011finizden sizlere \u015fimdiden iyi tatiller diyoruz.<\/p>\n\n\n\n<p>Yat\u0131m\u0131za kat\u0131l\u0131m\u0131n\u0131z\u0131 en ge\u00e7 16:00 olarak d\u00fczenleyebilirsiniz. Tan\u0131\u015fma kokteyliniz s\u0131ras\u0131nda kaptan\u0131n\u0131z size denizcilik, rota ve yattaki kurallar konular\u0131nda baz\u0131 temel bilgiler verebilir. Denize olan \u00f6zleminizi biliyoruz. Halatlar mola en yak\u0131n (Tersane Adas\u0131nda) funda \u00e7apa, kristal berrak sularda serinlerken karar\u0131n\u0131z\u0131n ne denli isabetli oldu\u011funu d\u00fc\u015f\u00fcneceksiniz. Evet hen\u00fcz yeterince hasret gidermediniz ama ke\u015ffedilecek \u00e7ok koy var ve S\u0131ral\u0131 B\u00fckteyiz. \u00c7ay saati sonras\u0131 ak\u015fam yeme\u011fi \u00f6ncesi sizi y\u00fczmeye davet ederken, a\u015f\u00e7\u0131n\u0131z da mangal\u0131n\u0131z\u0131 yaks\u0131n. M\u00fczik ve dingin sessizlik do\u011fa ile ba\u015f ba\u015fa ilk gecede uzat\u0131n elinizi y\u0131ld\u0131zlara&#8230;<\/p>\n\n\n\n<h3 class=\"wp-block-heading\">2.G\u00fcn &#8211; Mavi Tur G\u00f6cek<\/h3>\n\n\n\n<p>Ayn\u0131 koyu gece ve g\u00fcnd\u00fcz farkl\u0131 renklerle g\u00f6rmek sizi \u015fa\u015f\u0131rtacak, hadi denize sabah du\u015funuzu orada al\u0131n ve uyan\u0131n kahvalt\u0131n\u0131z sizi bekliyor olacak. Eh keyfe devam D\u0131\u015f G\u00f6b\u00fcn&#8217;de adan\u0131n alt\u0131nda demirliyoruz. Deniz sakin, su berrak, \u00e7amlar ye\u015fil ve su bakir. \u00d6\u011flen yeme\u011finde buraday\u0131z hatta bu rehavete siestay\u0131 da ekleyin, ak\u015fam gecelemek i\u00e7in Domuz Adas\u0131ndaki Pan\u00e7o Koyunday\u0131z. Ak\u015fam \u00e7ay\u0131 aperatifler sonras\u0131 yeme\u011fe haz\u0131r\u0131z, gecelemeye buraday\u0131z.<\/p>\n\n\n\n<h3 class=\"wp-block-heading\">3.G\u00fcn &#8211; Mavi Tur G\u00f6cek <\/h3>\n\n\n\n<div class=\"wp-block-image\"><figure class=\"alignright is-resized\"><a href=\"https:\/\/akasiayachting.com\/wp-content\/uploads\/2010\/08\/1282577906_3_rota_oludeniz.jpg\" rel=\"nofollow\"><img loading=\"lazy\" decoding=\"async\" src=\"https:\/\/akasiayachting.com\/wp-content\/uploads\/2010\/08\/1282577906_3_rota_oludeniz.jpg\" alt=\"Mavi tur G\u00f6cek\" width=\"262\" height=\"175\" title=\"3_rota_oludeniz\"\/><\/a><\/figure><\/div>\n\n\n\n<p>Sabah seyr-\u00fc sefer biraz uzunca, Fethiye K\u00f6rfezini ge\u00e7ece\u011fiz. Kahvalt\u0131 erken, rotam\u0131z \u00d6l\u00fcdeniz ve Kelebekler Vadisi. Bu e\u015fsiz g\u00fczellikler size g\u00f6rsel ziyafet ve deniz keyfi sunuyor. \u015eansl\u0131ysan\u0131z yunuslar\u0131n e\u015fli\u011finde Fethiye K\u00f6rfezini ve \u0130blis Burnunu ge\u00e7erek a\u00e7\u0131ktan ge\u00e7enlerin g\u00f6remeyece\u011fi g\u00fczelliklere \u015fahit olursunuz. G\u00fcn bat\u0131m\u0131ndan \u00f6nce St. Nikolas Adas\u0131na demirliyoruz.<\/p>\n\n\n\n<p>Bu yar\u0131 bat\u0131k ada ger\u00e7ek bir a\u00e7\u0131k m\u00fcze. Ge\u00e7mi\u015fteki medeniyetlerin neler yapabildi\u011fini g\u00f6recek, bilgilenecek ve etkileneceksiniz. Kayal\u0131k adada nas\u0131l ev ve tap\u0131naklar yap\u0131lm\u0131\u015f kayalar nas\u0131l \u015fekillenmi\u015f ve bu g\u00fczellikler kim ler taraf\u0131ndan yap\u0131lm\u0131\u015f, bunlar\u0131 g\u00f6receksiniz. Ayr\u0131ca su sporlar\u0131 yapmak i\u00e7in m\u00fckemmel bir yerdir. Ak\u015fama kom\u015fu tekneler ve onlar\u0131n uzaktan gelen mutlu kahkahalar\u0131 Akdeniz ak\u015famlar\u0131 konusunda sizlere bir fikir verecektir.<\/p>\n\n\n\n<h3 class=\"wp-block-heading\">4.G\u00fcn &#8211; Mavi Tur G\u00f6cek <\/h3>\n\n\n\n<p>Sabah kahvalt\u0131s\u0131ndan evvel y\u00fczebilmek \u00e7ok keyiflidir zira s\u0131cak yaz sabah\u0131nda ak\u015famdan kalan yorgun bedenlere m\u00fckemmel f\u0131rsat. Kahvalt\u0131 sonras\u0131 vira bismillah rotam\u0131z Turun\u00e7 P\u0131nar\u0131. Bu g\u00fczel koylara mis kokulu \u00e7amlar bile denize kadar h\u00fcrmetle e\u011filmi\u015f, hatta a\u011fa\u00e7lardaki halatlar hadi \u00e7ocuklu\u011funuza d\u00f6nmek ve tarzan olmak i\u00e7in f\u0131rsat. Ak\u015fama kumanya ve su ikmali i\u00e7in Fethiye\u2019deyiz. Bu arada sizde \u00e7\u0131k\u0131n ve bu g\u00fczel beldeyi tan\u0131yabilirsiniz. Geceleme (k\u0131z\u0131l adada) Fethiye ve \u00c7al\u0131\u015f Plaj\u0131n\u0131n g\u00f6z k\u0131rpan \u0131\u015f\u0131klar\u0131 uzaktan o kadar ho\u015f ki.<\/p>\n\n\n\n<h3 class=\"wp-block-heading\">5.G\u00fcn &#8211; Mavi Tur G\u00f6cek<\/h3>\n\n\n\n<div class=\"wp-block-image\"><figure class=\"alignright is-resized\"><a href=\"https:\/\/akasiayachting.com\/wp-content\/uploads\/2010\/08\/1282579198_5_rota_yassicalar.jpg\" rel=\"nofollow\"><img loading=\"lazy\" decoding=\"async\" src=\"https:\/\/akasiayachting.com\/wp-content\/uploads\/2010\/08\/1282579198_5_rota_yassicalar.jpg\" alt=\"Mavi tur G\u00f6cek\" width=\"259\" height=\"173\" title=\"5_rota_yassicalar\"\/><\/a><\/figure><\/div>\n\n\n\n<p>Rotam\u0131z Yass\u0131ca Adalar\u0131na, bu nadir g\u00fczellik e\u011fer zaman\u0131nda ziyaret edilmezse, g\u00fcn\u00fc birlik yatlar \u00f6\u011flene y\u00fczlerce g\u00fcnl\u00fck misafiri getirecektir. Bu y\u00fczden denizin dingin ve koy&#8217;un sakin oldu\u011fu saatleri ka\u00e7\u0131rmamak gerek. Bu Yass\u0131 Adan\u0131n i\u00e7indeki iki ayr\u0131 g\u00f6l \u015fa\u015f\u0131rt\u0131c\u0131. Biraz spor i\u00e7in uygun y\u00fcr\u00fcme alan\u0131 var burada. Kameralar\u0131n\u0131z\u0131 al\u0131n ve tepeye \u00e7\u0131k\u0131n, a\u015fa\u011f\u0131daki adalar\u0131n ve denizin renkleri ile b\u00fcy\u00fcleneceksiniz. G\u00fcn daha bitmedi, ak\u015fama Sarsala Koyunday\u0131z. mMangalda bal\u0131k, sofrada rak\u0131, roka ve ille de m\u00fczik. Unutun bakal\u0131m unutabilirseniz.<\/p>\n\n\n\n<h3 class=\"wp-block-heading\">6.G\u00fcn &#8211; Mavi Tur G\u00f6cek<\/h3>\n\n\n\n<p>Sarsala Koyu&#8217;nun muhte\u015fem sabah\u0131 ile a\u00e7\u0131lan i\u015ftah\u0131n\u0131z\u0131 serbest b\u0131rak\u0131n. Kahvalt\u0131 sonras\u0131 rotam\u0131z Binlik Koyu nas\u0131l anlat\u0131l\u0131r ki? Her k\u00f6\u015fesi ayr\u0131 g\u00fczellik, denize dik inen yama\u00e7lar bir ya da iki yatl\u0131k koylar ve denizin i\u00e7ine kadar inmi\u015f \u00e7amlar\u0131 ve emniyetli bir liman olu\u015fu y\u00fcz\u00fcnden, d\u00fcnyan\u0131n d\u00f6rt bir yan\u0131ndan gelen yatlar ve <a href=\"https:\/\/kiralikgulet.com\/kiralik-guletler\/\" data-type=\"URL\" data-id=\"https:\/\/kiralikgulet.com\/kiralik-guletler\/\" target=\"_blank\" rel=\"noopener\">guletler<\/a> bu g\u00fczellikten pay\u0131n\u0131 almak i\u00e7in buradalar. \u00d6\u011flen yeme\u011fine buraday\u0131z! isteyene su sporlar\u0131 ya da olta bal\u0131k\u00e7\u0131l\u0131\u011f\u0131 ya da \u015fnorkelle ilgin\u00e7 dip yap\u0131s\u0131n\u0131n ke\u015ffi ya da siesta aman kitaplar\u0131n\u0131z evde kals\u0131n, zira g\u00f6z\u00fcn\u00fcz\u00fc do\u011fadan ay\u0131racak zaman\u0131n\u0131z olmayacak. \u00d6\u011flen sonras\u0131 rotam\u0131z A\u011fa Liman\u0131. Eminiz ki Tanr\u0131n\u0131n bizi nelerle \u00f6d\u00fcllendirdi\u011fini d\u00fc\u015f\u00fcneceksiniz. Y\u00fcz\u00fcn, sohbet edin ya da bir saatlik mesafede tepedeki kilise ve harabeleri g\u00f6r\u00fcn bak\u0131n eskiler bu g\u00fczellikler i\u00e7in tanr\u0131ya nas\u0131l \u015f\u00fck\u00fcr etmi\u015fler.<\/p>\n\n\n\n<h3 class=\"wp-block-heading\">7.G\u00fcn &#8211; Mavi Tur G\u00f6cek<\/h3>\n\n\n\n<div class=\"wp-block-image\"><figure class=\"alignright is-resized\"><a href=\"https:\/\/akasiayachting.com\/wp-content\/uploads\/2010\/08\/1282579207_7_rota_gocek_bedri_rahmi.jpg\" rel=\"nofollow\"><img loading=\"lazy\" decoding=\"async\" src=\"https:\/\/akasiayachting.com\/wp-content\/uploads\/2010\/08\/1282579207_7_rota_gocek_bedri_rahmi.jpg\" alt=\"Mavi tur G\u00f6cek\" width=\"261\" height=\"173\" title=\"7_rota_gocek_bedri_rahmi\"\/><\/a><\/figure><\/div>\n\n\n\n<p>Kahvalt\u0131da, \u2018eh art\u0131k her \u015feyin bir sonu vard\u0131r\u2019 diye d\u00fc\u015f\u00fcnmeye ba\u015flad\u0131n\u0131z. Hatta bu g\u00fczelliklerle daha \u00f6nce neden beraber olmad\u0131\u011f\u0131n\u0131za da i\u00e7lenirken, i\u015fte son g\u00fcn, gelecek yaz\u0131n planlar\u0131n\u0131 yapmak i\u00e7in ve yeni renkler katmak i\u00e7in sohbete ba\u015flars\u0131n\u0131z. G\u00fcn daha bitmedi hen\u00fcz Manast\u0131r Koyunda Bat\u0131k Hamama, Kleopatra\u2019n\u0131n neden gelmi\u015f oldu\u011funu sormazs\u0131n\u0131z bile, zira bu cennete gelebilmek belki de krali\u00e7elere mahsus olmal\u0131. \u00d6\u011flen sonras\u0131 rotam\u0131z, Bedri Rahmi Koyu ad\u0131n\u0131 ald\u0131\u011f\u0131 bu \u015fair ve yazar\u0131n buraya s\u00fcrg\u00fcne g\u00f6nderilmi\u015f olmas\u0131. \u00d6d\u00fcl m\u00fc, ceza m\u0131 diye d\u00fc\u015f\u00fcnd\u00fcr\u00fcyor insan\u0131 ya da bu g\u00fczellikte insan \u015fair de olur. Yazar da, ressam da diyorsunuz. Haydi, k\u0131y\u0131ya \u015fairin kendi eli ile resimledi\u011fi bal\u0131k orada duruyor. Kaptan\u0131n\u0131za sorun size g\u00f6stersin.<\/p>\n\n\n\n<h3 class=\"wp-block-heading\">8.G\u00fcn &#8211; Mavi Tur G\u00f6cek<\/h3>\n\n\n\n<p>\u015eimdi bu yolculu\u011fun son g\u00fcn oldu\u011funu d\u00fc\u015f\u00fcnerek yan\u0131ld\u0131n\u0131z. Bu sizin belki de mavi yola ba\u015flang\u0131c\u0131n\u0131z. Rotan\u0131za bak\u0131n haritan\u0131zla orant\u0131lay\u0131n, daha ke\u015ffedilecek \u00e7ok rotalar, damaklar\u0131 s\u00fcsleyen lezzetler, antik \u00e7a\u011flara yolculuk yapacak ne ke\u015fifler var. Art\u0131k dostlarla bu yolculu\u011fun ne kadar aktif ve keyifli olabilece\u011fini biliyorsunuz. Biz size do\u011fru yat, kaptan ve personeli sa\u011flayal\u0131m.Sizse e\u015flik edebilecek do\u011fru dostlar\u0131 yan\u0131n\u0131zda getirin. B\u0131rak\u0131n yelkenler a\u00e7\u0131k kals\u0131n r\u00fczg\u00e2r\u0131 bekleyin&#8230;<\/p>\n\n\n\n<pre class=\"wp-block-verse\">Ben olmay\u0131nca bu g\u00fcller, bu selviler yok\nK\u0131z\u0131l dudaklar, g\u00fcl kokulu \u015faraplar yok\nSabahlar, ak\u015famlar, sevin\u00e7ler, tasalar yok\nBen d\u00fc\u015f\u00fcnd\u00fck\u00e7e var bu d\u00fcnya, ben yoksam oda yok.\n-\u00d6mer Hayyam\n<\/pre>\n\n\n\n<p>Eh \u00f6\u011frenmek i\u00e7in yedi g\u00fcn yeter. Saat 10:00 \u015fimdi yolculuk zaman\u0131, veda vakti. Size bunca zaman hizmet eden vefak\u00e2r denizcilere, zarflar\u0131n\u0131z\u0131 ve kartlar\u0131n\u0131z\u0131 verin. \u00d6yle ya memnuniyet tek tarafl\u0131 olmamal\u0131, gelecek sefere denizciler daha fazla motive olsunlar&#8230;<\/p>\n\n\n\n<div class=\"wp-block-buttons is-content-justification-right is-layout-flex wp-block-buttons-is-layout-flex\">\n<div class=\"wp-block-button is-style-outline is-style-outline--2\"><a class=\"wp-block-button__link\" href=\"https:\/\/akasiayachting.com\/tr\/contact-us\/\" target=\"_blank\" rel=\"noreferrer noopener\">Bize Ula\u015f\u0131n<\/a><\/div>\n<\/div>\n","protected":false},"excerpt":{"rendered":"<p>Mavi Tur G\u00f6cek rotas\u0131nda size tavsiyelerimiz olacakt\u0131r. Bu anlatt\u0131\u011f\u0131m\u0131z g\u00fczellikler ve ya\u015fananlar\u0131n tamam\u0131 ger\u00e7ektir. Ancak l\u00fctfen mavi tura \u00e7\u0131karken yan\u0131n\u0131za alaca\u011f\u0131n\u0131z arkada\u015flar\u0131n\u0131z\u0131 iyi se\u00e7in ve \u00f6yle getirin yani kendinizi en iyi hissetti\u011finiz insanlarla gurubunuzu olu\u015fturun ve acentenizden m\u00fcmk\u00fcnse yat\u0131n personeli hakk\u0131nda referans al\u0131n. Bu karar uzaktan bakarak tekne se\u00e7imi gibi olmaz. Can\u0131m tatilinizi kendinize zehir [&hellip;]<\/p>\n","protected":false},"author":3,"featured_media":6287,"parent":0,"menu_order":26,"comment_status":"closed","ping_status":"closed","template":"","meta":{"footnotes":""},"class_list":["post-1835","page","type-page","status-publish","has-post-thumbnail","hentry"],"_links":{"self":[{"href":"https:\/\/akasiayachting.com\/tr\/wp-json\/wp\/v2\/pages\/1835","targetHints":{"allow":["GET"]}}],"collection":[{"href":"https:\/\/akasiayachting.com\/tr\/wp-json\/wp\/v2\/pages"}],"about":[{"href":"https:\/\/akasiayachting.com\/tr\/wp-json\/wp\/v2\/types\/page"}],"author":[{"embeddable":true,"href":"https:\/\/akasiayachting.com\/tr\/wp-json\/wp\/v2\/users\/3"}],"replies":[{"embeddable":true,"href":"https:\/\/akasiayachting.com\/tr\/wp-json\/wp\/v2\/comments?post=1835"}],"version-history":[{"count":23,"href":"https:\/\/akasiayachting.com\/tr\/wp-json\/wp\/v2\/pages\/1835\/revisions"}],"predecessor-version":[{"id":7231,"href":"https:\/\/akasiayachting.com\/tr\/wp-json\/wp\/v2\/pages\/1835\/revisions\/7231"}],"wp:featuredmedia":[{"embeddable":true,"href":"https:\/\/akasiayachting.com\/tr\/wp-json\/wp\/v2\/media\/6287"}],"wp:attachment":[{"href":"https:\/\/akasiayachting.com\/tr\/wp-json\/wp\/v2\/media?parent=1835"}],"curies":[{"name":"wp","href":"https:\/\/api.w.org\/{rel}","templated":true}]}}