{"id":1825,"date":"2010-09-08T12:18:25","date_gmt":"2010-09-08T12:18:25","guid":{"rendered":"https:\/\/akasiayachting.com\/"},"modified":"2021-07-30T20:38:43","modified_gmt":"2021-07-30T17:38:43","slug":"satilik-yelkenliler","status":"publish","type":"page","link":"https:\/\/akasiayachting.com\/tr\/satilik-yelkenliler\/","title":{"rendered":"Sat\u0131l\u0131k Yelkenliler"},"content":{"rendered":"\t<div id=\"get_debug\"><\/div>\r\n\t<div id=\"get_data\"><\/div>\r\n\t\r\n\t<script\ttype=\"text\/javascript\">\r\n\t\tvar\tdefaults = {\r\n\t\t\t\/* get : motoryachts, gulets, sailingyachts, istanbulyachts, yachts *\/\r\n\t\t\tget : 'sailingyachts',\r\n\t\t\t\/* for : sale, rent *\/\r\n\t\t\tfor : 'sale',\r\n\t\t\t\/* sort : modified, date, loa, price, guest_capacity *\/\r\n\t\t\tsort : 'loa',\r\n\t\t\t\/* by : asc, desc *\/\r\n\t\t\tby : 'desc',\r\n\t\t\t\/* page number *\/\r\n\t\t\tpage : '1',\r\n\t\t\t\/* results per page *\/\r\n\t\t\tperpage : '15',\r\n\t\t\t\/* theme : active-71, active-113, active-173, active-229, active-281 *\/\r\n\t\t\ttheme : 'active-281',\r\n\t\t\t\/* ref URL : your domain, document.URL, window.location, window.location.host, localhost *\/\r\n\t\t\tref\t: 'https:\/\/akasiayachting.com\/tr\/satilik-yelkenliler\/',\r\n\t\t\t\/* ID num *\/\r\n\t\t\tof : '',\r\n\t\t};\r\n\t\t\r\n\t\tvar settings = {\r\n\t\t\t\/* debug : true, false *\/\r\n\t\t\tdebug : false,\r\n\t\t\t\/* engine : ay.com, ey.net *\/\r\n\t\t\tengine : 'akasiayachting.com',\r\n\t\t\t\/* scroll : true, false *\/\r\n\t\t\tscrolltop : true,\r\n\t\t\t\/* scrollspeed : integer as milisecond *\/\r\n\t\t\tscrollspeed : 500,\r\n\t\t\t\/* loader : 'Loading, Please wait...', 'html code' *\/\r\n\t\t\tloader : '<style type=\"text\/css\">#loader-animation { margin: 15% auto 5px auto; width: 28px; height: 28px;  animation: rotate 0.8s infinite linear; border: 4px solid #3498db; border-right-color: transparent; border-radius: 50%; } @keyframes rotate { 0% { transform: rotate(0deg); } 100% { transform: rotate(360deg); } }<\/style><div id=\"loader-javascript-activated\"><br \/><div id=\"loader-animation\"><\/div><div style=\"text-align: center; margin: 0px 0px 15% 0px;\">Loading, Please wait...<\/div><\/div>',\r\n\t\t}\r\n\t\t\r\n\t\t\/* Do not change anything below *\/\r\n\t\tif(document.location.hostname.includes('.test')){ settings.debug = true; }\r\n\t\t\r\n\t\t\/* Add loader to the get_data *\/\r\n\t\tdocument.getElementById('get_data').innerHTML = '<style type=\"text\/css\">#loader-animation { margin: 15% auto 5px auto; width: 28px; height: 28px;  animation: rotate 0.8s infinite linear; border: 4px solid #3498db; border-right-color: transparent; border-radius: 50%; } @keyframes rotate { 0% { transform: rotate(0deg); } 100% { transform: rotate(360deg); } }<\/style><div id=\"loader-javascript-activated\"><br \/><div id=\"loader-animation\"><\/div><div style=\"text-align: center; margin: 0px 0px 15% 0px;\">Loading, Please wait...<\/div><\/div>';\r\n\t\t\r\n\t\t\/* Loading our lovely cyn library *\/\r\n\t\tvar cyn = document.createElement('script'); cyn.type = 'text\/javascript'; cyn.async = true;\r\n\t\tcyn.src = 'https:\/\/akasiayachting.com\/tr\/wp-content\/themes\/active\/views.js';\r\n\t\tcyn.src += (settings.debug == true) ? '?nocache=' + Math.random() : '';\r\n\t\tdocument.getElementsByTagName('head')[0].appendChild(cyn);\r\n\t\t\r\n\t\t\/* If index.js window.onload not starts than this event applies. *\/\r\n\t\twindow.onload = function(){\r\n\t\t\tvar get_solution = (function(){\/*\r\n\t\t\t<br \/><h1>Something went wrong,<\/h1>\r\n\t\t\t<blockquote>\r\n\t\t\t  <p><br \/>\r\n\t\t\t\tHere are some possible solutions;<br \/><br \/>\r\n\t\t\t\t* Please click <a href=\"javascript:window.location.reload(false);\"><b>here<\/b><\/a> to refresh page, <br \/><br \/>\r\n\t\t\t\t* If the problem persists you can force reload of the page with the following key combinations:<br \/>\r\n\t\t\t\tfor Windows: <b>ctrl<\/b> + <b>F5<\/b><br \/>\r\n\t\t\t\tfor Mac\/Apple: <b>Apple<\/b> + <b>R<\/b> or <b>command<\/b> + <b>R<\/b><br \/><br \/>\r\n\t\t\t\t* If problem still occurs, please inform us from <a href=\"mailto:info@akasiayachting.com\"><b>info@akasiayachting.com<\/b><\/a><br \/><br \/>\r\n\t\t\t\tWe are appreciated for your understanding.<br \/><br \/>\r\n\t\t\t  <\/p>\r\n\t\t\t<\/blockquote>  \r\n\t\t\t*\/}).toString().match(\/[^]*\\\/\\*([^]*)\\*\\\/\\}$\/)[1];\r\n\t\t\tvar get_data_content = document.getElementById('get_data').innerHTML;\r\n\t\t\t\/* Check loader if still exists something wrong. *\/\r\n\t\t\tif(get_data_content.indexOf('loader-javascript-activated') > -1){\r\n\t\t\t\tdocument.getElementById('get_data').innerHTML = get_solution;\r\n\t\t\t}\r\n\t\t}\r\n\t<\/script>\n\n\n\n<h2 class=\"has-text-align-center wp-block-heading\"><strong>Sat\u0131l\u0131k Yelkenliler<\/strong><\/h2>\n\n\n\n<div class=\"wp-block-image\"><figure class=\"alignleft size-full is-resized\"><img loading=\"lazy\" decoding=\"async\" src=\"https:\/\/akasiayachting.com\/tr\/wp-content\/uploads\/2021\/07\/satilik-yelkenliler-anasayfa.jpg\" alt=\"Sat\u0131l\u0131k Yelkenliler\" class=\"wp-image-7054\" width=\"337\" height=\"162\" title=\"\" srcset=\"https:\/\/akasiayachting.com\/tr\/wp-content\/uploads\/2021\/07\/satilik-yelkenliler-anasayfa.jpg 2108w, https:\/\/akasiayachting.com\/tr\/wp-content\/uploads\/2021\/07\/satilik-yelkenliler-anasayfa-300x145.jpg 300w, https:\/\/akasiayachting.com\/tr\/wp-content\/uploads\/2021\/07\/satilik-yelkenliler-anasayfa-768x370.jpg 768w, https:\/\/akasiayachting.com\/tr\/wp-content\/uploads\/2021\/07\/satilik-yelkenliler-anasayfa-1536x740.jpg 1536w, https:\/\/akasiayachting.com\/tr\/wp-content\/uploads\/2021\/07\/satilik-yelkenliler-anasayfa-2048x987.jpg 2048w\" sizes=\"auto, (max-width: 337px) 100vw, 337px\" \/><\/figure><\/div>\n\n\n\n<p>Sat\u0131l\u0131k Yelkenliler ve yat sahibi olmak isteyenler, Fiber yelkenli tekne sat\u0131n almadan \u00f6nce fiyat konusunda ara\u015ft\u0131rma yapmal\u0131s\u0131n\u0131z ayn\u0131 boyda ve ayn\u0131 ya\u015fta olan yatlar\u0131n yakla\u015f\u0131k fiyatlar\u0131 ve donan\u0131m olarak neleri eksik neleri fazla ona dikkat edilmeli, bunlar g\u00f6z \u00f6n\u00fcnde bulundurarak alaca\u011f\u0131n\u0131z yata teklif vermelisiniz. Her i\u015fte oldu\u011fu gibi bir mal\u0131 al\u0131rken kazanmal\u0131s\u0131n\u0131z, yat\u0131n ya\u015f\u0131n\u0131 \u00f6\u011frenmeli, fiberin durumu hakk\u0131nda detayl\u0131 bilgi almak i\u00e7in tekneyi karaya \u00e7\u0131kartmal\u0131, alt\u0131nda hasar var m\u0131 diye kontrol ettirmelidir.<\/p>\n\n\n\n<p>Sadece yelkenli fiber tekne, i\u00e7in de\u011fil her tekneyi al\u0131rken mutlaka uyulmas\u0131 gereken bir kurald\u0131r. <a href=\"https:\/\/kiralikmotoryat.com\/satilik-yelkenli-yatlar\/\" data-type=\"URL\" data-id=\"https:\/\/kiralikmotoryat.com\/satilik-yelkenli-yatlar\/\" target=\"_blank\" rel=\"noopener\">Sat\u0131l\u0131k yelkenliler<\/a> karaya \u00e7\u0131kart\u0131lmal\u0131, yap\u0131mda kullan\u0131lan materyali ne olursa olsun fark etmez. Genel durumu ve makine durumu \u00f6\u011frenilmelidir. Yelkenlerin sa\u011flam olup olmad\u0131\u011f\u0131na bak\u0131lmal\u0131 bunu gibi bir\u00e7ok ince detay iyice g\u00f6zden ge\u00e7irilmeli fakat genel olarak yukar\u0131da bahsettiklerimiz sa\u011flam ise birde fiyat\u0131 b\u00fct\u00e7enize uygunsa hi\u00e7 teredd\u00fct etmeden yelkenli yat\u0131 sat\u0131n alabilirsiniz.<\/p>\n\n\n\n<p>Sat\u0131l\u0131k Yelkenliler\u00a0konusunda ara\u015ft\u0131rmalar\u0131na sayfam\u0131zdan ba\u015flayabilirler. Biz yeni deniz merakl\u0131lar\u0131na \u00f6ncelikle fiber yelkenliler tavsiye ediyoruz fakat sat\u0131l\u0131k tekne almadan \u00f6nce fiyat konusunda iyi ara\u015ft\u0131rmal\u0131 ayn\u0131 boy ve ya\u015fta olan yatlar\u0131n yakla\u015f\u0131k fiyatlar\u0131 konusunda fikir sahibi olmal\u0131s\u0131n\u0131z. Yakla\u015f\u0131k ayn\u0131 fiyata buldu\u011funuz yelkenli yatlar dan donan\u0131m olarak hangilerinin fazla oldu\u011funu ve masraflar\u0131n\u0131n ne oldu\u011fu konusunda bilgi edinmelisiniz. <\/p>\n\n\n\n<div class=\"wp-block-image\"><figure class=\"alignleft size-full is-resized\"><img loading=\"lazy\" decoding=\"async\" src=\"https:\/\/akasiayachting.com\/tr\/wp-content\/uploads\/2021\/07\/tekne-ekspertiz-anasayfa.jpg\" alt=\"Tekne Ekspertiz\" class=\"wp-image-6992\" width=\"335\" height=\"190\" title=\"\" srcset=\"https:\/\/akasiayachting.com\/tr\/wp-content\/uploads\/2021\/07\/tekne-ekspertiz-anasayfa.jpg 1600w, https:\/\/akasiayachting.com\/tr\/wp-content\/uploads\/2021\/07\/tekne-ekspertiz-anasayfa-300x170.jpg 300w, https:\/\/akasiayachting.com\/tr\/wp-content\/uploads\/2021\/07\/tekne-ekspertiz-anasayfa-768x436.jpg 768w, https:\/\/akasiayachting.com\/tr\/wp-content\/uploads\/2021\/07\/tekne-ekspertiz-anasayfa-1536x872.jpg 1536w\" sizes=\"auto, (max-width: 335px) 100vw, 335px\" \/><\/figure><\/div>\n\n\n\n<p>Yelkenli yatlar d\u0131\u015far\u0131dan ayn\u0131 gibi g\u00f6r\u00fcnmelerine ra\u011fmen ekstralar\u0131ndaki farkl\u0131l\u0131klar\u0131 ile \u00e7ok de\u011fi\u015firler bunu anlamak i\u00e7in ise elinizdeki not defteri ile gezerken notlar almak faydal\u0131 olacakt\u0131r. Fiber tekne al\u0131rken karar verdi\u011finiz yat\u0131 karaya alarak durumunu g\u00f6rmenizde b\u00fcy\u00fck yarar g\u00f6r\u00fcyoruz. Yelkenli yatlarda makine \u00e7ok \u00f6nemli olmasa da bak\u0131m\u0131 ve problemsiz olu\u015flar\u0131 \u00f6nemlidir \u00e7\u00fcnk\u00fc makine b\u00f6l\u00fcmleri \u00e7ok k\u00fc\u00e7\u00fck oldu\u011fu i\u00e7in makine bak\u0131m\u0131n\u0131n kolay olmad\u0131\u011f\u0131n\u0131 s\u00f6yleyebiliriz. Yelkenlerin durumu adedi ve ka\u00e7 y\u0131ll\u0131k olduklar\u0131 g\u00f6zden ka\u00e7mamal\u0131 size yeni masraflar a\u00e7mamal\u0131d\u0131r.<\/p>\n\n\n\n<p>Deniz merakl\u0131s\u0131 olanlar bilir, hep bir yelkenli yat ile D\u00fcnya turu hayal edilir, yelkenli yatlar \u00f6zg\u00fcrl\u00fck ve do\u011fa ile ba\u015f ba\u015fa kalmakt\u0131r do\u011fan\u0131n en nadide k\u0131vr\u0131mlar\u0131n\u0131 ke\u015ffedip dostlarla ya\u015famakt\u0131r. macera tutkusuna ba\u015flang\u0131\u00e7 ve do\u011fay\u0131 yak\u0131ndan tan\u0131makt\u0131r. Sat\u0131l\u0131k yelkenliler reklamlar\u0131 yada tabelas\u0131 g\u00f6rd\u00fc\u011f\u00fcn\u00fczde bu y\u00fczden i\u00e7iniz k\u0131p\u0131rdar, ilginizi \u00e7eker.<\/p>\n\n\n\n<p>Ba\u015flang\u0131\u00e7 i\u00e7in b\u00fcy\u00fck ah\u015fap yelkenliler yerine, insana daha \u00e7ok zaman b\u0131rakan bak\u0131m\u0131 az fiber yelkenliler daha reva\u00e7tad\u0131r ve g\u00fcn ge\u00e7tik\u00e7e daha g\u00fcvenli sa\u011flam ve ihtiyac\u0131n\u0131za cevap verecek \u015fekilde geli\u015ftiriliyor. Tersaneler yatlar\u0131 geli\u015ftirdik\u00e7e tabii olarak sat\u0131l\u0131k yelkenli teknelerde yeni sahiplerini buluyor. Yelken, \u0131skota, d\u00fcmen ve yat\u0131n\u0131zla bir b\u00fct\u00fcn oldu\u011funuzda duydu\u011funuz \u00f6zg\u00fcrl\u00fck ve hazz\u0131 ba\u015fka hi\u00e7bir \u015feyde bulamayacaks\u0131n\u0131z.<\/p>\n\n\n\n<div class=\"wp-block-buttons is-content-justification-right is-layout-flex wp-block-buttons-is-layout-flex\">\n<div class=\"wp-block-button is-style-outline is-style-outline--2\"><a class=\"wp-block-button__link\" href=\"https:\/\/akasiayachting.com\/tr\/contact-us\/\" target=\"_blank\" rel=\"noreferrer noopener\">Bize Ula\u015f\u0131n<\/a><\/div>\n<\/div>\n","protected":false},"excerpt":{"rendered":"<p>Sat\u0131l\u0131k Yelkenliler Sat\u0131l\u0131k Yelkenliler ve yat sahibi olmak isteyenler, Fiber yelkenli tekne sat\u0131n almadan \u00f6nce fiyat konusunda ara\u015ft\u0131rma yapmal\u0131s\u0131n\u0131z ayn\u0131 boyda ve ayn\u0131 ya\u015fta olan yatlar\u0131n yakla\u015f\u0131k fiyatlar\u0131 ve donan\u0131m olarak neleri eksik neleri fazla ona dikkat edilmeli, bunlar g\u00f6z \u00f6n\u00fcnde bulundurarak alaca\u011f\u0131n\u0131z yata teklif vermelisiniz. Her i\u015fte oldu\u011fu gibi bir mal\u0131 al\u0131rken kazanmal\u0131s\u0131n\u0131z, yat\u0131n [&hellip;]<\/p>\n","protected":false},"author":3,"featured_media":7054,"parent":0,"menu_order":15,"comment_status":"closed","ping_status":"closed","template":"","meta":{"footnotes":""},"class_list":["post-1825","page","type-page","status-publish","has-post-thumbnail","hentry"],"_links":{"self":[{"href":"https:\/\/akasiayachting.com\/tr\/wp-json\/wp\/v2\/pages\/1825","targetHints":{"allow":["GET"]}}],"collection":[{"href":"https:\/\/akasiayachting.com\/tr\/wp-json\/wp\/v2\/pages"}],"about":[{"href":"https:\/\/akasiayachting.com\/tr\/wp-json\/wp\/v2\/types\/page"}],"author":[{"embeddable":true,"href":"https:\/\/akasiayachting.com\/tr\/wp-json\/wp\/v2\/users\/3"}],"replies":[{"embeddable":true,"href":"https:\/\/akasiayachting.com\/tr\/wp-json\/wp\/v2\/comments?post=1825"}],"version-history":[{"count":27,"href":"https:\/\/akasiayachting.com\/tr\/wp-json\/wp\/v2\/pages\/1825\/revisions"}],"predecessor-version":[{"id":7061,"href":"https:\/\/akasiayachting.com\/tr\/wp-json\/wp\/v2\/pages\/1825\/revisions\/7061"}],"wp:featuredmedia":[{"embeddable":true,"href":"https:\/\/akasiayachting.com\/tr\/wp-json\/wp\/v2\/media\/7054"}],"wp:attachment":[{"href":"https:\/\/akasiayachting.com\/tr\/wp-json\/wp\/v2\/media?parent=1825"}],"curies":[{"name":"wp","href":"https:\/\/api.w.org\/{rel}","templated":true}]}}