{"id":1821,"date":"2010-09-08T12:16:17","date_gmt":"2010-09-08T12:16:17","guid":{"rendered":"https:\/\/akasiayachting.com\/"},"modified":"2021-07-30T19:59:01","modified_gmt":"2021-07-30T16:59:01","slug":"satilik-motoryatlar","status":"publish","type":"page","link":"https:\/\/akasiayachting.com\/tr\/satilik-motoryatlar\/","title":{"rendered":"Sat\u0131l\u0131k Motoryatlar"},"content":{"rendered":"\t<div id=\"get_debug\"><\/div>\r\n\t<div id=\"get_data\"><\/div>\r\n\t\r\n\t<script\ttype=\"text\/javascript\">\r\n\t\tvar\tdefaults = {\r\n\t\t\t\/* get : motoryachts, gulets, sailingyachts, istanbulyachts, yachts *\/\r\n\t\t\tget : 'motoryachts',\r\n\t\t\t\/* for : sale, rent *\/\r\n\t\t\tfor : 'sale',\r\n\t\t\t\/* sort : modified, date, loa, price, guest_capacity *\/\r\n\t\t\tsort : 'length_overall',\r\n\t\t\t\/* by : asc, desc *\/\r\n\t\t\tby : 'desc',\r\n\t\t\t\/* page number *\/\r\n\t\t\tpage : '1',\r\n\t\t\t\/* results per page *\/\r\n\t\t\tperpage : '15',\r\n\t\t\t\/* theme : active-71, active-113, active-173, active-229, active-281 *\/\r\n\t\t\ttheme : 'active-281',\r\n\t\t\t\/* ref URL : your domain, document.URL, window.location, window.location.host, localhost *\/\r\n\t\t\tref\t: 'https:\/\/akasiayachting.com\/tr\/satilik-motoryatlar\/',\r\n\t\t\t\/* ID num *\/\r\n\t\t\tof : '',\r\n\t\t};\r\n\t\t\r\n\t\tvar settings = {\r\n\t\t\t\/* debug : true, false *\/\r\n\t\t\tdebug : false,\r\n\t\t\t\/* engine : ay.com, ey.net *\/\r\n\t\t\tengine : 'akasiayachting.com',\r\n\t\t\t\/* scroll : true, false *\/\r\n\t\t\tscrolltop : true,\r\n\t\t\t\/* scrollspeed : integer as milisecond *\/\r\n\t\t\tscrollspeed : 500,\r\n\t\t\t\/* loader : 'Loading, Please wait...', 'html code' *\/\r\n\t\t\tloader : '<style type=\"text\/css\">#loader-animation { margin: 15% auto 5px auto; width: 28px; height: 28px;  animation: rotate 0.8s infinite linear; border: 4px solid #3498db; border-right-color: transparent; border-radius: 50%; } @keyframes rotate { 0% { transform: rotate(0deg); } 100% { transform: rotate(360deg); } }<\/style><div id=\"loader-javascript-activated\"><br \/><div id=\"loader-animation\"><\/div><div style=\"text-align: center; margin: 0px 0px 15% 0px;\">Loading, Please wait...<\/div><\/div>',\r\n\t\t}\r\n\t\t\r\n\t\t\/* Do not change anything below *\/\r\n\t\tif(document.location.hostname.includes('.test')){ settings.debug = true; }\r\n\t\t\r\n\t\t\/* Add loader to the get_data *\/\r\n\t\tdocument.getElementById('get_data').innerHTML = '<style type=\"text\/css\">#loader-animation { margin: 15% auto 5px auto; width: 28px; height: 28px;  animation: rotate 0.8s infinite linear; border: 4px solid #3498db; border-right-color: transparent; border-radius: 50%; } @keyframes rotate { 0% { transform: rotate(0deg); } 100% { transform: rotate(360deg); } }<\/style><div id=\"loader-javascript-activated\"><br \/><div id=\"loader-animation\"><\/div><div style=\"text-align: center; margin: 0px 0px 15% 0px;\">Loading, Please wait...<\/div><\/div>';\r\n\t\t\r\n\t\t\/* Loading our lovely cyn library *\/\r\n\t\tvar cyn = document.createElement('script'); cyn.type = 'text\/javascript'; cyn.async = true;\r\n\t\tcyn.src = 'https:\/\/akasiayachting.com\/tr\/wp-content\/themes\/active\/views.js';\r\n\t\tcyn.src += (settings.debug == true) ? '?nocache=' + Math.random() : '';\r\n\t\tdocument.getElementsByTagName('head')[0].appendChild(cyn);\r\n\t\t\r\n\t\t\/* If index.js window.onload not starts than this event applies. *\/\r\n\t\twindow.onload = function(){\r\n\t\t\tvar get_solution = (function(){\/*\r\n\t\t\t<br \/><h1>Something went wrong,<\/h1>\r\n\t\t\t<blockquote>\r\n\t\t\t  <p><br \/>\r\n\t\t\t\tHere are some possible solutions;<br \/><br \/>\r\n\t\t\t\t* Please click <a href=\"javascript:window.location.reload(false);\"><b>here<\/b><\/a> to refresh page, <br \/><br \/>\r\n\t\t\t\t* If the problem persists you can force reload of the page with the following key combinations:<br \/>\r\n\t\t\t\tfor Windows: <b>ctrl<\/b> + <b>F5<\/b><br \/>\r\n\t\t\t\tfor Mac\/Apple: <b>Apple<\/b> + <b>R<\/b> or <b>command<\/b> + <b>R<\/b><br \/><br \/>\r\n\t\t\t\t* If problem still occurs, please inform us from <a href=\"mailto:info@akasiayachting.com\"><b>info@akasiayachting.com<\/b><\/a><br \/><br \/>\r\n\t\t\t\tWe are appreciated for your understanding.<br \/><br \/>\r\n\t\t\t  <\/p>\r\n\t\t\t<\/blockquote>  \r\n\t\t\t*\/}).toString().match(\/[^]*\\\/\\*([^]*)\\*\\\/\\}$\/)[1];\r\n\t\t\tvar get_data_content = document.getElementById('get_data').innerHTML;\r\n\t\t\t\/* Check loader if still exists something wrong. *\/\r\n\t\t\tif(get_data_content.indexOf('loader-javascript-activated') > -1){\r\n\t\t\t\tdocument.getElementById('get_data').innerHTML = get_solution;\r\n\t\t\t}\r\n\t\t}\r\n\t<\/script>\n\n\n\n<h2 class=\"has-text-align-center wp-block-heading\"><strong>Sat\u0131l\u0131k Motoryatlar<\/strong><\/h2>\n\n\n\n<div class=\"wp-block-image\"><figure class=\"alignleft size-full is-resized\"><img loading=\"lazy\" decoding=\"async\" src=\"https:\/\/akasiayachting.com\/tr\/wp-content\/uploads\/2021\/07\/satilik-motoryatlar-anasayfa.jpg\" alt=\"Sat\u0131l\u0131k Motoryatlar\" class=\"wp-image-7039\" width=\"335\" height=\"193\" title=\"\" srcset=\"https:\/\/akasiayachting.com\/tr\/wp-content\/uploads\/2021\/07\/satilik-motoryatlar-anasayfa.jpg 1750w, https:\/\/akasiayachting.com\/tr\/wp-content\/uploads\/2021\/07\/satilik-motoryatlar-anasayfa-300x173.jpg 300w, https:\/\/akasiayachting.com\/tr\/wp-content\/uploads\/2021\/07\/satilik-motoryatlar-anasayfa-768x443.jpg 768w, https:\/\/akasiayachting.com\/tr\/wp-content\/uploads\/2021\/07\/satilik-motoryatlar-anasayfa-1536x886.jpg 1536w\" sizes=\"auto, (max-width: 335px) 100vw, 335px\" \/><\/figure><\/div>\n\n\n\n<p>Sayfada listelemi\u015f oldu\u011fumuz sat\u0131l\u0131k motoryatlar portf\u00f6y\u00fcm\u00fczde tekne boyuna g\u00f6re s\u0131ralanm\u0131\u015ft\u0131r. Her a\u00e7\u0131lan sayfada 21 motoryat listelenmekte olup, listenin sonunda bir sonraki sayfaya ge\u00e7i\u015f linki bulunmaktad\u0131r. Sayfa numaras\u0131 linkini t\u0131klay\u0131p di\u011fer sayfalara ge\u00e7i\u015f yap\u0131l\u0131r. Motoryat sat\u0131\u015f\u0131, portf\u00f6y\u00fcm\u00fczde bulunan motor yatlar\u0131n kaliteli foto\u011fraflar\u0131 ve teknik detaylar\u0131n\u0131 yaz\u0131l\u0131 olarak ve anla\u015f\u0131l\u0131r \u015fekilde sayfam\u0131zda bulabilirsiniz. Portf\u00f6y\u00fcm\u00fczden be\u011fenmi\u015f oldu\u011funuz motoryat hakk\u0131nda detayl\u0131 bilgi almak i\u00e7in bizleri arayabilirsiniz. -Sat\u0131l\u0131k Motoryatlar <\/p>\n\n\n\n<p>Sayfalar\u0131m\u0131zda bulunan yatlar d\u0131\u015f\u0131nda internette yay\u0131nlayamad\u0131\u011f\u0131m\u0131z tekne sahibi taraf\u0131ndan sadece bize haber verilmi\u015f yani yat sahibinin yat\u0131n sat\u0131l\u0131k oldu\u011funu kimsenin duymas\u0131n\u0131 istemedi\u011fi bir\u00e7ok farkl\u0131 marka\u00a0ve \u00f6zel yap\u0131lm\u0131\u015f motoryatlar portf\u00f6y\u00fcm\u00fczde bulunmaktad\u0131r, bize yapaca\u011f\u0131n\u0131z talebinize uygun mutlaka\u00a0sat\u0131l\u0131k\u00a0bir motor yat\u0131m\u0131z bulunmaktad\u0131r. Sayfa ba\u015f\u0131nda bulunan ileti\u015fim linkini t\u0131klay\u0131p bize ula\u015fabilirsiniz.-Sat\u0131l\u0131k Motoryatlar <\/p>\n\n\n\n<p>Sat\u0131l\u0131k motoryatlar ve almak isteyen deniz severler bu konuda karar vermeden \u00f6nce yatlardan iyi anlayan bir kaptan bulmal\u0131 ve onun ekspertizi ile yat\u0131 her y\u00f6n\u00fc ile kontrol ettirmelidir. Yat\u0131n kaptan\u0131na akl\u0131n\u0131za gelen her t\u00fcrl\u00fc soruyu sorun, eksiklerden olu\u015fan masraf\u0131n ne olabilece\u011fi ile alakal\u0131 fikir sahibi olun.\u00a0Sonra y\u0131ll\u0131k bak\u0131m masraflar\u0131, marina masraf\u0131, personel giderleri, sigorta ve sair giderlerin hesab\u0131n\u0131 iyi yapman\u0131z gerekir bu nedenle yat\u0131n ekspertizini yapan kaptan\u0131n\u0131z\u0131n bu konulara da vak\u0131f olmas\u0131 ve makine aksam\u0131, jenerat\u00f6rler, klima ve su yap\u0131c\u0131 gibi yard\u0131mc\u0131 elemanlar\u0131nda dilinden anlamas\u0131 gerekir.\u00a0-Sat\u0131l\u0131k Motoryatlar <\/p>\n\n\n\n<p>\u0130\u015fte bu sebeplerden sat\u0131l\u0131k ikinci el motoryatlar konusunda yat sat\u0131n almak istedi\u011finizde \u00e7ok daha b\u00fcy\u00fck masraflarla kar\u015f\u0131la\u015fmadan \u00f6nce karar verdi\u011finiz yat\u0131 kontrol edecek kaptan\u0131 bularak size en uygun yat\u0131n teknik olarak hangi nitelikte oldu\u011funa birlikte karar verin. Ekspertiz yapan kaptana \u00f6deyece\u011finiz \u00fccret kaybedebilece\u011finiz miktar\u0131n yan\u0131nda veya kazanacaklar\u0131n\u0131z\u0131n yan\u0131nda s\u00f6z konusu bile olamaz. -Sat\u0131l\u0131k Motoryatlar <\/p>\n\n\n\n<p>B\u00fct\u00e7enize Uygun Sat\u0131l\u0131k Motoryatlar,<\/p>\n\n\n\n<p>Sayfalar\u0131m\u0131zda bulunan Sat\u0131l\u0131k motoryatlar i\u00e7inden e\u011fer be\u011fendi\u011finiz olursa motor yat\u0131n detaylar\u0131 ve niteli\u011fi konusunda bizimle irtibata ge\u00e7ti\u011finizde her konuda t\u00fcm a\u00e7\u0131kl\u0131\u011f\u0131m\u0131zla ve samimiyetimizle sizin yerinize ekspertiz eder ve bunu size izah ederiz. e\u011fer portf\u00f6y\u00fcm\u00fczde istedi\u011finiz kalite yada boyutta tekne bulamazsan\u0131z bilin ki istedi\u011finiz yat\u0131 bulmak konusunda d\u00fcnya piyasalar\u0131na sizden daha yak\u0131n ve bu konuda yeterliyiz ikinci el motoryat talebinizi takip ederek size en uygun sahibinden sat\u0131l\u0131k motoryat\u0131 biz buluruz ve yapt\u0131\u011f\u0131m\u0131z ekspertiz raporu ve extra masraflar\u0131 rapor halinde size sunar\u0131z. ikinci el motoryat al\u0131rken sizin \u00e7\u0131karlar\u0131n\u0131z\u0131 en \u00fcst d\u00fczeyde dikkate al\u0131r\u0131z. gerekirse \u00e7ok b\u00fcy\u00fck masraf say\u0131lan konular\u0131 \u00e7ok makul fiyatlar ile tamir ve tedarik ederiz.-Sat\u0131l\u0131k Motoryatlar <\/p>\n\n\n\n<p>Sat\u0131l\u0131k Farkl\u0131 Marka ve Model Motoryatlar,<\/p>\n\n\n\n<div class=\"wp-block-image\"><figure class=\"alignleft size-full is-resized\"><img loading=\"lazy\" decoding=\"async\" src=\"https:\/\/akasiayachting.com\/tr\/wp-content\/uploads\/2014\/10\/kiralik_tekne.jpg\" alt=\"\" class=\"wp-image-6085\" width=\"334\" height=\"186\" title=\"\" srcset=\"https:\/\/akasiayachting.com\/tr\/wp-content\/uploads\/2014\/10\/kiralik_tekne.jpg 1968w, https:\/\/akasiayachting.com\/tr\/wp-content\/uploads\/2014\/10\/kiralik_tekne-300x167.jpg 300w\" sizes=\"auto, (max-width: 334px) 100vw, 334px\" \/><\/figure><\/div>\n\n\n\n<p>T\u00fcrkiye de bulunan Sat\u0131l\u0131k ah\u015fap motoryat, lamine motoryat ve komposit fiber motor yatlar, farkl\u0131 marka ve modelde olan pek \u00e7ok yerli ve yabanc\u0131 yap\u0131m motoryatlar bulunmaktad\u0131r. Bu tekneler hemen her y\u0131l sonunda talep ve i\u015fadam\u0131n\u0131n mali durumuna g\u00f6re el de\u011fi\u015ftirirler. Yat sahiplerinin bir b\u00f6l\u00fcm\u00fc k\u00fc\u00e7\u00fck gelen ve yetmeyen sat\u0131l\u0131k ah\u015fap motoryatlar\u0131n\u0131 daha b\u00fcy\u00fckleri ile de\u011fi\u015ftirirler bir k\u0131sm\u0131 da \u015fehir ve i\u015f hayat\u0131n\u0131n stresini, do\u011faya denize a\u00e7\u0131larak atmak i\u00e7in yat sahibi olurlar. yat hem dinlence, hem deniz ve koylarda y\u00fczen bir ev hem de aktivite demektir. Bu nedenle her ge\u00e7en g\u00fcn daha fazla deniz ve motor yat merakl\u0131s\u0131 olu\u015fmaktad\u0131r.-Sat\u0131l\u0131k Motoryatlar <\/p>\n\n\n\n<p>Bizde bu pazarda d\u00fcnyan\u0131n her \u00fclkesinde bulunan beraber \u00e7al\u0131\u015ft\u0131\u011f\u0131m\u0131z brokerler ile irtibat kuruyor ve her ge\u00e7en g\u00fcn pazar\u0131m\u0131z\u0131 geli\u015ftiriyoruz, sat\u0131l\u0131k lamine motor yatlar i\u00e7in pazar bularak do\u011fru de\u011ferlendirmelerle pazarlamaya \u00e7al\u0131\u015f\u0131yoruz. Al\u0131c\u0131 ve sat\u0131c\u0131 aras\u0131ndaki koordinasyonda her iki taraf\u0131nda haklar\u0131n\u0131 korumak amac\u0131yla bilgilerimizle ikna ederek aralar\u0131nda \u015f\u00fcphe b\u0131rakmadan anla\u015fmalar\u0131n\u0131 sa\u011fl\u0131yoruz \u00e7\u00fcnk\u00fc bu kazanc\u0131n do\u011fru olabilmesinin en temel yolu g\u00f6n\u00fcl r\u0131zas\u0131d\u0131r ve m\u00fc\u015fteriyi do\u011fru bilgilendirmek bu kazanc\u0131n temelini te\u015fkil etmektedir.-Sat\u0131l\u0131k Motoryatlar <\/p>\n\n\n\n<p>Sayfam\u0131zda her Marka ve Model Sat\u0131l\u0131k Motoryat Bulunmaktad\u0131r,<\/p>\n\n\n\n<p>Sayfam\u0131zdaki Motoryat Sat\u0131\u015f\u0131 ile ilgili yatlar\u0131 bizzat ziyaret ederek resimleyip detaylar\u0131n\u0131 alarak portf\u00f6y\u00fcm\u00fcze ekliyoruz ve \u015f\u00fcpheye mahal vermemek i\u00e7in \u00f6n bilgilerini alarak al\u0131m sat\u0131mda yard\u0131mc\u0131 olmak i\u00e7in her iki taraf\u0131nda \u00e7\u0131karlar\u0131n\u0131 g\u00f6zeterek do\u011fru bilgiler vermeye gayret ediyoruz. Listelemi\u015f oldu\u011fumuz tekneleri ba\u015flang\u0131\u00e7 i\u00e7in d\u0131\u015f \u00e7izgileri ile oldu\u011fu kadar i\u00e7 d\u00f6\u015feme ve dizayn\u0131 hakk\u0131nda fikirler verecek \u015fekilde profesyonelce foto\u011frafl\u0131yoruz portf\u00f6y\u00fcm\u00fczde her marka ve model <a href=\"https:\/\/kiralikgulet.com\/satilik-motoryatlar\/\" data-type=\"URL\" data-id=\"https:\/\/kiralikgulet.com\/satilik-motoryatlar\/\" target=\"_blank\" rel=\"noopener\">sat\u0131l\u0131k motoryat<\/a> buluyor. Azimut 62, Azimut 55, Azimut 46 sat\u0131l\u0131k motoryat Princess, Princess 67, Princess 56, Princess 52, fiber motoryat Fairline Squadron 59, sat\u0131l\u0131k motoryat Ferretti 62, Ferretti 68, bulunmaktad\u0131r be\u011fendi\u011finiz fiber motoryatlar\u0131 bize yazabilir ve hakk\u0131nda bilgi edinebilirsiniz ve bunun i\u00e7in \u00fccret \u00f6demezsiniz.-Sat\u0131l\u0131k Motoryatlar <\/p>\n\n\n\n<p>Sat\u0131l\u0131k Ferretti, Sunseeker, Princess, Azimut, marka Motoryatlar. Sat\u0131l\u0131k motoryat markalar\u0131ndan \u00f6rnek verirsek, Azimut, Ferretti, Sunseeker, Fairline, Searay, Carver, Riva gibi listemizde bulunan motoryatlardan be\u011fenebileceklerinizin sayfam\u0131zdaki bilgileri sizin i\u00e7in yeterli olmayabilir. Daha fazla bilgi edinmek i\u00e7in bizi aramakta teredd\u00fct etmeyin. sat\u0131l\u0131k Feretti, sat\u0131l\u0131k Sunseeker, sat\u0131l\u0131k Fairline gibi pek \u00e7ok marka ve modellerden sayfam\u0131zdakiler yeterli gelmezse, arad\u0131\u011f\u0131n\u0131z modelin ne oldu\u011fu ile ilgili bize bilgi verirseniz bu modeli size bularak durumunu ve \u00f6zelliklerini \u00f6n bilgi olarak size sunar alaca\u011f\u0131n\u0131z yat hakk\u0131nda sizi bilgilendiririz.-Sat\u0131l\u0131k Motoryatlar <\/p>\n\n\n\n<div class=\"wp-block-image\"><figure class=\"alignleft size-full is-resized\"><img loading=\"lazy\" decoding=\"async\" src=\"https:\/\/akasiayachting.com\/tr\/wp-content\/uploads\/2021\/07\/kiralik-motoryatlar-anasayfa.jpg\" alt=\"Kiral\u0131k Motoryatlar\" class=\"wp-image-6967\" width=\"334\" height=\"168\" title=\"\" srcset=\"https:\/\/akasiayachting.com\/tr\/wp-content\/uploads\/2021\/07\/kiralik-motoryatlar-anasayfa.jpg 1736w, https:\/\/akasiayachting.com\/tr\/wp-content\/uploads\/2021\/07\/kiralik-motoryatlar-anasayfa-300x151.jpg 300w, https:\/\/akasiayachting.com\/tr\/wp-content\/uploads\/2021\/07\/kiralik-motoryatlar-anasayfa-768x388.jpg 768w, https:\/\/akasiayachting.com\/tr\/wp-content\/uploads\/2021\/07\/kiralik-motoryatlar-anasayfa-1536x775.jpg 1536w\" sizes=\"auto, (max-width: 334px) 100vw, 334px\" \/><\/figure><\/div>\n\n\n\n<p>Sahibinden sat\u0131l\u0131k motoryatlar satmak i\u00e7in bize internet \u00fczerinden ula\u015fan yat sahiplerinin motoryatlar\u0131n\u0131 satmak ve \u00f6ncelikle yat\u0131n bulundu\u011fu marinaya giderek sat\u0131\u015fa uygunlu\u011funu ara\u015ft\u0131rd\u0131ktan sonra yat\u0131n b\u00fct\u00fcn detayl\u0131 bilgilerini al\u0131r ve yat\u0131n tamam\u0131n\u0131 resimleyerek teknik bilgileri ile birlikte sayfam\u0131za ekleriz, bu bilgiler sayfam\u0131zda \u00f6n ve k\u0131s\u0131tl\u0131 bilgiler olarak yer al\u0131r ve detayl\u0131 bilgiler ise her yat i\u00e7in ayr\u0131 \u015fekilde bizim taraf\u0131m\u0131zdan ar\u015fivlenir. Sat\u0131l\u0131k motoryatlar portf\u00f6y\u00fcm\u00fczden yat almak isteyen internetten gelen al\u0131c\u0131 taleplerinin ciddiyetine g\u00f6re bu bilgiler her iki tarafa \u015f\u00fcphe b\u0131rakmayacak \u015fekilde iletilerek arac\u0131l\u0131k yap\u0131l\u0131r, \u00e7\u00fcnk\u00fc bu t\u00fcr sat\u0131\u015flarda yat alan yada satan\u0131n bilgisi yeterli olmayabilir bu nedenle, her iki taraf\u0131 m\u00fc\u015fteri kabul eden firmam\u0131z, olu\u015fabilecek yanl\u0131\u015flar\u0131n \u00f6n\u00fcne ge\u00e7meye gayret eder ve sorumluluk al\u0131r. <a title=\"Sat\u0131l\u0131k Tekneler\" href=\"https:\/\/akasiayachting.com\/tr\/satilik-tekneler-hakkinda-kisa-ve-gerekli-bilgiler\/#portfolio\">sat\u0131l\u0131k tekneler<\/a> sat\u0131\u015f sonunda gereken evraklar ve sat\u0131\u015f i\u015flemleri ile ilgilenerek sat\u0131\u015f\u0131n bitimine kadar sizi yaln\u0131z b\u0131rakmay\u0131z, sat\u0131l\u0131k fiber motoryatlar ve sat\u0131l\u0131k lamine motoryatlar da malzeme farkl\u0131l\u0131klar\u0131 vard\u0131r.-Sat\u0131l\u0131k Motoryatlar <\/p>\n\n\n\n<p>\u00d6zellikle lamine motoryatlar\u0131n fiber olanlar\u0131na g\u00f6re daha masrafl\u0131 oldu\u011fu bilinir \u00e7\u00fcnk\u00fc devaml\u0131 bak\u0131m isterler. Boyas\u0131, verni\u011fi, ve d\u0131\u015f y\u00fczeyin devaml\u0131 g\u00fcne\u015fe ve deniz suyuna maruz kalmas\u0131 ile bak\u0131mlar\u0131 fazlad\u0131r ve \u00e7ok dikkat ister. fiber tekneler kullan\u0131lan malzemeden sebep g\u00fcne\u015f \u0131\u015f\u0131nlar\u0131na daha fazla dayan\u0131kl\u0131d\u0131r ve bak\u0131mlar\u0131 kolayd\u0131r. Teknik olarak aralar\u0131nda \u00e7ok fark bulunmaz. Ancak fiber yatlar\u0131n \u00f6zellikle su kesiminin alt\u0131nda osmosis diye bir hastal\u0131\u011f\u0131 olu\u015fabilir ve zaman\u0131nda \u00f6nlem al\u0131nmazsa kanser gibi t\u00fcm tekneyi etkiler bu nedenle teknelerin ya\u015f\u0131 ve kullan\u0131ld\u0131\u011f\u0131 yerler \u00e7ok \u00f6nemlidir. E\u011fer osmoz ba\u015flang\u0131c\u0131 varsa derhal tamir edilmeli ve \u00f6nlenmelidir. acil sat\u0131l\u0131k motoryat olarak sat\u0131\u015fa sunulan teknelerde acele davranmamal\u0131 ve teknenin teknik detaylar\u0131 iyi ara\u015ft\u0131r\u0131lmal\u0131d\u0131r.-Sat\u0131l\u0131k Motoryatlar<\/p>\n\n\n\n<div class=\"wp-block-buttons is-content-justification-right is-layout-flex wp-block-buttons-is-layout-flex\">\n<div class=\"wp-block-button is-style-outline is-style-outline--2\"><a class=\"wp-block-button__link\" href=\"https:\/\/akasiayachting.com\/tr\/contact-us\/\" target=\"_blank\" rel=\"noreferrer noopener\">Bize Ula\u015f\u0131n<\/a><\/div>\n<\/div>\n","protected":false},"excerpt":{"rendered":"<p>Sat\u0131l\u0131k Motoryatlar Sayfada listelemi\u015f oldu\u011fumuz sat\u0131l\u0131k motoryatlar portf\u00f6y\u00fcm\u00fczde tekne boyuna g\u00f6re s\u0131ralanm\u0131\u015ft\u0131r. Her a\u00e7\u0131lan sayfada 21 motoryat listelenmekte olup, listenin sonunda bir sonraki sayfaya ge\u00e7i\u015f linki bulunmaktad\u0131r. Sayfa numaras\u0131 linkini t\u0131klay\u0131p di\u011fer sayfalara ge\u00e7i\u015f yap\u0131l\u0131r. Motoryat sat\u0131\u015f\u0131, portf\u00f6y\u00fcm\u00fczde bulunan motor yatlar\u0131n kaliteli foto\u011fraflar\u0131 ve teknik detaylar\u0131n\u0131 yaz\u0131l\u0131 olarak ve anla\u015f\u0131l\u0131r \u015fekilde sayfam\u0131zda bulabilirsiniz. Portf\u00f6y\u00fcm\u00fczden be\u011fenmi\u015f [&hellip;]<\/p>\n","protected":false},"author":3,"featured_media":7039,"parent":0,"menu_order":13,"comment_status":"closed","ping_status":"closed","template":"","meta":{"footnotes":""},"class_list":["post-1821","page","type-page","status-publish","has-post-thumbnail","hentry"],"_links":{"self":[{"href":"https:\/\/akasiayachting.com\/tr\/wp-json\/wp\/v2\/pages\/1821","targetHints":{"allow":["GET"]}}],"collection":[{"href":"https:\/\/akasiayachting.com\/tr\/wp-json\/wp\/v2\/pages"}],"about":[{"href":"https:\/\/akasiayachting.com\/tr\/wp-json\/wp\/v2\/types\/page"}],"author":[{"embeddable":true,"href":"https:\/\/akasiayachting.com\/tr\/wp-json\/wp\/v2\/users\/3"}],"replies":[{"embeddable":true,"href":"https:\/\/akasiayachting.com\/tr\/wp-json\/wp\/v2\/comments?post=1821"}],"version-history":[{"count":32,"href":"https:\/\/akasiayachting.com\/tr\/wp-json\/wp\/v2\/pages\/1821\/revisions"}],"predecessor-version":[{"id":7041,"href":"https:\/\/akasiayachting.com\/tr\/wp-json\/wp\/v2\/pages\/1821\/revisions\/7041"}],"wp:featuredmedia":[{"embeddable":true,"href":"https:\/\/akasiayachting.com\/tr\/wp-json\/wp\/v2\/media\/7039"}],"wp:attachment":[{"href":"https:\/\/akasiayachting.com\/tr\/wp-json\/wp\/v2\/media?parent=1821"}],"curies":[{"name":"wp","href":"https:\/\/api.w.org\/{rel}","templated":true}]}}