{"id":1817,"date":"2010-09-08T12:10:08","date_gmt":"2010-09-08T12:10:08","guid":{"rendered":"https:\/\/akasiayachting.com\/"},"modified":"2021-07-30T20:30:26","modified_gmt":"2021-07-30T17:30:26","slug":"satilik-guletler","status":"publish","type":"page","link":"https:\/\/akasiayachting.com\/tr\/satilik-guletler\/","title":{"rendered":"Sat\u0131l\u0131k Guletler"},"content":{"rendered":"\t<div id=\"get_debug\"><\/div>\r\n\t<div id=\"get_data\"><\/div>\r\n\t\r\n\t<script\ttype=\"text\/javascript\">\r\n\t\tvar\tdefaults = {\r\n\t\t\t\/* get : motoryachts, gulets, sailingyachts, istanbulyachts, yachts *\/\r\n\t\t\tget : 'gulets',\r\n\t\t\t\/* for : sale, rent *\/\r\n\t\t\tfor : 'sale',\r\n\t\t\t\/* sort : modified, date, loa, price, guest_capacity *\/\r\n\t\t\tsort : 'loa',\r\n\t\t\t\/* by : asc, desc *\/\r\n\t\t\tby : 'desc',\r\n\t\t\t\/* page number *\/\r\n\t\t\tpage : '1',\r\n\t\t\t\/* results per page *\/\r\n\t\t\tperpage : '15',\r\n\t\t\t\/* theme : active-71, active-113, active-173, active-229, active-281 *\/\r\n\t\t\ttheme : 'active-281',\r\n\t\t\t\/* ref URL : your domain, document.URL, window.location, window.location.host, localhost *\/\r\n\t\t\tref\t: 'https:\/\/akasiayachting.com\/tr\/satilik-guletler\/',\r\n\t\t\t\/* ID num *\/\r\n\t\t\tof : '',\r\n\t\t};\r\n\t\t\r\n\t\tvar settings = {\r\n\t\t\t\/* debug : true, false *\/\r\n\t\t\tdebug : false,\r\n\t\t\t\/* engine : ay.com, ey.net *\/\r\n\t\t\tengine : 'akasiayachting.com',\r\n\t\t\t\/* scroll : true, false *\/\r\n\t\t\tscrolltop : true,\r\n\t\t\t\/* scrollspeed : integer as milisecond *\/\r\n\t\t\tscrollspeed : 500,\r\n\t\t\t\/* loader : 'Loading, Please wait...', 'html code' *\/\r\n\t\t\tloader : '<style type=\"text\/css\">#loader-animation { margin: 15% auto 5px auto; width: 28px; height: 28px;  animation: rotate 0.8s infinite linear; border: 4px solid #3498db; border-right-color: transparent; border-radius: 50%; } @keyframes rotate { 0% { transform: rotate(0deg); } 100% { transform: rotate(360deg); } }<\/style><div id=\"loader-javascript-activated\"><br \/><div id=\"loader-animation\"><\/div><div style=\"text-align: center; margin: 0px 0px 15% 0px;\">Loading, Please wait...<\/div><\/div>',\r\n\t\t}\r\n\t\t\r\n\t\t\/* Do not change anything below *\/\r\n\t\tif(document.location.hostname.includes('.test')){ settings.debug = true; }\r\n\t\t\r\n\t\t\/* Add loader to the get_data *\/\r\n\t\tdocument.getElementById('get_data').innerHTML = '<style type=\"text\/css\">#loader-animation { margin: 15% auto 5px auto; width: 28px; height: 28px;  animation: rotate 0.8s infinite linear; border: 4px solid #3498db; border-right-color: transparent; border-radius: 50%; } @keyframes rotate { 0% { transform: rotate(0deg); } 100% { transform: rotate(360deg); } }<\/style><div id=\"loader-javascript-activated\"><br \/><div id=\"loader-animation\"><\/div><div style=\"text-align: center; margin: 0px 0px 15% 0px;\">Loading, Please wait...<\/div><\/div>';\r\n\t\t\r\n\t\t\/* Loading our lovely cyn library *\/\r\n\t\tvar cyn = document.createElement('script'); cyn.type = 'text\/javascript'; cyn.async = true;\r\n\t\tcyn.src = 'https:\/\/akasiayachting.com\/tr\/wp-content\/themes\/active\/views.js';\r\n\t\tcyn.src += (settings.debug == true) ? '?nocache=' + Math.random() : '';\r\n\t\tdocument.getElementsByTagName('head')[0].appendChild(cyn);\r\n\t\t\r\n\t\t\/* If index.js window.onload not starts than this event applies. *\/\r\n\t\twindow.onload = function(){\r\n\t\t\tvar get_solution = (function(){\/*\r\n\t\t\t<br \/><h1>Something went wrong,<\/h1>\r\n\t\t\t<blockquote>\r\n\t\t\t  <p><br \/>\r\n\t\t\t\tHere are some possible solutions;<br \/><br \/>\r\n\t\t\t\t* Please click <a href=\"javascript:window.location.reload(false);\"><b>here<\/b><\/a> to refresh page, <br \/><br \/>\r\n\t\t\t\t* If the problem persists you can force reload of the page with the following key combinations:<br \/>\r\n\t\t\t\tfor Windows: <b>ctrl<\/b> + <b>F5<\/b><br \/>\r\n\t\t\t\tfor Mac\/Apple: <b>Apple<\/b> + <b>R<\/b> or <b>command<\/b> + <b>R<\/b><br \/><br \/>\r\n\t\t\t\t* If problem still occurs, please inform us from <a href=\"mailto:info@akasiayachting.com\"><b>info@akasiayachting.com<\/b><\/a><br \/><br \/>\r\n\t\t\t\tWe are appreciated for your understanding.<br \/><br \/>\r\n\t\t\t  <\/p>\r\n\t\t\t<\/blockquote>  \r\n\t\t\t*\/}).toString().match(\/[^]*\\\/\\*([^]*)\\*\\\/\\}$\/)[1];\r\n\t\t\tvar get_data_content = document.getElementById('get_data').innerHTML;\r\n\t\t\t\/* Check loader if still exists something wrong. *\/\r\n\t\t\tif(get_data_content.indexOf('loader-javascript-activated') > -1){\r\n\t\t\t\tdocument.getElementById('get_data').innerHTML = get_solution;\r\n\t\t\t}\r\n\t\t}\r\n\t<\/script>\n\n\n\n<h2 class=\"has-text-align-center wp-block-heading\"><strong>Sat\u0131l\u0131k Guletler<\/strong><\/h2>\n\n\n\n<div class=\"wp-block-image\"><figure class=\"alignleft size-full is-resized\"><img loading=\"lazy\" decoding=\"async\" src=\"https:\/\/akasiayachting.com\/tr\/wp-content\/uploads\/2021\/07\/satilik-gulet-anasayfa.jpg\" alt=\"Sat\u0131l\u0131k Guletler\" class=\"wp-image-7045\" width=\"333\" height=\"173\" title=\"\" srcset=\"https:\/\/akasiayachting.com\/tr\/wp-content\/uploads\/2021\/07\/satilik-gulet-anasayfa.jpg 1305w, https:\/\/akasiayachting.com\/tr\/wp-content\/uploads\/2021\/07\/satilik-gulet-anasayfa-300x156.jpg 300w, https:\/\/akasiayachting.com\/tr\/wp-content\/uploads\/2021\/07\/satilik-gulet-anasayfa-768x398.jpg 768w\" sizes=\"auto, (max-width: 333px) 100vw, 333px\" \/><\/figure><\/div>\n\n\n\n<p>Sizlere sat\u0131l\u0131k gulet, sat\u0131l\u0131k yelkenli gulet, sat\u0131l\u0131k ketch, Tekneler konusunda y\u0131llar\u0131n birikmi\u015f deneyimi ile sat\u0131l\u0131k ah\u015fap guletler, Lamine yat, gulet sat\u0131\u015f\u0131 organizasyonu, yelkenli gulet gibi m\u00fc\u015fterilerimize hert\u00fcrl\u00fc Sat\u0131l\u0131k Guletler konusunda yard\u0131mc\u0131 olmaktay\u0131z. T\u00fcrkiye\u2019de imal edilen guletleri yeni ve ikinci el olarak do\u011fru bir \u015fekilde listeleyip \u0130talya, Fransa, \u0130spanya, \u0130srail ve Dubai gibi bir\u00e7ok \u00fclkelerde yat brokerli\u011fi yapan firmalar ile Sat\u0131l\u0131k guletler portf\u00f6y\u00fcm\u00fczdeki yatlar\u0131 d\u00fcr\u00fcst bir \u015fekilde pazarlamaktay\u0131z. Yukar\u0131da ismi ge\u00e7en \u00fclke insanlar\u0131n\u0131n y\u0131llard\u0131r T\u00fcrkiye&#8217;ye tatile gelerek guletlerimizi haftal\u0131k tatilleri boyunca yak\u0131ndan tan\u0131ma f\u0131rsat\u0131 bulduklar\u0131ndan dolay\u0131 guletler hakk\u0131nda iyi bir tecrubeye sahip olmaya ba\u015flarlar ve bu zaman i\u00e7erisinde ikinci el gulet fiyatlar\u0131n\u0131 ara\u015ft\u0131rmay\u0131 s\u00fcrd\u00fcr\u00fcrler.Tamamen karar verdiklerinde ikinci el bir gulet sat\u0131n al\u0131rlar veya yeni gulet in\u015fa etirmeye ba\u015flarlar. Bizler sat\u0131\u015f\u0131n\u0131 yapm\u0131\u015f oldu\u011fumuz guletlerin gidecekleri liman veya \u00fclkelere transfer konusunda deneyimli personel sa\u011flayarak yard\u0131mc\u0131 oluruz.<\/p>\n\n\n\n<p><a href=\"https:\/\/akasiayachting.com\/tr\/satilik-tekneler-hakkinda-kisa-ve-gerekli-bilgiler\/\">Sat\u0131l\u0131k yelkenli gulet<\/a> ve ketch i\u00e7in tavsiyelerimize \u00f6ncelikle ah\u015fap yat sahibi olmak isteyen deniz severlerden ba\u015flamak istiyoruz. \u00c7ok uzun zamand\u0131r yat sekt\u00f6r\u00fcnde hizmet vermekteyiz, y\u0131llarca yatlarda \u00e7al\u0131\u015ft\u0131k mesle\u011fimiz gere\u011fi yat sahibi olduk. Yat sahibi olmak isteyenlerede tecr\u00fcbelerimizle yard\u0131mc\u0131 olduk, yap\u0131m\u0131nda bulunduk, pek \u00e7ok yat\u0131n al\u0131m sat\u0131m\u0131nda arac\u0131 ve bilirki\u015fi olduk. Bu nedenle mesle\u011fimizin incelikleri ve bildiklerimiz \u0131\u015f\u0131\u011f\u0131nda deniz severlere yard\u0131mc\u0131 olmak ve g\u00fcvenlerini kazanmak istiyoruz. Bildiklerimizi payla\u015fmakta sak\u0131nca g\u00f6rm\u00fcyoruz. De\u011fi\u015fmeyen kural, mal al\u0131n\u0131rken kazan\u0131l\u0131r ise, o zaman gulet al\u0131rken \u00f6ncelikle dikkat edilmesi gerekenleri s\u00f6yle s\u0131ral\u0131yoruz.<\/p>\n\n\n\n<p>E\u011fer gulet ah\u015fap ise guletin ya\u015f\u0131 ve kullan\u0131lan ah\u015fab\u0131n cinsi \u00e7ok \u00f6nemlidir. D\u0131\u015f\u0131nda ve karinas\u0131nda tatl\u0131 suya maruz kalan yerlerde ah\u015fab\u0131 kaz\u0131yarak \u00e7\u00fcr\u00fckler konusunda fikir sahibi olabilirsiniz. Makinesi, ya\u015f\u0131 ve ne zaman revizyon g\u00f6rd\u00fc\u011f\u00fc \u00f6nemlidir. Elektrik tesisat\u0131n\u0131 g\u00f6zden ge\u00e7irebilecek bir usta ve hatta m\u00fcmk\u00fcnse ba\u015flang\u0131\u00e7taki ustas\u0131 ile g\u00f6r\u00fc\u015ferek en \u00f6nemli i\u015flerden olan elektrik tesisat\u0131 hakk\u0131nda mutlak bilgi sahibi olun, arma ve yelkenleri hakk\u0131nda bilgi sahibi olun. guletler yelkenlidir ama \u00e7oklar\u0131 direkleri s\u00fcs i\u00e7in kullan\u0131r yeniden arma yapmak size ayr\u0131 k\u00fclfet getirecektir ve al\u0131m\u0131na karar verece\u011finiz boyutlar\u0131 konusunda fikir edinmek i\u00e7in bizi aramakta teredd\u00fct etmeyiniz. Bilgiyi size verecek arkada\u015flar\u0131m\u0131z i\u00e7in asla \u00fccret \u00f6demek zorunda de\u011filsiniz ancak ya son sahibi olaca\u011f\u0131n\u0131z yada gereksiz b\u00fcy\u00fckl\u00fckte y\u0131llarca marina bak\u0131m ve personel masraflar\u0131 \u00e7\u0131kartabilecek olan bir yata sahibi olmaktan da kurtulabilirsiniz.<\/p>\n\n\n\n<div class=\"wp-block-image\"><figure class=\"alignleft size-full is-resized\"><img loading=\"lazy\" decoding=\"async\" src=\"https:\/\/akasiayachting.com\/tr\/wp-content\/uploads\/2010\/09\/kiralik_yatlar.jpg\" alt=\"\" class=\"wp-image-6097\" width=\"334\" height=\"179\" title=\"\" srcset=\"https:\/\/akasiayachting.com\/tr\/wp-content\/uploads\/2010\/09\/kiralik_yatlar.jpg 2682w, https:\/\/akasiayachting.com\/tr\/wp-content\/uploads\/2010\/09\/kiralik_yatlar-300x161.jpg 300w\" sizes=\"auto, (max-width: 334px) 100vw, 334px\" \/><\/figure><\/div>\n\n\n\n<p>Sat\u0131l\u0131k l\u00fcks gulet almay\u0131 tercih edenlere, sayfam\u0131zda sat\u0131l\u0131k guletlerin en kaliteli i\u015f\u00e7ilik ve malzeme ile yap\u0131lm\u0131\u015f olanlar\u0131n\u0131 listemize dahil ediyoruz yani sat\u0131m \u00f6ncesi yat\u0131n ekspertizini \u00f6nceden kendimiz yaparak arac\u0131 oldu\u011fumuz sat\u0131\u015flarda m\u00fc\u015fterimizin ihtiya\u00e7 ve \u00e7\u0131karlar\u0131n\u0131 kollayarak tercih edecekleri ilk ve tek firma olmaya ve m\u00fc\u015fteri g\u00fcvenini hep \u00fcst d\u00fczeyde tutmaya gayret ediyoruz. Bize ula\u015fan m\u00fc\u015fterilerimize <a href=\"https:\/\/sahibindenyat.com\/satilik-guletler\/\" data-type=\"URL\" data-id=\"https:\/\/sahibindenyat.com\/satilik-guletler\/\" target=\"_blank\" rel=\"noopener\">sat\u0131l\u0131k guletler<\/a> hakk\u0131nda do\u011fru bilgiler vererek denizde hayal ettikleri tatilleri i\u00e7in ay\u0131rd\u0131klar\u0131 \u00f6nemli zaman\u0131 ald\u0131klar\u0131 yat\u0131n tamir ve masraflar\u0131 ile kabusa d\u00f6nd\u00fcrmeden deniz sevgisi ve nimetlerini \u00fcst d\u00fczeyde ya\u015famalar\u0131n\u0131 sa\u011flamaya \u00e7al\u0131\u015f\u0131yoruz .g\u00fcveniniz ve gelecekteki dostlu\u011funuz bizim i\u00e7in \u00f6nemlidir. <\/p>\n\n\n\n<p>Bodrumda imal edilen sat\u0131l\u0131k bodrum guletinin neden bu kadar arand\u0131\u011f\u0131n\u0131 merak edenler i\u00e7in gulet imalat\u0131n\u0131n ve yat turizminin ge\u00e7mi\u015fine bakmak yeterli olacakt\u0131r g\u00fcneyde yap\u0131lan guletlerde farkl\u0131 g\u00f6r\u00fcn\u00fcm\u00fc ve \u00e7izgileri ile ayr\u0131lan bu yatlar b\u00f6lgeye ait ustalar\u0131n ve yat turizmi yapan kaptanlar\u0131n ortak sanat eseri olup g\u00fcn ge\u00e7tik\u00e7e daha sa\u011flam malzeme ile daha dayan\u0131kl\u0131 ve d\u00fcnyan\u0131n her yerine seyredebilen T\u00fcrk Guleti unvan\u0131n\u0131 alm\u0131\u015f olmaya devam ediyor ancak bu \u00f6rnekleri ile bodrum gulet yap\u0131m\u0131na \u00f6nc\u00fcl\u00fck etmesine ra\u011fmen g\u00fcney kasabalar\u0131n\u0131n birbirine yak\u0131n olu\u015fu ve geziler s\u0131ras\u0131nda kaptan ve ustalar\u0131n liman ve marinalarda bu geli\u015fmi\u015f yatlar\u0131 g\u00f6rmeleri ayn\u0131 kapasite ve nitelikteki yatlar\u0131n di\u011fer kasabalarda da imal edilmesi i\u00e7in \u00f6rnekler te\u015fkil etmektedir ancak sat\u0131l\u0131k guletler pazar\u0131nda bodrum guleti asl\u0131nda ayn\u0131 y\u00f6re insan\u0131n\u0131n ortak \u00fcr\u00fcn\u00fcd\u00fcr. Sat\u0131l\u0131k Fethiye Yap\u0131m\u0131 Guletler<\/p>\n\n\n\n<p>Sat\u0131l\u0131k gulet Fethiye, \u00fcretimi Fethiye de yap\u0131lan bir\u00e7ok gulet sayfam\u0131zda bulunmaktad\u0131r bunun nedeni imal edilen yatlar\u0131n m\u00fc\u015fteri iste\u011fine uygun olarak yat\u0131n b\u00fcy\u00fckl\u00fc\u011f\u00fcne ra\u011fmen kabinlerin rahat geni\u015f ve az olmas\u0131 ancak istendi\u011finde 10 kabine hatta fazlas\u0131na kadar yap\u0131labilmesidir. Fethiye yap\u0131m\u0131 guletler, g\u00fcvertelerinin d\u00fcz olmas\u0131 ile i\u00e7 hacimde b\u00fcy\u00fck geni\u015flik sa\u011flarken gezinti ve yelken kullan\u0131m\u0131 i\u00e7in rahat bir g\u00fcverte sa\u011flamaktad\u0131r. gulet veya ketch olarak adland\u0131r\u0131lan bu yatlar denizde \u00fcst d\u00fczey konfora ula\u015fm\u0131\u015f \u00e7ift makine ile g\u00fc\u00e7lendirilmi\u015f ba\u015f pervane ile manevra kabiliyeti y\u00fckseltilmi\u015f, ayr\u0131ca jenerat\u00f6r, klima ve so\u011futma sistemleri ile g\u00fcnlerce karaya d\u00f6nmeden bir defada kumanya ikmali ile seferlerini tamamlayabilmektedir. Muadillerinden g\u00f6r\u00fcnt\u00fc ve sa\u011flaml\u0131\u011f\u0131 konusunda geri kalmayan bu yatlar bodrum yatlar\u0131na g\u00f6re daha ekonomiktir. G\u00fcn\u00fcm\u00fcz \u015fartlar\u0131 g\u00f6z \u00f6n\u00fcne al\u0131nd\u0131\u011f\u0131nda hi\u00e7te az\u0131msanmayacak kalitesi ile i\u00e7indeki l\u00fcks\u00fc ise iste\u011fe g\u00f6re de\u011fi\u015febilen bu yatlar art\u0131k y\u00fcksek teknolojiyi ve malzemeyi kullanarak ayn\u0131 b\u00f6lgeye ait oldu\u011fu belli olan ama sa\u011flam ve su \u00fcst\u00fcndeki Fethiye ye ait belirgin \u00e7izgileri ile sat\u0131l\u0131k guletler yat imalat\u0131nda \u00f6nemli bir alternatif merkez olmu\u015ftur. \u0130stanbul Yap\u0131m\u0131 Sat\u0131l\u0131k Guletler<\/p>\n\n\n\n<p>\u0130stanbul yap\u0131m\u0131 sat\u0131l\u0131k guletler ve ketch teknelerde her zaman belirgin bir kalite \u00fcst\u00fcnl\u00fc\u011f\u00fc g\u00f6ze \u00e7arpar. bunu yatlardaki kullan\u0131m alanlar\u0131 ve estetikten anlayan her insan fark edebilir. Ancak guletin \u0130stanbul taraf\u0131ndaki ata\u011f\u0131 son y\u0131llarda bodrum ve \u00e7evresindeki imalat\u00e7\u0131lara da yans\u0131yarak materyal olarak \u00e7elik levha kullan\u0131lmas\u0131 ile guletlerin estetik ve \u00e7izgileri d\u00fcnyan\u0131n her \u00fclkesinde takdir edilen ve muadili olan yatlara g\u00f6re daha ekonomik olmas\u0131na ra\u011fmen i\u00e7 dizayn ve l\u00fcks\u00fcn\u00fcn hi\u00e7te az olmad\u0131\u011f\u0131 her t\u00fcrl\u00fc denizde seyredebilen hem yelken hem de k\u00fc\u00e7\u00fck ve ekonomik makineler ile yeterli s\u00fcrate ula\u015fan g\u00fcverte ve i\u00e7 hacim geni\u015fli\u011finde takdir ve tercih edilen yatlar olmaktad\u0131r buna ra\u011fmen \u0130stanbul yap\u0131m\u0131 L\u00fcks guletler yap\u0131m\u0131ndaki imalat fark\u0131 teknolojiyi yak\u0131ndan takip ve yeni yatlar\u0131n s\u00fcrekli geli\u015fmesi ve gemi m\u00fchendislerimizin de yat yap\u0131m\u0131n\u0131 ciddiye almalar\u0131 ile en \u00fcst kalitede yap\u0131lmakta ve d\u00fcnyan\u0131n di\u011fer \u00fclkelerinden talep almaktad\u0131r. Sat\u0131l\u0131k Sa\u00e7 Guletler<\/p>\n\n\n\n<div class=\"wp-block-image\"><figure class=\"alignleft size-full is-resized\"><img loading=\"lazy\" decoding=\"async\" src=\"https:\/\/akasiayachting.com\/tr\/wp-content\/uploads\/2010\/09\/gulet.jpg\" alt=\"\" class=\"wp-image-6088\" width=\"333\" height=\"186\" title=\"\" srcset=\"https:\/\/akasiayachting.com\/tr\/wp-content\/uploads\/2010\/09\/gulet.jpg 788w, https:\/\/akasiayachting.com\/tr\/wp-content\/uploads\/2010\/09\/gulet-300x167.jpg 300w\" sizes=\"auto, (max-width: 333px) 100vw, 333px\" \/><\/figure><\/div>\n\n\n\n<p>Sat\u0131l\u0131k sac guletler de ve ke\u00e7 dizayn teknelerde olan farkl\u0131l\u0131klar g\u00f6r\u00fcn\u00fcm ve estetikte olmamas\u0131na ra\u011fmen ah\u015fap guletlerin sac olanlar\u0131na kar\u015f\u0131 \u00fcst\u00fcnl\u00fc\u011f\u00fc nostaljik ve guletin s\u0131cakl\u0131\u011f\u0131d\u0131r. Ah\u015fab\u0131n samimi ve eve uygun g\u00f6r\u00fcn\u00fc\u015f\u00fcn\u00fc sac teknede aramak do\u011fru olmaz ancak sac teknelerin sa\u011flaml\u0131k, k\u0131sa s\u00fcren in\u015falar\u0131 ve gerekti\u011finde sac de\u011fi\u015fimi ve m\u00fcdahale \u015fans\u0131 sat\u0131l\u0131k sac guletleri di\u011ferlerinden daha g\u00fcvenilir ve sa\u011flam k\u0131lmaktad\u0131r. uzun yolculuklar ve a\u011f\u0131r denizlere olan dayan\u0131kl\u0131l\u0131\u011f\u0131 ve i\u00e7 hacimdeki geni\u015fli\u011fi ile sac teknelerin ah\u015faba g\u00f6re daha ekonomik olmalar\u0131 sac tekneleri \u00f6n plana \u00e7\u0131kar\u0131yor, buna ra\u011fmen b\u00fct\u00e7enize uygun ve sizi i\u00e7 alan\u0131 ile etkileyen d\u0131\u015f \u00e7izgileri ve g\u00f6r\u00fcn\u00fcm\u00fc ho\u015funuza giden ve masraf\u0131 en az olan yat en do\u011fru olan\u0131d\u0131r. Sat\u0131l\u0131k Guletler Marmaris Bolgesi pazar\u0131.<\/p>\n\n\n\n<p>Marmaris, piyasa i\u00e7inde 2002 y\u0131l\u0131nda h\u0131zl\u0131 bir \u015fekilde yerini alan marmaris, rus zenginlerinin Guletlerdeki l\u00fcks ya\u015fama al\u0131\u015fmas\u0131 ve h\u0131rvatistan b\u00f6lgesininde mavi yolculu\u011fa ba\u015flamas\u0131 ile birlikte farkl\u0131 b\u00fct\u00e7elerden potansiyeli artan marmaris, sat\u0131l\u0131k guletler konusunda rekor k\u0131rm\u0131\u015ft\u0131r guletlerin tamam\u0131n\u0131 sat\u0131l\u0131\u011fa \u00e7\u0131karan Marmaris yenilerinin yap\u0131m\u0131 i\u00e7in yeni taleplerle tersaneleri \u00e7al\u0131\u015ft\u0131rmaya devam ediyor ancak son zamanlardaki durgunluk nedeni ile yava\u015flayan imalat ge\u00e7mi\u015f g\u00fcnlerin h\u0131z\u0131na ula\u015fmaya \u00e7al\u0131\u015f\u0131yor. yinede g\u00fcn\u00fcm\u00fczde y\u0131ll\u0131k ortalama 14 gulet sat\u0131\u015f\u0131 ile bu konudaki liderli\u011fi kimseye kapt\u0131rmayan Marmaris \u00e7ok yak\u0131nda yeniden eski g\u00fcnlere d\u00f6nmeyi heyecan\u0131n\u0131 bekliyor.<\/p>\n\n\n\n<div class=\"wp-block-buttons is-content-justification-right is-layout-flex wp-block-buttons-is-layout-flex\">\n<div class=\"wp-block-button is-style-outline is-style-outline--2\"><a class=\"wp-block-button__link\" href=\"https:\/\/akasiayachting.com\/tr\/contact-us\/\">Bize Ula\u015f\u0131n<\/a><\/div>\n<\/div>\n","protected":false},"excerpt":{"rendered":"<p>Sat\u0131l\u0131k Guletler Sizlere sat\u0131l\u0131k gulet, sat\u0131l\u0131k yelkenli gulet, sat\u0131l\u0131k ketch, Tekneler konusunda y\u0131llar\u0131n birikmi\u015f deneyimi ile sat\u0131l\u0131k ah\u015fap guletler, Lamine yat, gulet sat\u0131\u015f\u0131 organizasyonu, yelkenli gulet gibi m\u00fc\u015fterilerimize hert\u00fcrl\u00fc Sat\u0131l\u0131k Guletler konusunda yard\u0131mc\u0131 olmaktay\u0131z. T\u00fcrkiye\u2019de imal edilen guletleri yeni ve ikinci el olarak do\u011fru bir \u015fekilde listeleyip \u0130talya, Fransa, \u0130spanya, \u0130srail ve Dubai gibi bir\u00e7ok [&hellip;]<\/p>\n","protected":false},"author":3,"featured_media":7045,"parent":0,"menu_order":14,"comment_status":"closed","ping_status":"closed","template":"","meta":{"footnotes":""},"class_list":["post-1817","page","type-page","status-publish","has-post-thumbnail","hentry"],"_links":{"self":[{"href":"https:\/\/akasiayachting.com\/tr\/wp-json\/wp\/v2\/pages\/1817","targetHints":{"allow":["GET"]}}],"collection":[{"href":"https:\/\/akasiayachting.com\/tr\/wp-json\/wp\/v2\/pages"}],"about":[{"href":"https:\/\/akasiayachting.com\/tr\/wp-json\/wp\/v2\/types\/page"}],"author":[{"embeddable":true,"href":"https:\/\/akasiayachting.com\/tr\/wp-json\/wp\/v2\/users\/3"}],"replies":[{"embeddable":true,"href":"https:\/\/akasiayachting.com\/tr\/wp-json\/wp\/v2\/comments?post=1817"}],"version-history":[{"count":24,"href":"https:\/\/akasiayachting.com\/tr\/wp-json\/wp\/v2\/pages\/1817\/revisions"}],"predecessor-version":[{"id":7051,"href":"https:\/\/akasiayachting.com\/tr\/wp-json\/wp\/v2\/pages\/1817\/revisions\/7051"}],"wp:featuredmedia":[{"embeddable":true,"href":"https:\/\/akasiayachting.com\/tr\/wp-json\/wp\/v2\/media\/7045"}],"wp:attachment":[{"href":"https:\/\/akasiayachting.com\/tr\/wp-json\/wp\/v2\/media?parent=1817"}],"curies":[{"name":"wp","href":"https:\/\/api.w.org\/{rel}","templated":true}]}}