{"id":1813,"date":"2010-09-08T12:05:49","date_gmt":"2010-09-08T12:05:49","guid":{"rendered":"https:\/\/akasiayachting.com\/"},"modified":"2021-07-30T19:37:33","modified_gmt":"2021-07-30T16:37:33","slug":"satilik-yatlar-ve-tekneler","status":"publish","type":"page","link":"https:\/\/akasiayachting.com\/tr\/satilik-yatlar-ve-tekneler\/","title":{"rendered":"Sat\u0131l\u0131k Yatlar"},"content":{"rendered":"\t<div id=\"get_debug\"><\/div>\r\n\t<div id=\"get_data\"><\/div>\r\n\t\r\n\t<script\ttype=\"text\/javascript\">\r\n\t\tvar\tdefaults = {\r\n\t\t\t\/* get : motoryachts, gulets, sailingyachts, istanbulyachts, yachts *\/\r\n\t\t\tget : 'yachts',\r\n\t\t\t\/* for : sale, rent *\/\r\n\t\t\tfor : 'sale',\r\n\t\t\t\/* sort : modified, date, loa, price, guest_capacity *\/\r\n\t\t\tsort : 'loa',\r\n\t\t\t\/* by : asc, desc *\/\r\n\t\t\tby : 'desc',\r\n\t\t\t\/* page number *\/\r\n\t\t\tpage : '1',\r\n\t\t\t\/* results per page *\/\r\n\t\t\tperpage : '15',\r\n\t\t\t\/* theme : active-71, active-113, active-173, active-229, active-281 *\/\r\n\t\t\ttheme : 'active-281',\r\n\t\t\t\/* ref URL : your domain, document.URL, window.location, window.location.host, localhost *\/\r\n\t\t\tref\t: 'https:\/\/akasiayachting.com\/tr\/satilik-yatlar-ve-tekneler\/',\r\n\t\t\t\/* ID num *\/\r\n\t\t\tof : '',\r\n\t\t};\r\n\t\t\r\n\t\tvar settings = {\r\n\t\t\t\/* debug : true, false *\/\r\n\t\t\tdebug : false,\r\n\t\t\t\/* engine : ay.com, ey.net *\/\r\n\t\t\tengine : 'akasiayachting.com',\r\n\t\t\t\/* scroll : true, false *\/\r\n\t\t\tscrolltop : true,\r\n\t\t\t\/* scrollspeed : integer as milisecond *\/\r\n\t\t\tscrollspeed : 500,\r\n\t\t\t\/* loader : 'Loading, Please wait...', 'html code' *\/\r\n\t\t\tloader : '<style type=\"text\/css\">#loader-animation { margin: 15% auto 5px auto; width: 28px; height: 28px;  animation: rotate 0.8s infinite linear; border: 4px solid #3498db; border-right-color: transparent; border-radius: 50%; } @keyframes rotate { 0% { transform: rotate(0deg); } 100% { transform: rotate(360deg); } }<\/style><div id=\"loader-javascript-activated\"><br \/><div id=\"loader-animation\"><\/div><div style=\"text-align: center; margin: 0px 0px 15% 0px;\">Loading, Please wait...<\/div><\/div>',\r\n\t\t}\r\n\t\t\r\n\t\t\/* Do not change anything below *\/\r\n\t\tif(document.location.hostname.includes('.test')){ settings.debug = true; }\r\n\t\t\r\n\t\t\/* Add loader to the get_data *\/\r\n\t\tdocument.getElementById('get_data').innerHTML = '<style type=\"text\/css\">#loader-animation { margin: 15% auto 5px auto; width: 28px; height: 28px;  animation: rotate 0.8s infinite linear; border: 4px solid #3498db; border-right-color: transparent; border-radius: 50%; } @keyframes rotate { 0% { transform: rotate(0deg); } 100% { transform: rotate(360deg); } }<\/style><div id=\"loader-javascript-activated\"><br \/><div id=\"loader-animation\"><\/div><div style=\"text-align: center; margin: 0px 0px 15% 0px;\">Loading, Please wait...<\/div><\/div>';\r\n\t\t\r\n\t\t\/* Loading our lovely cyn library *\/\r\n\t\tvar cyn = document.createElement('script'); cyn.type = 'text\/javascript'; cyn.async = true;\r\n\t\tcyn.src = 'https:\/\/akasiayachting.com\/tr\/wp-content\/themes\/active\/views.js';\r\n\t\tcyn.src += (settings.debug == true) ? '?nocache=' + Math.random() : '';\r\n\t\tdocument.getElementsByTagName('head')[0].appendChild(cyn);\r\n\t\t\r\n\t\t\/* If index.js window.onload not starts than this event applies. *\/\r\n\t\twindow.onload = function(){\r\n\t\t\tvar get_solution = (function(){\/*\r\n\t\t\t<br \/><h1>Something went wrong,<\/h1>\r\n\t\t\t<blockquote>\r\n\t\t\t  <p><br \/>\r\n\t\t\t\tHere are some possible solutions;<br \/><br \/>\r\n\t\t\t\t* Please click <a href=\"javascript:window.location.reload(false);\"><b>here<\/b><\/a> to refresh page, <br \/><br \/>\r\n\t\t\t\t* If the problem persists you can force reload of the page with the following key combinations:<br \/>\r\n\t\t\t\tfor Windows: <b>ctrl<\/b> + <b>F5<\/b><br \/>\r\n\t\t\t\tfor Mac\/Apple: <b>Apple<\/b> + <b>R<\/b> or <b>command<\/b> + <b>R<\/b><br \/><br \/>\r\n\t\t\t\t* If problem still occurs, please inform us from <a href=\"mailto:info@akasiayachting.com\"><b>info@akasiayachting.com<\/b><\/a><br \/><br \/>\r\n\t\t\t\tWe are appreciated for your understanding.<br \/><br \/>\r\n\t\t\t  <\/p>\r\n\t\t\t<\/blockquote>  \r\n\t\t\t*\/}).toString().match(\/[^]*\\\/\\*([^]*)\\*\\\/\\}$\/)[1];\r\n\t\t\tvar get_data_content = document.getElementById('get_data').innerHTML;\r\n\t\t\t\/* Check loader if still exists something wrong. *\/\r\n\t\t\tif(get_data_content.indexOf('loader-javascript-activated') > -1){\r\n\t\t\t\tdocument.getElementById('get_data').innerHTML = get_solution;\r\n\t\t\t}\r\n\t\t}\r\n\t<\/script>\n\n\n\n<h2 class=\"has-text-align-center wp-block-heading\"><strong>Sat\u0131l\u0131k Yatlar<\/strong><\/h2>\n\n\n\n<div class=\"wp-block-image\"><figure class=\"alignleft is-resized\"><a href=\"https:\/\/akasiayachting.com\/tr\/satilik-motoryatlar\/\"><img loading=\"lazy\" decoding=\"async\" src=\"https:\/\/akasiayachting.com\/wp-content\/uploads\/2010\/09\/1285860241_sat__l__k_motoryat.jpg\" alt=\"Sat\u0131l\u0131k Yatlar\" width=\"332\" height=\"281\" title=\"Sat\u0131l\u0131k_motoryat\"\/><\/a><\/figure><\/div>\n\n\n\n<p>Sat\u0131l\u0131k yatlar sayfam\u0131z her marka ve model tekne portf\u00f6y\u00fcne sahiptir. Sat\u0131l\u0131k yatlar, motoryat, fiber tekne, gulet, ah\u015fap, sac, sat\u0131n almak isteyen veya yat\u0131n\u0131 satmak isteyen m\u00fc\u015fterilerimize hitaben, \u00d6ncelikle dikkat edilmesi gereken hususlar a\u015fa\u011f\u0131daki gibidir: Yat\u0131n ya\u015f\u0131, makine bak\u0131m durumu, jenerat\u00f6r saati, elektrik tesisat\u0131, yat\u0131n teknik donan\u0131m\u0131, yat\u0131n d\u0131\u015f sarg\u0131s\u0131 hakk\u0131nda bilgi almak \u00e7ok \u00f6nemlidir.\u00a0Teknenizi daha h\u0131zl\u0131 satabilmeniz i\u00e7in bilirki\u015fi taraf\u0131ndan ger\u00e7ek de\u011ferini tespit ettirmek gerekmektedir. Biz deneyimli \u00e7al\u0131\u015fan kadromuz ve tecr\u00fcbeli grubumuz ile beraber tekne se\u00e7iminde siz m\u00fc\u015fterilerimize alacaklar\u0131 yat hakk\u0131nda en do\u011fru bilgiyi aktar\u0131p, do\u011fru yat\u0131 alman\u0131za yard\u0131mc\u0131 oluruz. Yat\u0131n\u0131 satmak isteyen m\u00fc\u015fterilerimize, Fiber, sac, ah\u015fap gibi yat\u0131n materyalini dikkate al\u0131p ayr\u0131nt\u0131l\u0131 inceleyip do\u011fru de\u011fer tespiti yaparak, ederini tekne sahibine bildirmek ile yat\u0131n sat\u0131\u015f\u0131nda yard\u0131mc\u0131 oluyoruz.<\/p>\n\n\n\n<p>Gulet, almak isteyen veya sat\u0131l\u0131k yatlar almak isteyenler,\u00a0<a title=\"Sat\u0131l\u0131k Guletler\" href=\"https:\/\/akasiayachting.com\/tr\/satilik-guletler\/\">Sat\u0131l\u0131k guletler<\/a>, yelkenli guletler; Yelken yapabilme kabiliyetleri performans yelkenlileri kadar olmasa da motor g\u00fcc\u00fcyle hareket eden yatlard\u0131r. \u0130\u00e7 rahatl\u0131k d\u00fc\u015f\u00fcn\u00fclerek dizayn edilmekte olduklar\u0131ndan, istenildi\u011finde yelkenli yatlar gibi kolay yelken yapamazlar. Genelde rahatl\u0131k y\u00f6n\u00fcnden \u00e7ok geni\u015f ve kullan\u0131\u015fl\u0131d\u0131r. T\u00fcrkiye\u2019de \u00fcretilen yelkenli ah\u015fap <a href=\"https:\/\/sahibindenyat.com\/satilik-guletler\/\" data-type=\"URL\" data-id=\"https:\/\/sahibindenyat.com\/satilik-guletler\/\" target=\"_blank\" rel=\"noopener\">sat\u0131l\u0131k guletler<\/a>\u00a0d\u00fcnyan\u0131n bir\u00e7ok \u00fclkesine sat\u0131lm\u0131\u015f olup, her y\u0131l yurt d\u0131\u015f\u0131ndan gelen talepler \u00fczerine de yeni guletler in\u015fa edilmektedir.<\/p>\n\n\n\n<p>Geli\u015fen yat sanayimizle guletlerimizin yeni estetik g\u00f6r\u00fcn\u00fcmleri de\u011fi\u015ferek yenilenmekte oldu\u011fundan guletleri g\u00f6renlerin\u00a0eski guletler hakk\u0131nda olan d\u00fc\u015f\u00fcnceleri de\u011fi\u015fmi\u015ftir. Bizim bildi\u011fimiz bir\u00e7ok motoryat sahibi deniz sever motor yatlar\u0131n\u0131 satarak yeni nesil guletler in\u015fa ettirmeye ba\u015flam\u0131\u015flard\u0131r bunun nedeni ise guletlerin kullan\u0131\u015fl\u0131 ve rahat olmalar\u0131ndan kaynaklanmaktad\u0131r. Motor yelkenli gulet portf\u00f6y\u00fcm\u00fczde, yeni veya ikinci el, istenen boyda ve kalitede gulet ve sat\u0131l\u0131k tekne bulabilmenizi sa\u011flar.<\/p>\n\n\n\n<div class=\"wp-block-image\"><figure class=\"alignleft is-resized\"><a href=\"https:\/\/akasiayachting.com\/tr\/satilik-yelkenliler\/\"><img loading=\"lazy\" decoding=\"async\" src=\"https:\/\/akasiayachting.com\/wp-content\/uploads\/2010\/09\/1285859947_sat__l__k_yelkenli_yat.jpg\" alt=\"Sat\u0131l\u0131k Yatlar\" width=\"333\" height=\"258\" title=\"Sat\u0131l\u0131k_yelkenli_yat..\"\/><\/a><\/figure><\/div>\n\n\n\n<p>Sat\u0131l\u0131k Yatlar portf\u00f6y\u00fcm\u00fczdeki s\u0131ralamas\u0131, tekne boyuna g\u00f6re yap\u0131lm\u0131\u015ft\u0131r.\u00a0Sat\u0131l\u0131k motoryatlar denizdeki rahat ve kalitenin en \u00fcst s\u0131n\u0131rda tutuldu\u011fu ama model yada boyut de\u011fi\u015fikli\u011fi yapmak isteyen sahipleri taraf\u0131ndan sat\u0131lan yatlard\u0131r. Motor yatlarda kalite olarak s\u0131n\u0131r yoktur. D\u00fcnyada ve T\u00fcrkiye&#8217;deki sat\u0131l\u0131k yatlar ve \u00fcreticileri her ge\u00e7en y\u0131l proje yenilemek ve i\u00e7 tasar\u0131m\u0131nda yar\u0131\u015fmaktalar. T\u00fcrkiye, motoryat imalat\u0131 s\u0131ralamas\u0131nda d\u00fcnyada kendini kan\u0131tlam\u0131\u015f olarak, kalitede Avrupa standartlar\u0131nda fakat di\u011fer \u00fclkelere g\u00f6re daha uygun motoryat imalat\u0131 yapmaktad\u0131r.<\/p>\n\n\n\n<p>Bug\u00fcn d\u00fcnyaca bir\u00e7ok tan\u0131nm\u0131\u015f bir\u00e7ok i\u015fadam\u0131, T\u00fcrkiye&#8217;de mega yat yapt\u0131rmaktad\u0131r. motoryat almak isteyen m\u00fc\u015fterilerimizin i\u015f yo\u011funlu\u011fu nedeniyle tercih ettikleri h\u0131zl\u0131 ve prestijli marka motoryatlar olmaktad\u0131r, Genelde bu t\u00fcr tan\u0131nm\u0131\u015f marka bir motoryat ikinci el olarak sat\u0131l\u0131rken de de\u011ferini muhafaza etmektedir.<\/p>\n\n\n\n<p>G\u00fcn\u00fcm\u00fczde HTS yada gemi sac\u0131 \u00fczerine al\u00fcminyum kullan\u0131larak yap\u0131lan y\u00fcksek teknoloji \u00fcr\u00fcn\u00fc mega yatlar veya daha hafif ve yap\u0131m\u0131 kolay bir malzeme olan komposit fiber glass tekneler daha az bak\u0131m ve masraf gerektirdi\u011finden tercih edilmektedir, denizde kullan\u0131lan her \u015feyin mutlaka bak\u0131ma ihtiyac\u0131 olaca\u011f\u0131n\u0131 unutmamak laz\u0131m. Biz motoryat se\u00e7iminizde, ve size en uygun tekneyi bulman\u0131zda her zaman yard\u0131mc\u0131 olaca\u011f\u0131z.<\/p>\n\n\n\n<p>T\u00fcrkiye&#8217;de bulunan sat\u0131l\u0131k yelkenli yatlar\u0131n bir k\u0131sma genelde yurt d\u0131\u015f\u0131nda imal edilmi\u015f sat\u0131l\u0131k yatlar, yelkenli yatlar motor ile gidebildi\u011fi gibi, r\u00fczgar oldu\u011fu m\u00fcddet\u00e7e hi\u00e7 masrafs\u0131z yol alabilir. Yelkenli yat\u0131n m\u00fcrettebat\u0131, profesyonel yelken deneyimi olan m\u00fcrettebat olmak zorundad\u0131r. G\u00fcn\u00fcm\u00fczde amat\u00f6r yelkenciler k\u00fc\u00e7\u00fck guruplar olu\u015fturup, 28 ile 52 fit aral\u0131\u011f\u0131nda yelkenli yatlar kiralay\u0131p, yelken sporu dal\u0131nda tecr\u00fcbeli ekipler kurarak adrenalin keyfini ya\u015famaktad\u0131rlar.<\/p>\n\n\n\n<p>Fiber tekne almak isteyenlerin dikkat etmesi gereken en \u00f6nemli konulardan biride, Osmosis yani fiber hastal\u0131\u011f\u0131d\u0131r. bu konuda tecr\u00fcbeli teknik elemanlar\u0131m\u0131zla yan\u0131lg\u0131lar\u0131n\u0131z\u0131 en aza indirebiliriz.\u00a0Fiber Yat, al\u0131rken her konuda bize dan\u0131\u015fabilirsiniz, osmosis ya\u015f\u0131 \u00e7ok ge\u00e7mi\u015f olan yelkenli\u00a0fiber yatlarda g\u00f6r\u00fclen bir fiber \u00e7\u00fcr\u00fcmesi oldu\u011fundan ya\u015flanm\u0131\u015f fiber yatlara dikkat etmeliyiz,\u00a0siz m\u00fc\u015fterilerimize\u00a0b\u00fcy\u00fck ve k\u00fc\u00e7\u00fck yelkenlilerde, olduk\u00e7a zengin say\u0131da sat\u0131l\u0131k yelkenli yat\u0131, fiberglass, ah\u015fap, sac, gibi malzemelerden sat\u0131l\u0131k yelkenli tekne portf\u00f6y\u00fc sunmaktay\u0131z.<\/p>\n\n\n\n<div class=\"wp-block-buttons is-content-justification-right is-layout-flex wp-block-buttons-is-layout-flex\">\n<div class=\"wp-block-button is-style-outline is-style-outline--2\"><a class=\"wp-block-button__link\" href=\"https:\/\/akasiayachting.com\/tr\/contact-us\/\" target=\"_blank\" rel=\"noreferrer noopener\">Bize Ula\u015f\u0131n<\/a><\/div>\n<\/div>\n","protected":false},"excerpt":{"rendered":"<p>Sat\u0131l\u0131k Yatlar Sat\u0131l\u0131k yatlar sayfam\u0131z her marka ve model tekne portf\u00f6y\u00fcne sahiptir. Sat\u0131l\u0131k yatlar, motoryat, fiber tekne, gulet, ah\u015fap, sac, sat\u0131n almak isteyen veya yat\u0131n\u0131 satmak isteyen m\u00fc\u015fterilerimize hitaben, \u00d6ncelikle dikkat edilmesi gereken hususlar a\u015fa\u011f\u0131daki gibidir: Yat\u0131n ya\u015f\u0131, makine bak\u0131m durumu, jenerat\u00f6r saati, elektrik tesisat\u0131, yat\u0131n teknik donan\u0131m\u0131, yat\u0131n d\u0131\u015f sarg\u0131s\u0131 hakk\u0131nda bilgi almak \u00e7ok [&hellip;]<\/p>\n","protected":false},"author":3,"featured_media":6107,"parent":0,"menu_order":11,"comment_status":"closed","ping_status":"closed","template":"","meta":{"footnotes":""},"class_list":["post-1813","page","type-page","status-publish","has-post-thumbnail","hentry"],"_links":{"self":[{"href":"https:\/\/akasiayachting.com\/tr\/wp-json\/wp\/v2\/pages\/1813","targetHints":{"allow":["GET"]}}],"collection":[{"href":"https:\/\/akasiayachting.com\/tr\/wp-json\/wp\/v2\/pages"}],"about":[{"href":"https:\/\/akasiayachting.com\/tr\/wp-json\/wp\/v2\/types\/page"}],"author":[{"embeddable":true,"href":"https:\/\/akasiayachting.com\/tr\/wp-json\/wp\/v2\/users\/3"}],"replies":[{"embeddable":true,"href":"https:\/\/akasiayachting.com\/tr\/wp-json\/wp\/v2\/comments?post=1813"}],"version-history":[{"count":28,"href":"https:\/\/akasiayachting.com\/tr\/wp-json\/wp\/v2\/pages\/1813\/revisions"}],"predecessor-version":[{"id":7024,"href":"https:\/\/akasiayachting.com\/tr\/wp-json\/wp\/v2\/pages\/1813\/revisions\/7024"}],"wp:featuredmedia":[{"embeddable":true,"href":"https:\/\/akasiayachting.com\/tr\/wp-json\/wp\/v2\/media\/6107"}],"wp:attachment":[{"href":"https:\/\/akasiayachting.com\/tr\/wp-json\/wp\/v2\/media?parent=1813"}],"curies":[{"name":"wp","href":"https:\/\/api.w.org\/{rel}","templated":true}]}}