{"id":1809,"date":"2010-09-08T12:03:12","date_gmt":"2010-09-08T12:03:12","guid":{"rendered":"https:\/\/akasiayachting.com\/"},"modified":"2021-08-03T20:14:38","modified_gmt":"2021-08-03T17:14:38","slug":"yatlarda-vip-menu","status":"publish","type":"page","link":"https:\/\/akasiayachting.com\/tr\/yatlarda-vip-menu\/","title":{"rendered":"Yatlarda Vip Menu"},"content":{"rendered":"\n<p>A\u015fa\u011f\u0131da haz\u0131rlam\u0131\u015f oldu\u011fumuz 5 g\u00fcnl\u00fck \u00f6rnek men\u00fc g\u00fcnl\u00fck olarak de\u011ferlendirebilirsiniz. \u00d6rne\u011fin 15 g\u00fcnl\u00fck mavi yolculuk i\u00e7in yatlarda VIP men\u00fc haz\u0131rlanm\u0131\u015f olan bir men\u00fc ile haftal\u0131k tura \u00e7\u0131k\u0131yorsan\u0131z bir hafta boyunca yemek istedi\u011finiz yemek \u00e7e\u015fitlerini se\u00e7ebilirsiniz. Tura \u00e7\u0131kacak oldu\u011funuz yat\u0131n a\u015f\u00e7\u0131ba\u015f\u0131yla konu\u015fup bu men\u00fcden hangilerini yapabiliyorsa siz onlara karar verebilirsiniz, veya sizin haz\u0131rlam\u0131\u015f oldu\u011funuz men\u00fcy\u00fc a\u015f\u00e7\u0131ba\u015f\u0131na sunarak sizin i\u00e7in haz\u0131rlamas\u0131n\u0131 istersiniz.-Yatlarda VIP Menu<\/p>\n\n\n\n<h2 class=\"has-text-align-center wp-block-heading\"><strong>Yatlarda Vip Menu<\/strong><\/h2>\n\n\n\n<p>Buna gerek yok deyip tur boyunca a\u015f\u00e7\u0131lar\u0131n maharetli ellerine teslim oluruz ve \u00e7\u0131kacak olan s\u00fcrpriz yemeklerden yeriz diyorsan\u0131z inan\u0131yoruz ki yatlar\u0131m\u0131za gelen misafirler 1 hafta boyunca kilo almadan geri d\u00f6nemeyeceklerdir. Bunun nedeni yatlarda \u015feflerin ki\u015fiye ve damak zevkine \u00f6zel yani sadece siz ve sevdikleriniz i\u00e7in yaln\u0131zca sizin be\u011fendi\u011finiz veya \u00f6zledi\u011finiz yemeklerin \u00e7ok lezzetli ve \u00f6zellikle ev yemekleri tad\u0131nda \u00e7ok taze ve sevgi ile haz\u0131rlanm\u0131\u015f olmas\u0131ndand\u0131r.-Yatlarda VIP Menu<\/p>\n\n\n\n<div style=\"height:1px\" aria-hidden=\"true\" class=\"wp-block-spacer\"><\/div>\n\n\n\n<div class=\"wp-block-columns is-layout-flex wp-container-core-columns-is-layout-9d6595d7 wp-block-columns-is-layout-flex\">\n<div class=\"wp-block-column is-layout-flow wp-block-column-is-layout-flow\">\n<p class=\"has-text-align-left\"><strong><em>1. G\u00fcn<br><\/em><\/strong><span style=\"color: #ff0000;\"><em>Sabah Kahvalt\u0131s\u0131<br><\/em><\/span>Zeytin \u00c7e\u015fidi<br>Peynir \u00c7e\u015fidi<br>Domates<br>Salatal\u0131k<br>Re\u00e7el \u00c7e\u015fidi<br>Bal<br>Sosisli ka\u015far peynirli omlet<br>Meyve Taba\u011f\u0131 veya Meyve Salatas\u0131<br>Arzuya g\u00f6re Yo\u011furt ve M\u00fcsli \u00c7e\u015fidi<\/p>\n\n\n\n<p class=\"has-text-align-left\"><span style=\"color: #ff0000;\"><em>\u00d6\u011fle Yeme\u011fi<br><\/em><\/span>Tavuklu Rulo Kabak<br>Sebzeli Eri\u015fte<br>Kar\u0131\u015f\u0131k Salata<br>Yo\u011furtlu Semizotu Salatas\u0131<br>Karpuz-Kavun<\/p>\n\n\n\n<p class=\"has-text-align-left\"><span style=\"color: #ff0000;\"><em>5 \u00c7ay\u0131<br><\/em><\/span>Erikli Tart<\/p>\n\n\n\n<p class=\"has-text-align-left\"><span style=\"color: #ff0000;\"><em>Ak\u015fam Yeme\u011fi<\/em><\/span><br>Arzuya G\u00f6re \u00c7orba<br>Bal\u0131k Izgara<br>Kalamar Tava<br>Domatesli Roka Salatas\u0131<br>Meyaneli Fava<br>F\u0131r\u0131nda Patates<\/p>\n\n\n\n<p class=\"has-text-align-left\"><em><strong>2.G\u00fcn<br><\/strong><\/em><span style=\"color: #ff0000;\"><em>Sabah Kahvalt\u0131s\u0131<br><\/em><\/span>Zeytin \u00c7e\u015fidi<br>Peynir \u00c7e\u015fidi<br>Domates<br>Salatal\u0131k<br>Re\u00e7el \u00c7e\u015fidi<br>Bal<br>Arzuya G\u00f6re Yumurta<br>Sigara B\u00f6re\u011fi<br>Meyve Taba\u011f\u0131 veya Meyve Salatas\u0131<br>Arzuya g\u00f6re Yo\u011furt ve M\u00fcsli \u00c7e\u015fidi<\/p>\n\n\n\n<p class=\"has-text-align-left\"><em><span style=\"color: #ff0000;\">\u00d6\u011flen Yeme\u011fi<br><\/span><\/em>Bostan Kebab\u0131<br>F\u0131r\u0131nda Ka\u015far Peynir Eritmeli Sebze<br>Kar\u0131\u015f\u0131k Salata<br>Yo\u011furtlu Havu\u00e7 Kavurma<br>Frambuaz Soslu Dondurma<\/p>\n\n\n\n<p class=\"has-text-align-left\"><span style=\"color: #ff0000;\"><em>5 &nbsp;\u00c7ay\u0131<\/em><\/span><br>\u00c7in B\u00f6re\u011fi<\/p>\n\n\n\n<p class=\"has-text-align-left\"><em><span style=\"color: #ff0000;\">Ak\u015fam Yeme\u011fi<\/span><\/em><br>Arzuya G\u00f6re \u00c7orba<br>Mantar Soslu Biftek<br>Dereotlu Sebzeli Pilav<br>Soya Filizli Salata<br>Muhammara<br>\u00c7ikolata Soslu S\u00fcrpriz Elma<br>Yatlarda VIP menu<\/p>\n\n\n\n<p class=\"has-text-align-left\"><strong><em>3.G\u00fcn<br><\/em><\/strong><em><span style=\"color: #ff0000;\">Sabah Kahvalt\u0131s\u0131<br><\/span><\/em>Zeytin \u00c7e\u015fidi<br>Peynir \u00c7e\u015fidi<br>Domates<br>Salatal\u0131k<br>Re\u00e7el \u00c7e\u015fidi<br>Bal<br>Krep Arzuya G\u00f6re Tatl\u0131 yada Tuzlu Malzemeli<br>Salam Taba\u011f\u0131<br>Meyve Taba\u011f\u0131 veya Meyve Salatas\u0131<br>Arzuya g\u00f6re Yo\u011furt ve M\u00fcsli \u00c7e\u015fidi<\/p>\n\n\n\n<p class=\"has-text-align-left\"><em><span style=\"color: #ff0000;\">\u00d6\u011flen Yeme\u011fi<\/span><\/em><br>Barbunya Pilaki<br>F\u0131r\u0131nda Makarna<br>Cevizli Kabak Salatas\u0131<br>Kar\u0131\u015f\u0131k Salata<br>Karpuz-Kavun<\/p>\n\n\n\n<p class=\"has-text-align-left\"><em><span style=\"color: #ff0000;\">5 \u00c7ay\u0131<\/span><\/em><br>Mozaik Pasta<\/p>\n\n\n\n<p class=\"has-text-align-left\"><span style=\"color: #ff0000;\"><em>Ak\u015fam Yeme\u011fi<br><\/em><\/span>Arzuya G\u00f6re \u00c7orba<br>P\u00fcreli Dalyan K\u00f6fte<br>Mantar Salatas\u0131<br>Bahar Dal\u0131 Salatas\u0131<br>Ek\u015fili Patl\u0131can Salatas\u0131<br>\u015eeftali Tatl\u0131s\u0131<\/p>\n<\/div>\n\n\n\n<div class=\"wp-block-column is-layout-flow wp-block-column-is-layout-flow\">\n<p class=\"has-text-align-left\"><strong><em>4.G\u00fcn<br><\/em><\/strong><span style=\"color: #ff0000;\"><em>Sabah Kahvalt\u0131s\u0131<br><\/em><\/span>Zeytin \u00c7e\u015fidi<br>Peynir \u00c7e\u015fidi<br>Domates<br>Salatal\u0131k<br>Re\u00e7el \u00c7e\u015fidi<br>Bal<br>Omlet<br>Ekmek Pizzas\u0131<br>Meyve Taba\u011f\u0131 veya Meyve Salatas\u0131<br>Arzuya g\u00f6re Yo\u011furt ve M\u00fcsli \u00c7e\u015fidi<\/p>\n\n\n\n<p class=\"has-text-align-left\"><em><span style=\"color: #ff0000;\">\u00d6\u011flen Yeme\u011fi<\/span><\/em><br>Taze Fasulye<br>Meyhane Pilav\u0131<br>Cac\u0131k<br>\u015eak\u015fuka<br>Supangle<\/p>\n\n\n\n<p class=\"has-text-align-left\"><em><span style=\"color: #ff0000;\">5 \u00c7ay\u0131<\/span><\/em><br>Limon Soslu Meyveli Kek<\/p>\n\n\n\n<p class=\"has-text-align-left\"><span style=\"color: #ff0000;\"><em>Ak\u015fam Yeme\u011fi<\/em><\/span><br>Arzuya G\u00f6re \u00c7orba<br>Bal\u0131k Bu\u011fulama<br>Soslu Karides<br>Ye\u015fillikli Patates Salatas\u0131<br>Folyoda Ekmek<br>Kemalpa\u015fa Tatl\u0131s\u0131<\/p>\n\n\n\n<p class=\"has-text-align-left\"><strong><em>5.G\u00fcn<br><\/em><\/strong><em><span style=\"color: #ff0000;\">Sabah Kahvalt\u0131s\u0131<br><\/span><\/em>Zeytin \u00c7e\u015fidi<br>Peynir \u00c7e\u015fidi<br>Domates<br>Salatal\u0131k<br>Re\u00e7el \u00c7e\u015fidi<br>Bal<br>Yumurtal\u0131 Ekmek<br>Lorlu Biber Kavurmas\u0131<br>Meyve Taba\u011f\u0131 veya Meyve Salatas\u0131<br>Arzuya g\u00f6re Yo\u011furt ve M\u00fcsli \u00c7e\u015fidi<\/p>\n\n\n\n<p class=\"has-text-align-left\"><em><span style=\"color: #ff0000;\">\u00d6\u011flen Yeme\u011fi<br><\/span><\/em>Ton Bal\u0131kl\u0131 Soslu Salata<br>Patates K\u0131zartmas\u0131<br>Ka\u015far Peynirli F\u0131r\u0131nda Ekmek<br>\u0130talyan Salata<br>Dondurma<\/p>\n\n\n\n<p class=\"has-text-align-left\"><em><span style=\"color: #ff0000;\">5 \u00c7ay\u0131<\/span><\/em><br>Tala\u015f B\u00f6re\u011fi<\/p>\n\n\n\n<p class=\"has-text-align-left\"><span style=\"color: #ff0000;\"><em>Ak\u015fam Yeme\u011fi<br><\/em><\/span>Arzuya G\u00f6re \u00c7orba<br>Kar\u0131\u015f\u0131k Izgara<br>Portakall\u0131 \u015eehriye Pilav\u0131<br>K\u00f6z Biber<br>Ezme<br>Kar\u0131\u015f\u0131k Salata<br>\u00c7ikolatal\u0131 \u0130rmik Tatl\u0131s\u0131<\/p>\n<\/div>\n<\/div>\n\n\n\n<p class=\"has-text-align-center\"><strong>Men\u00fc Se\u00e7imi ve Haz\u0131rlanmas\u0131<\/strong><\/p>\n\n\n\n<p>Men\u00fc, se\u00e7iminde maksad\u0131m\u0131z sizlere yard\u0131mc\u0131 olmakt\u0131r. Mavi tura ilk kez \u00e7\u0131kan misafirlerimizin en \u00e7ok merak ettikleri yemek konusu olmaktad\u0131r. Genelde mutfak sorumlusu olan a\u015f\u00e7\u0131ba\u015f\u0131 taraf\u0131ndan haz\u0131rlan\u0131p sunulan yemekler tercih edilmektedir. <a href=\"https:\/\/kiralikgulet.com\/kiralik-guletler\/\" data-type=\"URL\" data-id=\"https:\/\/kiralikgulet.com\/kiralik-guletler\/\" target=\"_blank\" rel=\"noopener\">Kiral\u0131k yatlarda<\/a>, yat\u0131n b\u00fcy\u00fckl\u00fc\u011f\u00fcne g\u00f6re a\u015f\u00e7\u0131, gemici hostes ve kaptan mevcuttur. Yat kiralayan konuklar\u0131m\u0131z, istenen men\u00fc se\u00e7iminde bizimle yaz\u0131\u015farak yemek istedikleri men\u00fcy\u00fc bizimle beraber haz\u0131rlar veya kendileri karar verebilirler. Genelde yatlarda men\u00fc, sabah kahvalt\u0131s\u0131, \u00f6\u011flen yeme\u011fi, be\u015f \u00e7ay\u0131, i\u00e7ki saati, ak\u015fam yeme\u011fi olarak sunulur. -Yatlarda VIP Menu<\/p>\n\n\n\n<p>\u00d6rne\u011fin kahvalt\u0131 olarak, klasik T\u00fcrk kahvalt\u0131s\u0131, \u00f6\u011fle yeme\u011fi genelde hafif zeytinya\u011fl\u0131 yemekler tercih edilir. Be\u015f \u00e7ay\u0131nda, \u00e7ay kahve b\u00f6rek ve haz\u0131r al\u0131nm\u0131\u015f bisk\u00fcviler ile ak\u015fam yeme\u011fi \u00f6ncesi i\u00e7ki saatinde kanepeler ve \u00e7erez sunulmakta, ak\u015fam yeme\u011finde ise, iste\u011fe g\u00f6re bal\u0131k, tavuk, et a\u011f\u0131rl\u0131kl\u0131 ve salata \u00e7e\u015fitleri ile ara s\u0131caklar bulunmaktad\u0131r. -Yatlarda VIP Menu<\/p>\n\n\n\n<div class=\"wp-block-buttons is-content-justification-right is-layout-flex wp-block-buttons-is-layout-flex\">\n<div class=\"wp-block-button is-style-outline is-style-outline--2\"><a class=\"wp-block-button__link\" href=\"https:\/\/akasiayachting.com\/tr\/contact-us\/\" target=\"_blank\" rel=\"noreferrer noopener\">Bize Ula\u015f\u0131n<\/a><\/div>\n<\/div>\n","protected":false},"excerpt":{"rendered":"<p>A\u015fa\u011f\u0131da haz\u0131rlam\u0131\u015f oldu\u011fumuz 5 g\u00fcnl\u00fck \u00f6rnek men\u00fc g\u00fcnl\u00fck olarak de\u011ferlendirebilirsiniz. \u00d6rne\u011fin 15 g\u00fcnl\u00fck mavi yolculuk i\u00e7in yatlarda VIP men\u00fc haz\u0131rlanm\u0131\u015f olan bir men\u00fc ile haftal\u0131k tura \u00e7\u0131k\u0131yorsan\u0131z bir hafta boyunca yemek istedi\u011finiz yemek \u00e7e\u015fitlerini se\u00e7ebilirsiniz. Tura \u00e7\u0131kacak oldu\u011funuz yat\u0131n a\u015f\u00e7\u0131ba\u015f\u0131yla konu\u015fup bu men\u00fcden hangilerini yapabiliyorsa siz onlara karar verebilirsiniz, veya sizin haz\u0131rlam\u0131\u015f oldu\u011funuz men\u00fcy\u00fc a\u015f\u00e7\u0131ba\u015f\u0131na [&hellip;]<\/p>\n","protected":false},"author":3,"featured_media":6237,"parent":0,"menu_order":38,"comment_status":"closed","ping_status":"closed","template":"","meta":{"footnotes":""},"class_list":["post-1809","page","type-page","status-publish","has-post-thumbnail","hentry"],"_links":{"self":[{"href":"https:\/\/akasiayachting.com\/tr\/wp-json\/wp\/v2\/pages\/1809","targetHints":{"allow":["GET"]}}],"collection":[{"href":"https:\/\/akasiayachting.com\/tr\/wp-json\/wp\/v2\/pages"}],"about":[{"href":"https:\/\/akasiayachting.com\/tr\/wp-json\/wp\/v2\/types\/page"}],"author":[{"embeddable":true,"href":"https:\/\/akasiayachting.com\/tr\/wp-json\/wp\/v2\/users\/3"}],"replies":[{"embeddable":true,"href":"https:\/\/akasiayachting.com\/tr\/wp-json\/wp\/v2\/comments?post=1809"}],"version-history":[{"count":39,"href":"https:\/\/akasiayachting.com\/tr\/wp-json\/wp\/v2\/pages\/1809\/revisions"}],"predecessor-version":[{"id":7346,"href":"https:\/\/akasiayachting.com\/tr\/wp-json\/wp\/v2\/pages\/1809\/revisions\/7346"}],"wp:featuredmedia":[{"embeddable":true,"href":"https:\/\/akasiayachting.com\/tr\/wp-json\/wp\/v2\/media\/6237"}],"wp:attachment":[{"href":"https:\/\/akasiayachting.com\/tr\/wp-json\/wp\/v2\/media?parent=1809"}],"curies":[{"name":"wp","href":"https:\/\/api.w.org\/{rel}","templated":true}]}}