{"id":1800,"date":"2010-09-08T09:15:37","date_gmt":"2010-09-08T09:15:37","guid":{"rendered":"https:\/\/akasiayachting.com\/"},"modified":"2021-08-03T19:21:21","modified_gmt":"2021-08-03T16:21:21","slug":"yat-kiralayan-musteri-yorumlari","status":"publish","type":"page","link":"https:\/\/akasiayachting.com\/tr\/yat-kiralayan-musteri-yorumlari\/","title":{"rendered":"Yat Kiralama M\u00fc\u015fteri Yorumlar\u0131"},"content":{"rendered":"\n<p>T\u00fcrkiye Cumhuriyeti D\u0131\u015fi\u015fleri Bakan\u0131 rahmeli say\u0131n \u0130smail Cem ve Fransa D\u0131\u015fi\u015fleri Bakan\u0131 Mr. Hubert Vedrine bizimle ge\u00e7irdikleri mavi yolculuk ard\u0131ndan \u015firketimize te\u015fekk\u00fcr ederek tekne, personel ve hizmet konusunda memnuniyetlerini taraf\u0131m\u0131za bir te\u015fekk\u00fcr plaketi vermek suretiyle ifade etmi\u015flerdir.<\/p>\n\n\n\n<h2 class=\"wp-block-heading\">M\u00fc\u015fteri Yorumlar\u0131 :<\/h2>\n\n\n\n<p>Sevgili Adem Kaptan,<\/p>\n\n\n\n<p>Sizden kiralam\u0131\u015f oldu\u011fumuz gulet ile ge\u00e7irdi\u011fimiz bir haftal\u0131k tatil i\u00e7in sizlere ne kadar te\u015fekk\u00fcr etsek azd\u0131r. Her i\u015fi bir ehline sormal\u0131 s\u00f6z\u00fc do\u011fruymu\u015f. Bizim kaptan\u0131n tavsiyesi \u00fczerine sizle tan\u0131\u015ft\u0131k ve referansl\u0131 geldik yan\u0131lmam\u0131\u015f\u0131z sizler i\u015finizi \u00e7ok iyi yap\u0131yorsunuz. Bize telefonda anlatt\u0131klar\u0131n\u0131z\u0131n eksi\u011fi yok fazlas\u0131 vard\u0131. Biz ve arkada\u015f gurubumuz sizlerden hala \u00f6vg\u00fcyle bahsediyoruz. Yat\u0131n personeline kadar herkes sizi taktir ediyor ne mutlu bize sizin gibi cici insanlar ile tan\u0131\u015ft\u0131k. Sizleri mavi yolculuk d\u00fc\u015f\u00fcnen arkada\u015flar\u0131m\u0131za tavsiye edece\u011fimizden emin olabilirsiniz. M\/S Parlak M Yat\u0131 ve personeline de buradan \u00e7ok te\u015fekk\u00fcr eder, seneye Temmuz ay\u0131nda tekrar g\u00f6r\u00fc\u015fmek \u00fczere sizleri \u00f6zleyece\u011fiz.<\/p>\n\n\n\n<p>-A. \u00d6. Parlak M. yat\u0131 G\u00f6cek Fethiye \u00f6l\u00fcdeniz G\u00f6cek 18.07.2009 -M\u00fc\u015fteri Yorumlar\u0131<\/p>\n\n\n\n<hr class=\"wp-block-separator is-style-wide\"\/>\n\n\n\n<p>Sevgili Kaptan\u0131m,<\/p>\n\n\n\n<p>Bizim y\u0131llard\u0131r kulland\u0131\u011f\u0131m\u0131z \u00f6zel guletimiz var fakat <a href=\"https:\/\/sahibindenyat.com\/kiralik-motoryatlar\/\" data-type=\"URL\" data-id=\"https:\/\/sahibindenyat.com\/kiralik-motoryatlar\/\" target=\"_blank\" rel=\"noopener\">kiral\u0131k motoryatlar<\/a> konusunda hi\u00e7 bilgimiz yoktu taki sizlerle tan\u0131\u015f\u0131ncaya kadar&#8230; Bize sizleri tavsiye eden sevgili G. G. arkada\u015f\u0131m\u0131za buradan \u00e7ok te\u015fekk\u00fcr ederiz bizleri sizin gibi m\u00fctevazi ve i\u015fini iyi bilen insanlar ile tan\u0131\u015ft\u0131rd\u0131. Bize vermi\u015f oldu\u011funuz kiral\u0131k motoryat Sunseeker Manhattan 64 ve personeline sonsuz te\u015fekk\u00fcr ederiz. Biz ailece y\u0131llard\u0131r kendi yat\u0131m\u0131zda bu kadar rahat ve huzurlu bir tatil ge\u00e7irmedi\u011fimizden emin olabilirsiniz her \u015fey bu kadar m\u0131 m\u00fckemmel olur. <\/p>\n\n\n\n<p>Kendi yat\u0131m\u0131z ile tatile \u00e7\u0131kt\u0131\u011f\u0131m\u0131zda mutlaka yat\u0131n teknik bir sorununu personel bize yans\u0131t\u0131yor ve illaki bir eksik oluyordu. 7 G\u00fcn boyunca bunu bize hissettirmeyen kaptan ve personeline ger\u00e7ekten \u00e7ok te\u015fekk\u00fcr ederiz. Bilhassa hostes k\u0131z\u0131m\u0131za gece ve g\u00fcnd\u00fcz eksiksiz hizmetlerinden dolay\u0131 te\u015fekk\u00fcr ederiz. Kendi yat\u0131m\u0131z\u0131 satmay\u0131 d\u00fc\u015f\u00fcn\u00fcyoruz bu konuda bizlere yard\u0131mc\u0131 olman\u0131z\u0131 rica ederiz seneye g\u00f6r\u00fc\u015fmek \u00fczere&#8230;<\/p>\n\n\n\n<p>-\u00d6. G. ve Ailesi : Bodrum Yunan Adalar\u0131 G\u00f6cek 24.08.2010 -M\u00fc\u015fteri Yorumlar\u0131 <\/p>\n\n\n\n<div class=\"wp-block-buttons is-content-justification-right is-layout-flex wp-block-buttons-is-layout-flex\">\n<div class=\"wp-block-button is-style-outline is-style-outline--2\"><a class=\"wp-block-button__link\" href=\"https:\/\/akasiayachting.com\/tr\/contact-us\/\" target=\"_blank\" rel=\"noreferrer noopener\">Bize Ula\u015f\u0131n<\/a><\/div>\n<\/div>\n","protected":false},"excerpt":{"rendered":"<p>T\u00fcrkiye Cumhuriyeti D\u0131\u015fi\u015fleri Bakan\u0131 rahmeli say\u0131n \u0130smail Cem ve Fransa D\u0131\u015fi\u015fleri Bakan\u0131 Mr. Hubert Vedrine bizimle ge\u00e7irdikleri mavi yolculuk ard\u0131ndan \u015firketimize te\u015fekk\u00fcr ederek tekne, personel ve hizmet konusunda memnuniyetlerini taraf\u0131m\u0131za bir te\u015fekk\u00fcr plaketi vermek suretiyle ifade etmi\u015flerdir. M\u00fc\u015fteri Yorumlar\u0131 : Sevgili Adem Kaptan, Sizden kiralam\u0131\u015f oldu\u011fumuz gulet ile ge\u00e7irdi\u011fimiz bir haftal\u0131k tatil i\u00e7in sizlere ne [&hellip;]<\/p>\n","protected":false},"author":3,"featured_media":6235,"parent":0,"menu_order":33,"comment_status":"closed","ping_status":"closed","template":"","meta":{"footnotes":""},"class_list":["post-1800","page","type-page","status-publish","has-post-thumbnail","hentry"],"_links":{"self":[{"href":"https:\/\/akasiayachting.com\/tr\/wp-json\/wp\/v2\/pages\/1800","targetHints":{"allow":["GET"]}}],"collection":[{"href":"https:\/\/akasiayachting.com\/tr\/wp-json\/wp\/v2\/pages"}],"about":[{"href":"https:\/\/akasiayachting.com\/tr\/wp-json\/wp\/v2\/types\/page"}],"author":[{"embeddable":true,"href":"https:\/\/akasiayachting.com\/tr\/wp-json\/wp\/v2\/users\/3"}],"replies":[{"embeddable":true,"href":"https:\/\/akasiayachting.com\/tr\/wp-json\/wp\/v2\/comments?post=1800"}],"version-history":[{"count":16,"href":"https:\/\/akasiayachting.com\/tr\/wp-json\/wp\/v2\/pages\/1800\/revisions"}],"predecessor-version":[{"id":7306,"href":"https:\/\/akasiayachting.com\/tr\/wp-json\/wp\/v2\/pages\/1800\/revisions\/7306"}],"wp:featuredmedia":[{"embeddable":true,"href":"https:\/\/akasiayachting.com\/tr\/wp-json\/wp\/v2\/media\/6235"}],"wp:attachment":[{"href":"https:\/\/akasiayachting.com\/tr\/wp-json\/wp\/v2\/media?parent=1800"}],"curies":[{"name":"wp","href":"https:\/\/api.w.org\/{rel}","templated":true}]}}