{"id":1797,"date":"2010-09-08T09:13:51","date_gmt":"2010-09-08T09:13:51","guid":{"rendered":"https:\/\/akasiayachting.com\/"},"modified":"2021-07-30T18:56:26","modified_gmt":"2021-07-30T15:56:26","slug":"yat-kiralama-sikca-sorulan-sorular","status":"publish","type":"page","link":"https:\/\/akasiayachting.com\/tr\/yat-kiralama-sikca-sorulan-sorular\/","title":{"rendered":"Yat Kiralama S\u0131k\u00e7a Sorulan Sorular"},"content":{"rendered":"\n<p>Yat kiralama s\u0131k\u00e7a sorulan sorular ve cevaplar: Kiralama genelde haftal\u0131k hesaplan\u0131r. Yedi g\u00fcn yani 1 hafta genelde minimum kiralama suresi olarak kabul edilir. Rezervasyonlar Cumartesiden cumartesiye yedi g\u00fcn olarak hesaplan\u0131r. Yat\u0131n haftal\u0131k fiyat\u0131 yediye b\u00f6l\u00fcnerek g\u00fcn fiyat\u0131 bulunur ve 7 g\u00fcnden fazla olan kiralama s\u00f6z konusu ise kira suresi g\u00fcn say\u0131s\u0131 ile \u00e7arp\u0131larak hesaplan\u0131r. Baz\u0131 yatlarda 7 g\u00fcnden daha az kiralama m\u00fcmk\u00fcn olmaktad\u0131r ve d\u00fc\u015f\u00fck sezon d\u00f6nemlerinde birka\u00e7 g\u00fcnl\u00fck kiralama m\u00fcmk\u00fcnd\u00fcr. \u0130lk g\u00fcn \u00f6\u011fleden itibaren kiralama suresi ba\u015flar ve son g\u00fcn \u00f6\u011fle biter. \u00d6rne\u011fin, bir ba\u015flama tarihi i\u00e7in 1 Haziran \u00f6\u011flenden (10:00) 8 Haziran \u00f6\u011flene kadar olan s\u00fcre bir haftal\u0131k kiralamalar olu\u015fturmaktad\u0131r. Y\u00fcksek sezon oranlar\u0131 en pop\u00fcler kiralama d\u00f6nemleri olan Temmuz \/ A\u011fustos ve noel haftas\u0131 (Christmas) ile birlikte y\u0131lba\u015f\u0131 i\u00e7in ge\u00e7erlidir. Orta mevsim oranlar\u0131 Haziran ve Eyl\u00fcl aylar\u0131 i\u00e7in ge\u00e7erlidir. D\u00fc\u015f\u00fck sezon oranlar\u0131 May\u0131s ve Kas\u0131m i\u00e7in ge\u00e7erlidir. <a href=\"https:\/\/maviyolculuk.info\/yat-kiralama\" data-type=\"URL\" data-id=\"https:\/\/maviyolculuk.info\/yat-kiralama\" target=\"_blank\" rel=\"noopener\">Yat kiralama<\/a> fiyatlar\u0131 bu sitede do\u011fru oldu\u011funa inand\u0131\u011f\u0131m\u0131z fiyatlar olmakla beraber de\u011fi\u015febilir oldu\u011funu bildirmenin bir sorumluluk oldu\u011funa inan\u0131yoruz. -S\u0131k\u00e7a Sorulan Sorular<\/p>\n\n\n\n<h2 class=\"wp-block-heading\"><strong>S\u0131k\u00e7a Sorulan Sorular &#8211; SSS<\/strong><\/h2>\n\n\n\n<p>Avrupa Birli\u011fi vergi mevzuat\u0131, Katma De\u011fer Vergisi (Fransa&#8217;da TVA, \u0130talya&#8217;da IVA, gibi) T\u00fcrkiye de KDV % 18 olup, e\u011fer kredi kart\u0131 kullan\u0131larak \u00f6deme yapmay\u0131 tercih ederseniz ve pos makinesi \u00fczerinden \u00f6deme yap\u0131l\u0131rsa % 18 art\u0131 % 2 ilave \u00f6deme ile toplam %20 KDV \u00f6denir.<\/p>\n\n\n\n<p>S\u0131k\u00e7a Sorulan Sorular:<\/p>\n\n\n\n<h3 class=\"wp-block-heading\">-Kiralama \u00fccretine neler dahildir ? -S\u0131k\u00e7a Sorulan Sorular<\/h3>\n\n\n\n<p>Web sitemizdeki yat kiralama fiyatlar\u0131, bir yat\u0131n tam anlam\u0131yla \u00e7al\u0131\u015f\u0131r vaziyette ve kiralayan i\u00e7in sa\u011flanacak t\u00fcm ekipmanlar\u0131 ile, deniz riskleri i\u00e7in sigorta ve m\u00fcrettebat \u00fccreti, g\u0131da ve giyimi TYBA kontrat\u0131na g\u00f6re yat sahibine aittir. T\u00fcm di\u011fer faaliyet giderleri kiralayan taraf\u0131ndan \u00f6denir.(fakat ilave harcamalar bununla s\u0131n\u0131rl\u0131 de\u011fildir) Bu harcamalar yat\u0131n ana makineleri ve jenerat\u00f6rlerinin yak\u0131t\u0131 (Diesel), motorlu su oyuncaklar\u0131 i\u00e7in gerekli yak\u0131t ve ya\u011flar ile ki\u015fisel \u00e7ama\u015f\u0131rhane giderleri, \u015farap, bira, alkoll\u00fc, alkols\u00fcz i\u00e7ecekler her t\u00fcrl\u00fc g\u0131da malzemesi ve uydu telekom\u00fcnikasyon gibi ekstra haberle\u015fme \u00fccretleri yan\u0131nda, yabanc\u0131 liman ve acente \u00fccretleri ve e\u011fer yat\u0131 ba\u011flama liman\u0131 d\u0131\u015f\u0131nda bir yerde b\u0131rak\u0131p \u00e7\u0131k\u0131yorsan\u0131z yat\u0131n ba\u011flama liman\u0131na teslimi (redilevery \u00fccreti ad\u0131 verilen) ba\u011flama liman\u0131na d\u00f6n\u00fc\u015f \u00fccreti ilave olarak hesaplanmaktad\u0131r.<\/p>\n\n\n\n<h3 class=\"wp-block-heading\">-Yat kiralama S\u0131k\u00e7a Sorulan Sorular, TYBA Nedir? -S\u0131k\u00e7a Sorulan Sorular <\/h3>\n\n\n\n<p>TYBA, (Terms, exclusive yacht management) T\u00fcrkiye Yat brokerlari ad\u0131na bir k\u0131saltma olup. 2018 y\u0131l\u0131nda T\u00fcrkiyedeki en tan\u0131nm\u0131\u015f yat brokerleri ve yat sahipleri taraf\u0131ndan Ege ve Akdeniz yat piyasas\u0131nda profesyonel ve etik standartlar\u0131 te\u015fvik amac\u0131 ile kurulan ve d\u00fcnya \u00e7ap\u0131nda kabul g\u00f6ren bir T\u00fcrk yat kiralama anla\u015fmas\u0131 olarak kabul edilir. TYBA kontratlar\u0131 ile \u00e7al\u0131\u015fmak sadece yat\u00e7\u0131l\u0131k sekt\u00f6r\u00fcnde profesyonelli\u011fi kan\u0131tlanm\u0131\u015f ve \u00e7ok iyi bir ticari sicile sahip yat i\u015fletmecileri taraf\u0131ndan kullan\u0131lmakta olup, TYBA brokerleri arac\u0131l\u0131\u011f\u0131yla son derece g\u00fcvenli yat sat\u0131\u015f\u0131, yat al\u0131m\u0131, yat kiralama ve <a title=\"Yat \u0130malat\u0131\" href=\"https:\/\/akasiayachting.com\/tr\/yat-imalati\/\">yat imalat\u0131<\/a> yapmak i\u00e7in g\u00fcvence sunan T\u00fcrkiyedeki bir organizasyondur.<\/p>\n\n\n\n<h3 class=\"wp-block-heading\">-Se\u00e7ti\u011fimiz Bir Yat\u0131n Rotas\u0131 ve Limanlar\u0131n\u0131 Belirleyebilir miyim? -S\u0131k\u00e7a Sorulan Sorular <\/h3>\n\n\n\n<p>T\u00fcm Charter\/Kiralama s\u00f6zle\u015fmesi i\u00e7in, bir kez se\u00e7ilen yat\u0131n kullan\u0131labilirli\u011fi do\u011frulanm\u0131\u015f olmal\u0131d\u0131r. Standart TYBA Kiralama S\u00f6zle\u015fmesi imzaland\u0131\u011f\u0131nda yat\u0131n seyir ve u\u011frad\u0131\u011f\u0131 limanlar\u0131 belirtilir veya yat\u0131n kullan\u0131m\u0131 ba\u011flama liman\u0131 d\u0131\u015f\u0131nda bitecekse (iletim, teslimat veya redelivery \u00fccreti) gerekebilir. Bu herhangi bir pe\u015finat olarak teyit edilmesi durumunda Kiralama S\u00f6zle\u015fmesi sonunda bu masraflar, varsa, di\u011ferleri ile birlikte \u00fccretlendirilir..<\/p>\n\n\n\n<h3 class=\"wp-block-heading\">-Yat Kiralama Charter i\u00e7in \u00d6deme Ko\u015fullar\u0131 Nelerdir? -S\u0131k\u00e7a Sorulan Sorular <\/h3>\n\n\n\n<p>Toplam charter \u00fccretinin %50&#8217;si deposit olarak yani kiralama \u00fccretinin yar\u0131s\u0131 , s\u00f6zle\u015fmenin imzaland\u0131g\u0131 tarihte banka havalesi yoluyla \u00f6denebilir ve rezervasyon onaylan\u0131r. Yat\u0131n teslimat\u0131 i\u00e7in kalan %50, ve art\u0131 olarak bunun yan\u0131nda APA dedi\u011fimiz yak\u0131t ve kumanya avans\u0131 ile birlikte yata geli\u015finizden \u00f6nce \u00f6denir. Charter bitiminde yat\u0131n teslimat\u0131nda redelivery \u00fccreti s\u00f6zkonusu ise bu ek \u00fccretlerle birlikte yat\u0131n kullan\u0131m\u0131 biti\u015finde Kaptan tarafindan size \u00e7ok detayl\u0131 bir \u015fekilde yap\u0131lan harcamalar\u0131, yak\u0131t, ekstra \u00f6demeler ve yat\u0131n ba\u011flama liman\u0131na teslimi i\u00e7in gerekli yak\u0131t ve teslimat suresi i\u00e7in gereken miktar hesaplanarak size d\u00f6k\u00fcm\u00fc verilir. E\u011fer sizden al\u0131nm\u0131\u015f olan APA masraflar\u0131 kar\u015f\u0131l\u0131yorsa artan k\u0131sm\u0131 size aynen \u00f6denir, eksik kalan k\u0131s\u0131m sizin taraf\u0131n\u0131zdan tamamlanarak \u00f6denir.<\/p>\n\n\n\n<h3 class=\"wp-block-heading\">-APA Nedir ve Nas\u0131l Hesaplan\u0131r ? -S\u0131k\u00e7a Sorulan Sorular <\/h3>\n\n\n\n<p>\u00d6n Haz\u0131rlama Avansi dedi\u011fimiz (APA) charter \u00f6demesi an\u0131nda yap\u0131l\u0131r. TYBA ko\u015fullar\u0131 alt\u0131nda genellikle toplam charter \u00fccretinin % 25 i kadar hesaplan\u0131r. Ancak bu miktar baz\u0131 ultra l\u00fcx yatlarda % 30 da olabilir. G\u0131da, i\u00e7ecek, liman \u00fccretleri, kaptana seyre ba\u015flamadan \u00f6nce verilir, bu \u00f6deme yak\u0131t gibi, kumanya gibi ve di\u011fer masraflar\u0131 kar\u015f\u0131lamak i\u00e7in tasarlanm\u0131\u015ft\u0131r. Yat\u0131n motor yak\u0131tlar\u0131, ya\u011flar\u0131 ve di\u011fer eksiklerini gidermek \u00fczere kaptana teslim edilen kiralama \u00fccretinin %25 miktar\u0131 olan apa sizin ad\u0131n\u0131za kaptan taraf\u0131ndan yap\u0131lan \u00f6demelerdir. B\u00fct\u00fcn faturalar\u0131n ve nakit harcama hesaplar\u0131n\u0131n son karaya \u00e7\u0131kma tarihinden \u00f6nce yat\u0131n terkedilmesinden \u00f6nce tamamlanmi\u015f olmas\u0131 gerekir. Kaptan Yapt\u0131\u011f\u0131 harcamalar\u0131n d\u00f6k\u00fcm\u00fcn\u00fc size \u00e7\u0131kar\u0131r ve e\u011fer APA miktar\u0131ndan daha az harcama yap\u0131lm\u0131\u015fsa size kalan k\u0131sm\u0131n\u0131 iade eder. E\u011fer harcama miktar\u0131 APA miktar\u0131n\u0131 ge\u00e7iyorsa \u00fcst\u00fcn\u00fc tamamlaman\u0131z gerekir.<\/p>\n\n\n\n<h3 class=\"wp-block-heading\">-Kiralayaca\u011f\u0131m Yat\u0131n Yiyecek ve \u0130\u00e7ecek ihtiyac\u0131n\u0131 Biz Belirleyebilir miyiz ? -S\u0131k\u00e7a Sorulan Sorular <\/h3>\n\n\n\n<p>Tabii ki evet her detay \u00f6nemlidir yat\u0131 kiralayan\u0131n \u00f6zel istekleri, tercihleri, yiyeceklere alerjisi olup olmad\u0131\u011f\u0131, \u00f6zel ihtiya\u00e7lar\u0131 ve harika bir dinlence i\u00e7in gerekli t\u00fcm detaylar s\u0131ralan\u0131r, yat personeli ve kaptan sizin yiyecek ve i\u00e7ecek konusundaki arzu ve isteklerinizin yan\u0131nda spor ve e\u011flence i\u00e7in d\u00fc\u015f\u00fcnd\u00fcklerinizi yerine getirmekten zevk duyacakt\u0131r.<\/p>\n\n\n\n<h3 class=\"wp-block-heading\">-Yatlar \u00c7ocuk Kabul Ediyor mu ? -S\u0131k\u00e7a Sorulan Sorular <\/h3>\n\n\n\n<p>yatlar genelde \u00e7ocuklara da huzurlu bir ortam sa\u011flamak d\u00fc\u015f\u00fcncesiyle donat\u0131lm\u0131\u015ft\u0131r. Ancak, baz\u0131 yatlar \u00e7ocuklar i\u00e7in asgari ya\u015f s\u0131n\u0131r\u0131 uygulamas\u0131 koyabilir. Yat\u0131n M\u00fcrettebat\u0131 \u00e7ocuklara bakmakla g\u00f6revli de\u011fildir ve fakat e\u011fer arzu ederseniz \u00f6nceden haber verilmesi \u015fart\u0131yla size \u00e7ocuk bak\u0131m\u0131 i\u00e7in deneyimli bir \u00e7ocuk bak\u0131c\u0131s\u0131 nanny sa\u011flayabiliriz.<\/p>\n\n\n\n<h3 class=\"wp-block-heading\">-Yatta sigara i\u00e7ebilir miyiz ? -S\u0131k\u00e7a Sorulan Sorular <\/h3>\n\n\n\n<p>Sigara genellikle yatlarda i\u00e7ilmez fakat bu uygulama baz\u0131 yatlarda de\u011fi\u015fiklik g\u00f6sterebilir ve kaptan taraf\u0131ndan m\u00fcsait oldu\u011fu teyit edilen yerlerde sigara i\u00e7ilebilir. E\u011fer sigara i\u00e7iyorsan\u0131z l\u00fctfen \u00f6nceden haber veriniz, g\u00fcvenlik nedeniyle, yat\u0131n kabinlerinde, k\u0131saca yat\u0131n i\u00e7 mekanlar\u0131nda sigara i\u00e7mek kesinlikle yasakt\u0131r.<\/p>\n\n\n\n<h3 class=\"wp-block-heading\">-M\u00fcrettebata Ne kadar Bah\u015fi\u015f \u00d6demek Gerekir? -S\u0131k\u00e7a Sorulan Sorular <\/h3>\n\n\n\n<p>T\u00fcm m\u00fcrettebat sizin konforunuz ve rahatl\u0131\u011f\u0131n\u0131z i\u00e7in elinden gelenin en iyisini sunmak ve sizleri memnun etmek i\u00e7in 24 saat boyunca hi\u00e7 servis aksamas\u0131 olmaks\u0131z\u0131n \u00e7al\u0131\u015fmaktad\u0131r. Genelde yat kiralama \u00fccretinin %10 miktar\u0131 yat personeline bah\u015fi\u015f yada tip \u015feklinde \u00f6denir. Bu isterseniz her bir personele ayr\u0131 zarf i\u00e7inde ya da kaptana toptan verilerek e\u015fit b\u00f6l\u00fc\u015ft\u00fcr\u00fclmek \u00fczere verilebilir. Bununla beraber % 10 sadece bir \u00f6l\u00e7\u00fcd\u00fcr ve sizin memnuniyetinize g\u00f6re azalt\u0131labilir ya da artt\u0131r\u0131labilir.<\/p>\n\n\n\n<h3 class=\"wp-block-heading\">-Yat\u0131n Su Oyuncaklar\u0131 ve dal\u0131\u015f (Scuba) Donan\u0131mlar\u0131n\u0131 Kullanabilir miyim ? -S\u0131k\u00e7a Sorulan Sorular <\/h3>\n\n\n\n<p>Baz\u0131 \u00fclkelerde bir yeterlilik belgesi ile su sporlar\u0131na wave runners ve di\u011fer mekanik tahrikli deniz kaya\u011f\u0131, (Jet Ski) i\u00e7in gereklidir. L\u00fctfen yat\u0131n motorlu su oyuncaklar\u0131 kullanmak istedi\u011finiz zaman sorumluluklar\u0131n\u0131z\u0131 d\u00fc\u015f\u00fcn\u00fcn e\u011fer gerekli ruhsat ve sertifikan\u0131z yoksa , yat&#8217;a getirebilece\u011fimiz bir e\u011fitmen ile bu sorun \u00e7\u00f6z\u00fcmlenebilir. T\u00fcm \u00f6\u011frenim \u00fccretleri kiralayan taraf\u0131ndan \u00f6denmek \u00fczere hesab\u0131n\u0131za yaz\u0131l\u0131r baz\u0131 \u00f6zel b\u00f6lge ve alanlar tamamen motorlu su oyuncaklar\u0131 ve kullan\u0131m\u0131n\u0131 yasaklar.(Ki\u015fisel deniz ara\u00e7lar\u0131n\u0131n kullan\u0131lmas\u0131 hari\u00e7). Kullanan operat\u00f6r\u00fcn\u00fcn ald\u0131\u011f\u0131 bir risk olarak de\u011ferlendirilir. E\u011fer yat da Scuba donan\u0131mlar\u0131 varsa, sadece sertifikal\u0131 dalg\u0131\u00e7lar taraf\u0131ndan veya Padi &#8211; Cimas lisans\u0131 veya e\u015fde\u011fer lisans sahibi misafirler taraf\u0131ndan kullan\u0131labilir.<\/p>\n\n\n\n<div class=\"wp-block-buttons is-content-justification-right is-layout-flex wp-block-buttons-is-layout-flex\">\n<div class=\"wp-block-button is-style-outline is-style-outline--2\"><a class=\"wp-block-button__link\" href=\"https:\/\/akasiayachting.com\/tr\/contact-us\/\" target=\"_blank\" rel=\"noreferrer noopener\">Bize Ula\u015f\u0131n<\/a><\/div>\n<\/div>\n","protected":false},"excerpt":{"rendered":"<p>Yat kiralama s\u0131k\u00e7a sorulan sorular ve cevaplar: Kiralama genelde haftal\u0131k hesaplan\u0131r. Yedi g\u00fcn yani 1 hafta genelde minimum kiralama suresi olarak kabul edilir. Rezervasyonlar Cumartesiden cumartesiye yedi g\u00fcn olarak hesaplan\u0131r. Yat\u0131n haftal\u0131k fiyat\u0131 yediye b\u00f6l\u00fcnerek g\u00fcn fiyat\u0131 bulunur ve 7 g\u00fcnden fazla olan kiralama s\u00f6z konusu ise kira suresi g\u00fcn say\u0131s\u0131 ile \u00e7arp\u0131larak hesaplan\u0131r. Baz\u0131 [&hellip;]<\/p>\n","protected":false},"author":3,"featured_media":7006,"parent":0,"menu_order":9,"comment_status":"closed","ping_status":"closed","template":"","meta":{"footnotes":""},"class_list":["post-1797","page","type-page","status-publish","has-post-thumbnail","hentry"],"_links":{"self":[{"href":"https:\/\/akasiayachting.com\/tr\/wp-json\/wp\/v2\/pages\/1797","targetHints":{"allow":["GET"]}}],"collection":[{"href":"https:\/\/akasiayachting.com\/tr\/wp-json\/wp\/v2\/pages"}],"about":[{"href":"https:\/\/akasiayachting.com\/tr\/wp-json\/wp\/v2\/types\/page"}],"author":[{"embeddable":true,"href":"https:\/\/akasiayachting.com\/tr\/wp-json\/wp\/v2\/users\/3"}],"replies":[{"embeddable":true,"href":"https:\/\/akasiayachting.com\/tr\/wp-json\/wp\/v2\/comments?post=1797"}],"version-history":[{"count":27,"href":"https:\/\/akasiayachting.com\/tr\/wp-json\/wp\/v2\/pages\/1797\/revisions"}],"predecessor-version":[{"id":7011,"href":"https:\/\/akasiayachting.com\/tr\/wp-json\/wp\/v2\/pages\/1797\/revisions\/7011"}],"wp:featuredmedia":[{"embeddable":true,"href":"https:\/\/akasiayachting.com\/tr\/wp-json\/wp\/v2\/media\/7006"}],"wp:attachment":[{"href":"https:\/\/akasiayachting.com\/tr\/wp-json\/wp\/v2\/media?parent=1797"}],"curies":[{"name":"wp","href":"https:\/\/api.w.org\/{rel}","templated":true}]}}