{"id":1794,"date":"2010-09-08T09:11:49","date_gmt":"2010-09-08T09:11:49","guid":{"rendered":"https:\/\/akasiayachting.com\/"},"modified":"2021-07-30T15:28:37","modified_gmt":"2021-07-30T12:28:37","slug":"kiralik-yelkenli-yatlar","status":"publish","type":"page","link":"https:\/\/akasiayachting.com\/tr\/kiralik-yelkenli-yatlar\/","title":{"rendered":"Kiral\u0131k Yelkenli Yatlar"},"content":{"rendered":"\t<div id=\"get_debug\"><\/div>\r\n\t<div id=\"get_data\"><\/div>\r\n\t\r\n\t<script\ttype=\"text\/javascript\">\r\n\t\tvar\tdefaults = {\r\n\t\t\t\/* get : motoryachts, gulets, sailingyachts, istanbulyachts, yachts *\/\r\n\t\t\tget : 'sailingyachts',\r\n\t\t\t\/* for : sale, rent *\/\r\n\t\t\tfor : 'rent',\r\n\t\t\t\/* sort : modified, date, loa, price, guest_capacity *\/\r\n\t\t\tsort : 'loa',\r\n\t\t\t\/* by : asc, desc *\/\r\n\t\t\tby : 'desc',\r\n\t\t\t\/* page number *\/\r\n\t\t\tpage : '1',\r\n\t\t\t\/* results per page *\/\r\n\t\t\tperpage : '15',\r\n\t\t\t\/* theme : active-71, active-113, active-173, active-229, active-281 *\/\r\n\t\t\ttheme : 'active-281',\r\n\t\t\t\/* ref URL : your domain, document.URL, window.location, window.location.host, localhost *\/\r\n\t\t\tref\t: 'https:\/\/akasiayachting.com\/tr\/kiralik-yelkenli-yatlar\/',\r\n\t\t\t\/* ID num *\/\r\n\t\t\tof : '',\r\n\t\t};\r\n\t\t\r\n\t\tvar settings = {\r\n\t\t\t\/* debug : true, false *\/\r\n\t\t\tdebug : false,\r\n\t\t\t\/* engine : ay.com, ey.net *\/\r\n\t\t\tengine : 'akasiayachting.com',\r\n\t\t\t\/* scroll : true, false *\/\r\n\t\t\tscrolltop : true,\r\n\t\t\t\/* scrollspeed : integer as milisecond *\/\r\n\t\t\tscrollspeed : 500,\r\n\t\t\t\/* loader : 'Loading, Please wait...', 'html code' *\/\r\n\t\t\tloader : '<style type=\"text\/css\">#loader-animation { margin: 15% auto 5px auto; width: 28px; height: 28px;  animation: rotate 0.8s infinite linear; border: 4px solid #3498db; border-right-color: transparent; border-radius: 50%; } @keyframes rotate { 0% { transform: rotate(0deg); } 100% { transform: rotate(360deg); } }<\/style><div id=\"loader-javascript-activated\"><br \/><div id=\"loader-animation\"><\/div><div style=\"text-align: center; margin: 0px 0px 15% 0px;\">Loading, Please wait...<\/div><\/div>',\r\n\t\t}\r\n\t\t\r\n\t\t\/* Do not change anything below *\/\r\n\t\tif(document.location.hostname.includes('.test')){ settings.debug = true; }\r\n\t\t\r\n\t\t\/* Add loader to the get_data *\/\r\n\t\tdocument.getElementById('get_data').innerHTML = '<style type=\"text\/css\">#loader-animation { margin: 15% auto 5px auto; width: 28px; height: 28px;  animation: rotate 0.8s infinite linear; border: 4px solid #3498db; border-right-color: transparent; border-radius: 50%; } @keyframes rotate { 0% { transform: rotate(0deg); } 100% { transform: rotate(360deg); } }<\/style><div id=\"loader-javascript-activated\"><br \/><div id=\"loader-animation\"><\/div><div style=\"text-align: center; margin: 0px 0px 15% 0px;\">Loading, Please wait...<\/div><\/div>';\r\n\t\t\r\n\t\t\/* Loading our lovely cyn library *\/\r\n\t\tvar cyn = document.createElement('script'); cyn.type = 'text\/javascript'; cyn.async = true;\r\n\t\tcyn.src = 'https:\/\/akasiayachting.com\/tr\/wp-content\/themes\/active\/views.js';\r\n\t\tcyn.src += (settings.debug == true) ? '?nocache=' + Math.random() : '';\r\n\t\tdocument.getElementsByTagName('head')[0].appendChild(cyn);\r\n\t\t\r\n\t\t\/* If index.js window.onload not starts than this event applies. *\/\r\n\t\twindow.onload = function(){\r\n\t\t\tvar get_solution = (function(){\/*\r\n\t\t\t<br \/><h1>Something went wrong,<\/h1>\r\n\t\t\t<blockquote>\r\n\t\t\t  <p><br \/>\r\n\t\t\t\tHere are some possible solutions;<br \/><br \/>\r\n\t\t\t\t* Please click <a href=\"javascript:window.location.reload(false);\"><b>here<\/b><\/a> to refresh page, <br \/><br \/>\r\n\t\t\t\t* If the problem persists you can force reload of the page with the following key combinations:<br \/>\r\n\t\t\t\tfor Windows: <b>ctrl<\/b> + <b>F5<\/b><br \/>\r\n\t\t\t\tfor Mac\/Apple: <b>Apple<\/b> + <b>R<\/b> or <b>command<\/b> + <b>R<\/b><br \/><br \/>\r\n\t\t\t\t* If problem still occurs, please inform us from <a href=\"mailto:info@akasiayachting.com\"><b>info@akasiayachting.com<\/b><\/a><br \/><br \/>\r\n\t\t\t\tWe are appreciated for your understanding.<br \/><br \/>\r\n\t\t\t  <\/p>\r\n\t\t\t<\/blockquote>  \r\n\t\t\t*\/}).toString().match(\/[^]*\\\/\\*([^]*)\\*\\\/\\}$\/)[1];\r\n\t\t\tvar get_data_content = document.getElementById('get_data').innerHTML;\r\n\t\t\t\/* Check loader if still exists something wrong. *\/\r\n\t\t\tif(get_data_content.indexOf('loader-javascript-activated') > -1){\r\n\t\t\t\tdocument.getElementById('get_data').innerHTML = get_solution;\r\n\t\t\t}\r\n\t\t}\r\n\t<\/script>\n\n\n\n<h2 class=\"has-text-align-center wp-block-heading\"><strong>Kiral\u0131k Yelkenli Yatlar<\/strong><\/h2>\n\n\n\n<div class=\"wp-block-image\"><figure class=\"alignleft size-full is-resized\"><img loading=\"lazy\" decoding=\"async\" src=\"https:\/\/akasiayachting.com\/tr\/wp-content\/uploads\/2021\/07\/kiralik-yelkenli-yatlar-anasayfa-scaled.jpg\" alt=\"Kiral\u0131k Yelkenli Yatlar\" class=\"wp-image-6976\" width=\"335\" height=\"201\" title=\"\" srcset=\"https:\/\/akasiayachting.com\/tr\/wp-content\/uploads\/2021\/07\/kiralik-yelkenli-yatlar-anasayfa-scaled.jpg 2560w, https:\/\/akasiayachting.com\/tr\/wp-content\/uploads\/2021\/07\/kiralik-yelkenli-yatlar-anasayfa-300x181.jpg 300w, https:\/\/akasiayachting.com\/tr\/wp-content\/uploads\/2021\/07\/kiralik-yelkenli-yatlar-anasayfa-768x463.jpg 768w, https:\/\/akasiayachting.com\/tr\/wp-content\/uploads\/2021\/07\/kiralik-yelkenli-yatlar-anasayfa-1536x927.jpg 1536w, https:\/\/akasiayachting.com\/tr\/wp-content\/uploads\/2021\/07\/kiralik-yelkenli-yatlar-anasayfa-2048x1236.jpg 2048w\" sizes=\"auto, (max-width: 335px) 100vw, 335px\" \/><\/figure><\/div>\n\n\n\n<p>Personelli yelkenli ticari tekneler d\u00fcnyada \u00e7ok fazla say\u0131da bulunmuyor olanlar ise yelken yar\u0131\u015flar\u0131na kat\u0131ld\u0131klar\u0131ndan b\u00fcy\u00fck firmalar taraf\u0131ndan finanse edilerek tak\u0131m ile birlikte antrenman ve yar\u0131\u015f s\u00fcre\u00e7lerinde olduklar\u0131ndan kiralanam\u0131yor. Bununla birlikte yelken konusunda profesyonel olan ve yelken sporunu seven deniz severler i\u00e7in yapt\u0131r\u0131lan b\u00fcy\u00fck yelkenliler olu\u015fturduklar\u0131 tak\u0131m ruhu ile adrenalinin ya\u015famak i\u00e7in uzun rotalar\u0131 kullanmaktalar ancak hat\u0131r\u0131 say\u0131l\u0131r say\u0131da yelken sever hem arad\u0131klar\u0131 adrenalini bulmak hem de al\u0131\u015ft\u0131klar\u0131 l\u00fcks\u00fc ya\u015famak i\u00e7in bu t\u00fcr yatlar\u0131 tatil ama\u00e7l\u0131 ar\u0131yorlar. <\/p>\n\n\n\n<p>Yatlar\u0131n maliyetleri y\u00fcksektir ve \u00f6zel tasar\u0131m gerektirir. Pek \u00e7o\u011fu yelkenli yatlar olarak sayfam\u0131zda listelenen bu yatlar geleneksel \u015fekli ile yap\u0131larak i\u00e7 mekan ve dizayn olarak \u00e7ok l\u00fcks ve son teknoloji ile donat\u0131lmaktad\u0131r. Yelkenli\u00a0tekneler deyince ilk akla gelen bu yatlar tecr\u00fcbeli personeli ile denizdeki ya\u015fam\u0131 kolayla\u015ft\u0131r\u0131r. Kiral\u0131k yelkenli yatlar i organize etmek i\u00e7in yat sahipleri ile merkez acente s\u00f6zle\u015fmesi yaparak portf\u00f6y\u00fcm\u00fcze ekliyoruz. her yat\u0131n ayr\u0131 ayr\u0131 t\u00fcm detaylar\u0131n\u0131 resimleyerek sayfam\u0131za teknik bilgileri ile birlikte koyup misafirlerimize kiral\u0131k yelkenli konusunda \u00e7ok say\u0131da alternatif sunuyoruz. merakl\u0131lar\u0131 g\u00fcn ge\u00e7tik\u00e7e artan yelkenli <a title=\"Kiral\u0131k Yatlar\" href=\"https:\/\/akasiayachting.com\/tr\/kiralik-yatlar\/\">kiral\u0131k yatlar<\/a> portf\u00f6y\u00fcm\u00fczde bulunmaktad\u0131r.<\/p>\n\n\n\n<p>Kiral\u0131k yelkenli yatlar ile yelken sporu\u00a0ve mavi yolculuk\u00a0yapman\u0131za\u00a0yard\u0131mc\u0131 oluyoruz. kurumsal olarak kiral\u0131k yelkenli yatlar se\u00e7kin teknelerimiz ile misafirlerimize unutamayacaklar\u0131 kadar g\u00fczel, huzurlu ve konforlu bir tatil sunuyoruz. Personelli kiral\u0131k yelkenli yatlar ile mavi tur yapmak isteyen misafirlerimiz \u00e7ok keyifli bir yelkenli tatili\u00a0ya\u015fayabilirler. <\/p>\n\n\n\n<p>R\u00fczgar\u0131 yakalayan kaptan yelkenleri fora ederek makineyi durdurunca teknenin dalgalarda \u00e7\u0131kard\u0131\u011f\u0131 h\u0131\u015f\u0131rt\u0131 ve yat\u0131n genel sessizli\u011fini hafif bir m\u00fczikle s\u00fcsleyerek sessiz bir ku\u011fu gibi denizin maviliklerinde s\u00fcz\u00fclmenin verdi\u011fi heyecan muhte\u015femdir. G\u00fcn\u00fcm\u00fczde stresli ortamlarda \u00e7al\u0131\u015fanlar i\u00e7in sessiz bir tatil, bol oksijen ve p\u0131r\u0131l p\u0131r\u0131l parlayan tertemiz sularda y\u00fczmenin verdi\u011fi haz \u00e7ok farkl\u0131d\u0131r. Kiral\u0131k <a href=\"https:\/\/kiralikmotoryat.com\/yelkenli-yatlar\/\" data-type=\"URL\" data-id=\"https:\/\/kiralikmotoryat.com\/yelkenli-yatlar\/\" target=\"_blank\" rel=\"noopener\">yelkenli yatlar<\/a> i\u00e7erisinde bar\u0131nd\u0131rd\u0131klar\u0131 konfor ile be\u015f y\u0131ld\u0131zl\u0131 otellerin ger\u00e7ekten rakibidir. Yelkenli fiber tekneler g\u00fcvertelerinin dar ve kullan\u0131\u015fs\u0131z olmas\u0131 ve bu yelkenlilerin personelsiz olmas\u0131 tercihin ah\u015fap yelkenlilerden olmas\u0131na sebep olmaktad\u0131r.<\/p>\n\n\n\n<h2 class=\"has-text-align-center wp-block-heading\"><strong>Yelkenli Yatlar<\/strong><\/h2>\n\n\n\n<div class=\"wp-block-image\"><figure class=\"alignleft size-full is-resized\"><img loading=\"lazy\" decoding=\"async\" src=\"https:\/\/akasiayachting.com\/tr\/wp-content\/uploads\/2010\/09\/sikca_sorulan_sorular.jpg\" alt=\"\" class=\"wp-image-6235\" width=\"335\" height=\"196\" title=\"\" srcset=\"https:\/\/akasiayachting.com\/tr\/wp-content\/uploads\/2010\/09\/sikca_sorulan_sorular.jpg 1302w, https:\/\/akasiayachting.com\/tr\/wp-content\/uploads\/2010\/09\/sikca_sorulan_sorular-300x176.jpg 300w\" sizes=\"auto, (max-width: 335px) 100vw, 335px\" \/><\/figure><\/div>\n\n\n\n<p>Kiral\u0131k yelkenli yatlar genelde profesyonel yelken ekibi ve kalifiye personel gerektirmektedir. Yelkenli tekne deyince akla ilk gelen, personelli b\u00fcy\u00fck<a href=\"https:\/\/yachtchartergocek.net\/crewed-sailing-yachts\/\" data-type=\"URL\" data-id=\"https:\/\/yachtchartergocek.net\/crewed-sailing-yachts\/\" target=\"_blank\" rel=\"noopener\"> yelkenli yatlar<\/a> veya k\u00fc\u00e7\u00fck yelkenli spor ama\u00e7l\u0131 olanlard\u0131r. Fiber Yelkenli yatlar\u0131 kiralayan m\u00fc\u015fterilerimiz genelde amat\u00f6r yat kullanma belgesi olan ki\u015filerdir. Denize olan ilgileri ile s\u0131navlara girip amat\u00f6r ehliyet alabilirler ve bizden 30 ile 54 feet aral\u0131\u011f\u0131nda yelkenli yat kiralayarak ve yelken seyri yapmay\u0131 \u00f6\u011frenmek i\u00e7in yard\u0131mc\u0131 bir yelken hocas\u0131 ile bu acemiliklerini giderebilirler.\u00a0<\/p>\n\n\n\n<p>Baz\u0131 m\u00fc\u015fterilerimiz de, her y\u0131l gelip ailesiyle beraber bizden personelsiz yelkenli tekne kiralayarak bir hafta boyunca Ege ve Akdeniz sahillerinde be\u011fendikleri koylar\u0131 dola\u015farak tatillerini yapmakta, hem \u00f6zel hem de \u00e7ok huzurlu bir \u015fekilde denizde tatil imkan\u0131ndan faydalanmaktad\u0131rlar.\u00a0Personelli yelkenli yatlar konusunda genelde T\u00fcrkiye olarak yetersiz kalmaktay\u0131z sebebi yeterli kalifiye personel yeti\u015ftirmemesi ve bu sekt\u00f6r\u00fcn hen\u00fcz iyi anla\u015f\u0131lamam\u0131\u015f olmas\u0131ndand\u0131r. Bazen yabanc\u0131 m\u00fc\u015fterilerimizden b\u00fcy\u00fck boy yelkenli tekne talebi de almaktay\u0131z fakat T\u00fcrkiye deki mega yelkenli yat say\u0131s\u0131 az oldu\u011fundan bu taleplere cevap veremedi\u011fimizden alternatif olarak b\u00fcy\u00fck yelkenli yerine del\u00fcks guletler \u00f6nermek zorunda kal\u0131yoruz.<\/p>\n\n\n\n<div class=\"wp-block-buttons is-content-justification-right is-layout-flex wp-block-buttons-is-layout-flex\">\n<div class=\"wp-block-button is-style-outline is-style-outline--2\"><a class=\"wp-block-button__link\" href=\"https:\/\/akasiayachting.com\/tr\/contact-us\/\" target=\"_blank\" rel=\"noreferrer noopener\">Bize Ula\u015f\u0131n<\/a><\/div>\n<\/div>\n","protected":false},"excerpt":{"rendered":"<p>Kiral\u0131k Yelkenli Yatlar Personelli yelkenli ticari tekneler d\u00fcnyada \u00e7ok fazla say\u0131da bulunmuyor olanlar ise yelken yar\u0131\u015flar\u0131na kat\u0131ld\u0131klar\u0131ndan b\u00fcy\u00fck firmalar taraf\u0131ndan finanse edilerek tak\u0131m ile birlikte antrenman ve yar\u0131\u015f s\u00fcre\u00e7lerinde olduklar\u0131ndan kiralanam\u0131yor. Bununla birlikte yelken konusunda profesyonel olan ve yelken sporunu seven deniz severler i\u00e7in yapt\u0131r\u0131lan b\u00fcy\u00fck yelkenliler olu\u015fturduklar\u0131 tak\u0131m ruhu ile adrenalinin ya\u015famak i\u00e7in uzun [&hellip;]<\/p>\n","protected":false},"author":3,"featured_media":6976,"parent":0,"menu_order":6,"comment_status":"closed","ping_status":"closed","template":"","meta":{"footnotes":""},"class_list":["post-1794","page","type-page","status-publish","has-post-thumbnail","hentry"],"_links":{"self":[{"href":"https:\/\/akasiayachting.com\/tr\/wp-json\/wp\/v2\/pages\/1794","targetHints":{"allow":["GET"]}}],"collection":[{"href":"https:\/\/akasiayachting.com\/tr\/wp-json\/wp\/v2\/pages"}],"about":[{"href":"https:\/\/akasiayachting.com\/tr\/wp-json\/wp\/v2\/types\/page"}],"author":[{"embeddable":true,"href":"https:\/\/akasiayachting.com\/tr\/wp-json\/wp\/v2\/users\/3"}],"replies":[{"embeddable":true,"href":"https:\/\/akasiayachting.com\/tr\/wp-json\/wp\/v2\/comments?post=1794"}],"version-history":[{"count":23,"href":"https:\/\/akasiayachting.com\/tr\/wp-json\/wp\/v2\/pages\/1794\/revisions"}],"predecessor-version":[{"id":6979,"href":"https:\/\/akasiayachting.com\/tr\/wp-json\/wp\/v2\/pages\/1794\/revisions\/6979"}],"wp:featuredmedia":[{"embeddable":true,"href":"https:\/\/akasiayachting.com\/tr\/wp-json\/wp\/v2\/media\/6976"}],"wp:attachment":[{"href":"https:\/\/akasiayachting.com\/tr\/wp-json\/wp\/v2\/media?parent=1794"}],"curies":[{"name":"wp","href":"https:\/\/api.w.org\/{rel}","templated":true}]}}