{"id":1790,"date":"2010-09-08T09:04:48","date_gmt":"2010-09-08T09:04:48","guid":{"rendered":"https:\/\/akasiayachting.com\/"},"modified":"2021-08-04T12:17:56","modified_gmt":"2021-08-04T09:17:56","slug":"kiralik-guletler","status":"publish","type":"page","link":"https:\/\/akasiayachting.com\/tr\/kiralik-guletler\/","title":{"rendered":"Kiral\u0131k Guletler"},"content":{"rendered":"\t<div id=\"get_debug\"><\/div>\r\n\t<div id=\"get_data\"><\/div>\r\n\t\r\n\t<script\ttype=\"text\/javascript\">\r\n\t\tvar\tdefaults = {\r\n\t\t\t\/* get : motoryachts, gulets, sailingyachts, istanbulyachts, yachts *\/\r\n\t\t\tget : 'gulets',\r\n\t\t\t\/* for : sale, rent *\/\r\n\t\t\tfor : 'rent',\r\n\t\t\t\/* sort : modified, date, loa, price, guest_capacity *\/\r\n\t\t\tsort : 'loa',\r\n\t\t\t\/* by : asc, desc *\/\r\n\t\t\tby : 'desc',\r\n\t\t\t\/* page number *\/\r\n\t\t\tpage : '1',\r\n\t\t\t\/* results per page *\/\r\n\t\t\tperpage : '15',\r\n\t\t\t\/* theme : active-71, active-113, active-173, active-229, active-281 *\/\r\n\t\t\ttheme : 'active-281',\r\n\t\t\t\/* ref URL : your domain, document.URL, window.location, window.location.host, localhost *\/\r\n\t\t\tref\t: 'https:\/\/akasiayachting.com\/tr\/kiralik-guletler\/',\r\n\t\t\t\/* ID num *\/\r\n\t\t\tof : '',\r\n\t\t};\r\n\t\t\r\n\t\tvar settings = {\r\n\t\t\t\/* debug : true, false *\/\r\n\t\t\tdebug : false,\r\n\t\t\t\/* engine : ay.com, ey.net *\/\r\n\t\t\tengine : 'akasiayachting.com',\r\n\t\t\t\/* scroll : true, false *\/\r\n\t\t\tscrolltop : true,\r\n\t\t\t\/* scrollspeed : integer as milisecond *\/\r\n\t\t\tscrollspeed : 500,\r\n\t\t\t\/* loader : 'Loading, Please wait...', 'html code' *\/\r\n\t\t\tloader : '<style type=\"text\/css\">#loader-animation { margin: 15% auto 5px auto; width: 28px; height: 28px;  animation: rotate 0.8s infinite linear; border: 4px solid #3498db; border-right-color: transparent; border-radius: 50%; } @keyframes rotate { 0% { transform: rotate(0deg); } 100% { transform: rotate(360deg); } }<\/style><div id=\"loader-javascript-activated\"><br \/><div id=\"loader-animation\"><\/div><div style=\"text-align: center; margin: 0px 0px 15% 0px;\">Loading, Please wait...<\/div><\/div>',\r\n\t\t}\r\n\t\t\r\n\t\t\/* Do not change anything below *\/\r\n\t\tif(document.location.hostname.includes('.test')){ settings.debug = true; }\r\n\t\t\r\n\t\t\/* Add loader to the get_data *\/\r\n\t\tdocument.getElementById('get_data').innerHTML = '<style type=\"text\/css\">#loader-animation { margin: 15% auto 5px auto; width: 28px; height: 28px;  animation: rotate 0.8s infinite linear; border: 4px solid #3498db; border-right-color: transparent; border-radius: 50%; } @keyframes rotate { 0% { transform: rotate(0deg); } 100% { transform: rotate(360deg); } }<\/style><div id=\"loader-javascript-activated\"><br \/><div id=\"loader-animation\"><\/div><div style=\"text-align: center; margin: 0px 0px 15% 0px;\">Loading, Please wait...<\/div><\/div>';\r\n\t\t\r\n\t\t\/* Loading our lovely cyn library *\/\r\n\t\tvar cyn = document.createElement('script'); cyn.type = 'text\/javascript'; cyn.async = true;\r\n\t\tcyn.src = 'https:\/\/akasiayachting.com\/tr\/wp-content\/themes\/active\/views.js';\r\n\t\tcyn.src += (settings.debug == true) ? '?nocache=' + Math.random() : '';\r\n\t\tdocument.getElementsByTagName('head')[0].appendChild(cyn);\r\n\t\t\r\n\t\t\/* If index.js window.onload not starts than this event applies. *\/\r\n\t\twindow.onload = function(){\r\n\t\t\tvar get_solution = (function(){\/*\r\n\t\t\t<br \/><h1>Something went wrong,<\/h1>\r\n\t\t\t<blockquote>\r\n\t\t\t  <p><br \/>\r\n\t\t\t\tHere are some possible solutions;<br \/><br \/>\r\n\t\t\t\t* Please click <a href=\"javascript:window.location.reload(false);\"><b>here<\/b><\/a> to refresh page, <br \/><br \/>\r\n\t\t\t\t* If the problem persists you can force reload of the page with the following key combinations:<br \/>\r\n\t\t\t\tfor Windows: <b>ctrl<\/b> + <b>F5<\/b><br \/>\r\n\t\t\t\tfor Mac\/Apple: <b>Apple<\/b> + <b>R<\/b> or <b>command<\/b> + <b>R<\/b><br \/><br \/>\r\n\t\t\t\t* If problem still occurs, please inform us from <a href=\"mailto:info@akasiayachting.com\"><b>info@akasiayachting.com<\/b><\/a><br \/><br \/>\r\n\t\t\t\tWe are appreciated for your understanding.<br \/><br \/>\r\n\t\t\t  <\/p>\r\n\t\t\t<\/blockquote>  \r\n\t\t\t*\/}).toString().match(\/[^]*\\\/\\*([^]*)\\*\\\/\\}$\/)[1];\r\n\t\t\tvar get_data_content = document.getElementById('get_data').innerHTML;\r\n\t\t\t\/* Check loader if still exists something wrong. *\/\r\n\t\t\tif(get_data_content.indexOf('loader-javascript-activated') > -1){\r\n\t\t\t\tdocument.getElementById('get_data').innerHTML = get_solution;\r\n\t\t\t}\r\n\t\t}\r\n\t<\/script>\n\n\n\n<h2 class=\"has-text-align-center wp-block-heading\"><strong>Kiral\u0131k Guletler<\/strong><\/h2>\n\n\n\n<div class=\"wp-block-image\"><figure class=\"alignleft size-full is-resized\"><img loading=\"lazy\" decoding=\"async\" src=\"https:\/\/akasiayachting.com\/tr\/wp-content\/uploads\/2010\/09\/gulet.jpg\" alt=\"\" class=\"wp-image-6088\" width=\"334\" height=\"186\" title=\"\" srcset=\"https:\/\/akasiayachting.com\/tr\/wp-content\/uploads\/2010\/09\/gulet.jpg 788w, https:\/\/akasiayachting.com\/tr\/wp-content\/uploads\/2010\/09\/gulet-300x167.jpg 300w\" sizes=\"auto, (max-width: 334px) 100vw, 334px\" \/><\/figure><\/div>\n\n\n\n<p>Ge\u00e7mi\u015fte bal\u0131k\u00e7\u0131l\u0131k ve y\u00fck ta\u015f\u0131ma amac\u0131na uygun olarak yap\u0131lan guletler g\u00fcn\u00fcm\u00fczde turizm ama\u00e7l\u0131 olarak en modern teknolojiler kullan\u0131larak dayan\u0131kl\u0131 malzemelerden yap\u0131lan mavi tur ama\u00e7l\u0131 motor yelkenli tekneler olarak hizmet vermektedirler. Son derece kullan\u0131\u015fl\u0131 ve d\u00fcnya standartlar\u0131nda yap\u0131lan, orijinal \u00e7izgilerinin yan\u0131nda geleneksel yap\u0131s\u0131nda muhafaza eden bu kiral\u0131k guletler kalitesini d\u00fcnyaya ispatlayan mavi tur deyince 5 y\u0131ld\u0131zl\u0131 otel hizmeti verebilen<a title=\"Kiral\u0131k L\u00fcks Yatlar\" href=\"https:\/\/akasiayachting.com\/tr\/kiralik-yatlar\/\"> kiral\u0131k yatlar<\/a>. Kalitesi ve personel konusundaki yeti\u015fmi\u015f elemanlar\u0131 ile T\u00fcrkiye&#8217;deki yat turizminin \u00f6nc\u00fcs\u00fc olan kiral\u0131k l\u00fcks guletler sayfam\u0131zda anla\u015f\u0131l\u0131r \u015fekilde resimlenerek teknik detay, fiyat ve i\u00e7 g\u00f6r\u00fcn\u00fcm olarak kiral\u0131k&nbsp;gulet arayanlara fikir vermekte ve misafirlerimizin be\u011fenisine mavi tur ama\u00e7l\u0131 sunulmaktad\u0131r.<\/p>\n\n\n\n<p>Mavi tur organizasyonlar\u0131 g\u00fcn\u00fcm\u00fczde ge\u00e7mi\u015ftekilerden \u00e7ok daha farkl\u0131 l\u00fcks ve konforludur. Art\u0131k kiral\u0131k guletler bug\u00fcn\u00fcn \u00f6zel yatlar\u0131ndan eksi\u011fi olmayan jenerat\u00f6rleri klimalar\u0131 ve su yap\u0131c\u0131lar\u0131 ile limanlara ba\u011f\u0131ml\u0131 olmadan uzun s\u00fcre misafirler ile denizde kalabilmektedir. Uydu al\u0131c\u0131lar\u0131n\u0131n marifeti ile t\u00fcm d\u00fcnya kanallar\u0131n\u0131n her t\u00fcrl\u00fc hava \u015fartlar\u0131nda seyredilebildi\u011fi motor yatlara mahsus sunulan tv sistemleri, kiral\u0131k&nbsp;gulet arayanlar\u0131n s\u00fcrekli isteklerinden say\u0131ld\u0131\u011f\u0131 i\u00e7in t\u00fcm l\u00fcks kiral\u0131k guletler de standart olmu\u015ftur.<\/p>\n\n\n\n<p>Tatil s\u0131ras\u0131nda ar\u0131za ve kesintiye mahal vermemek i\u00e7in b\u00fct\u00fcn mavi turda kiral\u0131k&nbsp;guletler iki adet jenerat\u00f6r, su yap\u0131c\u0131 ve her kabin i\u00e7in ayr\u0131 klima sistemleri konulmaktad\u0131r. Biz zaten, kiral\u0131k guletler den misafirlerimize klimas\u0131z yat tavsiye etmiyoruz, \u00f6zellikle Temmuz, ve A\u011fustos aylar\u0131ndaki a\u015f\u0131r\u0131 s\u0131caklar y\u00fcz\u00fcnden gece uyuyamayan misafirlerimizin \u015fikayetleri sebebiyle klimas\u0131z <a href=\"https:\/\/maviyolculuk.info\/kiralik-gulet\" data-type=\"URL\" data-id=\"https:\/\/maviyolculuk.info\/kiralik-gulet\" target=\"_blank\" rel=\"noopener\">kiral\u0131k&nbsp;gulet<\/a> sahipleri yatlar\u0131n\u0131 pazarlamada g\u00fc\u00e7l\u00fck \u00e7ekmektedirler.&nbsp;Sayfam\u0131zda bulunan rotalar b\u00f6l\u00fcm\u00fcnde gidebilece\u011finiz koylar\u0131 foto\u011fraflar\u0131 ile g\u00f6rebilir ve yazd\u0131klar\u0131m\u0131z\u0131 okuyarak bilgi edinebilirsiniz.<\/p>\n\n\n\n<h2 class=\"has-text-align-center wp-block-heading\"><strong>Yeni Nesil Gulet Konforu<\/strong><\/h2>\n\n\n\n<div class=\"wp-block-image\"><figure class=\"alignleft size-full is-resized\"><img loading=\"lazy\" decoding=\"async\" src=\"https:\/\/akasiayachting.com\/tr\/wp-content\/uploads\/2010\/09\/mavi_tur_rotalari_master..jpg\" alt=\"\" class=\"wp-image-6104\" width=\"328\" height=\"235\" title=\"\" srcset=\"https:\/\/akasiayachting.com\/tr\/wp-content\/uploads\/2010\/09\/mavi_tur_rotalari_master..jpg 3200w, https:\/\/akasiayachting.com\/tr\/wp-content\/uploads\/2010\/09\/mavi_tur_rotalari_master.-300x215.jpg 300w\" sizes=\"auto, (max-width: 328px) 100vw, 328px\" \/><\/figure><\/div>\n\n\n\n<p>Sayfalar\u0131m\u0131zda bulunan se\u00e7kin l\u00fcks kiral\u0131k guletler ile haftal\u0131k tatil imkan\u0131 bulanlar E\u011fe denizi, Yunan adalar\u0131, Bat\u0131 Akdeniz ve Antalya&#8217;dan Ku\u015fadas\u0131&#8217;na kadar uzanan y\u00fczlerce koy da tatillerini, g\u00f6zlerden uzak sakin ve huzurlu aile yada misafirleri ile ge\u00e7irebilme imkan\u0131 bulmaktad\u0131rlar. Gulet kiralama organizasyonlar\u0131nda y\u0131llarca VIP misafirlere, devlet b\u00fcy\u00fcklerine ve her kesimden misafirlere l\u00fcks kiral\u0131k guletler sa\u011flayan ve profesyonel anlamda i\u015fini ciddiye alarak bug\u00fcnlere gelen Akasya Yat\u00e7\u0131l\u0131k 2 ki\u015fiden den ba\u015flayan ve 20 ki\u015fiye kadar olan kapasiteleri ile hizmet veren, kiral\u0131k guletler bodrum dan 7 rota ile mavi yolculu\u011fa ve cennet koylara yelken a\u00e7\u0131yor bug\u00fcn art\u0131k geli\u015fmi\u015f donan\u0131mlar\u0131 ile her t\u00fcrl\u00fc hava ko\u015fullar\u0131nda yelken yapman\u0131n keyfini de misafirlerimize sunan l\u00fcks kiral\u0131k guletler yeti\u015fmi\u015f personeli ile 5 y\u0131ld\u0131zl\u0131 konfor sa\u011flayabiliyor.&nbsp;Gerek kiral\u0131k gulet bodrum veya kiral\u0131k gulet Marmaris, Antalya ve Fethiye b\u00f6lgelerimizde 24 saat yan\u0131n\u0131zday\u0131z.<\/p>\n\n\n\n<div style=\"height:1px\" aria-hidden=\"true\" class=\"wp-block-spacer\"><\/div>\n\n\n\n<p>G\u00f6cek D\u00fcnyada benzersiz do\u011fas\u0131, \u0131l\u0131k ve g\u00fcvenilir denizi ile muhte\u015fem mavi tur imkanlar\u0131 sunan nadide koylara sahiptir. her y\u0131l yerli ve yabanc\u0131 binlerce turistin ilgisini \u00e7eken mavi ve ye\u015fil cennetidir. G\u00f6cek&#8217;e gelen misafirlerimizin G\u00f6cek hakk\u0131ndaki referanslar\u0131 anlatmakla bitmez, ve bizlere burada ya\u015fad\u0131\u011f\u0131m\u0131z i\u00e7in ne kadar \u015fansl\u0131 oldu\u011fumuzu hat\u0131rlat\u0131rlar, G\u00f6cek de ya\u015fayanlar i\u00e7in Kiral\u0131k gulet ile 15 dakika i\u00e7inde koylardan birine gidip denize girme imkan\u0131 bulabilmek m\u00fcmk\u00fcnd\u00fcr veya T\u00fcrkiye&#8217;nin herhangi bir yerinde ya\u015fayan biri en fazla 1 saat yolculuk sonras\u0131 Dalaman Havaalan\u0131na varabilir ve ard\u0131ndan 20 dakikada G\u00f6cek liman\u0131nda olur. G\u00f6cek Liman\u0131 tekneye kat\u0131larak kiral\u0131k guletler ile 15 dakika i\u00e7inde kendini G\u00f6cek&#8217;in e\u015fsiz nadide koylar\u0131ndan birinde y\u00fczebilmeniz hi\u00e7te zor de\u011fil. bu y\u00fczden tatilini dopdolu ve sakin bir ortamda ge\u00e7irmek isteyenleri, G\u00f6cek&#8217;e davet ediyoruz.<\/p>\n\n\n\n<p>Fethiye de bulunan guletlerimiz de kapasite sorunumuz yoktur her b\u00fct\u00e7eye uygun 6 kabinden 12 kabine kadar l\u00fcks guletleri sayfam\u0131zdan bulabilirsiniz. Fethiye b\u00f6lgesinde yap\u0131lan guletlerin kabin say\u0131lar\u0131n\u0131n y\u00fcksek olmas\u0131 nedeni ile kalabal\u0131k ailelerin taleplerine uygun kiral\u0131k gulet Fethiye den \u00f6nermekteyiz. Genellikle \u0130talyan \u0130spanya Frans\u0131z ve kalabal\u0131k T\u00fcrk ailelerin tercih etti\u011fi d\u00fcz g\u00fcvertesi ile kendine \u00f6zg\u00fc gulet tekne turlar\u0131 i\u00e7in ideal.<\/p>\n\n\n\n<p>Kapasitesi ve m\u00fcsait liman\u0131 ile kaptanlar\u0131n en ra\u011fbet ettikleri Liman olan Fethiye ayr\u0131ca kara turlar\u0131 i\u00e7inde ideal bir cennettir. Kaya k\u00f6y\u00fc, antik kent Tlos, Sakl\u0131kent Kanyonu, K\u0131z kumu ve Kaunos harabeleri ile deniz ve kara turlar\u0131n\u0131n yap\u0131ld\u0131\u011f\u0131 en \u00f6nemli merkezdir.<\/p>\n\n\n\n<h2 class=\"has-text-align-center wp-block-heading\"><strong>Antalya B\u00f6lgemizde Gulet Kiralama<\/strong><\/h2>\n\n\n\n<div class=\"wp-block-image\"><figure class=\"alignleft size-full is-resized\"><img loading=\"lazy\" decoding=\"async\" src=\"https:\/\/akasiayachting.com\/tr\/wp-content\/uploads\/2010\/09\/satilik_motoryatlar.jpg\" alt=\"\" class=\"wp-image-6135\" width=\"332\" height=\"176\" title=\"\" srcset=\"https:\/\/akasiayachting.com\/tr\/wp-content\/uploads\/2010\/09\/satilik_motoryatlar.jpg 2452w, https:\/\/akasiayachting.com\/tr\/wp-content\/uploads\/2010\/09\/satilik_motoryatlar-300x159.jpg 300w\" sizes=\"auto, (max-width: 332px) 100vw, 332px\" \/><\/figure><\/div>\n\n\n\n<p>Antalya b\u00f6lgemizden gelen taleplere elimizdeki o b\u00f6lgedeki yatlar\u0131n yetersizli\u011fi y\u00fcz\u00fcnden cevap vermekte yetersiz kal\u0131yoruz. Kiral\u0131k guletler Antalya da bizim istedi\u011fimiz kapasite ve nitelikte olmad\u0131\u011f\u0131 i\u00e7in daha \u00e7ok bu b\u00f6lgede reva\u00e7ta olan g\u00fcn\u00fc birlik turlara m\u00fcsait teknelerle de b\u00fcy\u00fck guruplara ve gece turlar\u0131na uygun b\u00fcy\u00fck yatlarla hizmet veriyoruz. Ancak tekne kiralama <a title=\"Mavi Tur Kiral\u0131k Gulet Antalya\" href=\"https:\/\/akasiayachting.com\/tr\/mavi-tur-antalya\/\">Antalya<\/a> da zor da olsa o b\u00f6lgeyi tercih eden misafirlerimize yak\u0131n yerlerden, Fethiye ve Marmaris ten kaliteli tekneler g\u00f6ndererek yard\u0131mc\u0131 oluyoruz mavi turun son liman\u0131 olan Antalya maalesef di\u011fer yat turizmi merkezlerine g\u00f6re daha az geli\u015fmi\u015ftir. Mevcut kiral\u0131k gulet portf\u00f6y\u00fc Antalya i\u00e7in \u00f6v\u00fcn\u00fclecek duruma gelememi\u015ftir, sebeplerinin ba\u015f\u0131nda liman eksikli\u011fi ve korunmas\u0131 olmayan a\u00e7\u0131k Antalya k\u00f6rfezidir yine bu nedenle de temiz ve berrak koylar\u0131 vard\u0131r.<\/p>\n\n\n\n<p>Ka\u015f, Kalkan b\u00f6lgemizde bulunan g\u00fcnl\u00fck tur tekneleri ki\u015fi kapasiteleri y\u00fcksek olmayan orta boy teknelerdir bu b\u00f6lgede en kapasiteli tekneler Derme \u00e7ay a\u011fz\u0131ndakilerdir ve bat\u0131k \u015fehri g\u00f6rmeye gelen y\u00fczlerce yolcunun a\u011f\u0131rland\u0131\u011f\u0131 b\u00f6lgemizdir. Kiral\u0131k guletler kalkan i\u00e7in ise birka\u00e7 tekne ile s\u0131n\u0131rl\u0131d\u0131r zaten onlarda g\u00fcn\u00fc birlik turlar\u0131 tercih etmektedirler.<\/p>\n\n\n\n<p>Bu nedenle o b\u00f6lgedeki koylar\u0131 g\u00f6rmek ve mavi turu o b\u00f6lgede tamamlamak isteyen misafirlerimize Fethiye ba\u015flang\u0131\u00e7l\u0131 turlar d\u00fczenleyerek \u00d6l\u00fcdeniz, Kalkan, Ka\u015f, Kekova ve Demre&#8217;ye kadar giderek d\u00f6n\u00fc\u015fte Fethiye de bitirmek \u00fczere organize ediyoruz. Kiral\u0131k&nbsp;guletler&nbsp;Ka\u015f i\u00e7in ayn\u0131 \u015feyleri s\u00f6ylemek m\u00fcmk\u00fcn \u00e7ok az say\u0131da ve nitelik olarak ta k\u0131s\u0131tl\u0131d\u0131r ancak samimi k\u00fc\u00e7\u00fck ve guruplara hizmet eden birka\u00e7 gulet Kekova turlar\u0131 yaparak hizmet vermektedirler.<\/p>\n\n\n\n<div class=\"wp-block-buttons is-content-justification-right is-layout-flex wp-block-buttons-is-layout-flex\">\n<div class=\"wp-block-button is-style-outline is-style-outline--2\"><a class=\"wp-block-button__link\" href=\"https:\/\/akasiayachting.com\/tr\/contact-us\/\" target=\"_blank\" rel=\"noreferrer noopener\">Bize Ula\u015f\u0131n<\/a><\/div>\n<\/div>\n","protected":false},"excerpt":{"rendered":"<p>Kiral\u0131k Guletler Ge\u00e7mi\u015fte bal\u0131k\u00e7\u0131l\u0131k ve y\u00fck ta\u015f\u0131ma amac\u0131na uygun olarak yap\u0131lan guletler g\u00fcn\u00fcm\u00fczde turizm ama\u00e7l\u0131 olarak en modern teknolojiler kullan\u0131larak dayan\u0131kl\u0131 malzemelerden yap\u0131lan mavi tur ama\u00e7l\u0131 motor yelkenli tekneler olarak hizmet vermektedirler. Son derece kullan\u0131\u015fl\u0131 ve d\u00fcnya standartlar\u0131nda yap\u0131lan, orijinal \u00e7izgilerinin yan\u0131nda geleneksel yap\u0131s\u0131nda muhafaza eden bu kiral\u0131k guletler kalitesini d\u00fcnyaya ispatlayan mavi tur deyince [&hellip;]<\/p>\n","protected":false},"author":3,"featured_media":6088,"parent":0,"menu_order":4,"comment_status":"closed","ping_status":"closed","template":"","meta":{"footnotes":""},"class_list":["post-1790","page","type-page","status-publish","has-post-thumbnail","hentry"],"_links":{"self":[{"href":"https:\/\/akasiayachting.com\/tr\/wp-json\/wp\/v2\/pages\/1790","targetHints":{"allow":["GET"]}}],"collection":[{"href":"https:\/\/akasiayachting.com\/tr\/wp-json\/wp\/v2\/pages"}],"about":[{"href":"https:\/\/akasiayachting.com\/tr\/wp-json\/wp\/v2\/types\/page"}],"author":[{"embeddable":true,"href":"https:\/\/akasiayachting.com\/tr\/wp-json\/wp\/v2\/users\/3"}],"replies":[{"embeddable":true,"href":"https:\/\/akasiayachting.com\/tr\/wp-json\/wp\/v2\/comments?post=1790"}],"version-history":[{"count":47,"href":"https:\/\/akasiayachting.com\/tr\/wp-json\/wp\/v2\/pages\/1790\/revisions"}],"predecessor-version":[{"id":7353,"href":"https:\/\/akasiayachting.com\/tr\/wp-json\/wp\/v2\/pages\/1790\/revisions\/7353"}],"wp:featuredmedia":[{"embeddable":true,"href":"https:\/\/akasiayachting.com\/tr\/wp-json\/wp\/v2\/media\/6088"}],"wp:attachment":[{"href":"https:\/\/akasiayachting.com\/tr\/wp-json\/wp\/v2\/media?parent=1790"}],"curies":[{"name":"wp","href":"https:\/\/api.w.org\/{rel}","templated":true}]}}