{"id":1787,"date":"2010-09-08T09:03:17","date_gmt":"2010-09-08T09:03:17","guid":{"rendered":"https:\/\/akasiayachting.com\/"},"modified":"2024-08-30T20:02:06","modified_gmt":"2024-08-30T17:02:06","slug":"kiralik-motoryatlar","status":"publish","type":"page","link":"https:\/\/akasiayachting.com\/tr\/kiralik-motoryatlar\/","title":{"rendered":"Kiral\u0131k Motoryatlar"},"content":{"rendered":"\t<div id=\"get_debug\"><\/div>\r\n\t<div id=\"get_data\"><\/div>\r\n\t\r\n\t<script\ttype=\"text\/javascript\">\r\n\t\tvar\tdefaults = {\r\n\t\t\t\/* get : motoryachts, gulets, sailingyachts, istanbulyachts, yachts *\/\r\n\t\t\tget : 'motoryachts',\r\n\t\t\t\/* for : sale, rent *\/\r\n\t\t\tfor : 'rent',\r\n\t\t\t\/* sort : modified, date, loa, price, guest_capacity *\/\r\n\t\t\tsort : 'loa',\r\n\t\t\t\/* by : asc, desc *\/\r\n\t\t\tby : 'desc',\r\n\t\t\t\/* page number *\/\r\n\t\t\tpage : '1',\r\n\t\t\t\/* results per page *\/\r\n\t\t\tperpage : '15',\r\n\t\t\t\/* theme : active-71, active-113, active-173, active-229, active-281 *\/\r\n\t\t\ttheme : 'active-281',\r\n\t\t\t\/* ref URL : your domain, document.URL, window.location, window.location.host, localhost *\/\r\n\t\t\tref\t: 'https:\/\/akasiayachting.com\/tr\/kiralik-motoryatlar\/',\r\n\t\t\t\/* ID num *\/\r\n\t\t\tof : '',\r\n\t\t};\r\n\t\t\r\n\t\tvar settings = {\r\n\t\t\t\/* debug : true, false *\/\r\n\t\t\tdebug : false,\r\n\t\t\t\/* engine : ay.com, ey.net *\/\r\n\t\t\tengine : 'akasiayachting.com',\r\n\t\t\t\/* scroll : true, false *\/\r\n\t\t\tscrolltop : true,\r\n\t\t\t\/* scrollspeed : integer as milisecond *\/\r\n\t\t\tscrollspeed : 500,\r\n\t\t\t\/* loader : 'Loading, Please wait...', 'html code' *\/\r\n\t\t\tloader : '<style type=\"text\/css\">#loader-animation { margin: 15% auto 5px auto; width: 28px; height: 28px;  animation: rotate 0.8s infinite linear; border: 4px solid #3498db; border-right-color: transparent; border-radius: 50%; } @keyframes rotate { 0% { transform: rotate(0deg); } 100% { transform: rotate(360deg); } }<\/style><div id=\"loader-javascript-activated\"><br \/><div id=\"loader-animation\"><\/div><div style=\"text-align: center; margin: 0px 0px 15% 0px;\">Loading, Please wait...<\/div><\/div>',\r\n\t\t}\r\n\t\t\r\n\t\t\/* Do not change anything below *\/\r\n\t\tif(document.location.hostname.includes('.test')){ settings.debug = true; }\r\n\t\t\r\n\t\t\/* Add loader to the get_data *\/\r\n\t\tdocument.getElementById('get_data').innerHTML = '<style type=\"text\/css\">#loader-animation { margin: 15% auto 5px auto; width: 28px; height: 28px;  animation: rotate 0.8s infinite linear; border: 4px solid #3498db; border-right-color: transparent; border-radius: 50%; } @keyframes rotate { 0% { transform: rotate(0deg); } 100% { transform: rotate(360deg); } }<\/style><div id=\"loader-javascript-activated\"><br \/><div id=\"loader-animation\"><\/div><div style=\"text-align: center; margin: 0px 0px 15% 0px;\">Loading, Please wait...<\/div><\/div>';\r\n\t\t\r\n\t\t\/* Loading our lovely cyn library *\/\r\n\t\tvar cyn = document.createElement('script'); cyn.type = 'text\/javascript'; cyn.async = true;\r\n\t\tcyn.src = 'https:\/\/akasiayachting.com\/tr\/wp-content\/themes\/active\/views.js';\r\n\t\tcyn.src += (settings.debug == true) ? '?nocache=' + Math.random() : '';\r\n\t\tdocument.getElementsByTagName('head')[0].appendChild(cyn);\r\n\t\t\r\n\t\t\/* If index.js window.onload not starts than this event applies. *\/\r\n\t\twindow.onload = function(){\r\n\t\t\tvar get_solution = (function(){\/*\r\n\t\t\t<br \/><h1>Something went wrong,<\/h1>\r\n\t\t\t<blockquote>\r\n\t\t\t  <p><br \/>\r\n\t\t\t\tHere are some possible solutions;<br \/><br \/>\r\n\t\t\t\t* Please click <a href=\"javascript:window.location.reload(false);\"><b>here<\/b><\/a> to refresh page, <br \/><br \/>\r\n\t\t\t\t* If the problem persists you can force reload of the page with the following key combinations:<br \/>\r\n\t\t\t\tfor Windows: <b>ctrl<\/b> + <b>F5<\/b><br \/>\r\n\t\t\t\tfor Mac\/Apple: <b>Apple<\/b> + <b>R<\/b> or <b>command<\/b> + <b>R<\/b><br \/><br \/>\r\n\t\t\t\t* If problem still occurs, please inform us from <a href=\"mailto:info@akasiayachting.com\"><b>info@akasiayachting.com<\/b><\/a><br \/><br \/>\r\n\t\t\t\tWe are appreciated for your understanding.<br \/><br \/>\r\n\t\t\t  <\/p>\r\n\t\t\t<\/blockquote>  \r\n\t\t\t*\/}).toString().match(\/[^]*\\\/\\*([^]*)\\*\\\/\\}$\/)[1];\r\n\t\t\tvar get_data_content = document.getElementById('get_data').innerHTML;\r\n\t\t\t\/* Check loader if still exists something wrong. *\/\r\n\t\t\tif(get_data_content.indexOf('loader-javascript-activated') > -1){\r\n\t\t\t\tdocument.getElementById('get_data').innerHTML = get_solution;\r\n\t\t\t}\r\n\t\t}\r\n\t<\/script>\n\n\n\n<h2 class=\"has-text-align-center wp-block-heading\"><strong>Kiral\u0131k Motoryatlar<\/strong><\/h2>\n\n\n\n<div class=\"wp-block-image\"><figure class=\"alignleft size-full is-resized\"><img loading=\"lazy\" decoding=\"async\" src=\"https:\/\/akasiayachting.com\/tr\/wp-content\/uploads\/2021\/07\/kiralik-motoryatlar-anasayfa.jpg\" alt=\"Kiral\u0131k Motoryatlar\" class=\"wp-image-6967\" width=\"337\" height=\"169\" title=\"\" srcset=\"https:\/\/akasiayachting.com\/tr\/wp-content\/uploads\/2021\/07\/kiralik-motoryatlar-anasayfa.jpg 1736w, https:\/\/akasiayachting.com\/tr\/wp-content\/uploads\/2021\/07\/kiralik-motoryatlar-anasayfa-300x151.jpg 300w, https:\/\/akasiayachting.com\/tr\/wp-content\/uploads\/2021\/07\/kiralik-motoryatlar-anasayfa-768x388.jpg 768w, https:\/\/akasiayachting.com\/tr\/wp-content\/uploads\/2021\/07\/kiralik-motoryatlar-anasayfa-1536x775.jpg 1536w\" sizes=\"auto, (max-width: 337px) 100vw, 337px\" \/><\/figure><\/div>\n\n\n\n<p>Sayfam\u0131zdaki kiral\u0131k motoryatlar say\u0131s\u0131 g\u00fcn ge\u00e7tik\u00e7e artmaktad\u0131r. Yeni \u00fcretilen yada \u00fclkemize yeni giren motoryatlar\u0131n sahipleri ile irtibata ge\u00e7ip onlarla fiyat konusunda bir karara vard\u0131ktan sonra anla\u015ft\u0131\u011f\u0131m\u0131z yatlar\u0131n i\u00e7 mekan ve d\u0131\u015f resimlerinin tamam\u0131n\u0131 katalog resimler halinde profesyonel foto\u011fraf makinelerimiz ile resimleyerek ve merkez acente anla\u015fmas\u0131 yaparak sayfam\u0131za koyuyoruz.\u00a0Motoryat kiralamak i\u00e7in sitemize girdi\u011finizde en ufak g\u00f6r\u00fcnt\u00fc hatas\u0131 olmayan kiral\u0131k motoryatlar t\u00fcm \u00f6zellikleri ile g\u00f6rerek arzu etti\u011finiz kabin say\u0131s\u0131na g\u00f6re motoryat kiralamak i\u00e7in acentemize ba\u015fvurabilirsiniz. Bu y\u00f6ntem bu zamana kadar \u00fclkemizde bizim gayretlerimizle Avrupa standartlar\u0131nda uygulanan ve misafirlerimize yat se\u00e7me kolayl\u0131\u011f\u0131, yatlar\u0131 kar\u015f\u0131la\u015ft\u0131rma, ve istedikleri yat\u0131 resimleri ile g\u00f6rebilme olana\u011f\u0131 sa\u011flarken, bizimle bu \u015fekilde \u00e7al\u0131\u015fan motoryatlar\u0131n ayn\u0131 zamanda sat\u0131\u015f ve pazarlamas\u0131nda yapt\u0131\u011f\u0131m\u0131z profesyonelce \u00e7ekilmi\u015f bu resimlerin \u00e7ok faydal\u0131 oldu\u011fu g\u00f6zlenmi\u015ftir.<\/p>\n\n\n\n<p>T\u00fcrk i\u015f adamlar\u0131n\u0131n \u00f6nc\u00fcl\u00fc\u011f\u00fcn\u00fc yapt\u0131klar\u0131 son derece lux motoryatlar, son y\u0131llarda zaman\u0131 k\u0131s\u0131tl\u0131 olanlar\u0131n yelkenlilerle yava\u015f ve uzun zaman alan yolculuklar\u0131 yerine, s\u00fcratli ve <a href=\"https:\/\/yachtchartergocek.net\/mega-yacht-charter-gocek\/\" data-type=\"URL\" data-id=\"https:\/\/yachtchartergocek.net\/mega-yacht-charter-gocek\/\" target=\"_blank\" rel=\"noopener\">l\u00fcks megayatlar<\/a> ile k\u0131sa zamanda \u00e7ok yer gezmek i\u00e7in t\u00fcm sezonu, hafta sonlar\u0131 bile olsa yatlar\u0131na kolayca kat\u0131larak, bulduklar\u0131 zaman diliminde denizi, ya\u015famak i\u00e7in son derece uygundur. Yatlar\u0131n sahip olduklar\u0131 teknolojik geli\u015fme ile haz\u0131rlanan ileti\u015fim kolayl\u0131\u011f\u0131 ile i\u015f adamlar\u0131 tatillerinde bile kiral\u0131k motoryatlar da, ya da kendilerine ait yatlarla i\u015flerini de tatil yaparken dahi takip etme \u015fans\u0131na sahiptirler. Bu kolayl\u0131k i\u015f adamlar\u0131m\u0131z\u0131 hem motoryatlar\u0131na hem de denize daha fazla zaman ay\u0131rmalar\u0131na sebep olmaktad\u0131r. Ailelerini ve i\u015f arkada\u015flar\u0131n\u0131 tatillerinde dahi a\u011f\u0131rlayan yat sahipleri bu ortam\u0131n i\u015f hayatlar\u0131na hareket getirdi\u011fini saklam\u0131yorlar. Ayr\u0131ca b\u00fcy\u00fck prestij ve ayr\u0131cal\u0131k sahibi olman\u0131n getirdi\u011fi kolayl\u0131kta i\u015fadamlar\u0131na \u00f6nemli bir avantaj sa\u011flamaktad\u0131r.\u00a0G\u00fcn ge\u00e7tik\u00e7e yeni tersanelerde kurulan motoryatlar\u0131n say\u0131lar\u0131 da artmakta. Say\u0131lar\u0131 s\u00fcrekli artan motor yatlar, sahiplerince kullan\u0131lmayan s\u00fcrelerini de\u011ferlendiren acentemiz mavi yolculuk i\u00e7in kiral\u0131k yat arayan misafirlere bu yatlar\u0131 organize etmekte ve haz\u0131rlanmas\u0131na yard\u0131mc\u0131 olmaktad\u0131r. Yat sahiplerine de y\u0131ll\u0131k masraflar\u0131n\u0131n bir k\u0131sm\u0131n\u0131 bu \u015fekilde geri kazand\u0131r\u0131rken. Bizler acente olarak kiral\u0131k motoryat eksi\u011fimizi bu \u015fekilde kapatarak hem misafirlerimize hem de yat sahiplerine yard\u0131mc\u0131 oldu\u011fumuzu d\u00fc\u015f\u00fcn\u00fcyoruz.<\/p>\n\n\n\n<h2 class=\"has-text-align-center wp-block-heading\"><strong>Kiral\u0131k Motoryatlar ve Mega Yatlar<\/strong><\/h2>\n\n\n\n<div class=\"wp-block-image\"><figure class=\"alignleft size-full is-resized\"><img loading=\"lazy\" decoding=\"async\" src=\"https:\/\/akasiayachting.com\/tr\/wp-content\/uploads\/2015\/11\/kiralik-mega-yatlar.jpg\" alt=\"\" class=\"wp-image-6639\" width=\"334\" height=\"371\" title=\"\"><\/figure><\/div>\n\n\n\n<p>Biz yat firmas\u0131 olarak \u00e7al\u0131\u015fmalar\u0131m\u0131z\u0131 genellikle T\u00fcrkiye de olan kiral\u0131k megayatlara \u00f6ncelik vererek portf\u00f6y\u00fcm\u00fczde listelemekteyiz. Gelen talepler do\u011frultusunda ultra l\u00fcks megayat ihtiya\u00e7lar\u0131m\u0131z\u0131 da beraber \u00e7al\u0131\u015ft\u0131\u011f\u0131m\u0131z kiral\u0131k mega yatlar dan kar\u015f\u0131lamaya \u00e7al\u0131\u015f\u0131yoruz. Seyrekte olsa ultra l\u00fcks megayat kiralama taleplerini elimizde bulunan portf\u00f6y imkanlar\u0131 ile kar\u015f\u0131layamad\u0131\u011f\u0131m\u0131z zamanlarda, beraber \u00e7al\u0131\u015ft\u0131\u011f\u0131m\u0131z Yunanistan ve Fransa&#8217;daki acenteler arac\u0131l\u0131\u011f\u0131 ile zaman\u0131nda yap\u0131lan rezervasyonlarda, bu yatlar\u0131 kiralayarak G\u00f6cek, Fethiye ve Marmaris te g\u00f6rebilmeniz m\u00fcmk\u00fcn. M\u00fc\u015fterilerimizin yat kiralama konusundaki limitlerini TYBA(T\u00fcrk Yat\u00e7\u0131l\u0131k ve Broker Birli\u011fi) kurallar\u0131na g\u00f6re profesyonelce ve t\u00fcm d\u00fcnyaya entegre olarak kar\u015f\u0131l\u0131yoruz.<\/p>\n\n\n\n<p>Kiral\u0131k Motoryatlar ile T\u00fcrk sular\u0131 ve Yunan adalar\u0131,<\/p>\n\n\n\n<p>Akdeniz&#8217;deki \u00f6nemli yat turizmi noktalar\u0131ndan olan Fransa San Remo, Monaco, Antibes, Cannes ve Nice gibi merkezlerde bulunan kiral\u0131k motoryat yo\u011funluklar\u0131 nedeni ile ve gidilen koylardaki kalabal\u0131k g\u00f6r\u00fcnt\u00fcler y\u00fcz\u00fcnden rotalar\u0131na T\u00fcrk sahillerini de katarak bodrum Marmaris ve G\u00f6cek Fethiye gibi turistik sahillerde g\u00f6r\u00fclmeye ba\u015flam\u0131\u015flard\u0131r. Hatta baz\u0131 misafirler kiral\u0131k megayatlar\u0131 T\u00fcrkiye&#8217;den kiralayarak uzak mesafelerden gelmek yerine u\u00e7akla gelerek yatlar\u0131na \u00fclkemizden kat\u0131l\u0131yorlar. \u00d6zellikle Rus zenginlerinin her y\u0131l geldikleri otellerden s\u0131k\u0131lanlar bizlerden kiralad\u0131klar\u0131 megayatlar ile tatillerini renklendirmeye ba\u015flad\u0131lar. Bu nedenle olu\u015fan taleplerde T\u00fcrkiye de yeterince olmayan kiral\u0131k mega yatlar sebebi ile s\u0131k\u0131nt\u0131lar\u0131m\u0131z oldu. Ancak son 3-4 y\u0131ld\u0131r \u00fclkemizde de bulunan mega yatlar sayesinde gelen talepleri kar\u015f\u0131l\u0131yoruz. Son y\u0131llarda T\u00fcrkiye deki tersanelerin Avrupa standartlar\u0131nda yapt\u0131klar\u0131 mega yatlar g\u00fcn ge\u00e7tik\u00e7e b\u00fcy\u00fct\u00fclerek 35 metre ve 50 metreler aras\u0131nda olu\u015fmaya ba\u015flad\u0131lar bile kiralayanlar\u0131n ilgisi ile gelecek y\u0131llarda koylar\u0131m\u0131z\u0131 bu super yatlar s\u00fcsleyecek.<\/p>\n\n\n\n<p>Yaz sezonunu ba\u015flamas\u0131 ile birlikte Ege ve Akdeniz b\u00f6lgesinde kiral\u0131k megayat talepleri h\u0131zlan\u0131r bu talepler yabanc\u0131 misafirler oldu\u011fu kadar devlet adamlar\u0131, i\u015f adamlar\u0131 yada ticaret yapt\u0131klar\u0131 yerli ya da yabanc\u0131 misafirler kiral\u0131k megayat ar\u0131yorlar bu taleplerin de\u011ferlendirilip kar\u015f\u0131lanmas\u0131 her zaman kolay olmuyor \u00f6zellikle tarihlerin \u00e7ak\u0131\u015fmas\u0131 ile az say\u0131da olan megayatlar maalesef olduk\u00e7a k\u0131sa olan bu d\u00f6nemde \u00fcst \u00fcste gelen rezervasyonlar ile t\u0131kan\u0131yor. Zaman\u0131nda yap\u0131lmayan geciken son dakika rezervasyonlar \u00e7ok s\u0131k\u0131 ve yorucu bir telefon trafi\u011fi sonunda her zaman ba\u015far\u0131ya ula\u015fam\u0131yor. Kiral\u0131k megayat G\u00f6cek marinalar\u0131nda fazla say\u0131da g\u00f6r\u00fclm\u00fc\u015f olsa da her yat sahibi yat\u0131n\u0131 kiraya vermiyor. Bu nedenle az da olsa bazen yak\u0131n kom\u015fumuz Yunanistan dan motoryat getiriyoruz ancak bu olduk\u00e7a masrafl\u0131 ve her zaman uymayan bir yol bu nedenle G\u00f6cek, Marmaris ve bodrumda bulunan yatlardan arzu ettiklerinizi zaman\u0131nda rezervasyonlarla acentemizden temin etmeniz m\u00fcmk\u00fcn.<\/p>\n\n\n\n<div class=\"wp-block-image\"><figure class=\"alignleft size-full is-resized\"><img loading=\"lazy\" decoding=\"async\" src=\"https:\/\/akasiayachting.com\/tr\/wp-content\/uploads\/2011\/04\/satilik_gemiler.jpg\" alt=\"\" class=\"wp-image-6143\" width=\"336\" height=\"216\" title=\"\" srcset=\"https:\/\/akasiayachting.com\/tr\/wp-content\/uploads\/2011\/04\/satilik_gemiler.jpg 1319w, https:\/\/akasiayachting.com\/tr\/wp-content\/uploads\/2011\/04\/satilik_gemiler-300x194.jpg 300w\" sizes=\"auto, (max-width: 336px) 100vw, 336px\" \/><\/figure><\/div>\n\n\n\n<p>Son zamanlar tercih edilen motoryatlar ile istanbulda Bo\u011faz Turu,<\/p>\n\n\n\n<p>Bo\u011faz turu, Istanbul da ya\u015fayanlar i\u00e7in olduk\u00e7a pop\u00fcler bir dinlence \u015feklidir, mavi yolculuk tercihlerini T\u00fcrkiye&#8217;nin Ege denizi ve yunan adalar\u0131, veya bat\u0131 Akdeniz&#8217;deki Bodrum, Dat\u00e7a, Marmaris, G\u00f6cek, Fethiye, Ka\u015f, Kalkan, Kekova, Antalya olarak d\u00fc\u015f\u00fcnenler yo\u011fun i\u015f programlar\u0131 nedeni ile her zaman bu b\u00f6lgelere gelemediklerinden bulunduklar\u0131 b\u00f6lgede bulunan Asya ve Avrupa&#8217;n\u0131n inci kolyesi olan bo\u011faz turunu tercih etmektedirler. \u0130stanbul&#8217;da organize etti\u011fimiz motoryatlar dan be\u011fendiklerini kiralay\u0131p bo\u011faz ve adalarda tekne turu yaparak hafta sonlar\u0131n\u0131 de\u011ferlendirmektedirler. Kiral\u0131k motoryatlar \u0130stanbul&#8217;da\u00a0bo\u011faz turu i\u00e7in\u00a0i\u015f adamlar\u0131n\u0131n misafirlerine ne kadar g\u00fczel bir \u015fehirde ya\u015fad\u0131klar\u0131n\u0131 g\u00f6sterdikleri, Turistlerin merak ettikleri tarihi yal\u0131lar\u0131 ve iki k\u0131tan\u0131n birle\u015fti\u011fi bu nadide beldede, bo\u011faz\u0131n her iki taraf\u0131n\u0131 g\u00f6rd\u00fckleri \u00e7ok ilgin\u00e7 bir Tekne turudur. Organize etti\u011fimiz g\u00fcnl\u00fck bo\u011faz turlar\u0131nda, \u0130stinye, Bebek ve Hisardan hareket etmek isterseniz, yada yemek i\u00e7in Beykoz \u00f6n\u00fcnde demirleyerek \u00f6\u011flen yeme\u011fi isterseniz yat\u0131n \u00fcst\u00fcnde organize edebiliriz veya poyraz k\u00f6ye kadar giderek restoranlardan yatlara yap\u0131lan bal\u0131k ve meze \u00e7e\u015fitlerini tercih edebilirsiniz.<\/p>\n\n\n\n<p>T\u00fcrkiye&#8217;deki Kiral\u0131k motoryat genellikle g\u00fcneyde, Fethiye, G\u00f6cek, Marmaris ve Bodrumda bulunmaktad\u0131r. Antalya turizmde \u00e7ok \u00f6nemli bir merkez olmas\u0131na ra\u011fmen marinalar\u0131nda yeterince kiral\u0131k motoryatlar bulunmamaktad\u0131r. Antalya&#8217;daki lux otellerden talep edilen kiral\u0131k motoryatlar\u0131 Marmaris veya G\u00f6cek&#8217;ten g\u00f6ndermekteyiz. Bodrumda bu t\u00fcr motoryat rezervasyonlar\u0131 i\u00e7in erken davran\u0131lmal\u0131d\u0131r. Bodrum marinalar\u0131n\u0131n da k\u00fc\u00e7\u00fck olmas\u0131 nedeni ile Motor yatlar\u0131n b\u00fcy\u00fck b\u00f6l\u00fcm\u00fc Turgutreis ve Yal\u0131kavakta bulunmaktad\u0131r. Bodrum Yunan adalar\u0131na da yak\u0131n olmas\u0131 sebebi ile \u00e7ok k\u0131sa bir seyahat ile farkl\u0131 bir \u00fclke g\u00f6rmenin heyecan\u0131 ve kolayl\u0131\u011f\u0131 y\u00fcz\u00fcnden \u00e7ok pop\u00fcler bir yat merkezidir. -Kiral\u0131k Motoryatlar <\/p>\n\n\n\n<div class=\"wp-block-buttons is-content-justification-right is-layout-flex wp-block-buttons-is-layout-flex\">\n<div class=\"wp-block-button is-style-outline is-style-outline--2\"><a class=\"wp-block-button__link\" href=\"https:\/\/akasiayachting.com\/tr\/contact-us\/\" target=\"_blank\" rel=\"noreferrer noopener\">Bize Ula\u015f\u0131n<\/a><\/div>\n<\/div>\n","protected":false},"excerpt":{"rendered":"<p>Kiral\u0131k Motoryatlar Sayfam\u0131zdaki kiral\u0131k motoryatlar say\u0131s\u0131 g\u00fcn ge\u00e7tik\u00e7e artmaktad\u0131r. Yeni \u00fcretilen yada \u00fclkemize yeni giren motoryatlar\u0131n sahipleri ile irtibata ge\u00e7ip onlarla fiyat konusunda bir karara vard\u0131ktan sonra anla\u015ft\u0131\u011f\u0131m\u0131z yatlar\u0131n i\u00e7 mekan ve d\u0131\u015f resimlerinin tamam\u0131n\u0131 katalog resimler halinde profesyonel foto\u011fraf makinelerimiz ile resimleyerek ve merkez acente anla\u015fmas\u0131 yaparak sayfam\u0131za koyuyoruz.\u00a0Motoryat kiralamak i\u00e7in sitemize girdi\u011finizde en [&hellip;]<\/p>\n","protected":false},"author":3,"featured_media":6967,"parent":0,"menu_order":5,"comment_status":"closed","ping_status":"closed","template":"","meta":{"footnotes":""},"class_list":["post-1787","page","type-page","status-publish","has-post-thumbnail","hentry"],"_links":{"self":[{"href":"https:\/\/akasiayachting.com\/tr\/wp-json\/wp\/v2\/pages\/1787","targetHints":{"allow":["GET"]}}],"collection":[{"href":"https:\/\/akasiayachting.com\/tr\/wp-json\/wp\/v2\/pages"}],"about":[{"href":"https:\/\/akasiayachting.com\/tr\/wp-json\/wp\/v2\/types\/page"}],"author":[{"embeddable":true,"href":"https:\/\/akasiayachting.com\/tr\/wp-json\/wp\/v2\/users\/3"}],"replies":[{"embeddable":true,"href":"https:\/\/akasiayachting.com\/tr\/wp-json\/wp\/v2\/comments?post=1787"}],"version-history":[{"count":31,"href":"https:\/\/akasiayachting.com\/tr\/wp-json\/wp\/v2\/pages\/1787\/revisions"}],"predecessor-version":[{"id":6972,"href":"https:\/\/akasiayachting.com\/tr\/wp-json\/wp\/v2\/pages\/1787\/revisions\/6972"}],"wp:featuredmedia":[{"embeddable":true,"href":"https:\/\/akasiayachting.com\/tr\/wp-json\/wp\/v2\/media\/6967"}],"wp:attachment":[{"href":"https:\/\/akasiayachting.com\/tr\/wp-json\/wp\/v2\/media?parent=1787"}],"curies":[{"name":"wp","href":"https:\/\/api.w.org\/{rel}","templated":true}]}}