{"id":1782,"date":"2010-09-08T08:56:45","date_gmt":"2010-09-08T08:56:45","guid":{"rendered":"https:\/\/akasiayachting.com\/"},"modified":"2021-07-30T12:22:06","modified_gmt":"2021-07-30T09:22:06","slug":"kiralik-yatlar","status":"publish","type":"page","link":"https:\/\/akasiayachting.com\/tr\/kiralik-yatlar\/","title":{"rendered":"Kiral\u0131k Yatlar"},"content":{"rendered":"\t<div id=\"get_debug\"><\/div>\r\n\t<div id=\"get_data\"><\/div>\r\n\t\r\n\t<script\ttype=\"text\/javascript\">\r\n\t\tvar\tdefaults = {\r\n\t\t\t\/* get : motoryachts, gulets, sailingyachts, istanbulyachts, yachts *\/\r\n\t\t\tget : 'gulets',\r\n\t\t\t\/* for : sale, rent *\/\r\n\t\t\tfor : 'rent',\r\n\t\t\t\/* sort : modified, date, loa, price, guest_capacity *\/\r\n\t\t\tsort : 'loa',\r\n\t\t\t\/* by : asc, desc *\/\r\n\t\t\tby : 'desc',\r\n\t\t\t\/* page number *\/\r\n\t\t\tpage : '1',\r\n\t\t\t\/* results per page *\/\r\n\t\t\tperpage : '15',\r\n\t\t\t\/* theme : active-71, active-113, active-173, active-229, active-281 *\/\r\n\t\t\ttheme : 'active-281',\r\n\t\t\t\/* ref URL : your domain, document.URL, window.location, window.location.host, localhost *\/\r\n\t\t\tref\t: 'https:\/\/akasiayachting.com\/tr\/kiralik-yatlar\/',\r\n\t\t\t\/* ID num *\/\r\n\t\t\tof : '',\r\n\t\t};\r\n\t\t\r\n\t\tvar settings = {\r\n\t\t\t\/* debug : true, false *\/\r\n\t\t\tdebug : false,\r\n\t\t\t\/* engine : ay.com, ey.net *\/\r\n\t\t\tengine : 'akasiayachting.com',\r\n\t\t\t\/* scroll : true, false *\/\r\n\t\t\tscrolltop : true,\r\n\t\t\t\/* scrollspeed : integer as milisecond *\/\r\n\t\t\tscrollspeed : 500,\r\n\t\t\t\/* loader : 'Loading, Please wait...', 'html code' *\/\r\n\t\t\tloader : '<style type=\"text\/css\">#loader-animation { margin: 15% auto 5px auto; width: 28px; height: 28px;  animation: rotate 0.8s infinite linear; border: 4px solid #3498db; border-right-color: transparent; border-radius: 50%; } @keyframes rotate { 0% { transform: rotate(0deg); } 100% { transform: rotate(360deg); } }<\/style><div id=\"loader-javascript-activated\"><br \/><div id=\"loader-animation\"><\/div><div style=\"text-align: center; margin: 0px 0px 15% 0px;\">Loading, Please wait...<\/div><\/div>',\r\n\t\t}\r\n\t\t\r\n\t\t\/* Do not change anything below *\/\r\n\t\tif(document.location.hostname.includes('.test')){ settings.debug = true; }\r\n\t\t\r\n\t\t\/* Add loader to the get_data *\/\r\n\t\tdocument.getElementById('get_data').innerHTML = '<style type=\"text\/css\">#loader-animation { margin: 15% auto 5px auto; width: 28px; height: 28px;  animation: rotate 0.8s infinite linear; border: 4px solid #3498db; border-right-color: transparent; border-radius: 50%; } @keyframes rotate { 0% { transform: rotate(0deg); } 100% { transform: rotate(360deg); } }<\/style><div id=\"loader-javascript-activated\"><br \/><div id=\"loader-animation\"><\/div><div style=\"text-align: center; margin: 0px 0px 15% 0px;\">Loading, Please wait...<\/div><\/div>';\r\n\t\t\r\n\t\t\/* Loading our lovely cyn library *\/\r\n\t\tvar cyn = document.createElement('script'); cyn.type = 'text\/javascript'; cyn.async = true;\r\n\t\tcyn.src = 'https:\/\/akasiayachting.com\/tr\/wp-content\/themes\/active\/views.js';\r\n\t\tcyn.src += (settings.debug == true) ? '?nocache=' + Math.random() : '';\r\n\t\tdocument.getElementsByTagName('head')[0].appendChild(cyn);\r\n\t\t\r\n\t\t\/* If index.js window.onload not starts than this event applies. *\/\r\n\t\twindow.onload = function(){\r\n\t\t\tvar get_solution = (function(){\/*\r\n\t\t\t<br \/><h1>Something went wrong,<\/h1>\r\n\t\t\t<blockquote>\r\n\t\t\t  <p><br \/>\r\n\t\t\t\tHere are some possible solutions;<br \/><br \/>\r\n\t\t\t\t* Please click <a href=\"javascript:window.location.reload(false);\"><b>here<\/b><\/a> to refresh page, <br \/><br \/>\r\n\t\t\t\t* If the problem persists you can force reload of the page with the following key combinations:<br \/>\r\n\t\t\t\tfor Windows: <b>ctrl<\/b> + <b>F5<\/b><br \/>\r\n\t\t\t\tfor Mac\/Apple: <b>Apple<\/b> + <b>R<\/b> or <b>command<\/b> + <b>R<\/b><br \/><br \/>\r\n\t\t\t\t* If problem still occurs, please inform us from <a href=\"mailto:info@akasiayachting.com\"><b>info@akasiayachting.com<\/b><\/a><br \/><br \/>\r\n\t\t\t\tWe are appreciated for your understanding.<br \/><br \/>\r\n\t\t\t  <\/p>\r\n\t\t\t<\/blockquote>  \r\n\t\t\t*\/}).toString().match(\/[^]*\\\/\\*([^]*)\\*\\\/\\}$\/)[1];\r\n\t\t\tvar get_data_content = document.getElementById('get_data').innerHTML;\r\n\t\t\t\/* Check loader if still exists something wrong. *\/\r\n\t\t\tif(get_data_content.indexOf('loader-javascript-activated') > -1){\r\n\t\t\t\tdocument.getElementById('get_data').innerHTML = get_solution;\r\n\t\t\t}\r\n\t\t}\r\n\t<\/script>\n\n\n\n<h2 class=\"has-text-align-center wp-block-heading\"><strong>Kiral\u0131k Yatlar<\/strong><\/h2>\n\n\n\n<div class=\"wp-block-image\"><figure class=\"alignleft size-full is-resized\"><img loading=\"lazy\" decoding=\"async\" src=\"https:\/\/akasiayachting.com\/tr\/wp-content\/uploads\/2021\/07\/kiralik-yatlar-main.jpg\" alt=\"Kiral\u0131k Yatlar\" class=\"wp-image-6936\" width=\"334\" height=\"186\" title=\"\" srcset=\"https:\/\/akasiayachting.com\/tr\/wp-content\/uploads\/2021\/07\/kiralik-yatlar-main.jpg 1968w, https:\/\/akasiayachting.com\/tr\/wp-content\/uploads\/2021\/07\/kiralik-yatlar-main-300x168.jpg 300w, https:\/\/akasiayachting.com\/tr\/wp-content\/uploads\/2021\/07\/kiralik-yatlar-main-768x429.jpg 768w, https:\/\/akasiayachting.com\/tr\/wp-content\/uploads\/2021\/07\/kiralik-yatlar-main-1536x859.jpg 1536w\" sizes=\"auto, (max-width: 334px) 100vw, 334px\" \/><\/figure><\/div>\n\n\n\n<p>Kiral\u0131k yatlar sayfam\u0131zda, b\u00fct\u00e7enize uygun her t\u00fcrl\u00fc kiral\u0131k tekne bulabilirsiniz. Yat se\u00e7iminizde tecr\u00fcbeli alt yap\u0131m\u0131z ve denizcilikten gelme kadromuz ile yatlarda \u00e7al\u0131\u015farak edindi\u011fimiz tecr\u00fcbelerimizle olu\u015fturdu\u011fumuz Fethiye, <a href=\"https:\/\/akasiayachting.com\/tr\/mavi-yolculuk-fethiye\/\">G\u00f6cek, Marmaris, Bodrum<\/a> limanlar\u0131nda kiral\u0131k <a href=\"https:\/\/akasiayachting.com\/tr\/yat-kiralama-sikca-sorulan-sorular\/\">yatlar i\u015fletmecili\u011fi<\/a> yaparak devam etmekteyiz. \u0130nan\u0131yoruz ki bizim hizmet fark\u0131m\u0131z ticari yatlardaki i\u015f tecr\u00fcbemiz do\u011frultusunda, sizleri do\u011fru bilgilendirmek, kaliteden \u00f6d\u00fcn vermeyen kadromuz ile mavi tur i\u00e7in bizden kiralayaca\u011f\u0131n\u0131z yatlar kusursuz bir \u015fekilde haz\u0131rlay\u0131p, kaliteli bir tatil yapman\u0131z\u0131 sa\u011flamakt\u0131r.<\/p>\n\n\n\n<p>Akasia Yat\u00e7\u0131l\u0131k olarak portf\u00f6y\u00fcm\u00fczde listelenmi\u015f <a title=\"Kiral\u0131k Motoryatlar\" href=\"https:\/\/akasiayachting.com\/tr\/kiralik-motoryatlar\/\">kiral\u0131k motoryat<\/a>, gulet, veya yelkenli, fiber tekneleri belirgin bir \u015fekilde anlat\u0131p, g\u00f6rselli\u011fi profesyonel kalitede foto\u011fraflar ile sizlere sunmaktay\u0131z. Misafirlerimize kiral\u0131k yatlar ile haftal\u0131k mavi tur organizasyonu yapmak ve T\u00fcrkiye&#8217;nin g\u00fcney sahillerinde mavinin do\u011fayla bulu\u015ftu\u011fu berrak ve temiz turkuaz sularda aileniz ve sevdikleriniz ile beraber kiral\u0131k motoryat veya guletler ile harika bir tatil ge\u00e7irmeye davet ediyoruz.<\/p>\n\n\n\n<p>Kiral\u0131k Motoryat, listemizde arad\u0131\u011f\u0131n\u0131z \u00f6zelliklere uygun motoryat\u0131 bulabilirsiniz. Motoryat, denince akla ilk gelen, genelde saatte en az 16 mil ila 34 mil s\u00fcrat yapabilen pahal\u0131 oyuncaklard\u0131r. G\u00fcn\u00fcm\u00fczdeki motoryatlar, son derece modern ve uzay teknoloji \u00fcr\u00fcnleri kullan\u0131larak imalat\u0131 yap\u0131lan motoryatlar \u00e7ok saglam ve denize dayan\u0131kl\u0131 bir \u015fekilde dizayn edilmi\u015flerdir.Yeni teknolojik uygulamalar ve son nesil navigasyon cihazlar\u0131 ve elektronik ekipmanlar ile donat\u0131lm\u0131\u015flard\u0131r. Motoryat \u00fcreten firmalar yenilikci anlay\u0131\u015flar\u0131yla kalitede zirveyi zorlamakta, tersanelerimiz d\u00fcnya kalitesinde i\u015fcilik ve i\u00e7 tasar\u0131mda Hollanda, \u0130talya ve Amerikal\u0131 rakipleri ile ba\u015far\u0131l\u0131 bir rekabet halindedir.<\/p>\n\n\n\n<p>\u0130\u00e7 tasar\u0131m konusunda i\u00e7 mimarlar inan\u0131lmaz kalitede del\u00fcks mobilyalar ile tasarlan\u0131p yat fuarlar\u0131nda rakipleriyle yar\u0131\u015fmaktad\u0131rlar. Bu g\u00fczelim yatlar\u0131 sat\u0131n alan denize merakl\u0131 yeni sahipleri bir s\u00fcre sonra yo\u011fun i\u015f programlar\u0131 y\u00fcz\u00fcnden yatlar\u0131n\u0131 kullanmaya zaman bulamamakta ve s\u00fcrekli masraf gerektiren bu pahal\u0131 oyuncaklar\u0131n bo\u015f zamanlar\u0131n\u0131 kiraya vermek yoluyla de\u011ferlendirmeyi tercih etmekteler. M\u00fc\u015fteri bulma konusunda zorluk \u00e7ekmeyen bu yatlar kiraya verilerek yat sahiplerinin y\u0131ll\u0131k masraflar\u0131n\u0131 dengelemektedirler. Bizler firma olarak yat sahibiyle anla\u015fma yapt\u0131\u011f\u0131m\u0131z tekne kalitesi ve personeli konusunda emin oldu\u011fumuz motoryatlar kiral\u0131k portf\u00f6y\u00fcm\u00fcze ekleyerek bizden <a href=\"https:\/\/kiralikmotoryat.com\/\" target=\"_blank\" rel=\"noopener\">Kiral\u0131k motoryat<\/a> isteyen m\u00fc\u015fterilerimizin be\u011fenisine sunmaktay\u0131z.<\/p>\n\n\n\n<p>Kaliteyi ve mavi sularda h\u0131z \u00f6zg\u00fcrl\u00fc\u011f\u00fcn\u00fc seven m\u00fc\u015fterilerimizin bizden kiralayacaklar\u0131 motoryat\u0131n, b\u00fct\u00e7e ve ihtiyac\u0131n\u0131za en uygun olan alternatif yatlar\u0131 bularak do\u011fru karar vermenize yard\u0131mc\u0131 olmaktay\u0131z.<\/p>\n\n\n\n<h2 class=\"has-text-align-center wp-block-heading\"><strong>Y\u00fcksek Kaliteli Kiral\u0131k Yatlar<\/strong><\/h2>\n\n\n\n<div class=\"wp-block-image\"><figure class=\"alignleft size-full is-resized\"><img loading=\"lazy\" decoding=\"async\" src=\"https:\/\/akasiayachting.com\/tr\/wp-content\/uploads\/2010\/09\/bodrum_kos_simi_rodos.jpg\" alt=\"\" class=\"wp-image-6206\" width=\"337\" height=\"190\" title=\"\" srcset=\"https:\/\/akasiayachting.com\/tr\/wp-content\/uploads\/2010\/09\/bodrum_kos_simi_rodos.jpg 1600w, https:\/\/akasiayachting.com\/tr\/wp-content\/uploads\/2010\/09\/bodrum_kos_simi_rodos-300x170.jpg 300w\" sizes=\"auto, (max-width: 337px) 100vw, 337px\" \/><\/figure><\/div>\n\n\n\n<p>Kiral\u0131k yelkenli yatlar l\u00fcks guletler, son derece kaliteli marangozlar kullan\u0131larak \u00f6zel bir el i\u015f\u00e7ili\u011fi ile yap\u0131lmaktad\u0131r. Geleneksel T\u00fcrk guletleri, Osmanl\u0131 d\u00f6neminde \u00fcretilmi\u015f s\u0131\u011f sularda y\u00fck ve navlun \u00e7eken teknelerdir. Son 35 y\u0131ld\u0131r guletler, T\u00fcrkiye\u2019de mavi tur ama\u00e7l\u0131 ve her ge\u00e7en g\u00fcn daha kaliteli \u00fcretilmeye ba\u015flanm\u0131\u015f, son 20 y\u0131lda geli\u015fen d\u00fcnya teknolojisi ile beraber guletler de kalite standard\u0131 l\u00fcks motoryatlar seviyesine gelmi\u015ftir. \u0130malat\u0131 yap\u0131lan del\u00fcks guletler s\u00fcrekli yeni dizayn ve ithal \u00fcr\u00fcnler kullan\u0131larak hem motor g\u00fcc\u00fc hem de yelken performans\u0131 ile bu g\u00fcnk\u00fc estetik ve konfor seviyesini yakalam\u0131\u015ft\u0131r.<\/p>\n\n\n\n<p>\u00dclkemizde d\u00fcnyan\u0131n bir\u00e7ok yerinden gelen yabanc\u0131 turistler, tekne kiralamada T\u00fcrk guletlerini tercih etmektedirler. Her y\u0131l oldu\u011fu gibi T\u00fcrkiye de l\u00fcks gulet say\u0131s\u0131 h\u0131zla artarak l\u00fcks tekne portf\u00f6y\u00fcm\u00fcz b\u00fcy\u00fcmekte ve buna paralel olarak kiral\u0131k yatlar isteyen m\u00fc\u015fterilerimizin say\u0131s\u0131 artmaktad\u0131r. Kiral\u0131k yatlar\u0131n talepleri her y\u0131l \u00fcretilen yepyeni guletlerimiz ile s\u00fcrekli yenilenen portf\u00f6y\u00fcm\u00fcz profesyonel olarak foto\u011fraflanarak tekne boyuna g\u00f6re b\u00fcy\u00fckten k\u00fc\u00e7\u00fc\u011fe do\u011fru belirgin \u015fekilde sayfam\u0131zda listelenip, mavi tur yapman\u0131z i\u00e7in siz misafirlerimize bir\u00e7ok alternatif \u00f6nerileriyle sayfam\u0131zda be\u011feninize sunmaktay\u0131z.<\/p>\n\n\n\n<h2 class=\"has-text-align-center wp-block-heading\"><strong>Mavi Yolculuk Cennet Koylarda G\u00fcvenli Tatil<\/strong><\/h2>\n\n\n\n<p>T\u00fcrkiye sahilleri, Akdeniz i\u00e7indeki t\u00fcm limanlar\u0131 gezmi\u015f kaptanlar olarak tecr\u00fcbelerimiz ile, iddia ediyoruz, g\u00f6rd\u00fc\u011f\u00fcm\u00fcz bildi\u011fimiz anlad\u0131\u011f\u0131m\u0131z kadar\u0131 ile k\u0131y\u0131lar\u0131 en g\u00fcvenilir en temiz ve ilgin\u00e7 sahil yap\u0131s\u0131na sahiptir. R\u00fczgarlara korunakl\u0131 bol miktarda sakin koylar\u0131 olan ve bu koylar\u0131 s\u00fcsleyen ge\u00e7mi\u015f medeniyetlere ait izleri ve antik kentler a\u00e7\u0131s\u0131ndan zengin oldu\u011fu kadar, g\u00f6rsel ziyafet olarak ve mavi tur i\u00e7in benzersizdir.<\/p>\n\n\n\n<p>Uygun s\u0131cakl\u0131ktaki g\u00fcvenli denizi ve her t\u00fcrl\u00fc ihtiyac\u0131n kar\u015f\u0131lanabilece\u011fi yak\u0131n sahil kasabalar\u0131, halk\u0131n\u0131n misafirperver ve yard\u0131m severli\u011fi, denizinin s\u00fcrekli olarak temiz olu\u015fu, suyun berrakl\u0131\u011f\u0131 ve bu nedenle de her t\u00fcrl\u00fc aktivitelerin kolayca yap\u0131labildi\u011fi b\u00f6lge olma \u00f6zelli\u011fi yan\u0131nda yat kiralama, ve her t\u00fcrl\u00fc su sporlar\u0131 \u00f6zellikle de su alt\u0131 sporlar\u0131 uygunlu\u011fu, yiyecek sebze ve meyveler konusunda organik ve taze \u00e7e\u015fitlili\u011fi ile ayr\u0131ca bol ve ucuz deniz \u00fcr\u00fcnleri ile T\u00fcrkiye, neden tatil i\u00e7in tercih edilen \u00fclke olmas\u0131n sorusunu akl\u0131m\u0131za getirmektedir.<\/p>\n\n\n\n<p>Ayr\u0131ca denizin i\u00e7inden gelebilecek tehlikelerden uzak ne sald\u0131rgan yarat\u0131klar\u0131n ne de zehirli ve zararl\u0131 canl\u0131lar\u0131n olmad\u0131\u011f\u0131 her saatte y\u00fcz\u00fclebilen denizi ile Akdeniz&#8217;de daha kifayetli ba\u015fka bir yer bulunmamaktad\u0131r. Hem <a href=\"https:\/\/akasiayachting.com\/tr\/kiralik-yelkenli-yatlar\/\">kiral\u0131k yelkenli yatlar<\/a>\u00a0i\u00e7in uygun r\u00fczgarlar hem de motoryat kiralayanlar\u0131n rahat edecekleri koylar\u0131n \u00e7oklu\u011fu ve do\u011fa ile ba\u015f ba\u015fa kalmak isteyenlere de bakir koylar sunmaktad\u0131r. K\u0131y\u0131 kasabalar\u0131nda, hareketli Akdeniz ak\u015famlar\u0131 ya\u015famak isteyenler i\u00e7in g\u00fcvenli olu\u015fu ile her t\u00fcrl\u00fc e\u011flence ve gece hayat\u0131 imkanlar\u0131 bulunmaktad\u0131r.<\/p>\n\n\n\n<p>Bug\u00fcn T\u00fcrkiye&#8217;nin g\u00fcney ve bat\u0131 sahilleri Akdeniz&#8217;in en yeni ve modern otellerine sahiptir bu ultra modern ve yeni otellerde konaklay\u0131p, kiral\u0131k yatlar motoryat kiralama, veya kiral\u0131k gulet, yelkenli tekneler ile mavi tur yapabilecekleri gibi, tatilde istedikleri gibi e\u011flenme imkan\u0131da bulabilirler.<\/p>\n\n\n\n<h2 class=\"has-text-align-center wp-block-heading\"><strong>Kiral\u0131k Yatlar ile Tatil Yapmay\u0131 D\u00fc\u015f\u00fcnenlere Tavsiyeler<\/strong><\/h2>\n\n\n\n<div class=\"wp-block-image\"><figure class=\"alignleft size-full is-resized\"><img loading=\"lazy\" decoding=\"async\" src=\"https:\/\/akasiayachting.com\/tr\/wp-content\/uploads\/2010\/09\/yat_teknik_servis.jpg\" alt=\"\" class=\"wp-image-6112\" width=\"334\" height=\"212\" title=\"\" srcset=\"https:\/\/akasiayachting.com\/tr\/wp-content\/uploads\/2010\/09\/yat_teknik_servis.jpg 2600w, https:\/\/akasiayachting.com\/tr\/wp-content\/uploads\/2010\/09\/yat_teknik_servis-300x190.jpg 300w\" sizes=\"auto, (max-width: 334px) 100vw, 334px\" \/><\/figure><\/div>\n\n\n\n<p>Denizci olmak i\u00e7in me\u015fakkatli ge\u00e7mi\u015fi olan mesle\u011fini, kay\u0131k yada yat sahibi olmak i\u00e7in her zorlu\u011fun \u00fcstesinden gelerek s\u00fcrd\u00fcren kay\u0131k sahiplerinin ge\u00e7mi\u015fte yapt\u0131klar\u0131 i\u015fin ba\u015flang\u0131c\u0131 yine denizciliktir. Bal\u0131k\u00e7\u0131 teknelerinde ya da kargo gemilerinde denizci, yada ilk mavi yolculuk i\u015fini ba\u015flatanlar gibi s\u00fcngercidirler. Yat turizmini zor deniz \u015fartlar\u0131na tercih etmi\u015fler ve bu ya\u015fad\u0131klar\u0131 do\u011fal hayat tarz\u0131 ve g\u00fczellikleri farkl\u0131 \u00fclkelerden gelen misafirlerle payla\u015farak, para kazanmay\u0131 se\u00e7mi\u015flerdir.<\/p>\n\n\n\n<p>\u00c7o\u011fu ilk y\u0131llarda babadan kalma yada dede yadigar\u0131 teknelerini kullanarak ba\u015flam\u0131\u015flar ve giderek daha b\u00fcy\u00fck daha l\u00fcks ve rahat <a href=\"https:\/\/akasiayachting.com\/tr\/kiralik-guletler\/\">kiral\u0131k tekneler<\/a> in\u015fa etmi\u015fler, elde avu\u00e7ta ne varsa sat\u0131p bor\u00e7lanarak turistik yatlar yapt\u0131rm\u0131\u015flar bu yatlar ve gezdirdikleri yerleri gururla yabanc\u0131 ve yerli gelen misafirlerle payla\u015fmak istemi\u015fler ve ellerinden geldi\u011fince y\u00f6resel yemeklerle onlar\u0131 a\u011f\u0131rlam\u0131\u015flard\u0131r.<\/p>\n\n\n\n<p>Fakat bu pahal\u0131 yatlar\u0131n maliyetleri artt\u0131k\u00e7a kiral\u0131k yatlar\u0131n fiyatlar\u0131 y\u00fckselmi\u015f ve gelen m\u00fc\u015fterilerinin kalitesi ve t\u00fcketici s\u0131n\u0131flar\u0131 de\u011fi\u015fmi\u015ftir. Bunun beraberinde misafirlerinde istek ve arzular\u0131 de\u011fi\u015ferek ilgin\u00e7 hatta fantezi boyutlar\u0131na kadar ula\u015fm\u0131\u015ft\u0131r. Baz\u0131lar\u0131 olduk\u00e7a mant\u0131kl\u0131 isteklerdir ve bunlar\u0131 tasvip ediyoruz ki, bunlar rahat tuvaletleri du\u015flar\u0131 ve kabinleri olan kiral\u0131k yatlard\u0131r, ama baz\u0131lar\u0131 i\u015fi bu yelken kay\u0131klar\u0131n\u0131n \u00fcst\u00fcnde jakuzi ya da T\u00fcrk hamam\u0131na kadar g\u00f6t\u00fcrm\u00fc\u015flerdir ki biz buna denize ya da do\u011faya l\u00fcks\u00fc g\u00f6t\u00fcrmek diyoruz.<\/p>\n\n\n\n<p>Denizden keyif almak i\u00e7in b\u00fct\u00fcn bunlara gerek duymuyor, denizde do\u011faya daha yak\u0131n olman\u0131n daha keyifli ve e\u011flenceli oldu\u011funu s\u00f6yl\u00fcyoruz. O g\u00fczelim mavi koylar denize e\u011filen yemye\u015fil \u00e7amlar bu koylar da ya\u015fanan Akdeniz ak\u015famlar\u0131 ve doyumsuz kahkahal\u0131 sohbetleri mutluluk ve huzur doludur.<\/p>\n\n\n\n<p>Mavi Yolculuk ad\u0131n\u0131 veren Cevat \u015eakir Kabaa\u011fa\u00e7l\u0131(Halikarnas Bal\u0131k\u00e7\u0131s\u0131), Bedri Rahmi Ey\u00fcpo\u011flu ve Azra Ahatlar o memnuniyeti yazabilmek i\u00e7in bu kadar l\u00fcks yatlara sahip olmad\u0131lar. Ellerindeki belki de tuvaleti bile olmayan algarnalarla gezdiler g\u00f6rd\u00fcler ve bu g\u00fczellikleri payla\u015fmak i\u00e7in yazd\u0131lar. Ne de\u011fi\u015fti de bu can\u0131m do\u011faya bu birbirinden g\u00fczel bakir koylar ve bunca g\u00fczel ve rahat kiral\u0131k yatlara ra\u011fmen art\u0131k bu cenneti yazacak \u015fair ya da yazar kalmad\u0131.<\/p>\n\n\n\n<p>Bunun yerine bu kadar l\u00fcks yatlara ra\u011fmen memnun olmayan ve bir t\u00fcrl\u00fc istekleri yerine getirilemeyen misafirler ve sanki denizin ortas\u0131nda bunca g\u00fczellik ve modern imkanlara ra\u011fmen ku\u015f s\u00fct\u00fcn\u00fcn eksik olmad\u0131\u011f\u0131 bu turlarda kusur ve huzursuzluk arayan m\u00fc\u015fk\u00fclpesent insanlarda bulunmaktad\u0131r.<\/p>\n\n\n\n<p>Bu g\u00fczelim kiral\u0131k yatlar\u0131 hayatlar\u0131 pahas\u0131na in\u015fa edip sonra onlar\u0131 iyi bir deniz adam\u0131 olarak kaptanl\u0131\u011f\u0131n\u0131, bak\u0131m\u0131n\u0131, boyas\u0131n\u0131, temizli\u011fini yaparak gelecek misafirlere haz\u0131rlayan her \u015feye ve her t\u00fcrl\u00fc olumsuz \u015fartlara ra\u011fmen g\u00fcl\u00fcmsemeye \u00e7al\u0131\u015fan kaptanlar, ayn\u0131 zamanda ev kabul ettikleri bu yatlara misafir olarak gelenlerin m\u00fc\u015fk\u00fclpesentli\u011fi ve ba\u015f tac\u0131 edilerek a\u011f\u0131rlanan m\u00fc\u015fterilerinin bulunduklar\u0131 yerleri be\u011fenmemesini ve eksik bulmaktaki maharetlerini anlamakta g\u00fc\u00e7l\u00fck \u00e7ekmekte, kendini evinde hakarete u\u011fram\u0131\u015f gibi hissederek bir k\u00f6\u015feye \u00e7ekilmektedir.<\/p>\n\n\n\n<div class=\"wp-block-image\"><figure class=\"alignleft size-full is-resized\"><img loading=\"lazy\" decoding=\"async\" src=\"https:\/\/akasiayachting.com\/tr\/wp-content\/uploads\/2014\/08\/satilik_tekneler_master.jpg\" alt=\"\" class=\"wp-image-6093\" width=\"334\" height=\"205\" title=\"\" srcset=\"https:\/\/akasiayachting.com\/tr\/wp-content\/uploads\/2014\/08\/satilik_tekneler_master.jpg 2633w, https:\/\/akasiayachting.com\/tr\/wp-content\/uploads\/2014\/08\/satilik_tekneler_master-300x184.jpg 300w\" sizes=\"auto, (max-width: 334px) 100vw, 334px\" \/><\/figure><\/div>\n\n\n\n<p>\u0130\u015fte bu nedenle o her yeri ve her k\u00f6\u015feyi bilen tecr\u00fcbenin \u00e7ok \u00f6nemli oldu\u011fu seyahati ba\u015f\u0131ndan sonuna organize eden kaptandan olumlu \u015feyler beklemek hayal olur. Tabii bu arada yat personeli kesinlikle yanl\u0131\u015f yapmaz demiyoruz, yanl\u0131\u015f yapanlar\u0131 da size kiral\u0131k yatlar veren arac\u0131 acenteye bildirmeniz durumunda acenteniz gereken d\u00fczeltmeleri yapmak i\u00e7in sizin yan\u0131n\u0131zda olacakt\u0131r. Bu durumda hem m\u00fcrettebattan kimse ile y\u00fcz g\u00f6z olmazs\u0131n\u0131z hem de kaptan\u0131n\u0131z \u015fikayet konusunun kimden geldi\u011fini bilmez ve d\u00fczelmesi i\u00e7in gerekeni yapar.<\/p>\n\n\n\n<p>Beklentiler sonsuz misafirler k\u0131s\u0131tl\u0131&#8230; ne yaz\u0131k ki denize al\u0131\u015ft\u0131ramad\u0131k milletimizi ! y\u00fczlerce kiral\u0131k yat, haz\u0131r vaziyette beklemekte, sahipleri cansiperhane \u00e7abalarla bu yatlar\u0131 y\u00fczd\u00fcrmeye \u00e7al\u0131\u015fmaktad\u0131rlar. \u00dcz\u00fcnt\u00fcm\u00fcz sahiplerinin ekonomik durumuna de\u011fil, ama bu yatlar in\u015fa etmek i\u00e7in harcanan ormanlara, kar\u015f\u0131l\u0131ks\u0131z yap\u0131lan emeklere, s\u00f6nen umutlara ve bunlar i\u00e7in \u00f6m\u00fcr t\u00fcketen kaptan ve denizcilere, burada onlar\u0131 da d\u00fc\u015f\u00fcnd\u00fc\u011f\u00fcm\u00fcz\u00fc hat\u0131rlatmak istedik.<\/p>\n\n\n\n<p>Bu g\u00fcn art\u0131k kiralayaca\u011f\u0131n\u0131z yat\u0131n b\u00fct\u00fcn i\u00e7 ve d\u0131\u015f resimlerini g\u00f6rmeniz m\u00fcmk\u00fcn ve bu \u015fekilde se\u00e7ti\u011finiz yat\u0131 ve bu yat\u0131n personelini acentenize sorun ve detaylar\u0131 \u00f6\u011frenin, sonra bu yat \u00e7al\u0131\u015fanlar\u0131n\u0131 ev sahibi kabul ederek misafire yara\u015f\u0131r nezaketle her t\u00fcrl\u00fc isteklerinizi iletin. \u0130nan\u0131n \u00e7ok misafirperver \u00e7ok candan, istekli \u015fefkatli ve \u00e7ocuklar\u0131n\u0131za kar\u015f\u0131 koruyucu olduklar\u0131n\u0131 g\u00f6recek ve onlara ait bu d\u00fcnyay\u0131 unutulmaz an\u0131larla ya\u015fayacaks\u0131n\u0131z. Bu davran\u0131\u015f\u0131n\u0131zla onlar\u0131 motive edecek ve yat personeliniz ellerinden gelenin en iyisini yapacaklard\u0131r. Onlara sadece misafir oldu\u011funuzu hissettirmeniz yeterli olacakt\u0131r. Armutta sap, \u00fcz\u00fcmde \u00e7\u00f6p ararsan\u0131z do\u011fal olarak tatilinizi zehir edecek sebepler olu\u015facakt\u0131r.<\/p>\n\n\n\n<p>Akasya Yat\u00e7\u0131l\u0131k ve personeli y\u0131llard\u0131r denizde \u00e7al\u0131\u015fan <a href=\"https:\/\/akasiayachting.com\/tr\/\">kiral\u0131k yatlar<\/a> tecr\u00fcbeli kaptanlar hostesler ve g\u00fcverte personelinden olu\u015fmaktad\u0131r. Y\u00f6netici olarak Adem Kaptan, O\u011fuz Kaptan ve Yavuz Kaptan ve Webmaster Deniz ile yola \u00e7\u0131kan Akasia Yat\u00e7\u0131l\u0131k ekibiyle y\u0131llard\u0131r mavi yolculuk esnas\u0131nda ya\u015fanan engin tecr\u00fcbelerimizi sizlere buradan do\u011fru \u015fekilde anlatmaya \u00e7al\u0131\u015ft\u0131k. Bizden kiralayaca\u011f\u0131n\u0131z tekne hususunda sizlere do\u011fru bilgi verece\u011fimizden emin olabilirsiniz.<\/p>\n\n\n\n<p>Yat imalat\u0131 konusunda denize ba\u015flam\u0131\u015f oldu\u011fumuz y\u0131llar i\u00e7erisinde imalat\u0131nda bulundu\u011fumuz pek \u00e7ok yat nedeni ile edindi\u011fimiz tecr\u00fcbe ve bilgiler bizleri geli\u015fmi\u015f yeni nesil yatlar\u0131n imalat\u0131nda her ge\u00e7en g\u00fcn daha iddial\u0131 hale getirmi\u015ftir. B\u00f6ylece yap\u0131m\u0131nda ve imalat\u0131nda bulundu\u011fumuz yatlar ve sahipleri ile irtibat\u0131 kesmeden onlar\u0131 tekne kiralama ve organizasyonu b\u00f6l\u00fcm\u00fcm\u00fczde de\u011ferlendirdik bu \u015fekli ile mavi yolculuk konusunda T\u00fcrkiye&#8217;nin en nadide ve yeni yatlar\u0131n\u0131 de\u011ferlendirme imkan\u0131 da bulduk. Kazand\u0131\u011f\u0131m\u0131z g\u00fcven i\u015flerimizin yatlara k\u0131\u015fl\u0131k bak\u0131m a\u015famas\u0131nda yard\u0131mc\u0131 olmam\u0131z\u0131 da gerektirmi\u015ftir. Bug\u00fcn yat imalat\u0131, ekspertiz, buna ba\u011fl\u0131 olarak yat tatili ve kiralama ile birlikte yat sat\u0131\u015f\u0131n\u0131 ve bak\u0131m onar\u0131m hizmetleri ayr\u0131ca i\u015fimizin gere\u011fi olarak do\u011fru tekneyi sizlere \u00f6nererek sat\u0131\u015f i\u015flemleri ile birebir ilgilenerek m\u00fc\u015fterilerimizi yat sahibi yapm\u0131\u015f oluyoruz. Denizcilik mesle\u011fimizin gere\u011fi olan i\u015f b\u00f6l\u00fcm\u00fc ile mavi yolculuk d\u00fczenleme, yat imalat\u0131 ve teknik servis, yat personeli hizmetleri vermekteyiz.<\/p>\n\n\n\n<div class=\"wp-block-buttons is-content-justification-right is-layout-flex wp-block-buttons-is-layout-flex\">\n<div class=\"wp-block-button is-style-outline is-style-outline--2\"><a class=\"wp-block-button__link\" href=\"https:\/\/akasiayachting.com\/tr\/contact-us\/\">Bize Ula\u015f\u0131n<\/a><\/div>\n<\/div>\n","protected":false},"excerpt":{"rendered":"<p>Kiral\u0131k Yatlar Kiral\u0131k yatlar sayfam\u0131zda, b\u00fct\u00e7enize uygun her t\u00fcrl\u00fc kiral\u0131k tekne bulabilirsiniz. Yat se\u00e7iminizde tecr\u00fcbeli alt yap\u0131m\u0131z ve denizcilikten gelme kadromuz ile yatlarda \u00e7al\u0131\u015farak edindi\u011fimiz tecr\u00fcbelerimizle olu\u015fturdu\u011fumuz Fethiye, G\u00f6cek, Marmaris, Bodrum limanlar\u0131nda kiral\u0131k yatlar i\u015fletmecili\u011fi yaparak devam etmekteyiz. \u0130nan\u0131yoruz ki bizim hizmet fark\u0131m\u0131z ticari yatlardaki i\u015f tecr\u00fcbemiz do\u011frultusunda, sizleri do\u011fru bilgilendirmek, kaliteden \u00f6d\u00fcn vermeyen kadromuz [&hellip;]<\/p>\n","protected":false},"author":3,"featured_media":6395,"parent":0,"menu_order":3,"comment_status":"closed","ping_status":"open","template":"","meta":{"footnotes":""},"class_list":["post-1782","page","type-page","status-publish","has-post-thumbnail","hentry"],"_links":{"self":[{"href":"https:\/\/akasiayachting.com\/tr\/wp-json\/wp\/v2\/pages\/1782","targetHints":{"allow":["GET"]}}],"collection":[{"href":"https:\/\/akasiayachting.com\/tr\/wp-json\/wp\/v2\/pages"}],"about":[{"href":"https:\/\/akasiayachting.com\/tr\/wp-json\/wp\/v2\/types\/page"}],"author":[{"embeddable":true,"href":"https:\/\/akasiayachting.com\/tr\/wp-json\/wp\/v2\/users\/3"}],"replies":[{"embeddable":true,"href":"https:\/\/akasiayachting.com\/tr\/wp-json\/wp\/v2\/comments?post=1782"}],"version-history":[{"count":42,"href":"https:\/\/akasiayachting.com\/tr\/wp-json\/wp\/v2\/pages\/1782\/revisions"}],"predecessor-version":[{"id":6944,"href":"https:\/\/akasiayachting.com\/tr\/wp-json\/wp\/v2\/pages\/1782\/revisions\/6944"}],"wp:featuredmedia":[{"embeddable":true,"href":"https:\/\/akasiayachting.com\/tr\/wp-json\/wp\/v2\/media\/6395"}],"wp:attachment":[{"href":"https:\/\/akasiayachting.com\/tr\/wp-json\/wp\/v2\/media?parent=1782"}],"curies":[{"name":"wp","href":"https:\/\/api.w.org\/{rel}","templated":true}]}}